{"id":20133,"date":"2018-03-13T09:39:01","date_gmt":"2018-03-13T08:39:01","guid":{"rendered":"https:\/\/imefy.com\/noticias\/"},"modified":"2022-01-21T11:08:08","modified_gmt":"2022-01-21T10:08:08","slug":"news","status":"publish","type":"page","link":"https:\/\/imefy.com\/de\/news\/","title":{"rendered":"News"},"content":{"rendered":"<div class=\"fusion-fullwidth fullwidth-box fusion-builder-row-1 fusion-flex-container hundred-percent-fullwidth non-hundred-percent-height-scrolling\" style=\"--awb-border-radius-top-left:0px;--awb-border-radius-top-right:0px;--awb-border-radius-bottom-right:0px;--awb-border-radius-bottom-left:0px;--awb-overflow:visible;--awb-margin-top:6%;--awb-margin-bottom:4%;--awb-flex-wrap:wrap;\" ><div class=\"fusion-builder-row fusion-row fusion-flex-align-items-flex-start fusion-flex-content-wrap\" style=\"width:104% !important;max-width:104% !important;margin-left: calc(-4% \/ 2 );margin-right: calc(-4% \/ 2 );\"><div class=\"fusion-layout-column fusion_builder_column fusion-builder-column-0 fusion_builder_column_1_1 1_1 fusion-flex-column fusion-flex-align-self-flex-start fusion-column-no-min-height\" style=\"--awb-bg-size:cover;--awb-width-large:100%;--awb-margin-top-large:0px;--awb-spacing-right-large:1.92%;--awb-margin-bottom-large:0px;--awb-spacing-left-large:1.92%;--awb-width-medium:100%;--awb-spacing-right-medium:1.92%;--awb-spacing-left-medium:1.92%;--awb-width-small:100%;--awb-spacing-right-small:1.92%;--awb-spacing-left-small:1.92%;\"><div class=\"fusion-column-wrapper fusion-flex-justify-content-center fusion-content-layout-column\"><div class=\"fusion-blog-shortcode fusion-blog-shortcode-1 fusion-blog-archive fusion-blog-layout-medium-alternate fusion-blog-infinite\"><div class=\"fusion-posts-container fusion-posts-container-infinite fusion-blog-rollover\" data-pages=\"45\"><article id=\"blog-1-post-34958\" class=\"fusion-post-medium-alternate post-34958 post type-post status-publish format-standard has-post-thumbnail hentry category-2026-de category-csr-de\">\n<div class=\"fusion-date-and-formats\"><div class=\"fusion-date-box updated\"><span class=\"fusion-date\">08<\/span><span class=\"fusion-month-year\">Apr., 2026<\/span><\/div><div class=\"fusion-format-box\"><i class=\"awb-icon-pen\" aria-hidden=\"true\"><\/i><\/div><\/div>\t<style type=\"text\/css\">\n\t\t\n\t\t\n\t\t\n\t\t\n\t\t\t<\/style>\n\n\n\t\t\t<div class=\"fusion-flexslider flexslider fusion-flexslider-loading fusion-post-slideshow\" style=\"\">\n\t\t<ul class=\"slides\">\n\t\t\t\n\t\t\t\t\t\t\t\t\t\t\t\t\t\t<li><div  class=\"fusion-image-wrapper fusion-image-size-fixed\" aria-haspopup=\"true\">\n\t\t\t\t<img loading=\"lazy\" decoding=\"async\" width=\"320\" height=\"168\" src=\"https:\/\/imefy.com\/wp-content\/uploads\/2026\/04\/acuerdo-imefy-apat-320x168.png\" class=\"attachment-blog-medium size-blog-medium wp-post-image\" alt=\"Imefy refuerza su compromiso social firmando un acuerdo de colaboraci\u00f3n con APAT Toledo\" srcset=\"https:\/\/imefy.com\/wp-content\/uploads\/2026\/04\/acuerdo-imefy-apat-320x168.png 320w, https:\/\/imefy.com\/wp-content\/uploads\/2026\/04\/acuerdo-imefy-apat-669x351.png 669w, https:\/\/imefy.com\/wp-content\/uploads\/2026\/04\/acuerdo-imefy-apat-700x368.png 700w\" sizes=\"auto, (max-width: 320px) 100vw, 320px\" \/><div class=\"fusion-rollover\">\n\t<div class=\"fusion-rollover-content\">\n\n\t\t\t\t\t\t\t\t\t\t\t\t\t\t<a class=\"fusion-rollover-link\" href=\"https:\/\/imefy.com\/de\/zwischen-acuerdo-imefy-apat-toledo-autismus\/\">IMEFY bekr\u00e4ftigt sein soziales Engagement durch eine Kooperationsvereinbarung mit APAT Toledo<\/a>\n\t\t\t\n\t\t\t\t\t\t\t\t\t\t\t\t\t\t\n\t\t\t\t\t\t\t\t\n\t\t\t\t\t\t\t\t\t\t\t\t\t<div class=\"fusion-rollover-sep\"><\/div>\n\t\t\t\t\n\t\t\t\t\t\t\t\t\t\t\t\t\t\t\t\t\t\t<a class=\"fusion-rollover-gallery\" href=\"https:\/\/imefy.com\/wp-content\/uploads\/2026\/04\/acuerdo-imefy-apat.png\" data-options=\"\" data-id=\"34958\" data-rel=\"iLightbox[gallery]\" data-title=\"acuerdo-imefy-apat\" data-caption=\"\">\n\t\t\t\t\t\tGallery\t\t\t\t\t<\/a>\n\t\t\t\t\t\t\t\t\t\t\t\t\t\t\n\t\t\n\t\t\t\t\t\t\t\t\n\t\t\t\t\t\t\t\t\n\t\t\n\t\t\t\t\t\t<a class=\"fusion-link-wrapper\" href=\"https:\/\/imefy.com\/de\/zwischen-acuerdo-imefy-apat-toledo-autismus\/\" aria-label=\"IMEFY bekr\u00e4ftigt sein soziales Engagement durch eine Kooperationsvereinbarung mit APAT Toledo\"><\/a>\n\t<\/div>\n<\/div>\n<\/div>\n<\/li>\n\t\t\t\n\t\t\t\n\t\t\t\t\t\t\t\t<\/ul>\n\t<\/div>\n\t<div class=\"fusion-post-content post-content\"><h2 class=\"blog-shortcode-post-title entry-title\"><a href=\"https:\/\/imefy.com\/de\/zwischen-acuerdo-imefy-apat-toledo-autismus\/\">IMEFY bekr\u00e4ftigt sein soziales Engagement durch eine Kooperationsvereinbarung mit APAT Toledo<\/a><\/h2><p class=\"fusion-single-line-meta\"><span class=\"vcard\" style=\"display: none;\"><span class=\"fn\"><a href=\"https:\/\/imefy.com\/de\/author\/mlopez\/\" title=\"Beitr\u00e4ge von mlopez\" rel=\"author\">mlopez<\/a><\/span><\/span><span class=\"updated\" style=\"display:none;\">2026-04-08T11:17:29+02:00<\/span><span>Mittwoch, 8 April, 2026<\/span><span class=\"fusion-inline-sep\">|<\/span><\/p><div class=\"fusion-post-content-container\"><p>IMEFY hat eine Kooperationsvereinbarung mit dem Verband der Menschen mit Autismus in Toledo (APAT) unterzeichnet, um Ma\u00dfnahmen zur Sensibilisierung und zur St\u00e4rkung der [...]<\/p><\/div><\/div><div class=\"fusion-clearfix\"><\/div><\/article>\n<article id=\"blog-1-post-34935\" class=\"fusion-post-medium-alternate post-34935 post type-post status-publish format-standard has-post-thumbnail hentry category-2026-de category-csr-de\">\n<div class=\"fusion-date-and-formats\"><div class=\"fusion-date-box updated\"><span class=\"fusion-date\">31<\/span><span class=\"fusion-month-year\">M\u00e4rz, 2026<\/span><\/div><div class=\"fusion-format-box\"><i class=\"awb-icon-pen\" aria-hidden=\"true\"><\/i><\/div><\/div>\t<style type=\"text\/css\">\n\t\t\n\t\t\n\t\t\n\t\t\n\t\t\t<\/style>\n\n\n\t\t\t<div class=\"fusion-flexslider flexslider fusion-flexslider-loading fusion-post-slideshow\" style=\"\">\n\t\t<ul class=\"slides\">\n\t\t\t\n\t\t\t\t\t\t\t\t\t\t\t\t\t\t<li><div  class=\"fusion-image-wrapper fusion-image-size-fixed\" aria-haspopup=\"true\">\n\t\t\t\t<img loading=\"lazy\" decoding=\"async\" width=\"320\" height=\"168\" src=\"https:\/\/imefy.com\/wp-content\/uploads\/2026\/03\/imefy-zona-5-liga-regular-playoffs-320x168.jpg\" class=\"attachment-blog-medium size-blog-medium wp-post-image\" alt=\"El IMEFY ZONA 5 TOLEDO concluye la Liga Regular consolid\u00e1ndose en Primera Nacional\" srcset=\"https:\/\/imefy.com\/wp-content\/uploads\/2026\/03\/imefy-zona-5-liga-regular-playoffs-150x79.jpg 150w, https:\/\/imefy.com\/wp-content\/uploads\/2026\/03\/imefy-zona-5-liga-regular-playoffs-300x158.jpg 300w, https:\/\/imefy.com\/wp-content\/uploads\/2026\/03\/imefy-zona-5-liga-regular-playoffs-320x168.jpg 320w, https:\/\/imefy.com\/wp-content\/uploads\/2026\/03\/imefy-zona-5-liga-regular-playoffs-400x210.jpg 400w, https:\/\/imefy.com\/wp-content\/uploads\/2026\/03\/imefy-zona-5-liga-regular-playoffs-600x315.jpg 600w, https:\/\/imefy.com\/wp-content\/uploads\/2026\/03\/imefy-zona-5-liga-regular-playoffs-669x351.jpg 669w, https:\/\/imefy.com\/wp-content\/uploads\/2026\/03\/imefy-zona-5-liga-regular-playoffs-700x368.jpg 700w, https:\/\/imefy.com\/wp-content\/uploads\/2026\/03\/imefy-zona-5-liga-regular-playoffs-768x403.jpg 768w, https:\/\/imefy.com\/wp-content\/uploads\/2026\/03\/imefy-zona-5-liga-regular-playoffs-800x420.jpg 800w, https:\/\/imefy.com\/wp-content\/uploads\/2026\/03\/imefy-zona-5-liga-regular-playoffs-1024x538.jpg 1024w, https:\/\/imefy.com\/wp-content\/uploads\/2026\/03\/imefy-zona-5-liga-regular-playoffs.jpg 1200w\" sizes=\"auto, (max-width: 320px) 100vw, 320px\" \/><div class=\"fusion-rollover\">\n\t<div class=\"fusion-rollover-content\">\n\n\t\t\t\t\t\t\t\t\t\t\t\t\t\t<a class=\"fusion-rollover-link\" href=\"https:\/\/imefy.com\/de\/imefy-zone-5-toledo-erste-liga-playoffs\/\">Der IMEFY ZONA 5 TOLEDO beendet die regul\u00e4re Saison und festigt seinen Platz in der Primera Nacional<\/a>\n\t\t\t\n\t\t\t\t\t\t\t\t\t\t\t\t\t\t\n\t\t\t\t\t\t\t\t\n\t\t\t\t\t\t\t\t\t\t\t\t\t<div class=\"fusion-rollover-sep\"><\/div>\n\t\t\t\t\n\t\t\t\t\t\t\t\t\t\t\t\t\t\t\t\t\t\t<a class=\"fusion-rollover-gallery\" href=\"https:\/\/imefy.com\/wp-content\/uploads\/2026\/03\/imefy-zona-5-liga-regular-playoffs.jpg\" data-options=\"\" data-id=\"34935\" data-rel=\"iLightbox[gallery]\" data-title=\"imefy-zona-5-liga-regular-playoffs\" data-caption=\"\">\n\t\t\t\t\t\tGallery\t\t\t\t\t<\/a>\n\t\t\t\t\t\t\t\t\t\t\t\t\t\t\n\t\t\n\t\t\t\t\t\t\t\t\n\t\t\t\t\t\t\t\t\n\t\t\n\t\t\t\t\t\t<a class=\"fusion-link-wrapper\" href=\"https:\/\/imefy.com\/de\/imefy-zone-5-toledo-erste-liga-playoffs\/\" aria-label=\"Der IMEFY ZONA 5 TOLEDO beendet die regul\u00e4re Saison und festigt seinen Platz in der Primera Nacional\"><\/a>\n\t<\/div>\n<\/div>\n<\/div>\n<\/li>\n\t\t\t\n\t\t\t\n\t\t\t\t\t\t\t\t<\/ul>\n\t<\/div>\n\t<div class=\"fusion-post-content post-content\"><h2 class=\"blog-shortcode-post-title entry-title\"><a href=\"https:\/\/imefy.com\/de\/imefy-zone-5-toledo-erste-liga-playoffs\/\">Der IMEFY ZONA 5 TOLEDO beendet die regul\u00e4re Saison und festigt seinen Platz in der Primera Nacional<\/a><\/h2><p class=\"fusion-single-line-meta\"><span class=\"vcard\" style=\"display: none;\"><span class=\"fn\"><a href=\"https:\/\/imefy.com\/de\/author\/mlopez\/\" title=\"Beitr\u00e4ge von mlopez\" rel=\"author\">mlopez<\/a><\/span><\/span><span class=\"updated\" style=\"display:none;\">2026-03-31T10:11:28+02:00<\/span><span>Dienstag, 31 M\u00e4rz, 2026<\/span><span class=\"fusion-inline-sep\">|<\/span><\/p><div class=\"fusion-post-content-container\"><p>Obwohl der Saisonstart mit nur einem Sieg in der Hinrunde viele Zweifel aufkommen lie\u00df, hat sich die Mannschaft in der R\u00fcckrunde deutlich verbessert. [...]<\/p><\/div><\/div><div class=\"fusion-clearfix\"><\/div><\/article>\n<article id=\"blog-1-post-34846\" class=\"fusion-post-medium-alternate post-34846 post type-post status-publish format-standard has-post-thumbnail hentry category-2026-de\">\n<div class=\"fusion-date-and-formats\"><div class=\"fusion-date-box updated\"><span class=\"fusion-date\">16<\/span><span class=\"fusion-month-year\">M\u00e4rz, 2026<\/span><\/div><div class=\"fusion-format-box\"><i class=\"awb-icon-pen\" aria-hidden=\"true\"><\/i><\/div><\/div>\t<style type=\"text\/css\">\n\t\t\n\t\t\n\t\t\n\t\t\n\t\t\t<\/style>\n\n\n\t\t\t<div class=\"fusion-flexslider flexslider fusion-flexslider-loading fusion-post-slideshow\" style=\"\">\n\t\t<ul class=\"slides\">\n\t\t\t\n\t\t\t\t\t\t\t\t\t\t\t\t\t\t<li><div  class=\"fusion-image-wrapper fusion-image-size-fixed\" aria-haspopup=\"true\">\n\t\t\t\t<img loading=\"lazy\" decoding=\"async\" width=\"320\" height=\"168\" src=\"https:\/\/imefy.com\/wp-content\/uploads\/2026\/02\/calidad-ambiental-iso-14001-320x168.jpg\" class=\"attachment-blog-medium size-blog-medium wp-post-image\" alt=\"IMEFY China obtiene la certificaci\u00f3n ISO 14001:2015 en su sistema de gesti\u00f3n ambiental\" srcset=\"https:\/\/imefy.com\/wp-content\/uploads\/2026\/02\/calidad-ambiental-iso-14001-150x79.jpg 150w, https:\/\/imefy.com\/wp-content\/uploads\/2026\/02\/calidad-ambiental-iso-14001-300x158.jpg 300w, https:\/\/imefy.com\/wp-content\/uploads\/2026\/02\/calidad-ambiental-iso-14001-320x168.jpg 320w, https:\/\/imefy.com\/wp-content\/uploads\/2026\/02\/calidad-ambiental-iso-14001-400x210.jpg 400w, https:\/\/imefy.com\/wp-content\/uploads\/2026\/02\/calidad-ambiental-iso-14001-600x315.jpg 600w, https:\/\/imefy.com\/wp-content\/uploads\/2026\/02\/calidad-ambiental-iso-14001-669x351.jpg 669w, https:\/\/imefy.com\/wp-content\/uploads\/2026\/02\/calidad-ambiental-iso-14001-700x368.jpg 700w, https:\/\/imefy.com\/wp-content\/uploads\/2026\/02\/calidad-ambiental-iso-14001-768x403.jpg 768w, https:\/\/imefy.com\/wp-content\/uploads\/2026\/02\/calidad-ambiental-iso-14001-800x420.jpg 800w, https:\/\/imefy.com\/wp-content\/uploads\/2026\/02\/calidad-ambiental-iso-14001-1024x538.jpg 1024w, https:\/\/imefy.com\/wp-content\/uploads\/2026\/02\/calidad-ambiental-iso-14001.jpg 1200w\" sizes=\"auto, (max-width: 320px) 100vw, 320px\" \/><div class=\"fusion-rollover\">\n\t<div class=\"fusion-rollover-content\">\n\n\t\t\t\t\t\t\t\t\t\t\t\t\t\t<a class=\"fusion-rollover-link\" href=\"https:\/\/imefy.com\/de\/imefy-transformers-jiangsu-zertifizierung-iso-140012015\/\">IMEFY Transformers Jiangsu erh\u00e4lt die Zertifizierung nach ISO 14001:2015 f\u00fcr sein Umweltmanagementsystem<\/a>\n\t\t\t\n\t\t\t\t\t\t\t\t\t\t\t\t\t\t\n\t\t\t\t\t\t\t\t\n\t\t\t\t\t\t\t\t\t\t\t\t\t<div class=\"fusion-rollover-sep\"><\/div>\n\t\t\t\t\n\t\t\t\t\t\t\t\t\t\t\t\t\t\t\t\t\t\t<a class=\"fusion-rollover-gallery\" href=\"https:\/\/imefy.com\/wp-content\/uploads\/2026\/02\/calidad-ambiental-iso-14001.jpg\" data-options=\"\" data-id=\"34846\" data-rel=\"iLightbox[gallery]\" data-title=\"calidad-ambiental-iso-14001\" data-caption=\"\">\n\t\t\t\t\t\tGallery\t\t\t\t\t<\/a>\n\t\t\t\t\t\t\t\t\t\t\t\t\t\t\n\t\t\n\t\t\t\t\t\t\t\t\n\t\t\t\t\t\t\t\t\n\t\t\n\t\t\t\t\t\t<a class=\"fusion-link-wrapper\" href=\"https:\/\/imefy.com\/de\/imefy-transformers-jiangsu-zertifizierung-iso-140012015\/\" aria-label=\"IMEFY Transformers Jiangsu erh\u00e4lt die Zertifizierung nach ISO 14001:2015 f\u00fcr sein Umweltmanagementsystem\"><\/a>\n\t<\/div>\n<\/div>\n<\/div>\n<\/li>\n\t\t\t\n\t\t\t\n\t\t\t\t\t\t\t\t<\/ul>\n\t<\/div>\n\t<div class=\"fusion-post-content post-content\"><h2 class=\"blog-shortcode-post-title entry-title\"><a href=\"https:\/\/imefy.com\/de\/imefy-transformers-jiangsu-zertifizierung-iso-140012015\/\">IMEFY Transformers Jiangsu erh\u00e4lt die Zertifizierung nach ISO 14001:2015 f\u00fcr sein Umweltmanagementsystem<\/a><\/h2><p class=\"fusion-single-line-meta\"><span class=\"vcard\" style=\"display: none;\"><span class=\"fn\"><a href=\"https:\/\/imefy.com\/de\/author\/mlopez\/\" title=\"Beitr\u00e4ge von mlopez\" rel=\"author\">mlopez<\/a><\/span><\/span><span class=\"updated\" style=\"display:none;\">2026-03-09T13:50:24+01:00<\/span><span>Montag, 16 M\u00e4rz, 2026<\/span><span class=\"fusion-inline-sep\">|<\/span><\/p><div class=\"fusion-post-content-container\"><p>IMEFY Transformers (Jiangsu) Co., Ltd. hat die Zertifizierung nach ISO 14001:2015 erhalten, die die korrekte Einf\u00fchrung eines Umweltmanagementsystems gem\u00e4\u00df internationalen Standards in seiner [...]<\/p><\/div><\/div><div class=\"fusion-clearfix\"><\/div><\/article>\n<article id=\"blog-1-post-34834\" class=\"fusion-post-medium-alternate post-34834 post type-post status-publish format-standard has-post-thumbnail hentry category-2026-de\">\n<div class=\"fusion-date-and-formats\"><div class=\"fusion-date-box updated\"><span class=\"fusion-date\">12<\/span><span class=\"fusion-month-year\">M\u00e4rz, 2026<\/span><\/div><div class=\"fusion-format-box\"><i class=\"awb-icon-pen\" aria-hidden=\"true\"><\/i><\/div><\/div>\t<style type=\"text\/css\">\n\t\t\n\t\t\n\t\t\n\t\t\n\t\t\t<\/style>\n\n\n\t\t\t<div class=\"fusion-flexslider flexslider fusion-flexslider-loading fusion-post-slideshow\" style=\"\">\n\t\t<ul class=\"slides\">\n\t\t\t\n\t\t\t\t\t\t\t\t\t\t\t\t\t\t<li><div  class=\"fusion-image-wrapper fusion-image-size-fixed\" aria-haspopup=\"true\">\n\t\t\t\t<img loading=\"lazy\" decoding=\"async\" width=\"320\" height=\"168\" src=\"https:\/\/imefy.com\/wp-content\/uploads\/2026\/03\/visita-comisionada-competitividad-industrial-pyme-imefy-transformadores-electricos-320x168.jpg\" class=\"attachment-blog-medium size-blog-medium wp-post-image\" alt=\"IMEFY recibe la visita institucional de la Comisionada Especial para la Competitividad Industrial y de la PYME en las instalaciones de Los Y\u00e9benes en Toledo\" srcset=\"https:\/\/imefy.com\/wp-content\/uploads\/2026\/03\/visita-comisionada-competitividad-industrial-pyme-imefy-transformadores-electricos-150x79.jpg 150w, https:\/\/imefy.com\/wp-content\/uploads\/2026\/03\/visita-comisionada-competitividad-industrial-pyme-imefy-transformadores-electricos-300x158.jpg 300w, https:\/\/imefy.com\/wp-content\/uploads\/2026\/03\/visita-comisionada-competitividad-industrial-pyme-imefy-transformadores-electricos-320x168.jpg 320w, https:\/\/imefy.com\/wp-content\/uploads\/2026\/03\/visita-comisionada-competitividad-industrial-pyme-imefy-transformadores-electricos-400x210.jpg 400w, https:\/\/imefy.com\/wp-content\/uploads\/2026\/03\/visita-comisionada-competitividad-industrial-pyme-imefy-transformadores-electricos-600x315.jpg 600w, https:\/\/imefy.com\/wp-content\/uploads\/2026\/03\/visita-comisionada-competitividad-industrial-pyme-imefy-transformadores-electricos-669x351.jpg 669w, https:\/\/imefy.com\/wp-content\/uploads\/2026\/03\/visita-comisionada-competitividad-industrial-pyme-imefy-transformadores-electricos-700x368.jpg 700w, https:\/\/imefy.com\/wp-content\/uploads\/2026\/03\/visita-comisionada-competitividad-industrial-pyme-imefy-transformadores-electricos-768x403.jpg 768w, https:\/\/imefy.com\/wp-content\/uploads\/2026\/03\/visita-comisionada-competitividad-industrial-pyme-imefy-transformadores-electricos-800x420.jpg 800w, https:\/\/imefy.com\/wp-content\/uploads\/2026\/03\/visita-comisionada-competitividad-industrial-pyme-imefy-transformadores-electricos-1024x538.jpg 1024w, https:\/\/imefy.com\/wp-content\/uploads\/2026\/03\/visita-comisionada-competitividad-industrial-pyme-imefy-transformadores-electricos.jpg 1200w\" sizes=\"auto, (max-width: 320px) 100vw, 320px\" \/><div class=\"fusion-rollover\">\n\t<div class=\"fusion-rollover-content\">\n\n\t\t\t\t\t\t\t\t\t\t\t\t\t\t<a class=\"fusion-rollover-link\" href=\"https:\/\/imefy.com\/de\/institutioneller-besuch-beauftragte-fuer-industrielle-wettbewerbsfaehigkeit-kleine-und-mittlere-unternehmen\/\">IMEFY erh\u00e4lt institutionellen Besuch der Sonderbeauftragten f\u00fcr industrielle Wettbewerbsf\u00e4higkeit und KMU<\/a>\n\t\t\t\n\t\t\t\t\t\t\t\t\t\t\t\t\t\t\n\t\t\t\t\t\t\t\t\n\t\t\t\t\t\t\t\t\t\t\t\t\t<div class=\"fusion-rollover-sep\"><\/div>\n\t\t\t\t\n\t\t\t\t\t\t\t\t\t\t\t\t\t\t\t\t\t\t<a class=\"fusion-rollover-gallery\" href=\"https:\/\/imefy.com\/wp-content\/uploads\/2026\/03\/visita-comisionada-competitividad-industrial-pyme-imefy-transformadores-electricos.jpg\" data-options=\"\" data-id=\"34834\" data-rel=\"iLightbox[gallery]\" data-title=\"visita-comisionada-competitividad-industrial-pyme-imefy-transformadores-electricos\" data-caption=\"\">\n\t\t\t\t\t\tGallery\t\t\t\t\t<\/a>\n\t\t\t\t\t\t\t\t\t\t\t\t\t\t\n\t\t\n\t\t\t\t\t\t\t\t\n\t\t\t\t\t\t\t\t\n\t\t\n\t\t\t\t\t\t<a class=\"fusion-link-wrapper\" href=\"https:\/\/imefy.com\/de\/institutioneller-besuch-beauftragte-fuer-industrielle-wettbewerbsfaehigkeit-kleine-und-mittlere-unternehmen\/\" aria-label=\"IMEFY erh\u00e4lt institutionellen Besuch der Sonderbeauftragten f\u00fcr industrielle Wettbewerbsf\u00e4higkeit und KMU\"><\/a>\n\t<\/div>\n<\/div>\n<\/div>\n<\/li>\n\t\t\t\n\t\t\t\n\t\t\t\t\t\t\t\t<\/ul>\n\t<\/div>\n\t<div class=\"fusion-post-content post-content\"><h2 class=\"blog-shortcode-post-title entry-title\"><a href=\"https:\/\/imefy.com\/de\/institutioneller-besuch-beauftragte-fuer-industrielle-wettbewerbsfaehigkeit-kleine-und-mittlere-unternehmen\/\">IMEFY erh\u00e4lt institutionellen Besuch der Sonderbeauftragten f\u00fcr industrielle Wettbewerbsf\u00e4higkeit und KMU<\/a><\/h2><p class=\"fusion-single-line-meta\"><span class=\"vcard\" style=\"display: none;\"><span class=\"fn\"><a href=\"https:\/\/imefy.com\/de\/author\/mlopez\/\" title=\"Beitr\u00e4ge von mlopez\" rel=\"author\">mlopez<\/a><\/span><\/span><span class=\"updated\" style=\"display:none;\">2026-03-09T11:00:38+01:00<\/span><span>Donnerstag, 12 M\u00e4rz, 2026<\/span><span class=\"fusion-inline-sep\">|<\/span><\/p><div class=\"fusion-post-content-container\"><p>IMEFY empfing in seinen R\u00e4umlichkeiten in Los Y\u00e9benes (Toledo) den offiziellen Besuch von Nuria Aymerich, Sonderbeauftragte f\u00fcr industrielle Wettbewerbsf\u00e4higkeit und kleine und mittlere [...]<\/p><\/div><\/div><div class=\"fusion-clearfix\"><\/div><\/article>\n<\/div><div class=\"fusion-infinite-scroll-trigger\"><\/div><div class=\"pagination infinite-scroll clearfix\" style=\"display:none;\"><span class=\"current\">1<\/span><a href=\"https:\/\/imefy.com\/de\/wp-json\/wp\/v2\/pages\/20133\/page\/2\/\" class=\"inactive\">2<\/a><a class=\"pagination-next\" rel=\"next\" href=\"https:\/\/imefy.com\/de\/wp-json\/wp\/v2\/pages\/20133\/page\/2\/\"><span class=\"page-text\">Weiter<\/span><span class=\"page-next\"><\/span><\/a><\/div><div class=\"fusion-clearfix\"><\/div><\/div><\/div><\/div><\/div><\/div>\n","protected":false},"excerpt":{"rendered":"","protected":false},"author":10,"featured_media":0,"parent":0,"menu_order":60,"comment_status":"closed","ping_status":"closed","template":"","meta":{"footnotes":""},"class_list":["post-20133","page","type-page","status-publish","hentry"],"yoast_head":"<!-- This site is optimized with the Yoast SEO Premium plugin v27.0 (Yoast SEO v27.3) - https:\/\/yoast.com\/product\/yoast-seo-premium-wordpress\/ -->\n<title>News - IMEFY<\/title>\n<meta name=\"robots\" content=\"index, follow, max-snippet:-1, max-image-preview:large, max-video-preview:-1\" \/>\n<link rel=\"canonical\" href=\"https:\/\/imefy.com\/de\/news\/\" \/>\n<meta property=\"og:locale\" content=\"de_DE\" \/>\n<meta property=\"og:type\" content=\"article\" \/>\n<meta property=\"og:title\" content=\"News\" \/>\n<meta property=\"og:url\" content=\"https:\/\/imefy.com\/de\/news\/\" \/>\n<meta property=\"og:site_name\" content=\"IMEFY\" \/>\n<meta property=\"article:publisher\" content=\"https:\/\/www.facebook.com\/pages\/Imefy-Group\/852590684780185\" \/>\n<meta property=\"article:modified_time\" content=\"2022-01-21T10:08:08+00:00\" \/>\n<meta name=\"twitter:card\" content=\"summary_large_image\" \/>\n<meta name=\"twitter:site\" content=\"@imefygroup\" \/>\n<meta name=\"twitter:label1\" content=\"Gesch\u00e4tzte Lesezeit\" \/>\n\t<meta name=\"twitter:data1\" content=\"1\u00a0Minute\" \/>\n<script type=\"application\/ld+json\" class=\"yoast-schema-graph\">{\"@context\":\"https:\\\/\\\/schema.org\",\"@graph\":[{\"@type\":\"WebPage\",\"@id\":\"https:\\\/\\\/imefy.com\\\/de\\\/news\\\/\",\"url\":\"https:\\\/\\\/imefy.com\\\/de\\\/news\\\/\",\"name\":\"News - IMEFY\",\"isPartOf\":{\"@id\":\"\\\/#website\"},\"datePublished\":\"2018-03-13T08:39:01+00:00\",\"dateModified\":\"2022-01-21T10:08:08+00:00\",\"breadcrumb\":{\"@id\":\"https:\\\/\\\/imefy.com\\\/de\\\/news\\\/#breadcrumb\"},\"inLanguage\":\"de\",\"potentialAction\":[{\"@type\":\"ReadAction\",\"target\":[\"https:\\\/\\\/imefy.com\\\/de\\\/news\\\/\"]}]},{\"@type\":\"BreadcrumbList\",\"@id\":\"https:\\\/\\\/imefy.com\\\/de\\\/news\\\/#breadcrumb\",\"itemListElement\":[{\"@type\":\"ListItem\",\"position\":1,\"name\":\"Portada\",\"item\":\"https:\\\/\\\/imefy.com\\\/de\\\/\"},{\"@type\":\"ListItem\",\"position\":2,\"name\":\"News\"}]},{\"@type\":\"WebSite\",\"@id\":\"\\\/#website\",\"url\":\"\\\/\",\"name\":\"IMEFY\",\"description\":\"Fabricaci\u00f3n de transformadores de distribuci\u00f3n y potencia\",\"potentialAction\":[{\"@type\":\"SearchAction\",\"target\":{\"@type\":\"EntryPoint\",\"urlTemplate\":\"\\\/?s={search_term_string}\"},\"query-input\":{\"@type\":\"PropertyValueSpecification\",\"valueRequired\":true,\"valueName\":\"search_term_string\"}}],\"inLanguage\":\"de\"}]}<\/script>\n<!-- \/ Yoast SEO Premium plugin. -->","yoast_head_json":{"title":"News - IMEFY","robots":{"index":"index","follow":"follow","max-snippet":"max-snippet:-1","max-image-preview":"max-image-preview:large","max-video-preview":"max-video-preview:-1"},"canonical":"https:\/\/imefy.com\/de\/news\/","og_locale":"de_DE","og_type":"article","og_title":"News","og_url":"https:\/\/imefy.com\/de\/news\/","og_site_name":"IMEFY","article_publisher":"https:\/\/www.facebook.com\/pages\/Imefy-Group\/852590684780185","article_modified_time":"2022-01-21T10:08:08+00:00","twitter_card":"summary_large_image","twitter_site":"@imefygroup","twitter_misc":{"Gesch\u00e4tzte Lesezeit":"1\u00a0Minute"},"schema":{"@context":"https:\/\/schema.org","@graph":[{"@type":"WebPage","@id":"https:\/\/imefy.com\/de\/news\/","url":"https:\/\/imefy.com\/de\/news\/","name":"News - IMEFY","isPartOf":{"@id":"\/#website"},"datePublished":"2018-03-13T08:39:01+00:00","dateModified":"2022-01-21T10:08:08+00:00","breadcrumb":{"@id":"https:\/\/imefy.com\/de\/news\/#breadcrumb"},"inLanguage":"de","potentialAction":[{"@type":"ReadAction","target":["https:\/\/imefy.com\/de\/news\/"]}]},{"@type":"BreadcrumbList","@id":"https:\/\/imefy.com\/de\/news\/#breadcrumb","itemListElement":[{"@type":"ListItem","position":1,"name":"Portada","item":"https:\/\/imefy.com\/de\/"},{"@type":"ListItem","position":2,"name":"News"}]},{"@type":"WebSite","@id":"\/#website","url":"\/","name":"IMEFY","description":"Fabricaci\u00f3n de transformadores de distribuci\u00f3n y potencia","potentialAction":[{"@type":"SearchAction","target":{"@type":"EntryPoint","urlTemplate":"\/?s={search_term_string}"},"query-input":{"@type":"PropertyValueSpecification","valueRequired":true,"valueName":"search_term_string"}}],"inLanguage":"de"}]}},"_links":{"self":[{"href":"https:\/\/imefy.com\/de\/wp-json\/wp\/v2\/pages\/20133","targetHints":{"allow":["GET"]}}],"collection":[{"href":"https:\/\/imefy.com\/de\/wp-json\/wp\/v2\/pages"}],"about":[{"href":"https:\/\/imefy.com\/de\/wp-json\/wp\/v2\/types\/page"}],"author":[{"embeddable":true,"href":"https:\/\/imefy.com\/de\/wp-json\/wp\/v2\/users\/10"}],"replies":[{"embeddable":true,"href":"https:\/\/imefy.com\/de\/wp-json\/wp\/v2\/comments?post=20133"}],"version-history":[{"count":0,"href":"https:\/\/imefy.com\/de\/wp-json\/wp\/v2\/pages\/20133\/revisions"}],"wp:attachment":[{"href":"https:\/\/imefy.com\/de\/wp-json\/wp\/v2\/media?parent=20133"}],"curies":[{"name":"wp","href":"https:\/\/api.w.org\/{rel}","templated":true}]}}