{"id":20412,"date":"2018-03-13T09:54:40","date_gmt":"2018-03-13T08:54:40","guid":{"rendered":"https:\/\/imefy.com\/company-profile\/"},"modified":"2024-10-11T11:01:10","modified_gmt":"2024-10-11T09:01:10","slug":"unternehmensprofil","status":"publish","type":"page","link":"https:\/\/imefy.com\/de\/unternehmensprofil\/","title":{"rendered":"Unternehmensprofil"},"content":{"rendered":"<div class=\"fusion-fullwidth fullwidth-box fusion-builder-row-1 fusion-flex-container hundred-percent-fullwidth non-hundred-percent-height-scrolling\" style=\"--awb-background-position:left top;--awb-border-sizes-top:0px;--awb-border-sizes-bottom:0px;--awb-border-sizes-left:0px;--awb-border-sizes-right:0px;--awb-border-radius-top-left:0px;--awb-border-radius-top-right:0px;--awb-border-radius-bottom-right:0px;--awb-border-radius-bottom-left:0px;--awb-padding-top:50px;--awb-padding-bottom:60px;--awb-flex-wrap:wrap;\" ><div class=\"fusion-builder-row fusion-row fusion-flex-align-items-flex-start fusion-flex-content-wrap\" style=\"width:104% !important;max-width:104% !important;margin-left: calc(-4% \/ 2 );margin-right: calc(-4% \/ 2 );\"><div class=\"fusion-layout-column fusion_builder_column fusion-builder-column-0 fusion_builder_column_1_1 1_1 fusion-flex-column fusion-flex-align-self-flex-start fusion-column-no-min-height\" style=\"--awb-bg-size:cover;--awb-width-large:100%;--awb-margin-top-large:0px;--awb-spacing-right-large:1.92%;--awb-margin-bottom-large:0px;--awb-spacing-left-large:1.92%;--awb-width-medium:100%;--awb-spacing-right-medium:1.92%;--awb-spacing-left-medium:1.92%;--awb-width-small:100%;--awb-spacing-right-small:1.92%;--awb-spacing-left-small:1.92%;\"><div class=\"fusion-column-wrapper fusion-flex-justify-content-flex-start fusion-content-layout-column\"><div class=\"fusion-builder-row fusion-builder-row-inner fusion-row fusion-flex-align-items-flex-start fusion-flex-content-wrap\" style=\"--awb-flex-grow:0;--awb-flex-grow-medium:0;--awb-flex-grow-small:0;--awb-flex-shrink:0;--awb-flex-shrink-medium:0;--awb-flex-shrink-small:0;width:104% !important;max-width:104% !important;margin-left: calc(-4% \/ 2 );margin-right: calc(-4% \/ 2 );\"><div class=\"fusion-layout-column fusion_builder_column_inner fusion-builder-nested-column-0 fusion_builder_column_inner_1_2 1_2 fusion-flex-column fusion-animated\" style=\"--awb-bg-size:cover;--awb-width-large:50%;--awb-margin-top-large:15px;--awb-spacing-right-large:3.84%;--awb-margin-bottom-large:15px;--awb-spacing-left-large:3.84%;--awb-width-medium:100%;--awb-order-medium:0;--awb-spacing-right-medium:1.92%;--awb-spacing-left-medium:1.92%;--awb-width-small:100%;--awb-order-small:0;--awb-spacing-right-small:1.92%;--awb-spacing-left-small:1.92%;\" data-animationType=\"fadeInLeft\" data-animationDuration=\"0.8\" data-animationOffset=\"top-into-view\" data-scroll-devices=\"small-visibility,medium-visibility,large-visibility\"><div class=\"fusion-column-wrapper fusion-column-has-shadow fusion-flex-justify-content-flex-start fusion-content-layout-column\"><div class=\"fusion-image-element \" style=\"--awb-caption-title-font-family:var(--h2_typography-font-family);--awb-caption-title-font-weight:var(--h2_typography-font-weight);--awb-caption-title-font-style:var(--h2_typography-font-style);--awb-caption-title-size:var(--h2_typography-font-size);--awb-caption-title-transform:var(--h2_typography-text-transform);--awb-caption-title-line-height:var(--h2_typography-line-height);--awb-caption-title-letter-spacing:var(--h2_typography-letter-spacing);\"><span class=\" fusion-imageframe imageframe-none imageframe-1 hover-type-none\" style=\"border-radius:10px;\"><img loading=\"lazy\" decoding=\"async\" width=\"3000\" height=\"2250\" title=\"Company-Profile-2024\" src=\"https:\/\/imefy.com\/wp-content\/uploads\/2024\/10\/Company-Profile-2024.jpg\" alt class=\"img-responsive wp-image-30324\" srcset=\"https:\/\/imefy.com\/wp-content\/uploads\/2024\/10\/Company-Profile-2024-150x113.jpg 150w, https:\/\/imefy.com\/wp-content\/uploads\/2024\/10\/Company-Profile-2024-210x158.jpg 210w, https:\/\/imefy.com\/wp-content\/uploads\/2024\/10\/Company-Profile-2024-300x225.jpg 300w, https:\/\/imefy.com\/wp-content\/uploads\/2024\/10\/Company-Profile-2024-420x315.jpg 420w, https:\/\/imefy.com\/wp-content\/uploads\/2024\/10\/Company-Profile-2024-620x465.jpg 620w, https:\/\/imefy.com\/wp-content\/uploads\/2024\/10\/Company-Profile-2024-768x576.jpg 768w, https:\/\/imefy.com\/wp-content\/uploads\/2024\/10\/Company-Profile-2024-820x615.jpg 820w, https:\/\/imefy.com\/wp-content\/uploads\/2024\/10\/Company-Profile-2024-1024x768.jpg 1024w, https:\/\/imefy.com\/wp-content\/uploads\/2024\/10\/Company-Profile-2024-1220x915.jpg 1220w, https:\/\/imefy.com\/wp-content\/uploads\/2024\/10\/Company-Profile-2024-1536x1152.jpg 1536w, https:\/\/imefy.com\/wp-content\/uploads\/2024\/10\/Company-Profile-2024.jpg 3000w\" sizes=\"auto, (max-width: 3000px) 100vw, 3000px\" \/><\/span><\/div><\/div><\/div><div class=\"fusion-layout-column fusion_builder_column_inner fusion-builder-nested-column-1 fusion_builder_column_inner_1_2 1_2 fusion-flex-column fusion-animated\" style=\"--awb-bg-size:cover;--awb-width-large:50%;--awb-margin-top-large:15px;--awb-spacing-right-large:3.84%;--awb-margin-bottom-large:15px;--awb-spacing-left-large:3.84%;--awb-width-medium:100%;--awb-order-medium:0;--awb-spacing-right-medium:1.92%;--awb-spacing-left-medium:1.92%;--awb-width-small:100%;--awb-order-small:0;--awb-spacing-right-small:1.92%;--awb-spacing-left-small:1.92%;\" data-animationType=\"fadeInLeft\" data-animationDuration=\"0.8\" data-animationOffset=\"top-into-view\" data-scroll-devices=\"small-visibility,medium-visibility,large-visibility\"><div class=\"fusion-column-wrapper fusion-column-has-shadow fusion-flex-justify-content-flex-start fusion-content-layout-column\"><div class=\"fusion-text fusion-text-1\"><h5>(Wenn Sie den Katalog in Ihrem Browser ansehen m\u00f6chten, klicken Sie hier)<\/h5>\n<\/div><div><span class=\"fusion-popover popover-1\" data-animation=\"1\" data-class=\"popover-1\" data-container=\"popover-1\" data-html-content=\"&lt;center&gt;\n&lt;a href=&quot;https:\/\/imefy.com\/?r3d=company-profile-es&quot; target=&quot;_blank&quot;&gt;Spanisch&lt;a&gt;&lt;br&gt;\n&lt;a href=&quot;https:\/\/imefy.com\/?r3d=company-profile-en&quot; target=&quot;_blank&quot;&gt;Englisch&lt;a&gt;&lt;br&gt;\n&lt;a href=&quot;https:\/\/imefy.com\/?r3d=company-profile-po&quot; target=&quot;_blank&quot;&gt;Polnisch&lt;a&gt;\n&lt;br&gt;\n&lt;a href=&quot;https:\/\/imefy.com\/?r3d=company-profile-al&quot; target=&quot;_blank&quot;&gt;Deutsch&lt;a&gt;\n&lt;\/center&gt;\" data-delay=\"50\" data-placement=\"bottom\" data-title=\"SPRACHWAHL\" data-toggle=\"popover\" data-trigger=\"click\">\n<p>ANSICHT ONLINE<\/p>\n<\/span><\/div><div class=\"fusion-separator fusion-full-width-sep\" style=\"align-self: center;margin-left: auto;margin-right: auto;margin-top:0%;margin-bottom:2%;width:100%;\"><div class=\"fusion-separator-border sep-shadow\" style=\"--awb-height:20px;--awb-amount:20px;--awb-sep-color:#004899;background:radial-gradient(ellipse at 50% -50% , #004899 0px, rgba(255, 255, 255, 0) 80%) repeat scroll 0 0 rgba(0, 0, 0, 0);background:-webkit-radial-gradient(ellipse at 50% -50% , #004899 0px, rgba(255, 255, 255, 0) 80%) repeat scroll 0 0 rgba(0, 0, 0, 0);background:-moz-radial-gradient(ellipse at 50% -50% , #004899 0px, rgba(255, 255, 255, 0) 80%) repeat scroll 0 0 rgba(0, 0, 0, 0);background:-o-radial-gradient(ellipse at 50% -50% , #004899 0px, rgba(255, 255, 255, 0) 80%) repeat scroll 0 0 rgba(0, 0, 0, 0);\"><\/div><\/div><div class=\"fusion-text fusion-text-2\"><h5>(Wenn Sie eine Kopie auf Ihrem Ger\u00e4t speichern m\u00f6chten, geben sie die Daten f\u00fcr den Download ein)<\/h5>\n<\/div>\n<div class=\"wpcf7 no-js\" id=\"wpcf7-f21074-o1\" lang=\"de-DE\" dir=\"ltr\" data-wpcf7-id=\"21074\">\n<div class=\"screen-reader-response\"><p role=\"status\" aria-live=\"polite\" aria-atomic=\"true\"><\/p> <ul><\/ul><\/div>\n<form action=\"\/de\/wp-json\/wp\/v2\/pages\/20412#wpcf7-f21074-o1\" method=\"post\" class=\"wpcf7-form init\" aria-label=\"Kontaktformular\" novalidate=\"novalidate\" data-status=\"init\">\n<fieldset class=\"hidden-fields-container\"><input type=\"hidden\" name=\"_wpcf7\" value=\"21074\" \/><input type=\"hidden\" name=\"_wpcf7_version\" value=\"6.1.5\" \/><input type=\"hidden\" name=\"_wpcf7_locale\" value=\"de_DE\" \/><input type=\"hidden\" name=\"_wpcf7_unit_tag\" value=\"wpcf7-f21074-o1\" \/><input type=\"hidden\" name=\"_wpcf7_container_post\" value=\"0\" \/><input type=\"hidden\" name=\"_wpcf7_posted_data_hash\" value=\"\" \/><input type=\"hidden\" name=\"_wpcf7cf_hidden_group_fields\" value=\"[]\" \/><input type=\"hidden\" name=\"_wpcf7cf_hidden_groups\" value=\"[]\" \/><input type=\"hidden\" name=\"_wpcf7cf_visible_groups\" value=\"[]\" \/><input type=\"hidden\" name=\"_wpcf7cf_repeaters\" value=\"[]\" \/><input type=\"hidden\" name=\"_wpcf7cf_steps\" value=\"{}\" \/><input type=\"hidden\" name=\"_wpcf7cf_options\" value=\"{&quot;form_id&quot;:21074,&quot;conditions&quot;:[{&quot;then_field&quot;:&quot;esp&quot;,&quot;and_rules&quot;:[{&quot;if_field&quot;:&quot;idioma&quot;,&quot;operator&quot;:&quot;equals&quot;,&quot;if_value&quot;:&quot;Spanisch&quot;}]},{&quot;then_field&quot;:&quot;ing&quot;,&quot;and_rules&quot;:[{&quot;if_field&quot;:&quot;idioma&quot;,&quot;operator&quot;:&quot;equals&quot;,&quot;if_value&quot;:&quot;Englisch&quot;}]},{&quot;then_field&quot;:&quot;pol&quot;,&quot;and_rules&quot;:[{&quot;if_field&quot;:&quot;idioma&quot;,&quot;operator&quot;:&quot;equals&quot;,&quot;if_value&quot;:&quot;Polnisch&quot;}]},{&quot;then_field&quot;:&quot;ale&quot;,&quot;and_rules&quot;:[{&quot;if_field&quot;:&quot;idioma&quot;,&quot;operator&quot;:&quot;equals&quot;,&quot;if_value&quot;:&quot;Deutsch&quot;}]}],&quot;settings&quot;:{&quot;animation&quot;:&quot;yes&quot;,&quot;animation_intime&quot;:200,&quot;animation_outtime&quot;:200,&quot;conditions_ui&quot;:&quot;normal&quot;,&quot;notice_dismissed&quot;:false,&quot;notice_dismissed_rollback-cf7-6.1.2&quot;:true}}\" \/><input type=\"hidden\" name=\"_wpcf7_recaptcha_response\" value=\"\" \/>\n<\/fieldset>\n<p><span class=\"wpcf7-form-control-wrap\" data-name=\"your-name\"><input size=\"40\" maxlength=\"400\" class=\"wpcf7-form-control wpcf7-text wpcf7-validates-as-required\" aria-required=\"true\" aria-invalid=\"false\" placeholder=\"NAME *\" value=\"\" type=\"text\" name=\"your-name\" \/><\/span>\n<\/p>\n<p><span class=\"wpcf7-form-control-wrap\" data-name=\"your-email\"><input size=\"40\" maxlength=\"400\" class=\"wpcf7-form-control wpcf7-email wpcf7-validates-as-required wpcf7-text wpcf7-validates-as-email\" aria-required=\"true\" aria-invalid=\"false\" placeholder=\"E-MAIL-ADRESSE *\" value=\"\" type=\"email\" name=\"your-email\" \/><\/span>\n<\/p>\n<p><span class=\"wpcf7-form-control-wrap\" data-name=\"Empresa\"><input size=\"40\" maxlength=\"400\" class=\"wpcf7-form-control wpcf7-text wpcf7-validates-as-required\" aria-required=\"true\" aria-invalid=\"false\" placeholder=\"UNTERNEHMEN *\" value=\"\" type=\"text\" name=\"Empresa\" \/><\/span>\n<\/p>\n<p>W\u00e4hlen Sie Ihr Land<br \/>\n<span class=\"wpcf7-form-control-wrap\" data-name=\"pais\"><input size=\"40\" class=\"wpcf7-form-control wpcf7-countrytext wpcf7-validates-as-required wpcf7-text wpcf7-validates-as-countrytext\" aria-required=\"true\" aria-invalid=\"false\" value=\"\" type=\"text\" name=\"pais\" \/><\/span><br \/>\nW\u00e4hlen Sie die Sprache des Katalogs<br \/>\n<span class=\"wpcf7-form-control-wrap\" data-name=\"idioma\"><select class=\"wpcf7-form-control wpcf7-select\" aria-invalid=\"false\" name=\"idioma\"><option value=\"Spanisch\">Spanisch<\/option><option value=\"Englisch\">Englisch<\/option><option value=\"Polnisch\">Polnisch<\/option><option value=\"Deutsch\">Deutsch<\/option><\/select><\/span>\n<\/p>\n<div data-id=\"esp\" data-orig_data_id=\"esp\"  class=\"\" data-class=\"wpcf7cf_group\">\n<\/div>\n<div data-id=\"ing\" data-orig_data_id=\"ing\"  class=\"\" data-class=\"wpcf7cf_group\">\n<\/div>\n<div data-id=\"pol\" data-orig_data_id=\"pol\"  class=\"\" data-class=\"wpcf7cf_group\">\n<\/div>\n<div data-id=\"ale\" data-orig_data_id=\"ale\"  class=\"\" data-class=\"wpcf7cf_group\">\n<\/div>\n<p><span class=\"wpcf7-form-control-wrap\" data-name=\"acceptance-380\"><span class=\"wpcf7-form-control wpcf7-acceptance\"><span class=\"wpcf7-list-item\"><label><input type=\"checkbox\" name=\"acceptance-380\" value=\"1\" aria-invalid=\"false\" \/><span class=\"wpcf7-list-item-label\">Ich akzeptiere die <a href=\"https:\/\/imefy.com\/de\/datenschutzpolitik\/\"> Datenschutzpolitik <\/a><\/span><\/label><\/span><\/span><\/span>\n<\/p>\n<p><input class=\"wpcf7-form-control wpcf7-submit has-spinner\" type=\"submit\" value=\"LINK ZUM HERUNTERLADEN SENDEN\" \/>\n<\/p><div class=\"fusion-alert alert custom alert-custom fusion-alert-center wpcf7-response-output fusion-alert-capitalize awb-alert-native-link-color alert-dismissable awb-alert-close-boxed\" style=\"--awb-border-top-left-radius:0px;--awb-border-top-right-radius:0px;--awb-border-bottom-left-radius:0px;--awb-border-bottom-right-radius:0px;\" role=\"alert\"><div class=\"fusion-alert-content-wrapper\"><span class=\"fusion-alert-content\"><\/span><\/div><button type=\"button\" class=\"close toggle-alert\" data-dismiss=\"alert\" aria-label=\"Close\">&times;<\/button><\/div>\n<\/form>\n<\/div>\n<div class=\"fusion-text fusion-text-3\"><p style=\"font-size: x-small;\">ALLGEMEINE INFORMATIONEN ZUM DATENSCHUTZ<br \/>\nIndustrias Mecano El\u00e9ctricas Fontecha Y\u00e9benes S.L., Betreiber und Verantwortlicher dieser Website, informiert Sie, dass Ihre Daten verarbeitet werden, um Ihre Anfrage zu beantworten. Sie k\u00f6nnen Ihre diesbez\u00fcglichen Rechte aus\u00fcben, indem Sie sich an folgende E-Mail-Adresse wenden: imefy@imefy.com. Wenn Sie mehr \u00fcber die Verarbeitung Ihrer Daten und die Ihnen zustehenden Rechte erfahren m\u00f6chten, klicken Sie auf \u201eDatenschutzerkl\u00e4rung\u201c.<br \/>\nInformationen zur Verarbeitung Ihrer personenbezogenen Daten gem\u00e4\u00df DSGVO.<br \/>\nVerantwortlicher: Industrias Mecano El\u00e9ctricas Fontecha Y\u00e9benes S.L. (IMEFY S.L.).<br \/>\nZweck: Erfassung personenbezogener Daten, um Ihre Anfragen bearbeiten zu k\u00f6nnen.<br \/>\nRechtsgrundlage: Einwilligung der Betroffenen<br \/>\nWeitergabe: Ihre Daten werden nicht an Dritte weitergegeben, es sei denn, es besteht eine gesetzliche Verpflichtung.<br \/>\nRechte: Sie k\u00f6nnen das Recht auf Zugriff, Berichtigung und L\u00f6schung Ihrer Daten aus\u00fcben sowie weitere Rechte, die in den Rechtlichen Hinweisen n\u00e4her erkl\u00e4rt werden.<br \/>\nZus\u00e4tzliche Informationen: Auf unserer Website stehen Ihnen ausf\u00fchrliche zus\u00e4tzliche Informationen zum Datenschutz zur Verf\u00fcgung.<\/p>\n<\/div><\/div><\/div><\/div><\/div><\/div><\/div><\/div>\n","protected":false},"excerpt":{"rendered":"","protected":false},"author":10,"featured_media":0,"parent":0,"menu_order":35,"comment_status":"closed","ping_status":"closed","template":"100-width.php","meta":{"footnotes":""},"class_list":["post-20412","page","type-page","status-publish","hentry"],"yoast_head":"<!-- This site is optimized with the Yoast SEO Premium plugin v27.0 (Yoast SEO v27.3) - https:\/\/yoast.com\/product\/yoast-seo-premium-wordpress\/ -->\n<title>Unternehmensprofil - IMEFY<\/title>\n<meta name=\"robots\" content=\"index, follow, max-snippet:-1, max-image-preview:large, max-video-preview:-1\" \/>\n<link rel=\"canonical\" href=\"https:\/\/imefy.com\/de\/unternehmensprofil\/\" \/>\n<meta property=\"og:locale\" content=\"de_DE\" \/>\n<meta property=\"og:type\" content=\"article\" \/>\n<meta property=\"og:title\" content=\"Unternehmensprofil\" \/>\n<meta property=\"og:url\" content=\"https:\/\/imefy.com\/de\/unternehmensprofil\/\" \/>\n<meta property=\"og:site_name\" content=\"IMEFY\" \/>\n<meta property=\"article:publisher\" content=\"https:\/\/www.facebook.com\/pages\/Imefy-Group\/852590684780185\" \/>\n<meta property=\"article:modified_time\" content=\"2024-10-11T09:01:10+00:00\" \/>\n<meta name=\"twitter:card\" content=\"summary_large_image\" \/>\n<meta name=\"twitter:site\" content=\"@imefygroup\" \/>\n<meta name=\"twitter:label1\" content=\"Gesch\u00e4tzte Lesezeit\" \/>\n\t<meta name=\"twitter:data1\" content=\"2\u00a0Minuten\" \/>\n<script type=\"application\/ld+json\" class=\"yoast-schema-graph\">{\"@context\":\"https:\\\/\\\/schema.org\",\"@graph\":[{\"@type\":\"WebPage\",\"@id\":\"https:\\\/\\\/imefy.com\\\/de\\\/unternehmensprofil\\\/\",\"url\":\"https:\\\/\\\/imefy.com\\\/de\\\/unternehmensprofil\\\/\",\"name\":\"Unternehmensprofil - IMEFY\",\"isPartOf\":{\"@id\":\"\\\/#website\"},\"datePublished\":\"2018-03-13T08:54:40+00:00\",\"dateModified\":\"2024-10-11T09:01:10+00:00\",\"breadcrumb\":{\"@id\":\"https:\\\/\\\/imefy.com\\\/de\\\/unternehmensprofil\\\/#breadcrumb\"},\"inLanguage\":\"de\",\"potentialAction\":[{\"@type\":\"ReadAction\",\"target\":[\"https:\\\/\\\/imefy.com\\\/de\\\/unternehmensprofil\\\/\"]}]},{\"@type\":\"BreadcrumbList\",\"@id\":\"https:\\\/\\\/imefy.com\\\/de\\\/unternehmensprofil\\\/#breadcrumb\",\"itemListElement\":[{\"@type\":\"ListItem\",\"position\":1,\"name\":\"Portada\",\"item\":\"https:\\\/\\\/imefy.com\\\/de\\\/\"},{\"@type\":\"ListItem\",\"position\":2,\"name\":\"Unternehmensprofil\"}]},{\"@type\":\"WebSite\",\"@id\":\"\\\/#website\",\"url\":\"\\\/\",\"name\":\"IMEFY\",\"description\":\"Fabricaci\u00f3n de transformadores de distribuci\u00f3n y potencia\",\"potentialAction\":[{\"@type\":\"SearchAction\",\"target\":{\"@type\":\"EntryPoint\",\"urlTemplate\":\"\\\/?s={search_term_string}\"},\"query-input\":{\"@type\":\"PropertyValueSpecification\",\"valueRequired\":true,\"valueName\":\"search_term_string\"}}],\"inLanguage\":\"de\"}]}<\/script>\n<!-- \/ Yoast SEO Premium plugin. -->","yoast_head_json":{"title":"Unternehmensprofil - IMEFY","robots":{"index":"index","follow":"follow","max-snippet":"max-snippet:-1","max-image-preview":"max-image-preview:large","max-video-preview":"max-video-preview:-1"},"canonical":"https:\/\/imefy.com\/de\/unternehmensprofil\/","og_locale":"de_DE","og_type":"article","og_title":"Unternehmensprofil","og_url":"https:\/\/imefy.com\/de\/unternehmensprofil\/","og_site_name":"IMEFY","article_publisher":"https:\/\/www.facebook.com\/pages\/Imefy-Group\/852590684780185","article_modified_time":"2024-10-11T09:01:10+00:00","twitter_card":"summary_large_image","twitter_site":"@imefygroup","twitter_misc":{"Gesch\u00e4tzte Lesezeit":"2\u00a0Minuten"},"schema":{"@context":"https:\/\/schema.org","@graph":[{"@type":"WebPage","@id":"https:\/\/imefy.com\/de\/unternehmensprofil\/","url":"https:\/\/imefy.com\/de\/unternehmensprofil\/","name":"Unternehmensprofil - IMEFY","isPartOf":{"@id":"\/#website"},"datePublished":"2018-03-13T08:54:40+00:00","dateModified":"2024-10-11T09:01:10+00:00","breadcrumb":{"@id":"https:\/\/imefy.com\/de\/unternehmensprofil\/#breadcrumb"},"inLanguage":"de","potentialAction":[{"@type":"ReadAction","target":["https:\/\/imefy.com\/de\/unternehmensprofil\/"]}]},{"@type":"BreadcrumbList","@id":"https:\/\/imefy.com\/de\/unternehmensprofil\/#breadcrumb","itemListElement":[{"@type":"ListItem","position":1,"name":"Portada","item":"https:\/\/imefy.com\/de\/"},{"@type":"ListItem","position":2,"name":"Unternehmensprofil"}]},{"@type":"WebSite","@id":"\/#website","url":"\/","name":"IMEFY","description":"Fabricaci\u00f3n de transformadores de distribuci\u00f3n y potencia","potentialAction":[{"@type":"SearchAction","target":{"@type":"EntryPoint","urlTemplate":"\/?s={search_term_string}"},"query-input":{"@type":"PropertyValueSpecification","valueRequired":true,"valueName":"search_term_string"}}],"inLanguage":"de"}]}},"_links":{"self":[{"href":"https:\/\/imefy.com\/de\/wp-json\/wp\/v2\/pages\/20412","targetHints":{"allow":["GET"]}}],"collection":[{"href":"https:\/\/imefy.com\/de\/wp-json\/wp\/v2\/pages"}],"about":[{"href":"https:\/\/imefy.com\/de\/wp-json\/wp\/v2\/types\/page"}],"author":[{"embeddable":true,"href":"https:\/\/imefy.com\/de\/wp-json\/wp\/v2\/users\/10"}],"replies":[{"embeddable":true,"href":"https:\/\/imefy.com\/de\/wp-json\/wp\/v2\/comments?post=20412"}],"version-history":[{"count":0,"href":"https:\/\/imefy.com\/de\/wp-json\/wp\/v2\/pages\/20412\/revisions"}],"wp:attachment":[{"href":"https:\/\/imefy.com\/de\/wp-json\/wp\/v2\/media?parent=20412"}],"curies":[{"name":"wp","href":"https:\/\/api.w.org\/{rel}","templated":true}]}}