{"id":20643,"date":"2018-03-13T15:17:54","date_gmt":"2018-03-13T14:17:54","guid":{"rendered":"https:\/\/imefy.com\/oriente-medio\/"},"modified":"2026-01-08T12:27:53","modified_gmt":"2026-01-08T11:27:53","slug":"mittlerer-osten","status":"publish","type":"page","link":"https:\/\/imefy.com\/de\/mittlerer-osten\/","title":{"rendered":"MITTLERER OSTEN"},"content":{"rendered":"<p><div class=\"fusion-fullwidth fullwidth-box fusion-builder-row-1 fusion-flex-container nonhundred-percent-fullwidth non-hundred-percent-height-scrolling\" style=\"--awb-border-radius-top-left:0px;--awb-border-radius-top-right:0px;--awb-border-radius-bottom-right:0px;--awb-border-radius-bottom-left:0px;--awb-flex-wrap:wrap;\" ><div class=\"fusion-builder-row fusion-row fusion-flex-align-items-flex-start fusion-flex-content-wrap\" style=\"max-width:1216.8px;margin-left: calc(-4% \/ 2 );margin-right: calc(-4% \/ 2 );\"><div class=\"fusion-layout-column fusion_builder_column fusion-builder-column-0 fusion_builder_column_1_1 1_1 fusion-flex-column\" style=\"--awb-bg-size:cover;--awb-width-large:100%;--awb-margin-top-large:0px;--awb-spacing-right-large:1.92%;--awb-margin-bottom-large:30px;--awb-spacing-left-large:1.92%;--awb-width-medium:100%;--awb-spacing-right-medium:1.92%;--awb-spacing-left-medium:1.92%;--awb-width-small:100%;--awb-spacing-right-small:1.92%;--awb-spacing-left-small:1.92%;\"><div class=\"fusion-column-wrapper fusion-flex-justify-content-flex-start fusion-content-layout-column\"><div class=\"fusion-flip-boxes flip-boxes row fusion-columns-2 flip-effect-classic\"><div class=\"fusion-flip-box-wrapper fusion-column col-lg-6 col-md-6 col-sm-6\"><div class=\"fusion-flip-box flip-right\" tabindex=\"0\"><div class=\"flip-box-inner-wrapper\"><div class=\"flip-box-front\" style=\"--awb-border-color:#004899;--awb-border-size:2px;--awb-background-color-front:rgba(0,0,0,0.05);\"><div class=\"flip-box-front-inner\"><h2 class=\"flip-box-heading\">VEREINIGTE ARABISCHE EMIRATE<\/h2><\/p>\n<h2>Elsewedy Industries-Abu Dhabi<\/h2>\n<h6>-----<\/h6>\n<h6>Tel: +971 52 714 4150<\/h6>\n<h6>asim@elsewedy-uae.com<\/h6>\n<p><\/div><\/div><div class=\"flip-box-back\" style=\"--awb-border-color:#004899;--awb-border-size:2px;--awb-background-color-back:#ffffff;--awb-title-back-color:#004899;\"><div class=\"flip-box-back-inner\"><h3 class=\"flip-box-heading-back\"><\/p>\n<h6>Al Wahda Commercial Tower<\/h6>\n<h6>Abu Dhabi<\/h6>\n<p><\/h3>\n\t\t\t\t\t<script type=\"text\/javascript\">\n\t\t\t\t\t\tvar map_fusion_map_69e1daff76a3d;\n\t\t\t\t\t\tvar markers = [];\n\t\t\t\t\t\tvar counter = 0;\n\t\t\t\t\t\t\t\t\t\t\t\t\t\t\t\t\t\t\t\tvar fusionMapNonce = 'ac8dba9b17';\n\t\t\t\t\t\t\t\t\t\t\t\tfunction fusion_run_map_fusion_map_69e1daff76a3d() {\n\t\t\t\t\t\t\tjQuery ('#fusion_map_69e1daff76a3d' ).fusion_maps( {\n\t\t\t\t\t\t\t\taddresses: [{\"address\":\"Al Wahda Commercial Tower, Abu Dhabi\",\"infobox_content\":\"Al Wahda Commercial Tower, Abu Dhabi\",\"coordinates\":false,\"cache\":true,\"latitude\":\"24.4718301\",\"longitude\":\"54.37413369999999\"}],\n\t\t\t\t\t\t\t\tanimations: true,\n\t\t\t\t\t\t\t\tinfobox_background_color: '',\n\t\t\t\t\t\t\t\tinfobox_styling: 'default',\n\t\t\t\t\t\t\t\tinfobox_text_color: '',\n\t\t\t\t\t\t\t\tmap_style: 'default',\n\t\t\t\t\t\t\t\tmap_type: 'roadmap',\n\t\t\t\t\t\t\t\tmarker_icon: '',\n\t\t\t\t\t\t\t\toverlay_color: '',\n\t\t\t\t\t\t\t\toverlay_color_hsl: {\"hue\":0,\"sat\":0,\"lum\":100},\n\t\t\t\t\t\t\t\tshow_address: false,\n\t\t\t\t\t\t\t\tscale_control: false,\n\t\t\t\t\t\t\t\tscrollwheel: true,\n\t\t\t\t\t\t\t\tzoom: 15,\n\t\t\t\t\t\t\t\tzoom_control: false,\n\t\t\t\t\t\t\t} );\n\t\t\t\t\t\t}\n\n\t\t\t\t\t\tgoogle.maps.event.addDomListener(window, 'load', fusion_run_map_fusion_map_69e1daff76a3d);\n\t\t\t\t\t<\/script>\n\t\t\t\t\t<div class=\"shortcode-map fusion-google-map fusion-maps-js-type\" id=\"fusion_map_69e1daff76a3d\"><\/div>\n<\/div><\/div><\/div><\/div><\/div><div class=\"fusion-flip-box-wrapper fusion-column col-lg-6 col-md-6 col-sm-6\"><div class=\"fusion-flip-box flip-right\" tabindex=\"0\"><div class=\"flip-box-inner-wrapper\"><div class=\"flip-box-front\" style=\"--awb-border-color:#004899;--awb-border-size:2px;--awb-background-color-front:rgba(0,0,0,0.05);\"><div class=\"flip-box-front-inner\"><h2 class=\"flip-box-heading\">IRAK<\/h2><\/p>\n<h2>ASTEQRA<\/h2>\n<h6>-----<\/h6>\n<h6>Tel: 009647901943897<\/h6>\n<h6>info@asteqra.com<\/h6>\n<p><\/div><\/div><div class=\"flip-box-back\" style=\"--awb-border-color:#004899;--awb-border-size:2px;--awb-background-color-back:#ffffff;--awb-title-back-color:#004899;\"><div class=\"flip-box-back-inner\"><h3 class=\"flip-box-heading-back\"><\/p>\n<h6>AKID AL-NASARAH ELECTRICAL MARKET<\/h6>\n<h6>BAGHDAD SHORJAH, IRAK<\/h6>\n<p><\/h3>\n\t\t\t\t\t<script type=\"text\/javascript\">\n\t\t\t\t\t\tvar map_fusion_map_69e1daff76c1d;\n\t\t\t\t\t\tvar markers = [];\n\t\t\t\t\t\tvar counter = 0;\n\t\t\t\t\t\t\t\t\t\t\t\tfunction fusion_run_map_fusion_map_69e1daff76c1d() {\n\t\t\t\t\t\t\tjQuery ('#fusion_map_69e1daff76c1d' ).fusion_maps( {\n\t\t\t\t\t\t\t\taddresses: [{\"address\":\"33.3382181,44.389894\",\"infobox_content\":\"33.3382181,44.389894\",\"coordinates\":false,\"cache\":true,\"latitude\":\"33.3390491\",\"longitude\":\"44.3890106\"}],\n\t\t\t\t\t\t\t\tanimations: true,\n\t\t\t\t\t\t\t\tinfobox_background_color: '',\n\t\t\t\t\t\t\t\tinfobox_styling: 'default',\n\t\t\t\t\t\t\t\tinfobox_text_color: '',\n\t\t\t\t\t\t\t\tmap_style: 'default',\n\t\t\t\t\t\t\t\tmap_type: 'roadmap',\n\t\t\t\t\t\t\t\tmarker_icon: '',\n\t\t\t\t\t\t\t\toverlay_color: '',\n\t\t\t\t\t\t\t\toverlay_color_hsl: {\"hue\":0,\"sat\":0,\"lum\":100},\n\t\t\t\t\t\t\t\tshow_address: false,\n\t\t\t\t\t\t\t\tscale_control: false,\n\t\t\t\t\t\t\t\tscrollwheel: true,\n\t\t\t\t\t\t\t\tzoom: 15,\n\t\t\t\t\t\t\t\tzoom_control: false,\n\t\t\t\t\t\t\t} );\n\t\t\t\t\t\t}\n\n\t\t\t\t\t\tgoogle.maps.event.addDomListener(window, 'load', fusion_run_map_fusion_map_69e1daff76c1d);\n\t\t\t\t\t<\/script>\n\t\t\t\t\t<div class=\"shortcode-map fusion-google-map fusion-maps-js-type\" id=\"fusion_map_69e1daff76c1d\"><\/div>\n<\/div><\/div><\/div><\/div><\/div><\/div><\/div><\/div><\/div><\/div><div class=\"fusion-bg-parallax\" data-bg-align=\"center center\" data-direction=\"up\" data-mute=\"false\" data-opacity=\"100\" data-velocity=\"-0.5\" data-mobile-enabled=\"false\" data-break_parents=\"0\" data-bg-image=\"https:\/\/imefy.com\/wp-content\/uploads\/2019\/10\/trabajemos_juntos-IMEFY.jpg\" data-bg-repeat=\"false\" ><\/div><div class=\"fusion-fullwidth fullwidth-box fusion-builder-row-2 fusion-flex-container fusion-parallax-up nonhundred-percent-fullwidth non-hundred-percent-height-scrolling\" style=\"--awb-border-sizes-top:0px;--awb-border-sizes-bottom:0px;--awb-border-sizes-left:0px;--awb-border-sizes-right:0px;--awb-border-radius-top-left:0px;--awb-border-radius-top-right:0px;--awb-border-radius-bottom-right:0px;--awb-border-radius-bottom-left:0px;--awb-padding-top:150px;--awb-padding-bottom:160px;--awb-background-image:url(&quot;https:\/\/imefy.com\/wp-content\/uploads\/2019\/10\/trabajemos_juntos-IMEFY.jpg&quot;);--awb-background-size:cover;--awb-flex-wrap:wrap;\" ><div class=\"fusion-builder-row fusion-row fusion-flex-align-items-flex-start fusion-flex-content-wrap\" style=\"max-width:1216.8px;margin-left: calc(-4% \/ 2 );margin-right: calc(-4% \/ 2 );\"><div class=\"fusion-layout-column fusion_builder_column fusion-builder-column-1 fusion_builder_column_1_1 1_1 fusion-flex-column fusion-flex-align-self-flex-start fusion-column-no-min-height\" style=\"--awb-bg-size:cover;--awb-width-large:100%;--awb-margin-top-large:0px;--awb-spacing-right-large:1.92%;--awb-margin-bottom-large:0px;--awb-spacing-left-large:1.92%;--awb-width-medium:100%;--awb-spacing-right-medium:1.92%;--awb-spacing-left-medium:1.92%;--awb-width-small:100%;--awb-spacing-right-small:1.92%;--awb-spacing-left-small:1.92%;\"><div class=\"fusion-column-wrapper fusion-flex-justify-content-flex-start fusion-content-layout-column\"><div class=\"fusion-text fusion-text-1\"><h2 style=\"text-align: center;\"><span style=\"color: #ffffff;\">LASS UNS ZUSAMMEN ARBEITEN<\/span><\/h2>\n<\/div><div class=\"fusion-separator\" style=\"align-self: center;margin-left: auto;margin-right: auto;margin-top:10px;margin-bottom:30px;width:100%;max-width:170px;\"><div class=\"fusion-separator-border sep-single sep-solid\" style=\"--awb-height:20px;--awb-amount:20px;--awb-sep-color:#ffffff;border-color:#ffffff;border-top-width:2px;\"><\/div><\/div><\/div><\/div><div class=\"fusion-layout-column fusion_builder_column fusion-builder-column-2 fusion_builder_column_1_1 1_1 fusion-flex-column\" style=\"--awb-bg-size:cover;--awb-width-large:100%;--awb-margin-top-large:0px;--awb-spacing-right-large:1.92%;--awb-margin-bottom-large:30px;--awb-spacing-left-large:1.92%;--awb-width-medium:100%;--awb-spacing-right-medium:1.92%;--awb-spacing-left-medium:1.92%;--awb-width-small:100%;--awb-spacing-right-small:1.92%;--awb-spacing-left-small:1.92%;\"><div class=\"fusion-column-wrapper fusion-flex-justify-content-flex-start fusion-content-layout-column\"><div class=\"fusion-text fusion-text-2\"><p style=\"text-align: center;\"><span style=\"color: #ffffff;\"><span style=\"font-size: x-large;\">Wir arbeiten als ein einziges Team, vereint mit gro\u00dfen f\u00fchrenden Unternehmen der Branche auf der ganzen Welt. Auf diese Weise bieten wir unseren Kunden die h\u00f6chstm\u00f6gliche Qualit\u00e4t.<\/span><\/span><\/p>\n<\/div><\/div><\/div><div class=\"fusion-layout-column fusion_builder_column fusion-builder-column-3 fusion_builder_column_1_1 1_1 fusion-flex-column fusion-flex-align-self-flex-start fusion-column-no-min-height\" style=\"--awb-bg-size:cover;--awb-width-large:100%;--awb-margin-top-large:0px;--awb-spacing-right-large:1.92%;--awb-margin-bottom-large:0px;--awb-spacing-left-large:1.92%;--awb-width-medium:100%;--awb-spacing-right-medium:1.92%;--awb-spacing-left-medium:1.92%;--awb-width-small:100%;--awb-spacing-right-small:1.92%;--awb-spacing-left-small:1.92%;\"><div class=\"fusion-column-wrapper fusion-flex-justify-content-flex-start fusion-content-layout-column\"><div class=\"fusion-separator\" style=\"align-self: center;margin-left: auto;margin-right: auto;margin-top:30px;width:100%;max-width:170px;\"><\/div><div style=\"text-align:center;\"><a class=\"fusion-button button-flat button-xlarge button-default fusion-button-default button-1 fusion-button-default-span \" style=\"--button-border-radius-top-left:2px;--button-border-radius-top-right:2px;--button-border-radius-bottom-right:2px;--button-border-radius-bottom-left:2px;width:calc(100%);\" target=\"_self\" href=\"https:\/\/imefy.com\/de\/kontakt\/\"><span class=\"fusion-button-text awb-button__text awb-button__text--default\">Fordern Sie ein pers\u00f6nliches Angebot an<\/span><\/a><\/div><\/div><\/div><\/div><\/div>\n<\/p>\n","protected":false},"excerpt":{"rendered":"","protected":false},"author":10,"featured_media":0,"parent":0,"menu_order":54,"comment_status":"closed","ping_status":"closed","template":"100-width.php","meta":{"footnotes":""},"class_list":["post-20643","page","type-page","status-publish","hentry"],"yoast_head":"<!-- This site is optimized with the Yoast SEO Premium plugin v27.0 (Yoast SEO v27.4) - https:\/\/yoast.com\/product\/yoast-seo-premium-wordpress\/ -->\n<title>MITTLERER OSTEN - IMEFY<\/title>\n<meta name=\"robots\" content=\"index, follow, max-snippet:-1, max-image-preview:large, max-video-preview:-1\" \/>\n<link rel=\"canonical\" href=\"https:\/\/imefy.com\/de\/mittlerer-osten\/\" \/>\n<meta property=\"og:locale\" content=\"de_DE\" \/>\n<meta property=\"og:type\" content=\"article\" \/>\n<meta property=\"og:title\" content=\"MITTLERER OSTEN\" \/>\n<meta property=\"og:url\" content=\"https:\/\/imefy.com\/de\/mittlerer-osten\/\" \/>\n<meta property=\"og:site_name\" content=\"IMEFY\" \/>\n<meta property=\"article:publisher\" content=\"https:\/\/www.facebook.com\/pages\/Imefy-Group\/852590684780185\" \/>\n<meta property=\"article:modified_time\" content=\"2026-01-08T11:27:53+00:00\" \/>\n<meta name=\"twitter:card\" content=\"summary_large_image\" \/>\n<meta name=\"twitter:site\" content=\"@imefygroup\" \/>\n<meta name=\"twitter:label1\" content=\"Gesch\u00e4tzte Lesezeit\" \/>\n\t<meta name=\"twitter:data1\" content=\"1\u00a0Minute\" \/>\n<script type=\"application\/ld+json\" class=\"yoast-schema-graph\">{\"@context\":\"https:\\\/\\\/schema.org\",\"@graph\":[{\"@type\":\"WebPage\",\"@id\":\"https:\\\/\\\/imefy.com\\\/de\\\/mittlerer-osten\\\/\",\"url\":\"https:\\\/\\\/imefy.com\\\/de\\\/mittlerer-osten\\\/\",\"name\":\"MITTLERER OSTEN - IMEFY\",\"isPartOf\":{\"@id\":\"\\\/#website\"},\"datePublished\":\"2018-03-13T14:17:54+00:00\",\"dateModified\":\"2026-01-08T11:27:53+00:00\",\"breadcrumb\":{\"@id\":\"https:\\\/\\\/imefy.com\\\/de\\\/mittlerer-osten\\\/#breadcrumb\"},\"inLanguage\":\"de\",\"potentialAction\":[{\"@type\":\"ReadAction\",\"target\":[\"https:\\\/\\\/imefy.com\\\/de\\\/mittlerer-osten\\\/\"]}]},{\"@type\":\"BreadcrumbList\",\"@id\":\"https:\\\/\\\/imefy.com\\\/de\\\/mittlerer-osten\\\/#breadcrumb\",\"itemListElement\":[{\"@type\":\"ListItem\",\"position\":1,\"name\":\"Portada\",\"item\":\"https:\\\/\\\/imefy.com\\\/de\\\/\"},{\"@type\":\"ListItem\",\"position\":2,\"name\":\"MITTLERER OSTEN\"}]},{\"@type\":\"WebSite\",\"@id\":\"\\\/#website\",\"url\":\"\\\/\",\"name\":\"IMEFY\",\"description\":\"Fabricaci\u00f3n de transformadores de distribuci\u00f3n y potencia\",\"potentialAction\":[{\"@type\":\"SearchAction\",\"target\":{\"@type\":\"EntryPoint\",\"urlTemplate\":\"\\\/?s={search_term_string}\"},\"query-input\":{\"@type\":\"PropertyValueSpecification\",\"valueRequired\":true,\"valueName\":\"search_term_string\"}}],\"inLanguage\":\"de\"}]}<\/script>\n<!-- \/ Yoast SEO Premium plugin. -->","yoast_head_json":{"title":"MITTLERER OSTEN - IMEFY","robots":{"index":"index","follow":"follow","max-snippet":"max-snippet:-1","max-image-preview":"max-image-preview:large","max-video-preview":"max-video-preview:-1"},"canonical":"https:\/\/imefy.com\/de\/mittlerer-osten\/","og_locale":"de_DE","og_type":"article","og_title":"MITTLERER OSTEN","og_url":"https:\/\/imefy.com\/de\/mittlerer-osten\/","og_site_name":"IMEFY","article_publisher":"https:\/\/www.facebook.com\/pages\/Imefy-Group\/852590684780185","article_modified_time":"2026-01-08T11:27:53+00:00","twitter_card":"summary_large_image","twitter_site":"@imefygroup","twitter_misc":{"Gesch\u00e4tzte Lesezeit":"1\u00a0Minute"},"schema":{"@context":"https:\/\/schema.org","@graph":[{"@type":"WebPage","@id":"https:\/\/imefy.com\/de\/mittlerer-osten\/","url":"https:\/\/imefy.com\/de\/mittlerer-osten\/","name":"MITTLERER OSTEN - IMEFY","isPartOf":{"@id":"\/#website"},"datePublished":"2018-03-13T14:17:54+00:00","dateModified":"2026-01-08T11:27:53+00:00","breadcrumb":{"@id":"https:\/\/imefy.com\/de\/mittlerer-osten\/#breadcrumb"},"inLanguage":"de","potentialAction":[{"@type":"ReadAction","target":["https:\/\/imefy.com\/de\/mittlerer-osten\/"]}]},{"@type":"BreadcrumbList","@id":"https:\/\/imefy.com\/de\/mittlerer-osten\/#breadcrumb","itemListElement":[{"@type":"ListItem","position":1,"name":"Portada","item":"https:\/\/imefy.com\/de\/"},{"@type":"ListItem","position":2,"name":"MITTLERER OSTEN"}]},{"@type":"WebSite","@id":"\/#website","url":"\/","name":"IMEFY","description":"Fabricaci\u00f3n de transformadores de distribuci\u00f3n y potencia","potentialAction":[{"@type":"SearchAction","target":{"@type":"EntryPoint","urlTemplate":"\/?s={search_term_string}"},"query-input":{"@type":"PropertyValueSpecification","valueRequired":true,"valueName":"search_term_string"}}],"inLanguage":"de"}]}},"_links":{"self":[{"href":"https:\/\/imefy.com\/de\/wp-json\/wp\/v2\/pages\/20643","targetHints":{"allow":["GET"]}}],"collection":[{"href":"https:\/\/imefy.com\/de\/wp-json\/wp\/v2\/pages"}],"about":[{"href":"https:\/\/imefy.com\/de\/wp-json\/wp\/v2\/types\/page"}],"author":[{"embeddable":true,"href":"https:\/\/imefy.com\/de\/wp-json\/wp\/v2\/users\/10"}],"replies":[{"embeddable":true,"href":"https:\/\/imefy.com\/de\/wp-json\/wp\/v2\/comments?post=20643"}],"version-history":[{"count":1,"href":"https:\/\/imefy.com\/de\/wp-json\/wp\/v2\/pages\/20643\/revisions"}],"predecessor-version":[{"id":33182,"href":"https:\/\/imefy.com\/de\/wp-json\/wp\/v2\/pages\/20643\/revisions\/33182"}],"wp:attachment":[{"href":"https:\/\/imefy.com\/de\/wp-json\/wp\/v2\/media?parent=20643"}],"curies":[{"name":"wp","href":"https:\/\/api.w.org\/{rel}","templated":true}]}}