{"id":20727,"date":"2019-10-10T10:37:20","date_gmt":"2019-10-10T08:37:20","guid":{"rendered":"https:\/\/imefy.com\/politica-de-sst\/"},"modified":"2021-01-12T13:28:53","modified_gmt":"2021-01-12T12:28:53","slug":"gesundheit-und-sicherheit-am-arbeitsplatz","status":"publish","type":"page","link":"https:\/\/imefy.com\/de\/gesundheit-und-sicherheit-am-arbeitsplatz\/","title":{"rendered":"Gesundheit und Sicherheit am Arbeitsplatz"},"content":{"rendered":"<div class=\"fusion-fullwidth fullwidth-box fusion-builder-row-1 fusion-flex-container nonhundred-percent-fullwidth non-hundred-percent-height-scrolling\" style=\"--awb-background-position:left top;--awb-border-sizes-top:0px;--awb-border-sizes-bottom:0px;--awb-border-sizes-left:0px;--awb-border-sizes-right:0px;--awb-border-radius-top-left:0px;--awb-border-radius-top-right:0px;--awb-border-radius-bottom-right:0px;--awb-border-radius-bottom-left:0px;--awb-padding-top:60px;--awb-padding-bottom:100px;--awb-flex-wrap:wrap;\" ><div class=\"fusion-builder-row fusion-row fusion-flex-align-items-stretch fusion-flex-content-wrap\" style=\"max-width:calc( 1170px + 0px );margin-left: calc(-0px \/ 2 );margin-right: calc(-0px \/ 2 );\"><div class=\"fusion-layout-column fusion_builder_column fusion-builder-column-0 fusion_builder_column_1_1 1_1 fusion-flex-column\" style=\"--awb-padding-top:40px;--awb-padding-right:40px;--awb-padding-bottom:40px;--awb-padding-left:40px;--awb-bg-color:#ffffff;--awb-bg-color-hover:#ffffff;--awb-bg-size:cover;--awb-border-color:#dddddd;--awb-border-top:1px;--awb-border-right:1px;--awb-border-bottom:1px;--awb-border-left:1px;--awb-border-style:solid;--awb-width-large:100%;--awb-margin-top-large:0px;--awb-spacing-right-large:0px;--awb-margin-bottom-large:30px;--awb-spacing-left-large:0px;--awb-width-medium:100%;--awb-spacing-right-medium:0px;--awb-spacing-left-medium:0px;--awb-width-small:100%;--awb-spacing-right-small:0px;--awb-spacing-left-small:0px;\"><div class=\"fusion-column-wrapper fusion-column-has-shadow fusion-flex-justify-content-flex-start fusion-content-layout-column\"><div class=\"fusion-text fusion-text-1\"><p>Los Y\u00e9benes, den 18. Oktober 2017.<\/p>\n<p>F\u00fcr IMEFY ist ist es von grundlegender Bedeutung, das Qualit\u00e4tsniveau der von dem Unternehmen hergestellten Produkte zu erh\u00f6hen und seinen Mitarbeitern ein sicheres Arbeitsumfeld zu gew\u00e4hrleisten. Wir sind uns bewusst, wie wichtig die kontinuierliche Verbesserung des Arbeitssicherheitsmanagements und die Einhaltung der diesbez\u00fcglichen Ma\u00dfnahmen sind und wie sehr dies die Produktivit\u00e4t und das Arbeitsklima beeinflusst. Dieses Engagement zeigt sich in unserem Arbeitssicherheitsmanagement, das auf der Grundlage des OHSAS 18001-Standards konzipiert und weiterentwickelt wurde und mit dem wir sicherstellen wollen, in allen Aspekten der Arbeitsplatzsicherheit soziale Verantwortung zu zeigen. Wir verpflichten uns, unseren Mitarbeitern Wissen und Kenntnisse zug\u00e4nglich zu machen und unter ihnen zu verbreiten. Wir nehmen alle erforderlichen \u00dcberpr\u00fcfungen vor und streben einen optimalen Grad der Verwirklichung an.<\/p>\n<p>Unsere derzeitigen Ma\u00dfnahmen zur Risikopr\u00e4vention basieren auf folgenden Grunds\u00e4tzen:<\/p>\n<\/div><ul style=\"--awb-line-height:23.8px;--awb-icon-width:23.8px;--awb-icon-height:23.8px;--awb-icon-margin:9.8px;--awb-content-margin:33.6px;--awb-circlecolor:#1a67be;--awb-circle-yes-font-size:12.32px;\" class=\"fusion-checklist fusion-checklist-1 fusion-checklist-default type-icons\"><li class=\"fusion-li-item\" style=\"\"><span class=\"icon-wrapper circle-yes\"><i class=\"fusion-li-icon awb-icon-check\" aria-hidden=\"true\"><\/i><\/span><div class=\"fusion-li-item-content\">Gew\u00e4hrleistung eines sicheren Arbeitsumfeldes. In diesem Sinn verpflichten wir uns, die Vorbeugung beruflicher Risiken in unser Unternehmensmanagement zu integrieren, die Verantwortung daf\u00fcr zu \u00fcbernehmen, die erforderlichen humanen und materiellen Ressourcen bereitzustellen und die entsprechenden Organisations-, Schulungs- und Informationsma\u00dfnahmen zu ergreifen.<\/div><\/li><li class=\"fusion-li-item\" style=\"\"><span class=\"icon-wrapper circle-yes\"><i class=\"fusion-li-icon awb-icon-check\" aria-hidden=\"true\"><\/i><\/span><div class=\"fusion-li-item-content\">Bereitstellung effizienter Schutzausr\u00fcstungen am Arbeitsplatz und Kontrolle der den verschiedenen Aufgaben und der Organisation innewohnenden Risiken, sodass eine optimale und umfassende Entwicklung erm\u00f6glicht wird.<\/div><\/li><li class=\"fusion-li-item\" style=\"\"><span class=\"icon-wrapper circle-yes\"><i class=\"fusion-li-icon awb-icon-check\" aria-hidden=\"true\"><\/i><\/span><div class=\"fusion-li-item-content\">Einhaltung der Arbeitsschutzgesetze und -vorschriften sowie die Erf\u00fcllung der von IMEFY f\u00fcr alle Prozesse festgelegten Vorgaben.<\/div><\/li><li class=\"fusion-li-item\" style=\"\"><span class=\"icon-wrapper circle-yes\"><i class=\"fusion-li-icon awb-icon-check\" aria-hidden=\"true\"><\/i><\/span><div class=\"fusion-li-item-content\">\n<p>Management der mit der Aktivit\u00e4t zusammenh\u00e4ngen Risiken in allen Bereichen des Unternehmens.<\/p>\n<\/div><\/li><li class=\"fusion-li-item\" style=\"\"><span class=\"icon-wrapper circle-yes\"><i class=\"fusion-li-icon awb-icon-check\" aria-hidden=\"true\"><\/i><\/span><div class=\"fusion-li-item-content\">Einf\u00fchrung eines Managementsystems zur Erkennung und Vorbeugung von Risiken, das von der Gesch\u00e4ftsf\u00fchrung unterst\u00fctzt und periodisch \u00fcberpr\u00fcft wird.<\/div><\/li><li class=\"fusion-li-item\" style=\"\"><span class=\"icon-wrapper circle-yes\"><i class=\"fusion-li-icon awb-icon-check\" aria-hidden=\"true\"><\/i><\/span><div class=\"fusion-li-item-content\">Einbeziehung aller Risiken, die aufgrund neuer Techniken, Formen der Arbeitsorganisation und technischer Fortschritte entstehen.<\/div><\/li><li class=\"fusion-li-item\" style=\"\"><span class=\"icon-wrapper circle-yes\"><i class=\"fusion-li-icon awb-icon-check\" aria-hidden=\"true\"><\/i><\/span><div class=\"fusion-li-item-content\">Schulung aller Mitarbeiter hinsichtlich der Berufsrisiken.<\/div><\/li><li class=\"fusion-li-item\" style=\"\"><span class=\"icon-wrapper circle-yes\"><i class=\"fusion-li-icon awb-icon-check\" aria-hidden=\"true\"><\/i><\/span><div class=\"fusion-li-item-content\">\n<p>Eine feste Verpflichtung zur Verhinderung von Sch\u00e4den und Verschlechterung der Gesundheit und zur kontinuierlichen Verbesserung des Arbeitsschutzmanagements und der Leistung.<\/p>\n<\/div><\/li><li class=\"fusion-li-item\" style=\"\"><span class=\"icon-wrapper circle-yes\"><i class=\"fusion-li-icon awb-icon-check\" aria-hidden=\"true\"><\/i><\/span><div class=\"fusion-li-item-content\">Einbindung aller Mitarbeiter in diese Arbeitssicherheitspolitik, sodass die ganze Belegschaft diesbez\u00fcglich sensibilisiert wird und sich an ihrer Umsetzung beteiligt.<\/div><\/li><li class=\"fusion-li-item\" style=\"\"><span class=\"icon-wrapper circle-yes\"><i class=\"fusion-li-icon awb-icon-check\" aria-hidden=\"true\"><\/i><\/span><div class=\"fusion-li-item-content\">Zusammenarbeit mit Lieferanten und Subunternehmen, um sicherzustellen, dass die einschl\u00e4gigen Vorschriften zur Pr\u00e4vention von Risiken am Arbeitsplatz eingehalten werden.<\/div><\/li><\/ul><div class=\"fusion-separator fusion-full-width-sep\" style=\"align-self: center;margin-left: auto;margin-right: auto;margin-top:30px;width:100%;\"><\/div><div class=\"fusion-text fusion-text-2\"><p style=\"text-align: right;\">Die Generaldirektion<br \/>\n<span style=\"font-size: 0.7em;\">D. Eduardo Fontecha Albarr\u00e1n<\/span><\/p>\n<\/div><\/div><\/div><\/div><\/div>\n","protected":false},"excerpt":{"rendered":"","protected":false},"author":10,"featured_media":0,"parent":0,"menu_order":14,"comment_status":"closed","ping_status":"closed","template":"100-width.php","meta":{"footnotes":""},"class_list":["post-20727","page","type-page","status-publish","hentry"],"yoast_head":"<!-- This site is optimized with the Yoast SEO Premium plugin v27.0 (Yoast SEO v27.3) - https:\/\/yoast.com\/product\/yoast-seo-premium-wordpress\/ -->\n<title>Gesundheit und Sicherheit am Arbeitsplatz - IMEFY<\/title>\n<meta name=\"robots\" content=\"index, follow, max-snippet:-1, max-image-preview:large, max-video-preview:-1\" \/>\n<link rel=\"canonical\" href=\"https:\/\/imefy.com\/de\/gesundheit-und-sicherheit-am-arbeitsplatz\/\" \/>\n<meta property=\"og:locale\" content=\"de_DE\" \/>\n<meta property=\"og:type\" content=\"article\" \/>\n<meta property=\"og:title\" content=\"Gesundheit und Sicherheit am Arbeitsplatz\" \/>\n<meta property=\"og:url\" content=\"https:\/\/imefy.com\/de\/gesundheit-und-sicherheit-am-arbeitsplatz\/\" \/>\n<meta property=\"og:site_name\" content=\"IMEFY\" \/>\n<meta property=\"article:publisher\" content=\"https:\/\/www.facebook.com\/pages\/Imefy-Group\/852590684780185\" \/>\n<meta property=\"article:modified_time\" content=\"2021-01-12T12:28:53+00:00\" \/>\n<meta name=\"twitter:card\" content=\"summary_large_image\" \/>\n<meta name=\"twitter:site\" content=\"@imefygroup\" \/>\n<meta name=\"twitter:label1\" content=\"Gesch\u00e4tzte Lesezeit\" \/>\n\t<meta name=\"twitter:data1\" content=\"4\u00a0Minuten\" \/>\n<script type=\"application\/ld+json\" class=\"yoast-schema-graph\">{\"@context\":\"https:\\\/\\\/schema.org\",\"@graph\":[{\"@type\":\"WebPage\",\"@id\":\"https:\\\/\\\/imefy.com\\\/de\\\/gesundheit-und-sicherheit-am-arbeitsplatz\\\/\",\"url\":\"https:\\\/\\\/imefy.com\\\/de\\\/gesundheit-und-sicherheit-am-arbeitsplatz\\\/\",\"name\":\"Gesundheit und Sicherheit am Arbeitsplatz - IMEFY\",\"isPartOf\":{\"@id\":\"\\\/#website\"},\"datePublished\":\"2019-10-10T08:37:20+00:00\",\"dateModified\":\"2021-01-12T12:28:53+00:00\",\"breadcrumb\":{\"@id\":\"https:\\\/\\\/imefy.com\\\/de\\\/gesundheit-und-sicherheit-am-arbeitsplatz\\\/#breadcrumb\"},\"inLanguage\":\"de\",\"potentialAction\":[{\"@type\":\"ReadAction\",\"target\":[\"https:\\\/\\\/imefy.com\\\/de\\\/gesundheit-und-sicherheit-am-arbeitsplatz\\\/\"]}]},{\"@type\":\"BreadcrumbList\",\"@id\":\"https:\\\/\\\/imefy.com\\\/de\\\/gesundheit-und-sicherheit-am-arbeitsplatz\\\/#breadcrumb\",\"itemListElement\":[{\"@type\":\"ListItem\",\"position\":1,\"name\":\"Portada\",\"item\":\"https:\\\/\\\/imefy.com\\\/de\\\/\"},{\"@type\":\"ListItem\",\"position\":2,\"name\":\"Gesundheit und Sicherheit am Arbeitsplatz\"}]},{\"@type\":\"WebSite\",\"@id\":\"\\\/#website\",\"url\":\"\\\/\",\"name\":\"IMEFY\",\"description\":\"Fabricaci\u00f3n de transformadores de distribuci\u00f3n y potencia\",\"potentialAction\":[{\"@type\":\"SearchAction\",\"target\":{\"@type\":\"EntryPoint\",\"urlTemplate\":\"\\\/?s={search_term_string}\"},\"query-input\":{\"@type\":\"PropertyValueSpecification\",\"valueRequired\":true,\"valueName\":\"search_term_string\"}}],\"inLanguage\":\"de\"}]}<\/script>\n<!-- \/ Yoast SEO Premium plugin. -->","yoast_head_json":{"title":"Gesundheit und Sicherheit am Arbeitsplatz - IMEFY","robots":{"index":"index","follow":"follow","max-snippet":"max-snippet:-1","max-image-preview":"max-image-preview:large","max-video-preview":"max-video-preview:-1"},"canonical":"https:\/\/imefy.com\/de\/gesundheit-und-sicherheit-am-arbeitsplatz\/","og_locale":"de_DE","og_type":"article","og_title":"Gesundheit und Sicherheit am Arbeitsplatz","og_url":"https:\/\/imefy.com\/de\/gesundheit-und-sicherheit-am-arbeitsplatz\/","og_site_name":"IMEFY","article_publisher":"https:\/\/www.facebook.com\/pages\/Imefy-Group\/852590684780185","article_modified_time":"2021-01-12T12:28:53+00:00","twitter_card":"summary_large_image","twitter_site":"@imefygroup","twitter_misc":{"Gesch\u00e4tzte Lesezeit":"4\u00a0Minuten"},"schema":{"@context":"https:\/\/schema.org","@graph":[{"@type":"WebPage","@id":"https:\/\/imefy.com\/de\/gesundheit-und-sicherheit-am-arbeitsplatz\/","url":"https:\/\/imefy.com\/de\/gesundheit-und-sicherheit-am-arbeitsplatz\/","name":"Gesundheit und Sicherheit am Arbeitsplatz - IMEFY","isPartOf":{"@id":"\/#website"},"datePublished":"2019-10-10T08:37:20+00:00","dateModified":"2021-01-12T12:28:53+00:00","breadcrumb":{"@id":"https:\/\/imefy.com\/de\/gesundheit-und-sicherheit-am-arbeitsplatz\/#breadcrumb"},"inLanguage":"de","potentialAction":[{"@type":"ReadAction","target":["https:\/\/imefy.com\/de\/gesundheit-und-sicherheit-am-arbeitsplatz\/"]}]},{"@type":"BreadcrumbList","@id":"https:\/\/imefy.com\/de\/gesundheit-und-sicherheit-am-arbeitsplatz\/#breadcrumb","itemListElement":[{"@type":"ListItem","position":1,"name":"Portada","item":"https:\/\/imefy.com\/de\/"},{"@type":"ListItem","position":2,"name":"Gesundheit und Sicherheit am Arbeitsplatz"}]},{"@type":"WebSite","@id":"\/#website","url":"\/","name":"IMEFY","description":"Fabricaci\u00f3n de transformadores de distribuci\u00f3n y potencia","potentialAction":[{"@type":"SearchAction","target":{"@type":"EntryPoint","urlTemplate":"\/?s={search_term_string}"},"query-input":{"@type":"PropertyValueSpecification","valueRequired":true,"valueName":"search_term_string"}}],"inLanguage":"de"}]}},"_links":{"self":[{"href":"https:\/\/imefy.com\/de\/wp-json\/wp\/v2\/pages\/20727","targetHints":{"allow":["GET"]}}],"collection":[{"href":"https:\/\/imefy.com\/de\/wp-json\/wp\/v2\/pages"}],"about":[{"href":"https:\/\/imefy.com\/de\/wp-json\/wp\/v2\/types\/page"}],"author":[{"embeddable":true,"href":"https:\/\/imefy.com\/de\/wp-json\/wp\/v2\/users\/10"}],"replies":[{"embeddable":true,"href":"https:\/\/imefy.com\/de\/wp-json\/wp\/v2\/comments?post=20727"}],"version-history":[{"count":0,"href":"https:\/\/imefy.com\/de\/wp-json\/wp\/v2\/pages\/20727\/revisions"}],"wp:attachment":[{"href":"https:\/\/imefy.com\/de\/wp-json\/wp\/v2\/media?parent=20727"}],"curies":[{"name":"wp","href":"https:\/\/api.w.org\/{rel}","templated":true}]}}