{"id":20762,"date":"2019-10-10T10:52:17","date_gmt":"2019-10-10T08:52:17","guid":{"rendered":"https:\/\/imefy.com\/politica-de-proteccion-de-datos\/"},"modified":"2020-08-26T13:30:11","modified_gmt":"2020-08-26T11:30:11","slug":"datenschutzpolitik","status":"publish","type":"page","link":"https:\/\/imefy.com\/de\/datenschutzpolitik\/","title":{"rendered":"Datenschutzpolitik"},"content":{"rendered":"<div class=\"fusion-fullwidth fullwidth-box fusion-builder-row-1 fusion-flex-container nonhundred-percent-fullwidth non-hundred-percent-height-scrolling\" style=\"--awb-background-position:left top;--awb-border-sizes-top:0px;--awb-border-sizes-bottom:0px;--awb-border-sizes-left:0px;--awb-border-sizes-right:0px;--awb-border-radius-top-left:0px;--awb-border-radius-top-right:0px;--awb-border-radius-bottom-right:0px;--awb-border-radius-bottom-left:0px;--awb-padding-top:60px;--awb-padding-bottom:100px;--awb-flex-wrap:wrap;\" ><div class=\"fusion-builder-row fusion-row fusion-flex-align-items-stretch fusion-flex-content-wrap\" style=\"max-width:calc( 1170px + 0px );margin-left: calc(-0px \/ 2 );margin-right: calc(-0px \/ 2 );\"><div class=\"fusion-layout-column fusion_builder_column fusion-builder-column-0 fusion_builder_column_1_1 1_1 fusion-flex-column\" style=\"--awb-padding-top:40px;--awb-padding-right:40px;--awb-padding-bottom:40px;--awb-padding-left:40px;--awb-bg-color:#ffffff;--awb-bg-color-hover:#ffffff;--awb-bg-size:cover;--awb-border-color:#dddddd;--awb-border-top:1px;--awb-border-right:1px;--awb-border-bottom:1px;--awb-border-left:1px;--awb-border-style:solid;--awb-width-large:100%;--awb-margin-top-large:0px;--awb-spacing-right-large:0px;--awb-margin-bottom-large:30px;--awb-spacing-left-large:0px;--awb-width-medium:100%;--awb-spacing-right-medium:0px;--awb-spacing-left-medium:0px;--awb-width-small:100%;--awb-spacing-right-small:0px;--awb-spacing-left-small:0px;\"><div class=\"fusion-column-wrapper fusion-flex-justify-content-flex-start fusion-content-layout-column\"><div class=\"fusion-text fusion-text-1\"><p>IMEFY S.L. hat diese Website an die Anforderungen des spanischen Organgesetzes 15\/1999 vom 13. Dezember \u00fcber den Schutz personenbezogener Daten (LOPD) und an das K\u00f6nigliche Dekret 1720\/2007 vom 21. Dezember, bekannt als die Verordnung \u00fcber die Entwicklung des LOPD, angepasst. Sie entspricht auch der Verordnung (EU) 2016\/679 des Europ\u00e4ischen Parlaments und des Rates vom 27. April 2016 \u00fcber den Schutz des Einzelnen (DSGVO).<\/p>\n<p>Es ist zu beachten, dass diese Datenschutzrichtlinie je nach den Anforderungen der Gesetzgebung oder der Selbstverwaltung variieren kann, weshalb den Benutzern empfohlen wird, sie regelm\u00e4\u00dfig zu besuchen. Sie gilt f\u00fcr den Fall, dass sich Benutzer entschlie\u00dfen, ein Kontaktformular auszuf\u00fcllen, in dem pers\u00f6nliche Daten gesammelt werden.<\/p>\n<p><strong>Wer ist f\u00fcr die Verarbeitung Ihrer Daten verantwortlich?<\/strong><\/p>\n<p>VERANTWORTLICHER: IMEFY S.L.<br \/>\nWICHTIGSTER ZWECK: Zusendung unserer Nachrichten sowie der Ank\u00fcndigung neuer Aktivit\u00e4ten, von denen einige kommerzieller Natur sein k\u00f6nnten<br \/>\nLEGITIMIERUNG: Zustimmung der interessierten Partei.<br \/>\nWEITERLEITUNG VON DATEN: Es werden keine Daten an Dritte weitergegeben, es sei denn, dies ist ausdr\u00fccklich erlaubt oder gesetzlich vorgeschrieben.<br \/>\nRECHTE: Zugang, Berichtigung und L\u00f6schung von Daten, \u00dcbertragbarkeit von Daten, Einschr\u00e4nkung oder Ablehnung der Verarbeitung, Transparenz und das Recht, keinen automatisierten Verfahren ausgesetzt zu werden.<br \/>\nZUS\u00c4TZLICHE INFORMATIONEN: Sie k\u00f6nnen die zus\u00e4tzlichen und detaillierten Informationen zu unserem Rechtshinweis konsultieren.<\/p>\n<p><strong>Zu welchem Zweck verarbeiten wir Ihre personenbezogenen Daten?<\/strong><\/p>\n<p>Bei IMEFY S.L. behandeln wir die Informationen, die Sie uns zur Verf\u00fcgung stellen, mit dem Ziel, das uns verbindende Vertragsverh\u00e4ltnis zu verwalten, die Zusendung der von Ihnen angeforderten Informationen zu verwalten, den Interessenten Angebote unserer Dienstleistungen und\/oder Produkte in ihrem Interesse zukommen zu lassen und\/oder ihre Anfragen zu verwalten.<\/p>\n<p><strong>Wie lange speichern wir Ihre personenbezogenen Daten?<\/strong><\/p>\n<p>Ihre Daten werden so lange gespeichert, wie es f\u00fcr die korrekte Erbringung der angebotenen Dienstleistung sowie f\u00fcr die Erf\u00fcllung der Verantwortlichkeiten, die sich daraus ergeben k\u00f6nnen, sowie f\u00fcr alle anderen gesetzlichen Anforderungen erforderlich ist.<\/p>\n<p><strong>Welche Legitimierung besteht f\u00fcr die Verarbeitung Ihrer Daten?<\/strong><\/p>\n<p>Die rechtliche Grundlage f\u00fcr die Verarbeitung Ihrer personenbezogenen Daten kann die Durchf\u00fchrung eines m\u00f6glichen und\/oder unterzeichneten Vertragsverh\u00e4ltnisses, ein berechtigtes Interesse, eine gesetzliche Erm\u00e4chtigung und\/oder die Einwilligung des Nutzers selbst sein. Die Daten, die wir von Ihnen anfordern, sind angemessen, sachdienlich und unbedingt notwendig, und Sie sind in keinem Fall verpflichtet, sie bereitzustellen, aber ihre Nichtbereitstellung kann den Gegenstand der Dienstleistung beeintr\u00e4chtigen oder dazu f\u00fchren, dass diese nicht erbracht werden kann.<\/p>\n<p><strong>An wen werden Ihre Daten weitergeleitet?<\/strong><\/p>\n<p>IMEFY S.L. wird Ihre Daten nicht an Dritte weitergeben, es sei denn, es wird ausdr\u00fccklich darauf hingewiesen.<\/p>\n<p><strong>Welche Rechte haben Sie, wenn Sie uns Ihre Daten zur Verf\u00fcgung stellen?<\/strong><\/p>\n<p>Die Datenschutzrechte der Nutzer sind:<\/p>\n<ul>\n<li>Das Recht, Zugang zu den eigenen personenbezogenen Daten zu beantragen<\/li>\n<li>Recht auf Korrektur oder L\u00f6schung<\/li>\n<li>Recht auf Widerspruch<\/li>\n<li>Das Recht, die Einschr\u00e4nkung der Datenverarbeitung zu beantragen<\/li>\n<li>Recht auf Daten\u00fcbertragbarkeit<\/li>\n<\/ul>\n<p>Die Nutzer, die ihre personenbezogenen Daten zur Verf\u00fcgung gestellt haben, k\u00f6nnen ihr Recht auf Schutz ihrer pers\u00f6nlichen Daten aus\u00fcben, indem sie eine schriftliche Mitteilung an den Firmensitz von IMEFY S.L. oder an die f\u00fcr diesen Zweck eingerichtete E-Mail-Adresse imefy@imefy.com senden, wobei in beiden F\u00e4llen eine Fotokopie ihres Personalausweises oder eines anderen gleichwertigen Ausweisdokuments beizuf\u00fcgen ist.<\/p>\n<p>Modelle, Formulare und weitere Informationen zu Ihren Rechten finden Sie auf der Website der nationalen Kontrollbeh\u00f6rde, der spanischen Datenschutzbeh\u00f6rde, im Folgenden AEPD, www.agpd.es<\/p>\n<p><strong>Kann ich meine Zustimmung zur\u00fcckziehen?<\/strong><\/p>\n<p>Sie haben die M\u00f6glichkeit und das Recht, die zu diesem Zeitpunkt erteilte Einwilligung f\u00fcr jeden spezifischen Zweck zu widerrufen, ohne dass die Rechtm\u00e4\u00dfigkeit der Verarbeitung auf der Grundlage der vor dem Widerruf erteilten Einwilligung beeintr\u00e4chtigt wird.<\/p>\n<p><strong>Wo kann ich mich beschweren, wenn ich der Meinung bin, dass meine Daten nicht korrekt verwendet werden?<\/strong><\/p>\n<p>Wenn ein Nutzer der Meinung ist, dass seine Daten von IMEFY S.L. nicht korrekt behandelt werden, kann er seine Beschwerde an die E-Mail imefy@imefy.com oder an die entsprechende Datenschutzbeh\u00f6rde richten, wobei f\u00fcr Spanien AEPD zust\u00e4ndig ist, www.agpd.es.<\/p>\n<p><strong>Sicherheit und Aktualisierung Ihrer personenbezogenen Daten<\/strong><\/p>\n<p>Um die Sicherheit Ihrer personenbezogenen Daten zu gew\u00e4hrleisten, informieren wir Sie, dass IMEFY S.L. alle notwendigen technischen und organisatorischen Ma\u00dfnahmen ergriffen hat, um die Sicherheit der zur Verf\u00fcgung gestellten personenbezogenen Daten zu garantieren. Damit soll ihre Verf\u00e4lschung, ihr Verlust und\/oder ihre nicht autorisierte Bearbeitung oder ihr nicht autorisierter Zugang vermieden werden, wie es die Bestimmungen verlangen, wenngleich eine absolute Sicherheit nicht existiert.<br \/>\nEs ist wichtig, dass Sie uns \u00fcber jede \u00c4nderung Ihrer personenbezogenen Daten informieren, damit wir diese auf dem neuesten Stand halten k\u00f6nnen.<\/p>\n<p><strong>Vertraulichkeit<\/strong><\/p>\n<p>IMEFY S.L. weist Sie darauf hin, dass Ihre Daten von allen Mitarbeitern, die an einer der Bearbeitungsphasen beteiligt sind, mit maximalem Einsatz und h\u00f6chster Vertraulichkeit behandelt werden. Wir werden Ihre Daten nicht an Dritte weitergeben oder \u00fcbermitteln, au\u00dfer in den gesetzlich vorgesehenen F\u00e4llen oder wenn der Nutzer uns ausdr\u00fccklich dazu erm\u00e4chtigt hat.<\/p>\n<\/div><\/div><\/div><\/div><\/div>\n","protected":false},"excerpt":{"rendered":"","protected":false},"author":10,"featured_media":0,"parent":0,"menu_order":81,"comment_status":"closed","ping_status":"closed","template":"100-width.php","meta":{"footnotes":""},"class_list":["post-20762","page","type-page","status-publish","hentry"],"yoast_head":"<!-- This site is optimized with the Yoast SEO Premium plugin v27.4 (Yoast SEO v27.4) - https:\/\/yoast.com\/product\/yoast-seo-premium-wordpress\/ -->\n<title>Datenschutzpolitik - IMEFY<\/title>\n<meta name=\"robots\" content=\"index, follow, max-snippet:-1, max-image-preview:large, max-video-preview:-1\" \/>\n<link rel=\"canonical\" href=\"https:\/\/imefy.com\/de\/datenschutzpolitik\/\" \/>\n<meta property=\"og:locale\" content=\"de_DE\" \/>\n<meta property=\"og:type\" content=\"article\" \/>\n<meta property=\"og:title\" content=\"Datenschutzpolitik\" \/>\n<meta property=\"og:url\" content=\"https:\/\/imefy.com\/de\/datenschutzpolitik\/\" \/>\n<meta property=\"og:site_name\" content=\"IMEFY\" \/>\n<meta property=\"article:publisher\" content=\"https:\/\/www.facebook.com\/pages\/Imefy-Group\/852590684780185\" \/>\n<meta property=\"article:modified_time\" content=\"2020-08-26T11:30:11+00:00\" \/>\n<meta name=\"twitter:card\" content=\"summary_large_image\" \/>\n<meta name=\"twitter:site\" content=\"@imefygroup\" \/>\n<meta name=\"twitter:label1\" content=\"Gesch\u00e4tzte Lesezeit\" \/>\n\t<meta name=\"twitter:data1\" content=\"6\u00a0Minuten\" \/>\n<script type=\"application\/ld+json\" class=\"yoast-schema-graph\">{\"@context\":\"https:\\\/\\\/schema.org\",\"@graph\":[{\"@type\":\"WebPage\",\"@id\":\"https:\\\/\\\/imefy.com\\\/de\\\/datenschutzpolitik\\\/\",\"url\":\"https:\\\/\\\/imefy.com\\\/de\\\/datenschutzpolitik\\\/\",\"name\":\"Datenschutzpolitik - IMEFY\",\"isPartOf\":{\"@id\":\"\\\/#website\"},\"datePublished\":\"2019-10-10T08:52:17+00:00\",\"dateModified\":\"2020-08-26T11:30:11+00:00\",\"breadcrumb\":{\"@id\":\"https:\\\/\\\/imefy.com\\\/de\\\/datenschutzpolitik\\\/#breadcrumb\"},\"inLanguage\":\"de\",\"potentialAction\":[{\"@type\":\"ReadAction\",\"target\":[\"https:\\\/\\\/imefy.com\\\/de\\\/datenschutzpolitik\\\/\"]}]},{\"@type\":\"BreadcrumbList\",\"@id\":\"https:\\\/\\\/imefy.com\\\/de\\\/datenschutzpolitik\\\/#breadcrumb\",\"itemListElement\":[{\"@type\":\"ListItem\",\"position\":1,\"name\":\"Portada\",\"item\":\"https:\\\/\\\/imefy.com\\\/de\\\/\"},{\"@type\":\"ListItem\",\"position\":2,\"name\":\"Datenschutzpolitik\"}]},{\"@type\":\"WebSite\",\"@id\":\"\\\/#website\",\"url\":\"\\\/\",\"name\":\"IMEFY\",\"description\":\"Fabricaci\u00f3n de transformadores de distribuci\u00f3n y potencia\",\"potentialAction\":[{\"@type\":\"SearchAction\",\"target\":{\"@type\":\"EntryPoint\",\"urlTemplate\":\"\\\/?s={search_term_string}\"},\"query-input\":{\"@type\":\"PropertyValueSpecification\",\"valueRequired\":true,\"valueName\":\"search_term_string\"}}],\"inLanguage\":\"de\"}]}<\/script>\n<!-- \/ Yoast SEO Premium plugin. -->","yoast_head_json":{"title":"Datenschutzpolitik - IMEFY","robots":{"index":"index","follow":"follow","max-snippet":"max-snippet:-1","max-image-preview":"max-image-preview:large","max-video-preview":"max-video-preview:-1"},"canonical":"https:\/\/imefy.com\/de\/datenschutzpolitik\/","og_locale":"de_DE","og_type":"article","og_title":"Datenschutzpolitik","og_url":"https:\/\/imefy.com\/de\/datenschutzpolitik\/","og_site_name":"IMEFY","article_publisher":"https:\/\/www.facebook.com\/pages\/Imefy-Group\/852590684780185","article_modified_time":"2020-08-26T11:30:11+00:00","twitter_card":"summary_large_image","twitter_site":"@imefygroup","twitter_misc":{"Gesch\u00e4tzte Lesezeit":"6\u00a0Minuten"},"schema":{"@context":"https:\/\/schema.org","@graph":[{"@type":"WebPage","@id":"https:\/\/imefy.com\/de\/datenschutzpolitik\/","url":"https:\/\/imefy.com\/de\/datenschutzpolitik\/","name":"Datenschutzpolitik - IMEFY","isPartOf":{"@id":"\/#website"},"datePublished":"2019-10-10T08:52:17+00:00","dateModified":"2020-08-26T11:30:11+00:00","breadcrumb":{"@id":"https:\/\/imefy.com\/de\/datenschutzpolitik\/#breadcrumb"},"inLanguage":"de","potentialAction":[{"@type":"ReadAction","target":["https:\/\/imefy.com\/de\/datenschutzpolitik\/"]}]},{"@type":"BreadcrumbList","@id":"https:\/\/imefy.com\/de\/datenschutzpolitik\/#breadcrumb","itemListElement":[{"@type":"ListItem","position":1,"name":"Portada","item":"https:\/\/imefy.com\/de\/"},{"@type":"ListItem","position":2,"name":"Datenschutzpolitik"}]},{"@type":"WebSite","@id":"\/#website","url":"\/","name":"IMEFY","description":"Fabricaci\u00f3n de transformadores de distribuci\u00f3n y potencia","potentialAction":[{"@type":"SearchAction","target":{"@type":"EntryPoint","urlTemplate":"\/?s={search_term_string}"},"query-input":{"@type":"PropertyValueSpecification","valueRequired":true,"valueName":"search_term_string"}}],"inLanguage":"de"}]}},"_links":{"self":[{"href":"https:\/\/imefy.com\/de\/wp-json\/wp\/v2\/pages\/20762","targetHints":{"allow":["GET"]}}],"collection":[{"href":"https:\/\/imefy.com\/de\/wp-json\/wp\/v2\/pages"}],"about":[{"href":"https:\/\/imefy.com\/de\/wp-json\/wp\/v2\/types\/page"}],"author":[{"embeddable":true,"href":"https:\/\/imefy.com\/de\/wp-json\/wp\/v2\/users\/10"}],"replies":[{"embeddable":true,"href":"https:\/\/imefy.com\/de\/wp-json\/wp\/v2\/comments?post=20762"}],"version-history":[{"count":0,"href":"https:\/\/imefy.com\/de\/wp-json\/wp\/v2\/pages\/20762\/revisions"}],"wp:attachment":[{"href":"https:\/\/imefy.com\/de\/wp-json\/wp\/v2\/media?parent=20762"}],"curies":[{"name":"wp","href":"https:\/\/api.w.org\/{rel}","templated":true}]}}