{"id":24216,"date":"2023-01-17T08:54:12","date_gmt":"2023-01-17T07:54:12","guid":{"rendered":"https:\/\/imefy.com\/?page_id=24216"},"modified":"2026-01-27T11:14:02","modified_gmt":"2026-01-27T10:14:02","slug":"kommunikation-zur-umweltleistung","status":"publish","type":"page","link":"https:\/\/imefy.com\/de\/kommunikation-zur-umweltleistung\/","title":{"rendered":"Kommunikation zur Umweltleistung"},"content":{"rendered":"<div class=\"fusion-fullwidth fullwidth-box fusion-builder-row-1 fusion-flex-container nonhundred-percent-fullwidth non-hundred-percent-height-scrolling\" style=\"--awb-background-position:left top;--awb-border-sizes-top:0px;--awb-border-sizes-bottom:0px;--awb-border-sizes-left:0px;--awb-border-sizes-right:0px;--awb-border-radius-top-left:0px;--awb-border-radius-top-right:0px;--awb-border-radius-bottom-right:0px;--awb-border-radius-bottom-left:0px;--awb-padding-top:60px;--awb-padding-bottom:100px;--awb-flex-wrap:wrap;\" ><div class=\"fusion-builder-row fusion-row fusion-flex-align-items-stretch fusion-flex-content-wrap\" style=\"max-width:1216.8px;margin-left: calc(-4% \/ 2 );margin-right: calc(-4% \/ 2 );\"><div class=\"fusion-layout-column fusion_builder_column fusion-builder-column-0 fusion_builder_column_1_1 1_1 fusion-flex-column\" style=\"--awb-padding-top:40px;--awb-padding-right:40px;--awb-padding-bottom:40px;--awb-padding-left:40px;--awb-bg-color:#ffffff;--awb-bg-color-hover:#ffffff;--awb-bg-size:cover;--awb-border-color:#dddddd;--awb-border-top:1px;--awb-border-right:1px;--awb-border-bottom:1px;--awb-border-left:1px;--awb-border-style:solid;--awb-width-large:100%;--awb-margin-top-large:0px;--awb-spacing-right-large:1.92%;--awb-margin-bottom-large:30px;--awb-spacing-left-large:1.92%;--awb-width-medium:100%;--awb-spacing-right-medium:1.92%;--awb-spacing-left-medium:1.92%;--awb-width-small:100%;--awb-spacing-right-small:1.92%;--awb-spacing-left-small:1.92%;\"><div class=\"fusion-column-wrapper fusion-column-has-shadow fusion-flex-justify-content-flex-start fusion-content-layout-column\"><div class=\"fusion-text fusion-text-1\"><p style=\"text-align: right;\">Datum: 27\/01\/2026<\/p>\n<\/div><div class=\"fusion-title title fusion-title-1 fusion-sep-none fusion-title-text fusion-title-size-two\" style=\"--awb-text-color:#1e3e92;--awb-margin-top-small:0px;--awb-margin-right-small:0px;--awb-margin-bottom-small:20px;--awb-margin-left-small:0px;\"><h2 class=\"fusion-title-heading title-heading-left fusion-responsive-typography-calculated\" style=\"margin:0;--fontSize:24;line-height:1.2;\">KOMMUNIKATION ZUR UMWELTLEISTUNG 2025<\/h2><\/div><div class=\"fusion-separator fusion-full-width-sep\" style=\"align-self: center;margin-left: auto;margin-right: auto;margin-top:30px;width:100%;\"><\/div><div class=\"fusion-text fusion-text-2\"><p>IMEFY bewertet die Umweltleistung unter Ber\u00fccksichtigung von:<\/p>\n<ul>\n<li>Rechtsbewertung, bei der die Einhaltung aller f\u00fcr unsere Organisation geltenden gesetzlichen Anforderungen \u00fcberpr\u00fcft wird.<\/li>\n<li>Kontextanalyse, bei der die aktuelle Situation sowie zuk\u00fcnftige Trends untersucht und bewertet werden, sowohl in der internen Entwicklung der Organisation als auch bei der Analyse gesetzlicher Trends, mit dem Ziel, der Erf\u00fcllung zuk\u00fcnftiger gesetzlicher Anforderungen vorauszugreifen.<\/li>\n<li>Von der Gesch\u00e4ftsleitung festgelegter Strategischer Plan, in dem Risiken und Chancen bestimmt werden, Entwicklungsziele festgelegt werden, um Risiken zu begegnen und zu minimieren sowie Verbesserungsm\u00f6glichkeiten zu nutzen.<\/li>\n<li>Plan zur operativen Kontrolle der gesetzlichen Anforderungen, der regelm\u00e4\u00dfig \u00fcberwacht wird, wobei die resultierenden Daten bewertet werden.<\/li>\n<li>Studie und Auswertung aller im Jahr 2025 ermittelten umweltrelevanten Kennzahlen.<\/li>\n<\/ul>\n<p>Als Ergebnis dieser Vorgehensweise verf\u00fcgt IMEFY \u00fcber verifizierte und zertifizierte Umweltmanagementsysteme gem\u00e4\u00df UNE-EN-ISO 14001 sowie \u00fcber eine Berechnung des CO\u2082-Fu\u00dfabdrucks gem\u00e4\u00df UNE-EN-ISO 14064-1.<br \/>\nUnter Ber\u00fccksichtigung all dessen beschreibt und bewertet IMEFY seine Umweltleistung im Jahr 2025 wie folgt:<\/p>\n<ul>\n<li>RECHTSKONFORMIT\u00c4T:<br \/>\nEs wurden keine Sanktionen oder Aufforderungen im Umweltbereich erhalten.<\/li>\n<li>MANAGEMENT VON GEF\u00c4HRLICHEN UND NICHT GEF\u00c4HRLICHEN ABF\u00c4LLEN\n<ul>\n<li>Erhobene Daten:<br \/>\nGesamtmenge der im Jahr 2025 erzeugten gef\u00e4hrlichen Abf\u00e4lle: 87 Tonnen.<br \/>\nDie Erzeugung gef\u00e4hrlicher Abf\u00e4lle wurde im Jahr 2025 im Vergleich zu 2024 um 5 % reduziert.<br \/>\nGesamtmenge der im Jahr 2025 erzeugten nicht gef\u00e4hrlichen Abf\u00e4lle: 683 Tonnen.<br \/>\nDie Erzeugung nicht gef\u00e4hrlicher Abf\u00e4lle wurde im Jahr 2025 im Vergleich zu 2024 um 6 % reduziert.<\/li>\n<li>Durchgef\u00fchrte Umweltma\u00dfnahmen:\n<ul>\n<li>Im Jahr 2025 wurde die Zertifizierung \u201eRESIDUO 0\u201c erlangt, die die Wiederverwertung unserer Abf\u00e4lle zu 98 % best\u00e4tigt.<\/li>\n<\/ul>\n<\/li>\n<\/ul>\n<\/li>\n<li>CO\u2082-FUSSABDRUCK\n<ul>\n<li>Erhobene Daten:<br \/>\nDie im Jahr 2025 verifizierten und zertifizierten Emissionen, entsprechend dem Jahr 2024, sind wie folgt:<\/p>\n<table style=\"height: 200px;\" width=\"500px\" align=\"center\">\n<tbody>\n<tr>\n<td>UMFANG 1:<\/td>\n<td>1468,04 t CO<sub>2eq<\/sub><\/td>\n<\/tr>\n<tr>\n<td>UMFANG 2:<\/td>\n<td>0 t CO<sub>2eq<\/sub><\/td>\n<\/tr>\n<tr>\n<td>UMFANG 3:<\/td>\n<td>171,14 t CO<sub>2eq<\/sub><\/td>\n<\/tr>\n<tr>\n<td><strong>GESAMTER CO\u2082-FUSSABDRUCK:<\/strong><\/td>\n<td><strong>1639,19 t CO<sub>2eq<\/sub><\/strong><\/td>\n<\/tr>\n<\/tbody>\n<\/table>\n<p>Die erhobenen Daten zeigen eine Reduzierung unserer Emissionen gegen\u00fcber dem Basisjahr um 4,21 %.<\/li>\n<li>Durchgef\u00fchrte Umweltma\u00dfnahmen:\n<ul>\n<li>Die Registrierung unseres CO\u2082-Fu\u00dfabdrucks beim MITECO wurde vorgenommen, was es uns erm\u00f6glichen wird, entsprechend den erzielten Ergebnissen erneut das Siegel REDUZCO zu erhalten.<\/li>\n<li>IMEFY hat im Rahmen seines Engagements f\u00fcr die Umwelt, die Dekarbonisierung und die Ziele f\u00fcr nachhaltige Entwicklung (SDGs) eine Kooperationsvereinbarung mit der Fundaci\u00f3n Repsol geschlossen, um das Projekt Motor Verde zu unterst\u00fctzen und zur Wiederaufforstung des Waldes Maceira (Galicien) beizutragen. Im ersten Jahr der Zusammenarbeit wird der Beitrag von IMEFY die Minderung von rund 200 Tonnen CO\u2082-\u00c4quivalent erm\u00f6glichen, mit dem Ziel, diesen Beitrag in den Folgejahren weiter auszubauen.<\/li>\n<\/ul>\n<\/li>\n<\/ul>\n<\/li>\n<li>KONTROLLE DES VERBRAUCHS NAT\u00dcRLICHER RESSOURCEN UND DES ENERGIEVERBRAUCHS:\n<ul>\n<li>Erhobene Daten:<br \/>\nGesamtwasserverbrauch: 2.397 m<span class=\"s1\">3<br \/>\n<\/span>Gesamtstromverbrauch: 2.929.996 kWh, was eine Verbrauchsreduzierung von 1 % bedeutet.<br \/>\nGesamtverbrauch Erdgas: 340.659 m<span class=\"s1\">3<\/span>, wobei der Verbrauch gegen\u00fcber dem Vorjahr um rund 27 % gestiegen ist.<\/li>\n<li>Durchgef\u00fchrte Umweltma\u00dfnahmen:\n<ul>\n<li>Bezug von 100 % erneuerbarer elektrischer Energie mit garantiertem Ursprung und von der CNMC best\u00e4tigt.<\/li>\n<li>Beginn der Entwicklung eines Energiemanagementsystems zur Erlangung der ISO-50001-Zertifizierung.<\/li>\n<li>Umstellung auf ein effizienteres Heizsystem mit entsprechender Reduzierung von Verbrauch und Emissionen.<\/li>\n<\/ul>\n<\/li>\n<\/ul>\n<\/li>\n<li>WEITERE DURCHGEF\u00dcHRTE MASSNAHMEN:\n<ul>\n<li>Die Mitgliedschaft bei SCRAP zur Verwaltung von VERPACKUNGEN wird aufrechterhalten.<\/li>\n<li>Die Lebenszyklusanalyse (LCA) und die Umweltproduktdeklaration (EPD) bleiben weiterhin in Kraft.<\/li>\n<li>Beitritt zum Global Compact der Vereinten Nationen.<\/li>\n<li>Berichterstattung im Bereich Nachhaltigkeit auf Plattformen wie ECOVADIS, ACHILLES, BENCHMARK GENSUITE usw.<\/li>\n<li>Ausarbeitung eines Risikomanagementsystems in der Wertsch\u00f6pfungskette (nachhaltige Beschaffung).<\/li>\n<li>Schulungen zur Erstellung des Nachhaltigkeitsberichts gem\u00e4\u00df CSRD, um zuk\u00fcnftigen gesetzlichen Anforderungen vorzugreifen.<\/li>\n<\/ul>\n<p>Mit all diesen Ma\u00dfnahmen erweitert IMEFY seine Verantwortung \u00fcber die gesetzlichen Anforderungen hinaus und richtet seine Verpflichtungen an den Zielen f\u00fcr nachhaltige Entwicklung (SDGs) aus. Konkret tr\u00e4gt IMEFY aktiv zu den folgenden Zielen bei:<\/p>\n<p><img loading=\"lazy\" decoding=\"async\" class=\"wp-image-33387 size-full aligncenter\" src=\"https:\/\/imefy.com\/wp-content\/uploads\/2026\/01\/Imefy-Objetivos-ambientales-2025.jpg\" alt=\"\" width=\"600\" height=\"403\" srcset=\"https:\/\/imefy.com\/wp-content\/uploads\/2026\/01\/Imefy-Objetivos-ambientales-2025-150x101.jpg 150w, https:\/\/imefy.com\/wp-content\/uploads\/2026\/01\/Imefy-Objetivos-ambientales-2025-300x202.jpg 300w, https:\/\/imefy.com\/wp-content\/uploads\/2026\/01\/Imefy-Objetivos-ambientales-2025-400x269.jpg 400w, https:\/\/imefy.com\/wp-content\/uploads\/2026\/01\/Imefy-Objetivos-ambientales-2025.jpg 600w\" sizes=\"auto, (max-width: 600px) 100vw, 600px\" \/><\/li>\n<\/ul>\n<p>F\u00fcr das Jahr 2026 und unter Ber\u00fccksichtigung der Umweltleistung 2025 erw\u00e4gt IMEFY die folgenden Verpflichtungen einzugehen:<\/p>\n<ul>\n<li>Reduzierung der CO\u2082eq-Emissionen im Jahr 2025 um 5 % gegen\u00fcber dem Basisjahr (2022).<\/li>\n<li>Registrierung des CO\u2082-Fu\u00dfabdrucks beim MITECO f\u00fcr das Jahr 2025.<\/li>\n<li>Reduzierung der Erzeugung gef\u00e4hrlicher Abf\u00e4lle insgesamt um 2 % im Jahr 2026 gegen\u00fcber 2025.<\/li>\n<li>Reduzierung der Erzeugung nicht gef\u00e4hrlicher Abf\u00e4lle insgesamt um 5 % im Jahr 2026 gegen\u00fcber 2025.<\/li>\n<li>Aufrechterhaltung der RESIDUO-0-Zertifizierung.<\/li>\n<li>Weiterhin Sicherstellung des Bezugs von 100 % erneuerbarer elektrischer Energie mit Herkunftsnachweis sowie neuer Erwerb von Herkunftsnachweisen f\u00fcr erneuerbares Erdgas, was eine Emissionsreduzierung von rund 35 % erm\u00f6glichen wird.<\/li>\n<li>Fortf\u00fchrung des Verpackungsmanagements auf nationaler Ebene und Vorbereitung auf die Einhaltung der neuen Ma\u00dfnahmen der europ\u00e4ischen PPWR-Verordnung.<\/li>\n<li>Erlangung der ISO-50001-Zertifizierung.<\/li>\n<li>Erstellung des Nachhaltigkeitsberichts gem\u00e4\u00df CSRD.<\/li>\n<li>Schulungen im Bereich Nachhaltigkeit, Kreislaufwirtschaft usw.<\/li>\n<li>Sensibilisierungskampagnen und Pr\u00e4sentation nachhaltiger Projekte f\u00fcr alle Interessengruppen der Organisation.<\/li>\n<li>Durchf\u00fchrung einer neuen LCA f\u00fcr in Epoxidharz gekapselte Transformatoren.<\/li>\n<li>Berichterstattung auf Plattformen und Verbesserung der erzielten Bewertungen.<\/li>\n<\/ul>\n<\/div><div class=\"fusion-separator fusion-full-width-sep\" style=\"align-self: center;margin-left: auto;margin-right: auto;margin-top:30px;width:100%;\"><\/div><div class=\"fusion-image-element \" style=\"text-align:left;--awb-max-width:500px;--awb-caption-title-font-family:var(--h2_typography-font-family);--awb-caption-title-font-weight:var(--h2_typography-font-weight);--awb-caption-title-font-style:var(--h2_typography-font-style);--awb-caption-title-size:var(--h2_typography-font-size);--awb-caption-title-transform:var(--h2_typography-text-transform);--awb-caption-title-line-height:var(--h2_typography-line-height);--awb-caption-title-letter-spacing:var(--h2_typography-letter-spacing);\"><span class=\" fusion-imageframe imageframe-none imageframe-1 hover-type-none\"><img loading=\"lazy\" decoding=\"async\" width=\"2000\" height=\"1194\" title=\"Firma-Eduardo\" src=\"https:\/\/imefy.com\/wp-content\/uploads\/2026\/01\/Firma-Eduardo.jpg\" alt class=\"img-responsive wp-image-33408\" srcset=\"https:\/\/imefy.com\/wp-content\/uploads\/2026\/01\/Firma-Eduardo-400x239.jpg 400w, https:\/\/imefy.com\/wp-content\/uploads\/2026\/01\/Firma-Eduardo-600x358.jpg 600w, https:\/\/imefy.com\/wp-content\/uploads\/2026\/01\/Firma-Eduardo-800x478.jpg 800w, https:\/\/imefy.com\/wp-content\/uploads\/2026\/01\/Firma-Eduardo-1200x716.jpg 1200w, https:\/\/imefy.com\/wp-content\/uploads\/2026\/01\/Firma-Eduardo.jpg 2000w\" sizes=\"auto, (max-width: 1024px) 100vw, (max-width: 640px) 100vw, 1200px\" \/><\/span><\/div><\/div><\/div><\/div><\/div>\n","protected":false},"excerpt":{"rendered":"","protected":false},"author":10,"featured_media":25623,"parent":0,"menu_order":11,"comment_status":"closed","ping_status":"closed","template":"100-width.php","meta":{"footnotes":""},"class_list":["post-24216","page","type-page","status-publish","has-post-thumbnail","hentry"],"yoast_head":"<!-- This site is optimized with the Yoast SEO Premium plugin v27.0 (Yoast SEO v27.4) - https:\/\/yoast.com\/product\/yoast-seo-premium-wordpress\/ -->\n<title>Kommunikation zur Umweltleistung - IMEFY<\/title>\n<meta name=\"robots\" content=\"index, follow, max-snippet:-1, max-image-preview:large, max-video-preview:-1\" \/>\n<link rel=\"canonical\" href=\"https:\/\/imefy.com\/de\/kommunikation-zur-umweltleistung\/\" \/>\n<meta property=\"og:locale\" content=\"de_DE\" \/>\n<meta property=\"og:type\" content=\"article\" \/>\n<meta property=\"og:title\" content=\"Kommunikation zur Umweltleistung\" \/>\n<meta property=\"og:url\" content=\"https:\/\/imefy.com\/de\/kommunikation-zur-umweltleistung\/\" \/>\n<meta property=\"og:site_name\" content=\"IMEFY\" \/>\n<meta property=\"article:publisher\" content=\"https:\/\/www.facebook.com\/pages\/Imefy-Group\/852590684780185\" \/>\n<meta property=\"article:modified_time\" content=\"2026-01-27T10:14:02+00:00\" \/>\n<meta property=\"og:image\" content=\"https:\/\/imefy.com\/wp-content\/uploads\/2023\/01\/Imefy_com-desempeno-ambiental.jpg\" \/>\n\t<meta property=\"og:image:width\" content=\"2800\" \/>\n\t<meta property=\"og:image:height\" content=\"1122\" \/>\n\t<meta property=\"og:image:type\" content=\"image\/jpeg\" \/>\n<meta name=\"twitter:card\" content=\"summary_large_image\" \/>\n<meta name=\"twitter:site\" content=\"@imefygroup\" \/>\n<meta name=\"twitter:label1\" content=\"Gesch\u00e4tzte Lesezeit\" \/>\n\t<meta name=\"twitter:data1\" content=\"4\u00a0Minuten\" \/>\n<script type=\"application\/ld+json\" class=\"yoast-schema-graph\">{\"@context\":\"https:\\\/\\\/schema.org\",\"@graph\":[{\"@type\":\"WebPage\",\"@id\":\"https:\\\/\\\/imefy.com\\\/de\\\/kommunikation-zur-umweltleistung\\\/\",\"url\":\"https:\\\/\\\/imefy.com\\\/de\\\/kommunikation-zur-umweltleistung\\\/\",\"name\":\"Kommunikation zur Umweltleistung - IMEFY\",\"isPartOf\":{\"@id\":\"\\\/#website\"},\"primaryImageOfPage\":{\"@id\":\"https:\\\/\\\/imefy.com\\\/de\\\/kommunikation-zur-umweltleistung\\\/#primaryimage\"},\"image\":{\"@id\":\"https:\\\/\\\/imefy.com\\\/de\\\/kommunikation-zur-umweltleistung\\\/#primaryimage\"},\"thumbnailUrl\":\"https:\\\/\\\/imefy.com\\\/wp-content\\\/uploads\\\/2023\\\/01\\\/Imefy_com-desempeno-ambiental.jpg\",\"datePublished\":\"2023-01-17T07:54:12+00:00\",\"dateModified\":\"2026-01-27T10:14:02+00:00\",\"breadcrumb\":{\"@id\":\"https:\\\/\\\/imefy.com\\\/de\\\/kommunikation-zur-umweltleistung\\\/#breadcrumb\"},\"inLanguage\":\"de\",\"potentialAction\":[{\"@type\":\"ReadAction\",\"target\":[\"https:\\\/\\\/imefy.com\\\/de\\\/kommunikation-zur-umweltleistung\\\/\"]}]},{\"@type\":\"ImageObject\",\"inLanguage\":\"de\",\"@id\":\"https:\\\/\\\/imefy.com\\\/de\\\/kommunikation-zur-umweltleistung\\\/#primaryimage\",\"url\":\"https:\\\/\\\/imefy.com\\\/wp-content\\\/uploads\\\/2023\\\/01\\\/Imefy_com-desempeno-ambiental.jpg\",\"contentUrl\":\"https:\\\/\\\/imefy.com\\\/wp-content\\\/uploads\\\/2023\\\/01\\\/Imefy_com-desempeno-ambiental.jpg\",\"width\":2800,\"height\":1122},{\"@type\":\"BreadcrumbList\",\"@id\":\"https:\\\/\\\/imefy.com\\\/de\\\/kommunikation-zur-umweltleistung\\\/#breadcrumb\",\"itemListElement\":[{\"@type\":\"ListItem\",\"position\":1,\"name\":\"Portada\",\"item\":\"https:\\\/\\\/imefy.com\\\/de\\\/\"},{\"@type\":\"ListItem\",\"position\":2,\"name\":\"Kommunikation zur Umweltleistung\"}]},{\"@type\":\"WebSite\",\"@id\":\"\\\/#website\",\"url\":\"\\\/\",\"name\":\"IMEFY\",\"description\":\"Fabricaci\u00f3n de transformadores de distribuci\u00f3n y potencia\",\"potentialAction\":[{\"@type\":\"SearchAction\",\"target\":{\"@type\":\"EntryPoint\",\"urlTemplate\":\"\\\/?s={search_term_string}\"},\"query-input\":{\"@type\":\"PropertyValueSpecification\",\"valueRequired\":true,\"valueName\":\"search_term_string\"}}],\"inLanguage\":\"de\"}]}<\/script>\n<!-- \/ Yoast SEO Premium plugin. -->","yoast_head_json":{"title":"Kommunikation zur Umweltleistung - IMEFY","robots":{"index":"index","follow":"follow","max-snippet":"max-snippet:-1","max-image-preview":"max-image-preview:large","max-video-preview":"max-video-preview:-1"},"canonical":"https:\/\/imefy.com\/de\/kommunikation-zur-umweltleistung\/","og_locale":"de_DE","og_type":"article","og_title":"Kommunikation zur Umweltleistung","og_url":"https:\/\/imefy.com\/de\/kommunikation-zur-umweltleistung\/","og_site_name":"IMEFY","article_publisher":"https:\/\/www.facebook.com\/pages\/Imefy-Group\/852590684780185","article_modified_time":"2026-01-27T10:14:02+00:00","og_image":[{"width":2800,"height":1122,"url":"https:\/\/imefy.com\/wp-content\/uploads\/2023\/01\/Imefy_com-desempeno-ambiental.jpg","type":"image\/jpeg"}],"twitter_card":"summary_large_image","twitter_site":"@imefygroup","twitter_misc":{"Gesch\u00e4tzte Lesezeit":"4\u00a0Minuten"},"schema":{"@context":"https:\/\/schema.org","@graph":[{"@type":"WebPage","@id":"https:\/\/imefy.com\/de\/kommunikation-zur-umweltleistung\/","url":"https:\/\/imefy.com\/de\/kommunikation-zur-umweltleistung\/","name":"Kommunikation zur Umweltleistung - IMEFY","isPartOf":{"@id":"\/#website"},"primaryImageOfPage":{"@id":"https:\/\/imefy.com\/de\/kommunikation-zur-umweltleistung\/#primaryimage"},"image":{"@id":"https:\/\/imefy.com\/de\/kommunikation-zur-umweltleistung\/#primaryimage"},"thumbnailUrl":"https:\/\/imefy.com\/wp-content\/uploads\/2023\/01\/Imefy_com-desempeno-ambiental.jpg","datePublished":"2023-01-17T07:54:12+00:00","dateModified":"2026-01-27T10:14:02+00:00","breadcrumb":{"@id":"https:\/\/imefy.com\/de\/kommunikation-zur-umweltleistung\/#breadcrumb"},"inLanguage":"de","potentialAction":[{"@type":"ReadAction","target":["https:\/\/imefy.com\/de\/kommunikation-zur-umweltleistung\/"]}]},{"@type":"ImageObject","inLanguage":"de","@id":"https:\/\/imefy.com\/de\/kommunikation-zur-umweltleistung\/#primaryimage","url":"https:\/\/imefy.com\/wp-content\/uploads\/2023\/01\/Imefy_com-desempeno-ambiental.jpg","contentUrl":"https:\/\/imefy.com\/wp-content\/uploads\/2023\/01\/Imefy_com-desempeno-ambiental.jpg","width":2800,"height":1122},{"@type":"BreadcrumbList","@id":"https:\/\/imefy.com\/de\/kommunikation-zur-umweltleistung\/#breadcrumb","itemListElement":[{"@type":"ListItem","position":1,"name":"Portada","item":"https:\/\/imefy.com\/de\/"},{"@type":"ListItem","position":2,"name":"Kommunikation zur Umweltleistung"}]},{"@type":"WebSite","@id":"\/#website","url":"\/","name":"IMEFY","description":"Fabricaci\u00f3n de transformadores de distribuci\u00f3n y potencia","potentialAction":[{"@type":"SearchAction","target":{"@type":"EntryPoint","urlTemplate":"\/?s={search_term_string}"},"query-input":{"@type":"PropertyValueSpecification","valueRequired":true,"valueName":"search_term_string"}}],"inLanguage":"de"}]}},"_links":{"self":[{"href":"https:\/\/imefy.com\/de\/wp-json\/wp\/v2\/pages\/24216","targetHints":{"allow":["GET"]}}],"collection":[{"href":"https:\/\/imefy.com\/de\/wp-json\/wp\/v2\/pages"}],"about":[{"href":"https:\/\/imefy.com\/de\/wp-json\/wp\/v2\/types\/page"}],"author":[{"embeddable":true,"href":"https:\/\/imefy.com\/de\/wp-json\/wp\/v2\/users\/10"}],"replies":[{"embeddable":true,"href":"https:\/\/imefy.com\/de\/wp-json\/wp\/v2\/comments?post=24216"}],"version-history":[{"count":2,"href":"https:\/\/imefy.com\/de\/wp-json\/wp\/v2\/pages\/24216\/revisions"}],"predecessor-version":[{"id":33410,"href":"https:\/\/imefy.com\/de\/wp-json\/wp\/v2\/pages\/24216\/revisions\/33410"}],"wp:featuredmedia":[{"embeddable":true,"href":"https:\/\/imefy.com\/de\/wp-json\/wp\/v2\/media\/25623"}],"wp:attachment":[{"href":"https:\/\/imefy.com\/de\/wp-json\/wp\/v2\/media?parent=24216"}],"curies":[{"name":"wp","href":"https:\/\/api.w.org\/{rel}","templated":true}]}}