{"id":29366,"date":"2024-03-18T11:57:17","date_gmt":"2024-03-18T10:57:17","guid":{"rendered":"https:\/\/imefy.com\/?page_id=29366"},"modified":"2024-03-18T12:05:33","modified_gmt":"2024-03-18T11:05:33","slug":"betriebsanleitung-leistungstransformatoren","status":"publish","type":"page","link":"https:\/\/imefy.com\/de\/betriebsanleitung-leistungstransformatoren\/","title":{"rendered":"Betriebsanleitung leistungstransformatoren"},"content":{"rendered":"<div id=\"manualpotencia\" class=\"fusion-container-anchor\"><div class=\"fusion-fullwidth fullwidth-box fusion-builder-row-1 fusion-flex-container hundred-percent-fullwidth non-hundred-percent-height-scrolling\" style=\"--awb-background-position:left top;--awb-border-sizes-top:0px;--awb-border-sizes-bottom:0px;--awb-border-sizes-left:0px;--awb-border-sizes-right:0px;--awb-border-radius-top-left:0px;--awb-border-radius-top-right:0px;--awb-border-radius-bottom-right:0px;--awb-border-radius-bottom-left:0px;--awb-padding-top:0px;--awb-padding-right:0px;--awb-padding-bottom:0px;--awb-padding-left:0px;--awb-flex-wrap:wrap;\" ><div class=\"fusion-builder-row fusion-row fusion-flex-align-items-stretch fusion-flex-content-wrap\" style=\"width:calc( 100% + 0px ) !important;max-width:calc( 100% + 0px ) !important;margin-left: calc(-0px \/ 2 );margin-right: calc(-0px \/ 2 );\"><div class=\"fusion-layout-column fusion_builder_column fusion-builder-column-0 fusion_builder_column_1_2 1_2 fusion-flex-column\" style=\"--awb-padding-top:13%;--awb-padding-right:13%;--awb-padding-bottom:13%;--awb-padding-left:13%;--awb-bg-size:cover;--awb-width-large:50%;--awb-margin-top-large:0px;--awb-spacing-right-large:0px;--awb-margin-bottom-large:0px;--awb-spacing-left-large:0px;--awb-width-medium:100%;--awb-spacing-right-medium:0px;--awb-spacing-left-medium:0px;--awb-width-small:100%;--awb-spacing-right-small:0px;--awb-spacing-left-small:0px;\"><div class=\"fusion-column-wrapper fusion-flex-justify-content-flex-start fusion-content-layout-column\"><div class=\"fusion-text fusion-text-1\"><h2>BETRIEBSANLEITUNG LEISTUNGSTRANSFORMATOREN<\/h2>\n<\/div><div class=\"fusion-separator fusion-full-width-sep\" style=\"align-self: center;margin-left: auto;margin-right: auto;margin-top:10px;width:100%;\"><\/div><div class=\"fusion-title title fusion-title-1 fusion-sep-none fusion-title-text fusion-title-size-paragraph\" style=\"--awb-margin-top-small:0px;--awb-margin-right-small:0px;--awb-margin-bottom-small:20px;--awb-margin-left-small:0px;\"><p class=\"fusion-title-heading title-heading-left title-heading-tag fusion-responsive-typography-calculated\" style=\"margin:0;--fontSize:18;line-height:1.5;\"><h5>Aufgrund der Besonderheiten der Leistungstransformatoren steht f\u00fcr jeden von ihnen eine spezifische Betriebsanleitung zur Verf\u00fcgung. Sollten Sie eine Betriebsanleitung ben\u00f6tigen, senden Sie uns bitte dieses Formular. Vielen Dank.<\/h5><\/p><\/div><div class=\"fusion-separator fusion-full-width-sep\" style=\"align-self: center;margin-left: auto;margin-right: auto;margin-top:10px;width:100%;\"><\/div>\n<div class=\"wpcf7 no-js\" id=\"wpcf7-f21036-o1\" lang=\"de-DE\" dir=\"ltr\" data-wpcf7-id=\"21036\">\n<div class=\"screen-reader-response\"><p role=\"status\" aria-live=\"polite\" aria-atomic=\"true\"><\/p> <ul><\/ul><\/div>\n<form action=\"\/de\/wp-json\/wp\/v2\/pages\/29366#wpcf7-f21036-o1\" method=\"post\" class=\"wpcf7-form init\" aria-label=\"Kontaktformular\" novalidate=\"novalidate\" data-status=\"init\">\n<fieldset class=\"hidden-fields-container\"><input type=\"hidden\" name=\"_wpcf7\" value=\"21036\" \/><input type=\"hidden\" name=\"_wpcf7_version\" value=\"6.1.5\" \/><input type=\"hidden\" name=\"_wpcf7_locale\" value=\"de_DE\" \/><input type=\"hidden\" name=\"_wpcf7_unit_tag\" value=\"wpcf7-f21036-o1\" \/><input type=\"hidden\" name=\"_wpcf7_container_post\" value=\"0\" \/><input type=\"hidden\" name=\"_wpcf7_posted_data_hash\" value=\"\" \/><input type=\"hidden\" name=\"_wpcf7cf_hidden_group_fields\" value=\"[]\" \/><input type=\"hidden\" name=\"_wpcf7cf_hidden_groups\" value=\"[]\" \/><input type=\"hidden\" name=\"_wpcf7cf_visible_groups\" value=\"[]\" \/><input type=\"hidden\" name=\"_wpcf7cf_repeaters\" value=\"[]\" \/><input type=\"hidden\" name=\"_wpcf7cf_steps\" value=\"{}\" \/><input type=\"hidden\" name=\"_wpcf7cf_options\" value=\"{&quot;form_id&quot;:21036,&quot;conditions&quot;:[],&quot;settings&quot;:{&quot;animation&quot;:&quot;yes&quot;,&quot;animation_intime&quot;:200,&quot;animation_outtime&quot;:200,&quot;conditions_ui&quot;:&quot;normal&quot;,&quot;notice_dismissed&quot;:false,&quot;notice_dismissed_rollback-cf7-6.1.2&quot;:true}}\" \/><input type=\"hidden\" name=\"_wpcf7_recaptcha_response\" value=\"\" \/>\n<\/fieldset>\n<p><span class=\"wpcf7-form-control-wrap\" data-name=\"your-name\"><input size=\"40\" maxlength=\"400\" class=\"wpcf7-form-control wpcf7-text wpcf7-validates-as-required\" aria-required=\"true\" aria-invalid=\"false\" placeholder=\"NAME *\" value=\"\" type=\"text\" name=\"your-name\" \/><\/span>\n<\/p>\n<p><span class=\"wpcf7-form-control-wrap\" data-name=\"your-email\"><input size=\"40\" maxlength=\"400\" class=\"wpcf7-form-control wpcf7-email wpcf7-validates-as-required wpcf7-text wpcf7-validates-as-email\" aria-required=\"true\" aria-invalid=\"false\" placeholder=\"E-MAIL-ADRESSE *\" value=\"\" type=\"email\" name=\"your-email\" \/><\/span>\n<\/p>\n<p><span class=\"wpcf7-form-control-wrap\" data-name=\"Empresa\"><input size=\"40\" maxlength=\"400\" class=\"wpcf7-form-control wpcf7-text wpcf7-validates-as-required\" aria-required=\"true\" aria-invalid=\"false\" placeholder=\"UNTERNEHMEN *\" value=\"\" type=\"text\" name=\"Empresa\" \/><\/span>\n<\/p>\n<p>W\u00e4hlen Sie Ihr Land<br \/>\n<span class=\"wpcf7-form-control-wrap\" data-name=\"pais\"><input size=\"40\" class=\"wpcf7-form-control wpcf7-countrytext wpcf7-validates-as-required wpcf7-text wpcf7-validates-as-countrytext\" aria-required=\"true\" aria-invalid=\"false\" value=\"\" type=\"text\" name=\"pais\" \/><\/span><br \/>\n<span class=\"wpcf7-form-control-wrap\" data-name=\"acceptance-380\"><span class=\"wpcf7-form-control wpcf7-acceptance\"><span class=\"wpcf7-list-item\"><label><input type=\"checkbox\" name=\"acceptance-380\" value=\"1\" aria-invalid=\"false\" \/><span class=\"wpcf7-list-item-label\">Ich akzeptiere die <a href=\"https:\/\/imefy.com\/de\/datenschutzpolitik\/\"> Datenschutzpolitik <\/a><\/span><\/label><\/span><\/span><\/span>\n<\/p>\n<p><input class=\"wpcf7-form-control wpcf7-submit has-spinner\" type=\"submit\" value=\"LINK ZUM HERUNTERLADEN SENDEN\" \/>\n<\/p><div class=\"fusion-alert alert custom alert-custom fusion-alert-center wpcf7-response-output fusion-alert-capitalize awb-alert-native-link-color alert-dismissable awb-alert-close-boxed\" style=\"--awb-border-top-left-radius:0px;--awb-border-top-right-radius:0px;--awb-border-bottom-left-radius:0px;--awb-border-bottom-right-radius:0px;\" role=\"alert\"><div class=\"fusion-alert-content-wrapper\"><span class=\"fusion-alert-content\"><\/span><\/div><button type=\"button\" class=\"close toggle-alert\" data-dismiss=\"alert\" aria-label=\"Close\">&times;<\/button><\/div>\n<\/form>\n<\/div>\n<div class=\"fusion-text fusion-text-2\"><p style=\"font-size: x-small;\">ALLGEMEINE INFORMATIONEN ZUM DATENSCHUTZ<br \/>\nIndustrias Mecano El\u00e9ctricas Fontecha Y\u00e9benes S.L., Betreiber und Verantwortlicher dieser Website, informiert Sie, dass Ihre Daten verarbeitet werden, um Ihre Anfrage zu beantworten. Sie k\u00f6nnen Ihre diesbez\u00fcglichen Rechte aus\u00fcben, indem Sie sich an folgende E-Mail-Adresse wenden: imefy@imefy.com. Wenn Sie mehr \u00fcber die Verarbeitung Ihrer Daten und die Ihnen zustehenden Rechte erfahren m\u00f6chten, klicken Sie auf \u201eDatenschutzerkl\u00e4rung\u201c.<br \/>\nInformationen zur Verarbeitung Ihrer personenbezogenen Daten gem\u00e4\u00df DSGVO.<br \/>\nVerantwortlicher: Industrias Mecano El\u00e9ctricas Fontecha Y\u00e9benes S.L. (IMEFY S.L.).<br \/>\nZweck: Erfassung personenbezogener Daten, um Ihre Anfragen bearbeiten zu k\u00f6nnen.<br \/>\nRechtsgrundlage: Einwilligung der Betroffenen<br \/>\nWeitergabe: Ihre Daten werden nicht an Dritte weitergegeben, es sei denn, es besteht eine gesetzliche Verpflichtung.<br \/>\nRechte: Sie k\u00f6nnen das Recht auf Zugriff, Berichtigung und L\u00f6schung Ihrer Daten aus\u00fcben sowie weitere Rechte, die in den Rechtlichen Hinweisen n\u00e4her erkl\u00e4rt werden.<br \/>\nZus\u00e4tzliche Informationen: Auf unserer Website stehen Ihnen ausf\u00fchrliche zus\u00e4tzliche Informationen zum Datenschutz zur Verf\u00fcgung.<\/p>\n<\/div><\/div><\/div><div class=\"fusion-layout-column fusion_builder_column fusion-builder-column-1 fusion_builder_column_1_2 1_2 fusion-flex-column\" style=\"--awb-bg-image:url(&#039;https:\/\/imefy.com\/wp-content\/uploads\/2019\/05\/manual_potencia-IMEFY.jpg&#039;);--awb-bg-position:center center;--awb-bg-size:cover;--awb-width-large:50%;--awb-margin-top-large:0px;--awb-spacing-right-large:0px;--awb-margin-bottom-large:0px;--awb-spacing-left-large:0px;--awb-width-medium:100%;--awb-spacing-right-medium:0px;--awb-spacing-left-medium:0px;--awb-width-small:100%;--awb-spacing-right-small:0px;--awb-spacing-left-small:0px;\"><div class=\"fusion-column-wrapper fusion-column-has-shadow fusion-flex-justify-content-flex-start fusion-content-layout-column fusion-empty-column-bg-image fusion-column-has-bg-image\" data-bg-url=\"https:\/\/imefy.com\/wp-content\/uploads\/2019\/05\/manual_potencia-IMEFY.jpg\"><img decoding=\"async\" class=\"fusion-empty-dims-img-placeholder fusion-no-large-visibility\" aria-label=\"manual_potencia-IMEFY\" src=\"data:image\/svg+xml,%3Csvg%20xmlns%3D%27http%3A%2F%2Fwww.w3.org%2F2000%2Fsvg%27%20width%3D%272000%27%20height%3D%271516%27%20viewBox%3D%270%200%202000%201516%27%3E%3Crect%20width%3D%272000%27%20height%3D%271516%27%20fill-opacity%3D%220%22%2F%3E%3C%2Fsvg%3E\"><\/div><\/div><\/div><\/div><\/div>\n","protected":false},"excerpt":{"rendered":"","protected":false},"author":10,"featured_media":0,"parent":0,"menu_order":34,"comment_status":"closed","ping_status":"closed","template":"100-width.php","meta":{"footnotes":""},"class_list":["post-29366","page","type-page","status-publish","hentry"],"yoast_head":"<!-- This site is optimized with the Yoast SEO Premium plugin v27.0 (Yoast SEO v27.3) - https:\/\/yoast.com\/product\/yoast-seo-premium-wordpress\/ -->\n<title>Betriebsanleitung leistungstransformatoren - IMEFY<\/title>\n<meta name=\"robots\" content=\"index, follow, max-snippet:-1, max-image-preview:large, max-video-preview:-1\" \/>\n<link rel=\"canonical\" href=\"https:\/\/imefy.com\/de\/betriebsanleitung-leistungstransformatoren\/\" \/>\n<meta property=\"og:locale\" content=\"de_DE\" \/>\n<meta property=\"og:type\" content=\"article\" \/>\n<meta property=\"og:title\" content=\"Betriebsanleitung leistungstransformatoren\" \/>\n<meta property=\"og:url\" content=\"https:\/\/imefy.com\/de\/betriebsanleitung-leistungstransformatoren\/\" \/>\n<meta property=\"og:site_name\" content=\"IMEFY\" \/>\n<meta property=\"article:publisher\" content=\"https:\/\/www.facebook.com\/pages\/Imefy-Group\/852590684780185\" \/>\n<meta property=\"article:modified_time\" content=\"2024-03-18T11:05:33+00:00\" \/>\n<meta name=\"twitter:card\" content=\"summary_large_image\" \/>\n<meta name=\"twitter:site\" content=\"@imefygroup\" \/>\n<script type=\"application\/ld+json\" class=\"yoast-schema-graph\">{\"@context\":\"https:\\\/\\\/schema.org\",\"@graph\":[{\"@type\":\"WebPage\",\"@id\":\"https:\\\/\\\/imefy.com\\\/de\\\/betriebsanleitung-leistungstransformatoren\\\/\",\"url\":\"https:\\\/\\\/imefy.com\\\/de\\\/betriebsanleitung-leistungstransformatoren\\\/\",\"name\":\"Betriebsanleitung leistungstransformatoren - IMEFY\",\"isPartOf\":{\"@id\":\"\\\/#website\"},\"datePublished\":\"2024-03-18T10:57:17+00:00\",\"dateModified\":\"2024-03-18T11:05:33+00:00\",\"breadcrumb\":{\"@id\":\"https:\\\/\\\/imefy.com\\\/de\\\/betriebsanleitung-leistungstransformatoren\\\/#breadcrumb\"},\"inLanguage\":\"de\",\"potentialAction\":[{\"@type\":\"ReadAction\",\"target\":[\"https:\\\/\\\/imefy.com\\\/de\\\/betriebsanleitung-leistungstransformatoren\\\/\"]}]},{\"@type\":\"BreadcrumbList\",\"@id\":\"https:\\\/\\\/imefy.com\\\/de\\\/betriebsanleitung-leistungstransformatoren\\\/#breadcrumb\",\"itemListElement\":[{\"@type\":\"ListItem\",\"position\":1,\"name\":\"Portada\",\"item\":\"https:\\\/\\\/imefy.com\\\/de\\\/\"},{\"@type\":\"ListItem\",\"position\":2,\"name\":\"Betriebsanleitung leistungstransformatoren\"}]},{\"@type\":\"WebSite\",\"@id\":\"\\\/#website\",\"url\":\"\\\/\",\"name\":\"IMEFY\",\"description\":\"Fabricaci\u00f3n de transformadores de distribuci\u00f3n y potencia\",\"potentialAction\":[{\"@type\":\"SearchAction\",\"target\":{\"@type\":\"EntryPoint\",\"urlTemplate\":\"\\\/?s={search_term_string}\"},\"query-input\":{\"@type\":\"PropertyValueSpecification\",\"valueRequired\":true,\"valueName\":\"search_term_string\"}}],\"inLanguage\":\"de\"}]}<\/script>\n<!-- \/ Yoast SEO Premium plugin. -->","yoast_head_json":{"title":"Betriebsanleitung leistungstransformatoren - IMEFY","robots":{"index":"index","follow":"follow","max-snippet":"max-snippet:-1","max-image-preview":"max-image-preview:large","max-video-preview":"max-video-preview:-1"},"canonical":"https:\/\/imefy.com\/de\/betriebsanleitung-leistungstransformatoren\/","og_locale":"de_DE","og_type":"article","og_title":"Betriebsanleitung leistungstransformatoren","og_url":"https:\/\/imefy.com\/de\/betriebsanleitung-leistungstransformatoren\/","og_site_name":"IMEFY","article_publisher":"https:\/\/www.facebook.com\/pages\/Imefy-Group\/852590684780185","article_modified_time":"2024-03-18T11:05:33+00:00","twitter_card":"summary_large_image","twitter_site":"@imefygroup","schema":{"@context":"https:\/\/schema.org","@graph":[{"@type":"WebPage","@id":"https:\/\/imefy.com\/de\/betriebsanleitung-leistungstransformatoren\/","url":"https:\/\/imefy.com\/de\/betriebsanleitung-leistungstransformatoren\/","name":"Betriebsanleitung leistungstransformatoren - IMEFY","isPartOf":{"@id":"\/#website"},"datePublished":"2024-03-18T10:57:17+00:00","dateModified":"2024-03-18T11:05:33+00:00","breadcrumb":{"@id":"https:\/\/imefy.com\/de\/betriebsanleitung-leistungstransformatoren\/#breadcrumb"},"inLanguage":"de","potentialAction":[{"@type":"ReadAction","target":["https:\/\/imefy.com\/de\/betriebsanleitung-leistungstransformatoren\/"]}]},{"@type":"BreadcrumbList","@id":"https:\/\/imefy.com\/de\/betriebsanleitung-leistungstransformatoren\/#breadcrumb","itemListElement":[{"@type":"ListItem","position":1,"name":"Portada","item":"https:\/\/imefy.com\/de\/"},{"@type":"ListItem","position":2,"name":"Betriebsanleitung leistungstransformatoren"}]},{"@type":"WebSite","@id":"\/#website","url":"\/","name":"IMEFY","description":"Fabricaci\u00f3n de transformadores de distribuci\u00f3n y potencia","potentialAction":[{"@type":"SearchAction","target":{"@type":"EntryPoint","urlTemplate":"\/?s={search_term_string}"},"query-input":{"@type":"PropertyValueSpecification","valueRequired":true,"valueName":"search_term_string"}}],"inLanguage":"de"}]}},"_links":{"self":[{"href":"https:\/\/imefy.com\/de\/wp-json\/wp\/v2\/pages\/29366","targetHints":{"allow":["GET"]}}],"collection":[{"href":"https:\/\/imefy.com\/de\/wp-json\/wp\/v2\/pages"}],"about":[{"href":"https:\/\/imefy.com\/de\/wp-json\/wp\/v2\/types\/page"}],"author":[{"embeddable":true,"href":"https:\/\/imefy.com\/de\/wp-json\/wp\/v2\/users\/10"}],"replies":[{"embeddable":true,"href":"https:\/\/imefy.com\/de\/wp-json\/wp\/v2\/comments?post=29366"}],"version-history":[{"count":0,"href":"https:\/\/imefy.com\/de\/wp-json\/wp\/v2\/pages\/29366\/revisions"}],"wp:attachment":[{"href":"https:\/\/imefy.com\/de\/wp-json\/wp\/v2\/media?parent=29366"}],"curies":[{"name":"wp","href":"https:\/\/api.w.org\/{rel}","templated":true}]}}