{"id":20131,"date":"2018-03-13T09:39:01","date_gmt":"2018-03-13T08:39:01","guid":{"rendered":"https:\/\/imefy.com\/noticias\/"},"modified":"2022-01-21T11:04:33","modified_gmt":"2022-01-21T10:04:33","slug":"actualites","status":"publish","type":"page","link":"https:\/\/imefy.com\/fr\/actualites\/","title":{"rendered":"ACTUALIT\u00c9S"},"content":{"rendered":"<div class=\"fusion-fullwidth fullwidth-box fusion-builder-row-1 fusion-flex-container hundred-percent-fullwidth non-hundred-percent-height-scrolling\" style=\"--awb-border-radius-top-left:0px;--awb-border-radius-top-right:0px;--awb-border-radius-bottom-right:0px;--awb-border-radius-bottom-left:0px;--awb-overflow:visible;--awb-margin-top:6%;--awb-margin-bottom:4%;--awb-flex-wrap:wrap;\" ><div class=\"fusion-builder-row fusion-row fusion-flex-align-items-flex-start fusion-flex-content-wrap\" style=\"width:104% !important;max-width:104% !important;margin-left: calc(-4% \/ 2 );margin-right: calc(-4% \/ 2 );\"><div class=\"fusion-layout-column fusion_builder_column fusion-builder-column-0 fusion_builder_column_1_1 1_1 fusion-flex-column fusion-flex-align-self-flex-start fusion-column-no-min-height\" style=\"--awb-bg-size:cover;--awb-width-large:100%;--awb-margin-top-large:0px;--awb-spacing-right-large:1.92%;--awb-margin-bottom-large:0px;--awb-spacing-left-large:1.92%;--awb-width-medium:100%;--awb-spacing-right-medium:1.92%;--awb-spacing-left-medium:1.92%;--awb-width-small:100%;--awb-spacing-right-small:1.92%;--awb-spacing-left-small:1.92%;\"><div class=\"fusion-column-wrapper fusion-flex-justify-content-center fusion-content-layout-column\"><div class=\"fusion-blog-shortcode fusion-blog-shortcode-1 fusion-blog-archive fusion-blog-layout-medium-alternate fusion-blog-infinite\"><div class=\"fusion-posts-container fusion-posts-container-infinite fusion-blog-rollover\" data-pages=\"45\"><article id=\"blog-1-post-34953\" class=\"fusion-post-medium-alternate post-34953 post type-post status-publish format-standard has-post-thumbnail hentry category-2026-fr category-csr-fr\">\n<div class=\"fusion-date-and-formats\"><div class=\"fusion-date-box updated\"><span class=\"fusion-date\">08<\/span><span class=\"fusion-month-year\">Avr, 2026<\/span><\/div><div class=\"fusion-format-box\"><i class=\"awb-icon-pen\" aria-hidden=\"true\"><\/i><\/div><\/div>\t<style type=\"text\/css\">\n\t\t\n\t\t\n\t\t\n\t\t\n\t\t\t<\/style>\n\n\n\t\t\t<div class=\"fusion-flexslider flexslider fusion-flexslider-loading fusion-post-slideshow\" style=\"\">\n\t\t<ul class=\"slides\">\n\t\t\t\n\t\t\t\t\t\t\t\t\t\t\t\t\t\t<li><div  class=\"fusion-image-wrapper fusion-image-size-fixed\" aria-haspopup=\"true\">\n\t\t\t\t<img loading=\"lazy\" decoding=\"async\" width=\"320\" height=\"168\" src=\"https:\/\/imefy.com\/wp-content\/uploads\/2026\/04\/acuerdo-imefy-apat-320x168.png\" class=\"attachment-blog-medium size-blog-medium wp-post-image\" alt=\"Imefy refuerza su compromiso social firmando un acuerdo de colaboraci\u00f3n con APAT Toledo\" srcset=\"https:\/\/imefy.com\/wp-content\/uploads\/2026\/04\/acuerdo-imefy-apat-320x168.png 320w, https:\/\/imefy.com\/wp-content\/uploads\/2026\/04\/acuerdo-imefy-apat-669x351.png 669w, https:\/\/imefy.com\/wp-content\/uploads\/2026\/04\/acuerdo-imefy-apat-700x368.png 700w\" sizes=\"auto, (max-width: 320px) 100vw, 320px\" \/><div class=\"fusion-rollover\">\n\t<div class=\"fusion-rollover-content\">\n\n\t\t\t\t\t\t\t\t\t\t\t\t\t\t<a class=\"fusion-rollover-link\" href=\"https:\/\/imefy.com\/fr\/accord-imefy-apat-tolede-autisme\/\">IMEFY renforce son engagement social gr\u00e2ce \u00e0 un accord de collaboration avec l&#8217;APAT Toledo<\/a>\n\t\t\t\n\t\t\t\t\t\t\t\t\t\t\t\t\t\t\n\t\t\t\t\t\t\t\t\n\t\t\t\t\t\t\t\t\t\t\t\t\t<div class=\"fusion-rollover-sep\"><\/div>\n\t\t\t\t\n\t\t\t\t\t\t\t\t\t\t\t\t\t\t\t\t\t\t<a class=\"fusion-rollover-gallery\" href=\"https:\/\/imefy.com\/wp-content\/uploads\/2026\/04\/acuerdo-imefy-apat.png\" data-options=\"\" data-id=\"34953\" data-rel=\"iLightbox[gallery]\" data-title=\"acuerdo-imefy-apat\" data-caption=\"\">\n\t\t\t\t\t\tGallery\t\t\t\t\t<\/a>\n\t\t\t\t\t\t\t\t\t\t\t\t\t\t\n\t\t\n\t\t\t\t\t\t\t\t\n\t\t\t\t\t\t\t\t\n\t\t\n\t\t\t\t\t\t<a class=\"fusion-link-wrapper\" href=\"https:\/\/imefy.com\/fr\/accord-imefy-apat-tolede-autisme\/\" aria-label=\"IMEFY renforce son engagement social gr\u00e2ce \u00e0 un accord de collaboration avec l&#8217;APAT Toledo\"><\/a>\n\t<\/div>\n<\/div>\n<\/div>\n<\/li>\n\t\t\t\n\t\t\t\n\t\t\t\t\t\t\t\t<\/ul>\n\t<\/div>\n\t<div class=\"fusion-post-content post-content\"><h2 class=\"blog-shortcode-post-title entry-title\"><a href=\"https:\/\/imefy.com\/fr\/accord-imefy-apat-tolede-autisme\/\">IMEFY renforce son engagement social gr\u00e2ce \u00e0 un accord de collaboration avec l&#8217;APAT Toledo<\/a><\/h2><p class=\"fusion-single-line-meta\"><span class=\"vcard\" style=\"display: none;\"><span class=\"fn\"><a href=\"https:\/\/imefy.com\/fr\/author\/mlopez\/\" title=\"Articles par mlopez\" rel=\"author\">mlopez<\/a><\/span><\/span><span class=\"updated\" style=\"display:none;\">2026-04-08T11:17:12+02:00<\/span><span>mercredi, 8 avril, 2026<\/span><span class=\"fusion-inline-sep\">|<\/span><\/p><div class=\"fusion-post-content-container\"><p>L'IMEFY a sign\u00e9 un accord de collaboration avec l'Association des personnes autistes de Tol\u00e8de (APAT) dans le but de promouvoir des actions de [...]<\/p><\/div><\/div><div class=\"fusion-clearfix\"><\/div><\/article>\n<article id=\"blog-1-post-34929\" class=\"fusion-post-medium-alternate post-34929 post type-post status-publish format-standard has-post-thumbnail hentry category-2026-fr category-csr-fr\">\n<div class=\"fusion-date-and-formats\"><div class=\"fusion-date-box updated\"><span class=\"fusion-date\">31<\/span><span class=\"fusion-month-year\">Mar, 2026<\/span><\/div><div class=\"fusion-format-box\"><i class=\"awb-icon-pen\" aria-hidden=\"true\"><\/i><\/div><\/div>\t<style type=\"text\/css\">\n\t\t\n\t\t\n\t\t\n\t\t\n\t\t\t<\/style>\n\n\n\t\t\t<div class=\"fusion-flexslider flexslider fusion-flexslider-loading fusion-post-slideshow\" style=\"\">\n\t\t<ul class=\"slides\">\n\t\t\t\n\t\t\t\t\t\t\t\t\t\t\t\t\t\t<li><div  class=\"fusion-image-wrapper fusion-image-size-fixed\" aria-haspopup=\"true\">\n\t\t\t\t<img loading=\"lazy\" decoding=\"async\" width=\"320\" height=\"168\" src=\"https:\/\/imefy.com\/wp-content\/uploads\/2026\/03\/imefy-zona-5-liga-regular-playoffs-320x168.jpg\" class=\"attachment-blog-medium size-blog-medium wp-post-image\" alt=\"El IMEFY ZONA 5 TOLEDO concluye la Liga Regular consolid\u00e1ndose en Primera Nacional\" srcset=\"https:\/\/imefy.com\/wp-content\/uploads\/2026\/03\/imefy-zona-5-liga-regular-playoffs-150x79.jpg 150w, https:\/\/imefy.com\/wp-content\/uploads\/2026\/03\/imefy-zona-5-liga-regular-playoffs-300x158.jpg 300w, https:\/\/imefy.com\/wp-content\/uploads\/2026\/03\/imefy-zona-5-liga-regular-playoffs-320x168.jpg 320w, https:\/\/imefy.com\/wp-content\/uploads\/2026\/03\/imefy-zona-5-liga-regular-playoffs-400x210.jpg 400w, https:\/\/imefy.com\/wp-content\/uploads\/2026\/03\/imefy-zona-5-liga-regular-playoffs-600x315.jpg 600w, https:\/\/imefy.com\/wp-content\/uploads\/2026\/03\/imefy-zona-5-liga-regular-playoffs-669x351.jpg 669w, https:\/\/imefy.com\/wp-content\/uploads\/2026\/03\/imefy-zona-5-liga-regular-playoffs-700x368.jpg 700w, https:\/\/imefy.com\/wp-content\/uploads\/2026\/03\/imefy-zona-5-liga-regular-playoffs-768x403.jpg 768w, https:\/\/imefy.com\/wp-content\/uploads\/2026\/03\/imefy-zona-5-liga-regular-playoffs-800x420.jpg 800w, https:\/\/imefy.com\/wp-content\/uploads\/2026\/03\/imefy-zona-5-liga-regular-playoffs-1024x538.jpg 1024w, https:\/\/imefy.com\/wp-content\/uploads\/2026\/03\/imefy-zona-5-liga-regular-playoffs.jpg 1200w\" sizes=\"auto, (max-width: 320px) 100vw, 320px\" \/><div class=\"fusion-rollover\">\n\t<div class=\"fusion-rollover-content\">\n\n\t\t\t\t\t\t\t\t\t\t\t\t\t\t<a class=\"fusion-rollover-link\" href=\"https:\/\/imefy.com\/fr\/imefy-zone-5-tolede-premiere-division-nationale-barrages\/\">L&#8217;IMEFY ZONA 5 TOLEDO termine la saison r\u00e9guli\u00e8re en consolidant sa place en Premi\u00e8re Division nationale<\/a>\n\t\t\t\n\t\t\t\t\t\t\t\t\t\t\t\t\t\t\n\t\t\t\t\t\t\t\t\n\t\t\t\t\t\t\t\t\t\t\t\t\t<div class=\"fusion-rollover-sep\"><\/div>\n\t\t\t\t\n\t\t\t\t\t\t\t\t\t\t\t\t\t\t\t\t\t\t<a class=\"fusion-rollover-gallery\" href=\"https:\/\/imefy.com\/wp-content\/uploads\/2026\/03\/imefy-zona-5-liga-regular-playoffs.jpg\" data-options=\"\" data-id=\"34929\" data-rel=\"iLightbox[gallery]\" data-title=\"imefy-zona-5-liga-regular-playoffs\" data-caption=\"\">\n\t\t\t\t\t\tGallery\t\t\t\t\t<\/a>\n\t\t\t\t\t\t\t\t\t\t\t\t\t\t\n\t\t\n\t\t\t\t\t\t\t\t\n\t\t\t\t\t\t\t\t\n\t\t\n\t\t\t\t\t\t<a class=\"fusion-link-wrapper\" href=\"https:\/\/imefy.com\/fr\/imefy-zone-5-tolede-premiere-division-nationale-barrages\/\" aria-label=\"L&#8217;IMEFY ZONA 5 TOLEDO termine la saison r\u00e9guli\u00e8re en consolidant sa place en Premi\u00e8re Division nationale\"><\/a>\n\t<\/div>\n<\/div>\n<\/div>\n<\/li>\n\t\t\t\n\t\t\t\n\t\t\t\t\t\t\t\t<\/ul>\n\t<\/div>\n\t<div class=\"fusion-post-content post-content\"><h2 class=\"blog-shortcode-post-title entry-title\"><a href=\"https:\/\/imefy.com\/fr\/imefy-zone-5-tolede-premiere-division-nationale-barrages\/\">L&#8217;IMEFY ZONA 5 TOLEDO termine la saison r\u00e9guli\u00e8re en consolidant sa place en Premi\u00e8re Division nationale<\/a><\/h2><p class=\"fusion-single-line-meta\"><span class=\"vcard\" style=\"display: none;\"><span class=\"fn\"><a href=\"https:\/\/imefy.com\/fr\/author\/mlopez\/\" title=\"Articles par mlopez\" rel=\"author\">mlopez<\/a><\/span><\/span><span class=\"updated\" style=\"display:none;\">2026-03-31T09:58:20+02:00<\/span><span>mardi, 31 mars, 2026<\/span><span class=\"fusion-inline-sep\">|<\/span><\/p><div class=\"fusion-post-content-container\"><p>Bien que le d\u00e9but de saison ait suscit\u00e9 de nombreuses inqui\u00e9tudes, avec une seule victoire lors de la phase aller, l'\u00e9quipe s'est consid\u00e9rablement [...]<\/p><\/div><\/div><div class=\"fusion-clearfix\"><\/div><\/article>\n<article id=\"blog-1-post-34844\" class=\"fusion-post-medium-alternate post-34844 post type-post status-publish format-standard has-post-thumbnail hentry category-2026-fr\">\n<div class=\"fusion-date-and-formats\"><div class=\"fusion-date-box updated\"><span class=\"fusion-date\">16<\/span><span class=\"fusion-month-year\">Mar, 2026<\/span><\/div><div class=\"fusion-format-box\"><i class=\"awb-icon-pen\" aria-hidden=\"true\"><\/i><\/div><\/div>\t<style type=\"text\/css\">\n\t\t\n\t\t\n\t\t\n\t\t\n\t\t\t<\/style>\n\n\n\t\t\t<div class=\"fusion-flexslider flexslider fusion-flexslider-loading fusion-post-slideshow\" style=\"\">\n\t\t<ul class=\"slides\">\n\t\t\t\n\t\t\t\t\t\t\t\t\t\t\t\t\t\t<li><div  class=\"fusion-image-wrapper fusion-image-size-fixed\" aria-haspopup=\"true\">\n\t\t\t\t<img loading=\"lazy\" decoding=\"async\" width=\"320\" height=\"168\" src=\"https:\/\/imefy.com\/wp-content\/uploads\/2026\/02\/calidad-ambiental-iso-14001-320x168.jpg\" class=\"attachment-blog-medium size-blog-medium wp-post-image\" alt=\"IMEFY China obtiene la certificaci\u00f3n ISO 14001:2015 en su sistema de gesti\u00f3n ambiental\" srcset=\"https:\/\/imefy.com\/wp-content\/uploads\/2026\/02\/calidad-ambiental-iso-14001-150x79.jpg 150w, https:\/\/imefy.com\/wp-content\/uploads\/2026\/02\/calidad-ambiental-iso-14001-300x158.jpg 300w, https:\/\/imefy.com\/wp-content\/uploads\/2026\/02\/calidad-ambiental-iso-14001-320x168.jpg 320w, https:\/\/imefy.com\/wp-content\/uploads\/2026\/02\/calidad-ambiental-iso-14001-400x210.jpg 400w, https:\/\/imefy.com\/wp-content\/uploads\/2026\/02\/calidad-ambiental-iso-14001-600x315.jpg 600w, https:\/\/imefy.com\/wp-content\/uploads\/2026\/02\/calidad-ambiental-iso-14001-669x351.jpg 669w, https:\/\/imefy.com\/wp-content\/uploads\/2026\/02\/calidad-ambiental-iso-14001-700x368.jpg 700w, https:\/\/imefy.com\/wp-content\/uploads\/2026\/02\/calidad-ambiental-iso-14001-768x403.jpg 768w, https:\/\/imefy.com\/wp-content\/uploads\/2026\/02\/calidad-ambiental-iso-14001-800x420.jpg 800w, https:\/\/imefy.com\/wp-content\/uploads\/2026\/02\/calidad-ambiental-iso-14001-1024x538.jpg 1024w, https:\/\/imefy.com\/wp-content\/uploads\/2026\/02\/calidad-ambiental-iso-14001.jpg 1200w\" sizes=\"auto, (max-width: 320px) 100vw, 320px\" \/><div class=\"fusion-rollover\">\n\t<div class=\"fusion-rollover-content\">\n\n\t\t\t\t\t\t\t\t\t\t\t\t\t\t<a class=\"fusion-rollover-link\" href=\"https:\/\/imefy.com\/fr\/imefy-transformers-jiangsu-certification-iso-140012015\/\">IMEFY Transformers Jiangsu obtient la certification ISO 14001:2015 pour son syst\u00e8me de gestion environnementale<\/a>\n\t\t\t\n\t\t\t\t\t\t\t\t\t\t\t\t\t\t\n\t\t\t\t\t\t\t\t\n\t\t\t\t\t\t\t\t\t\t\t\t\t<div class=\"fusion-rollover-sep\"><\/div>\n\t\t\t\t\n\t\t\t\t\t\t\t\t\t\t\t\t\t\t\t\t\t\t<a class=\"fusion-rollover-gallery\" href=\"https:\/\/imefy.com\/wp-content\/uploads\/2026\/02\/calidad-ambiental-iso-14001.jpg\" data-options=\"\" data-id=\"34844\" data-rel=\"iLightbox[gallery]\" data-title=\"calidad-ambiental-iso-14001\" data-caption=\"\">\n\t\t\t\t\t\tGallery\t\t\t\t\t<\/a>\n\t\t\t\t\t\t\t\t\t\t\t\t\t\t\n\t\t\n\t\t\t\t\t\t\t\t\n\t\t\t\t\t\t\t\t\n\t\t\n\t\t\t\t\t\t<a class=\"fusion-link-wrapper\" href=\"https:\/\/imefy.com\/fr\/imefy-transformers-jiangsu-certification-iso-140012015\/\" aria-label=\"IMEFY Transformers Jiangsu obtient la certification ISO 14001:2015 pour son syst\u00e8me de gestion environnementale\"><\/a>\n\t<\/div>\n<\/div>\n<\/div>\n<\/li>\n\t\t\t\n\t\t\t\n\t\t\t\t\t\t\t\t<\/ul>\n\t<\/div>\n\t<div class=\"fusion-post-content post-content\"><h2 class=\"blog-shortcode-post-title entry-title\"><a href=\"https:\/\/imefy.com\/fr\/imefy-transformers-jiangsu-certification-iso-140012015\/\">IMEFY Transformers Jiangsu obtient la certification ISO 14001:2015 pour son syst\u00e8me de gestion environnementale<\/a><\/h2><p class=\"fusion-single-line-meta\"><span class=\"vcard\" style=\"display: none;\"><span class=\"fn\"><a href=\"https:\/\/imefy.com\/fr\/author\/mlopez\/\" title=\"Articles par mlopez\" rel=\"author\">mlopez<\/a><\/span><\/span><span class=\"updated\" style=\"display:none;\">2026-03-09T13:49:59+01:00<\/span><span>lundi, 16 mars, 2026<\/span><span class=\"fusion-inline-sep\">|<\/span><\/p><div class=\"fusion-post-content-container\"><p>IMEFY Transformers (Jiangsu) Co., Ltd. a obtenu la certification ISO 14001:2015, qui atteste de la mise en place correcte d'un syst\u00e8me de gestion [...]<\/p><\/div><\/div><div class=\"fusion-clearfix\"><\/div><\/article>\n<article id=\"blog-1-post-34828\" class=\"fusion-post-medium-alternate post-34828 post type-post status-publish format-standard has-post-thumbnail hentry category-2026-fr\">\n<div class=\"fusion-date-and-formats\"><div class=\"fusion-date-box updated\"><span class=\"fusion-date\">12<\/span><span class=\"fusion-month-year\">Mar, 2026<\/span><\/div><div class=\"fusion-format-box\"><i class=\"awb-icon-pen\" aria-hidden=\"true\"><\/i><\/div><\/div>\t<style type=\"text\/css\">\n\t\t\n\t\t\n\t\t\n\t\t\n\t\t\t<\/style>\n\n\n\t\t\t<div class=\"fusion-flexslider flexslider fusion-flexslider-loading fusion-post-slideshow\" style=\"\">\n\t\t<ul class=\"slides\">\n\t\t\t\n\t\t\t\t\t\t\t\t\t\t\t\t\t\t<li><div  class=\"fusion-image-wrapper fusion-image-size-fixed\" aria-haspopup=\"true\">\n\t\t\t\t<img loading=\"lazy\" decoding=\"async\" width=\"320\" height=\"168\" src=\"https:\/\/imefy.com\/wp-content\/uploads\/2026\/03\/visita-comisionada-competitividad-industrial-pyme-imefy-transformadores-electricos-320x168.jpg\" class=\"attachment-blog-medium size-blog-medium wp-post-image\" alt=\"IMEFY recibe la visita institucional de la Comisionada Especial para la Competitividad Industrial y de la PYME en las instalaciones de Los Y\u00e9benes en Toledo\" srcset=\"https:\/\/imefy.com\/wp-content\/uploads\/2026\/03\/visita-comisionada-competitividad-industrial-pyme-imefy-transformadores-electricos-150x79.jpg 150w, https:\/\/imefy.com\/wp-content\/uploads\/2026\/03\/visita-comisionada-competitividad-industrial-pyme-imefy-transformadores-electricos-300x158.jpg 300w, https:\/\/imefy.com\/wp-content\/uploads\/2026\/03\/visita-comisionada-competitividad-industrial-pyme-imefy-transformadores-electricos-320x168.jpg 320w, https:\/\/imefy.com\/wp-content\/uploads\/2026\/03\/visita-comisionada-competitividad-industrial-pyme-imefy-transformadores-electricos-400x210.jpg 400w, https:\/\/imefy.com\/wp-content\/uploads\/2026\/03\/visita-comisionada-competitividad-industrial-pyme-imefy-transformadores-electricos-600x315.jpg 600w, https:\/\/imefy.com\/wp-content\/uploads\/2026\/03\/visita-comisionada-competitividad-industrial-pyme-imefy-transformadores-electricos-669x351.jpg 669w, https:\/\/imefy.com\/wp-content\/uploads\/2026\/03\/visita-comisionada-competitividad-industrial-pyme-imefy-transformadores-electricos-700x368.jpg 700w, https:\/\/imefy.com\/wp-content\/uploads\/2026\/03\/visita-comisionada-competitividad-industrial-pyme-imefy-transformadores-electricos-768x403.jpg 768w, https:\/\/imefy.com\/wp-content\/uploads\/2026\/03\/visita-comisionada-competitividad-industrial-pyme-imefy-transformadores-electricos-800x420.jpg 800w, https:\/\/imefy.com\/wp-content\/uploads\/2026\/03\/visita-comisionada-competitividad-industrial-pyme-imefy-transformadores-electricos-1024x538.jpg 1024w, https:\/\/imefy.com\/wp-content\/uploads\/2026\/03\/visita-comisionada-competitividad-industrial-pyme-imefy-transformadores-electricos.jpg 1200w\" sizes=\"auto, (max-width: 320px) 100vw, 320px\" \/><div class=\"fusion-rollover\">\n\t<div class=\"fusion-rollover-content\">\n\n\t\t\t\t\t\t\t\t\t\t\t\t\t\t<a class=\"fusion-rollover-link\" href=\"https:\/\/imefy.com\/fr\/visite-institutionnelle-commissaire-speciale-competitivite-industrielle-pmes\/\">L&#8217;IMEFY re\u00e7oit la visite institutionnelle de la commissaire sp\u00e9ciale \u00e0 la comp\u00e9titivit\u00e9 industrielle et des PME<\/a>\n\t\t\t\n\t\t\t\t\t\t\t\t\t\t\t\t\t\t\n\t\t\t\t\t\t\t\t\n\t\t\t\t\t\t\t\t\t\t\t\t\t<div class=\"fusion-rollover-sep\"><\/div>\n\t\t\t\t\n\t\t\t\t\t\t\t\t\t\t\t\t\t\t\t\t\t\t<a class=\"fusion-rollover-gallery\" href=\"https:\/\/imefy.com\/wp-content\/uploads\/2026\/03\/visita-comisionada-competitividad-industrial-pyme-imefy-transformadores-electricos.jpg\" data-options=\"\" data-id=\"34828\" data-rel=\"iLightbox[gallery]\" data-title=\"visita-comisionada-competitividad-industrial-pyme-imefy-transformadores-electricos\" data-caption=\"\">\n\t\t\t\t\t\tGallery\t\t\t\t\t<\/a>\n\t\t\t\t\t\t\t\t\t\t\t\t\t\t\n\t\t\n\t\t\t\t\t\t\t\t\n\t\t\t\t\t\t\t\t\n\t\t\n\t\t\t\t\t\t<a class=\"fusion-link-wrapper\" href=\"https:\/\/imefy.com\/fr\/visite-institutionnelle-commissaire-speciale-competitivite-industrielle-pmes\/\" aria-label=\"L&#8217;IMEFY re\u00e7oit la visite institutionnelle de la commissaire sp\u00e9ciale \u00e0 la comp\u00e9titivit\u00e9 industrielle et des PME\"><\/a>\n\t<\/div>\n<\/div>\n<\/div>\n<\/li>\n\t\t\t\n\t\t\t\n\t\t\t\t\t\t\t\t<\/ul>\n\t<\/div>\n\t<div class=\"fusion-post-content post-content\"><h2 class=\"blog-shortcode-post-title entry-title\"><a href=\"https:\/\/imefy.com\/fr\/visite-institutionnelle-commissaire-speciale-competitivite-industrielle-pmes\/\">L&#8217;IMEFY re\u00e7oit la visite institutionnelle de la commissaire sp\u00e9ciale \u00e0 la comp\u00e9titivit\u00e9 industrielle et des PME<\/a><\/h2><p class=\"fusion-single-line-meta\"><span class=\"vcard\" style=\"display: none;\"><span class=\"fn\"><a href=\"https:\/\/imefy.com\/fr\/author\/mlopez\/\" title=\"Articles par mlopez\" rel=\"author\">mlopez<\/a><\/span><\/span><span class=\"updated\" style=\"display:none;\">2026-03-09T10:49:46+01:00<\/span><span>jeudi, 12 mars, 2026<\/span><span class=\"fusion-inline-sep\">|<\/span><\/p><div class=\"fusion-post-content-container\"><p>IMEFY a re\u00e7u dans ses locaux de Los Y\u00e9benes (Tol\u00e8de) la visite institutionnelle de Nuria Aymerich, commissaire sp\u00e9ciale pour la comp\u00e9titivit\u00e9 industrielle et [...]<\/p><\/div><\/div><div class=\"fusion-clearfix\"><\/div><\/article>\n<\/div><div class=\"fusion-infinite-scroll-trigger\"><\/div><div class=\"pagination infinite-scroll clearfix\" style=\"display:none;\"><span class=\"current\">1<\/span><a href=\"https:\/\/imefy.com\/fr\/wp-json\/wp\/v2\/pages\/20131\/page\/2\/\" class=\"inactive\">2<\/a><a class=\"pagination-next\" rel=\"next\" href=\"https:\/\/imefy.com\/fr\/wp-json\/wp\/v2\/pages\/20131\/page\/2\/\"><span class=\"page-text\">Suivant<\/span><span class=\"page-next\"><\/span><\/a><\/div><div class=\"fusion-clearfix\"><\/div><\/div><\/div><\/div><\/div><\/div>\n","protected":false},"excerpt":{"rendered":"","protected":false},"author":10,"featured_media":0,"parent":0,"menu_order":60,"comment_status":"closed","ping_status":"closed","template":"","meta":{"footnotes":""},"class_list":["post-20131","page","type-page","status-publish","hentry"],"yoast_head":"<!-- This site is optimized with the Yoast SEO Premium plugin v27.0 (Yoast SEO v27.4) - https:\/\/yoast.com\/product\/yoast-seo-premium-wordpress\/ -->\n<title>ACTUALIT\u00c9S - IMEFY<\/title>\n<meta name=\"robots\" content=\"index, follow, max-snippet:-1, max-image-preview:large, max-video-preview:-1\" \/>\n<link rel=\"canonical\" href=\"https:\/\/imefy.com\/fr\/actualites\/\" \/>\n<meta property=\"og:locale\" content=\"fr_FR\" \/>\n<meta property=\"og:type\" content=\"article\" \/>\n<meta property=\"og:title\" content=\"ACTUALIT\u00c9S\" \/>\n<meta property=\"og:url\" content=\"https:\/\/imefy.com\/fr\/actualites\/\" \/>\n<meta property=\"og:site_name\" content=\"IMEFY\" \/>\n<meta property=\"article:publisher\" content=\"https:\/\/www.facebook.com\/pages\/Imefy-Group\/852590684780185\" \/>\n<meta property=\"article:modified_time\" content=\"2022-01-21T10:04:33+00:00\" \/>\n<meta name=\"twitter:card\" content=\"summary_large_image\" \/>\n<meta name=\"twitter:site\" content=\"@imefygroup\" \/>\n<meta name=\"twitter:label1\" content=\"Dur\u00e9e de lecture estim\u00e9e\" \/>\n\t<meta name=\"twitter:data1\" content=\"1 minute\" \/>\n<script type=\"application\/ld+json\" class=\"yoast-schema-graph\">{\"@context\":\"https:\\\/\\\/schema.org\",\"@graph\":[{\"@type\":\"WebPage\",\"@id\":\"https:\\\/\\\/imefy.com\\\/fr\\\/actualites\\\/\",\"url\":\"https:\\\/\\\/imefy.com\\\/fr\\\/actualites\\\/\",\"name\":\"ACTUALIT\u00c9S - IMEFY\",\"isPartOf\":{\"@id\":\"\\\/#website\"},\"datePublished\":\"2018-03-13T08:39:01+00:00\",\"dateModified\":\"2022-01-21T10:04:33+00:00\",\"breadcrumb\":{\"@id\":\"https:\\\/\\\/imefy.com\\\/fr\\\/actualites\\\/#breadcrumb\"},\"inLanguage\":\"fr-FR\",\"potentialAction\":[{\"@type\":\"ReadAction\",\"target\":[\"https:\\\/\\\/imefy.com\\\/fr\\\/actualites\\\/\"]}]},{\"@type\":\"BreadcrumbList\",\"@id\":\"https:\\\/\\\/imefy.com\\\/fr\\\/actualites\\\/#breadcrumb\",\"itemListElement\":[{\"@type\":\"ListItem\",\"position\":1,\"name\":\"Portada\",\"item\":\"https:\\\/\\\/imefy.com\\\/fr\\\/\"},{\"@type\":\"ListItem\",\"position\":2,\"name\":\"ACTUALIT\u00c9S\"}]},{\"@type\":\"WebSite\",\"@id\":\"\\\/#website\",\"url\":\"\\\/\",\"name\":\"IMEFY\",\"description\":\"Fabricaci\u00f3n de transformadores de distribuci\u00f3n y potencia\",\"potentialAction\":[{\"@type\":\"SearchAction\",\"target\":{\"@type\":\"EntryPoint\",\"urlTemplate\":\"\\\/?s={search_term_string}\"},\"query-input\":{\"@type\":\"PropertyValueSpecification\",\"valueRequired\":true,\"valueName\":\"search_term_string\"}}],\"inLanguage\":\"fr-FR\"}]}<\/script>\n<!-- \/ Yoast SEO Premium plugin. -->","yoast_head_json":{"title":"ACTUALIT\u00c9S - IMEFY","robots":{"index":"index","follow":"follow","max-snippet":"max-snippet:-1","max-image-preview":"max-image-preview:large","max-video-preview":"max-video-preview:-1"},"canonical":"https:\/\/imefy.com\/fr\/actualites\/","og_locale":"fr_FR","og_type":"article","og_title":"ACTUALIT\u00c9S","og_url":"https:\/\/imefy.com\/fr\/actualites\/","og_site_name":"IMEFY","article_publisher":"https:\/\/www.facebook.com\/pages\/Imefy-Group\/852590684780185","article_modified_time":"2022-01-21T10:04:33+00:00","twitter_card":"summary_large_image","twitter_site":"@imefygroup","twitter_misc":{"Dur\u00e9e de lecture estim\u00e9e":"1 minute"},"schema":{"@context":"https:\/\/schema.org","@graph":[{"@type":"WebPage","@id":"https:\/\/imefy.com\/fr\/actualites\/","url":"https:\/\/imefy.com\/fr\/actualites\/","name":"ACTUALIT\u00c9S - IMEFY","isPartOf":{"@id":"\/#website"},"datePublished":"2018-03-13T08:39:01+00:00","dateModified":"2022-01-21T10:04:33+00:00","breadcrumb":{"@id":"https:\/\/imefy.com\/fr\/actualites\/#breadcrumb"},"inLanguage":"fr-FR","potentialAction":[{"@type":"ReadAction","target":["https:\/\/imefy.com\/fr\/actualites\/"]}]},{"@type":"BreadcrumbList","@id":"https:\/\/imefy.com\/fr\/actualites\/#breadcrumb","itemListElement":[{"@type":"ListItem","position":1,"name":"Portada","item":"https:\/\/imefy.com\/fr\/"},{"@type":"ListItem","position":2,"name":"ACTUALIT\u00c9S"}]},{"@type":"WebSite","@id":"\/#website","url":"\/","name":"IMEFY","description":"Fabricaci\u00f3n de transformadores de distribuci\u00f3n y potencia","potentialAction":[{"@type":"SearchAction","target":{"@type":"EntryPoint","urlTemplate":"\/?s={search_term_string}"},"query-input":{"@type":"PropertyValueSpecification","valueRequired":true,"valueName":"search_term_string"}}],"inLanguage":"fr-FR"}]}},"_links":{"self":[{"href":"https:\/\/imefy.com\/fr\/wp-json\/wp\/v2\/pages\/20131","targetHints":{"allow":["GET"]}}],"collection":[{"href":"https:\/\/imefy.com\/fr\/wp-json\/wp\/v2\/pages"}],"about":[{"href":"https:\/\/imefy.com\/fr\/wp-json\/wp\/v2\/types\/page"}],"author":[{"embeddable":true,"href":"https:\/\/imefy.com\/fr\/wp-json\/wp\/v2\/users\/10"}],"replies":[{"embeddable":true,"href":"https:\/\/imefy.com\/fr\/wp-json\/wp\/v2\/comments?post=20131"}],"version-history":[{"count":0,"href":"https:\/\/imefy.com\/fr\/wp-json\/wp\/v2\/pages\/20131\/revisions"}],"wp:attachment":[{"href":"https:\/\/imefy.com\/fr\/wp-json\/wp\/v2\/media?parent=20131"}],"curies":[{"name":"wp","href":"https:\/\/api.w.org\/{rel}","templated":true}]}}