{"id":20706,"date":"2019-10-10T10:43:00","date_gmt":"2019-10-10T08:43:00","guid":{"rendered":"https:\/\/imefy.com\/aviso-legal\/"},"modified":"2021-05-14T14:19:01","modified_gmt":"2021-05-14T12:19:01","slug":"mention-legale","status":"publish","type":"page","link":"https:\/\/imefy.com\/fr\/mention-legale\/","title":{"rendered":"Mention L\u00e9gale"},"content":{"rendered":"<div class=\"fusion-fullwidth fullwidth-box fusion-builder-row-1 fusion-flex-container nonhundred-percent-fullwidth non-hundred-percent-height-scrolling\" style=\"--awb-background-position:left top;--awb-border-sizes-top:0px;--awb-border-sizes-bottom:0px;--awb-border-sizes-left:0px;--awb-border-sizes-right:0px;--awb-border-radius-top-left:0px;--awb-border-radius-top-right:0px;--awb-border-radius-bottom-right:0px;--awb-border-radius-bottom-left:0px;--awb-padding-top:60px;--awb-padding-bottom:100px;--awb-flex-wrap:wrap;\" ><div class=\"fusion-builder-row fusion-row fusion-flex-align-items-stretch fusion-flex-content-wrap\" style=\"max-width:calc( 1170px + 0px );margin-left: calc(-0px \/ 2 );margin-right: calc(-0px \/ 2 );\"><div class=\"fusion-layout-column fusion_builder_column fusion-builder-column-0 fusion_builder_column_1_1 1_1 fusion-flex-column\" style=\"--awb-padding-top:40px;--awb-padding-right:40px;--awb-padding-bottom:40px;--awb-padding-left:40px;--awb-bg-color:#ffffff;--awb-bg-color-hover:#ffffff;--awb-bg-size:cover;--awb-border-color:#dddddd;--awb-border-top:1px;--awb-border-right:1px;--awb-border-bottom:1px;--awb-border-left:1px;--awb-border-style:solid;--awb-width-large:100%;--awb-margin-top-large:0px;--awb-spacing-right-large:0px;--awb-margin-bottom-large:30px;--awb-spacing-left-large:0px;--awb-width-medium:100%;--awb-spacing-right-medium:0px;--awb-spacing-left-medium:0px;--awb-width-small:100%;--awb-spacing-right-small:0px;--awb-spacing-left-small:0px;\"><div class=\"fusion-column-wrapper fusion-flex-justify-content-flex-start fusion-content-layout-column\"><div class=\"fusion-text fusion-text-1\"><p>Le titulaire de ce site Web est INDUSTRIAS MECANOEL\u00c9CTRICAS FONTECHA Y\u00c9BENES, S.L., CIF B-45006616, sise Avda. Siglo XXI, S\/N, 45470 \u2013 Los Y\u00e9benes (Tol\u00e8de), adresse de courrier \u00e9lectronique <a href=\"mailto:imefy@imefy.com\">imefy@imefy.com<\/a>, t\u00e9l\u00e9phone +34 925 32 03 00 et fax +34 925 32 10 00. L&#8217;entit\u00e9 est inscrite aupr\u00e8s du Registre du commerce et des soci\u00e9t\u00e9s de Tol\u00e8de, Tome 33, G\u00e9n\u00e9ral 5, Section 2, Folio 1, Feuille 119, Inscription 1.<\/p>\n<p>L&#8217;utilisation de ce site Web attribue la condition d&#8217;utilisateur \u00e0 quiconque l&#8217;utilise et implique l&#8217;acceptation de toutes les conditions figurant dans le pr\u00e9sent avis juridique. L&#8217;utilisateur devra lire lesdites conditions chaque fois qu&#8217;il acc\u00e8de \u00e0 ce site Web car elles peuvent \u00eatre modifi\u00e9es sans pr\u00e9avis. Certains aspects de ce site Web, en raison de leur sp\u00e9cialit\u00e9, peuvent \u00eatre assujettis \u00e0 des conditions ou r\u00e8gles particuli\u00e8res qui peuvent remplacer, compl\u00e9ter ou modifier cet avis juridique. Pour cette raison, ils devront \u00e9galement \u00eatre accept\u00e9s par l&#8217;utilisateur les utilisant ou y acc\u00e9dant.<\/p>\n<p>Tous les contenus de ce site Web (textes, photographies, graphiques, images, technologie, logiciels, liens, contenus audiovisuels ou sonores, conception graphique, code source, etc.), ainsi que les marques et autres signes distinctifs appartiennent au titulaire du site Web ou \u00e0 des tiers et l&#8217;utilisation du site Web n&#8217;accorde aucun droit \u00e0 l&#8217;utilisateur \u00e0 l&#8217;\u00e9gard de ces contenus.<\/p>\n<p>Il est interdit d&#8217;utiliser ce site Web avec l&#8217;intention de porter atteinte \u00e0 des biens, droits ou int\u00e9r\u00eats du titulaire du site Web ou de tiers. Il est \u00e9galement interdit d&#8217;en faire tout autre usage qui pourrait alt\u00e9rer, endommager ou rendre inutilisables les r\u00e9seaux, serveurs, \u00e9quipements, produits et programmes-informatiques du titulaire du site Web ou de tiers.<\/p>\n<p>L&#8217;utilisateur devra s&#8217;abstenir de\u00a0: a) reproduire, copier, distribuer, mettre \u00e0 disposition de tiers, divulguer publiquement, transformer ou modifier les contenus de ce site Web, exception faite des cas consid\u00e9r\u00e9s par la loi ou explicitement autoris\u00e9s par le titulaire du site Web ou les titulaires des droits\u00a0; b) reproduire ou copier le logiciel ou les bases de donn\u00e9es existantes dans ce site Web pour en faire un usage priv\u00e9, les divulguer publiquement ou les mettre \u00e0 disposition de tiers si cela implique leur reproduction\u00a0; c) extraire ou r\u00e9utiliser la totalit\u00e9 ou une partie substantielle des contenus faisant partie de ce site Web.<\/p>\n<p>L&#8217;utilisateur est responsable de la v\u00e9racit\u00e9 des informations fournies par l&#8217;interm\u00e9diaire de ce site Web. \u00c0 ces fins, l&#8217;utilisateur r\u00e9pond de la v\u00e9racit\u00e9 de toutes les donn\u00e9es fournies et il devra se charger d&#8217;actualiser r\u00e9guli\u00e8rement les informations fournies afin qu&#8217;elles refl\u00e8tent sa situation r\u00e9elle. L&#8217;utilisateur est responsable de la fausset\u00e9 des informations ou des inexactitudes fournies et des pr\u00e9judices que cela pourrait causer au titulaire du site Web ou \u00e0 des tiers.<\/p>\n<p>Tout utilisateur souhaitant introduire des liens vers ce site Web \u00e0 partir de ses propres sites Web sera tenu de respecter les conditions suivantes : a) le lien ne pourra \u00eatre li\u00e9 qu&#8217;\u00e0 la page d&#8217;accueil et ne pourra pas la reproduire de quelque forme que ce soit ; b) il ne pourra pas \u00e9tablir de cadres de quelque sorte que ce soit entourant le site Web ou permettant de le visualiser par le biais d\u2019adresses diff\u00e9rentes ou bien conjointement avec des contenus n\u2019appartenant pas \u00e0 ce site Web, de sorte \u00e0 confondre ou \u00e0 induire en erreur les utilisateurs au sujet de l\u2019origine du service ou du contenu, \u00e0 impliquer une comparaison ou imitation d\u00e9loyales, \u00e0 \u00eatre utilis\u00e9 pour tirer profit de la r\u00e9putation, la marque et le prestige du titulaire de ce site Web, ou d\u2019une toute autre mani\u00e8re qui soit d\u00e9fendue par la Loi ; c) depuis la page d\u2019origine du lien, aucune d\u00e9claration fausse ou inexacte sur le titulaire de ce site Web, sur la qualit\u00e9 de ses services ou sur ses employ\u00e9s ou clients ne pourra \u00eatre formul\u00e9e ; d) l\u2019exp\u00e9diteur ne pourra pas utiliser le nom, la marque ni tout autre signe distinctif du titulaire de ce site Web dans son site, sauf pour ce qui est des cas autoris\u00e9s par la loi ou permis explicitement par le titulaire ; e) le site \u00e9tablissant le lien devra observer la l\u00e9galit\u00e9 en vigueur et ne pourra pas \u00e9tablir de liens vers des contenus ill\u00e9gaux, nocifs, contraires \u00e0 la morale et aux bonnes coutumes qui pourraient donner la fausse impression que le titulaire de ce site Web soutient ou appuie les id\u00e9es, d\u00e9clarations ou fa\u00e7ons d\u2019agir de l\u2019exp\u00e9diteur ou qui pourraient s\u2019av\u00e9rer inad\u00e9quats \u00e0 l\u2019\u00e9gard de l\u2019activit\u00e9 men\u00e9e par le titulaire de ce site Web, compte tenu des contenus et des sujets g\u00e9n\u00e9raux du site Web o\u00f9 le lien est \u00e9tabli.<\/p>\n<p>Le titulaire de ce site Web n&#8217;est pas tenu de contr\u00f4ler qu&#8217;il soit exempt de programmes malicieux ou autres \u00e9l\u00e9ments informatiques malveillants. Dans tous les cas, il appartient \u00e0 l&#8217;utilisateur de disposer d\u2019outils ad\u00e9quats pour la d\u00e9tection et la d\u00e9sinfection de ces \u00e9l\u00e9ments. En cons\u00e9quence, le titulaire de ce site Web ne se responsabilise pas des dommages occasionn\u00e9s aux \u00e9quipements informatiques pendant l&#8217;acc\u00e8s au site. De m\u00eame, le titulaire de ce site Web ne sera pas responsable des dommages occasionn\u00e9s aux utilisateurs lorsque lesdits dommages sont dus \u00e0 des d\u00e9faillances ou d\u00e9connexions des r\u00e9seaux de t\u00e9l\u00e9communications qui interrompent le service du site Web.<\/p>\n<p>Ce site Web comprend des dispositifs techniques de liaison qui permettent \u00e0 l&#8217;utilisateur d&#8217;acc\u00e9der \u00e0 d&#8217;autres sites Web (liens). Dans ces cas-l\u00e0, le titulaire de ce site Web ne sera responsable des contenus et services fournis \u00e0 travers les liens que s&#8217;il est au courant de leur ill\u00e9galit\u00e9 et s&#8217;il ne les a pas d\u00e9sactiv\u00e9s diligemment. Si un utilisateur consid\u00e8re qu&#8217;un lien contient des contenus ill\u00e9gaux ou inappropri\u00e9s, il pourra le signaler, sans que cela n&#8217;implique qu&#8217;il soit oblig\u00e9 \u00e0 retirer le lien correspondant. Le titulaire du site Web ne conna\u00eet pas les contenus ni les services des liens et de ce fait, il ne se porte pas responsable des dommages d\u00e9coulant du manque de qualit\u00e9, de l&#8217;obsolescence, de l&#8217;indisponibilit\u00e9, des erreurs, de l&#8217;inutilit\u00e9 ou de l&#8217;ill\u00e9galit\u00e9 des liens et ne r\u00e9pond pas des d\u00e9clarations formul\u00e9es ni des contenus ou services fournis par le biais desdits liens. Si un utilisateur d\u00e9couvre que les liens le redirigent vers des sites dont les contenus ou services sont ill\u00e9gaux, nocifs, d\u00e9nigrants, violents ou immoraux, il devra contacter le titulaire du site Web.<\/p>\n<p>Le pr\u00e9sent avis juridique est int\u00e9gralement r\u00e9gi par le droit espagnol. L&#8217;utilisateur s&#8217;engage \u00e0 faire un usage correct de ce site Web, en conformit\u00e9 avec la Loi, le pr\u00e9sent avis juridique et toutes autres conditions, r\u00e9glementations et instructions qui pourraient \u00eatre en vigueur. L&#8217;utilisateur r\u00e9pondra par-devant le titulaire de ce site Web et par-devant les tierces parties de tout dommage ou pr\u00e9judice caus\u00e9s en cas de non-respect des pr\u00e9sentes obligations.<\/p>\n<\/div><\/div><\/div><\/div><\/div>\n","protected":false},"excerpt":{"rendered":"","protected":false},"author":10,"featured_media":0,"parent":0,"menu_order":80,"comment_status":"closed","ping_status":"closed","template":"100-width.php","meta":{"footnotes":""},"class_list":["post-20706","page","type-page","status-publish","hentry"],"yoast_head":"<!-- This site is optimized with the Yoast SEO Premium plugin v27.4 (Yoast SEO v27.4) - https:\/\/yoast.com\/product\/yoast-seo-premium-wordpress\/ -->\n<title>Mention L\u00e9gale - IMEFY<\/title>\n<meta name=\"robots\" content=\"index, follow, max-snippet:-1, max-image-preview:large, max-video-preview:-1\" \/>\n<link rel=\"canonical\" href=\"https:\/\/imefy.com\/fr\/mention-legale\/\" \/>\n<meta property=\"og:locale\" content=\"fr_FR\" \/>\n<meta property=\"og:type\" content=\"article\" \/>\n<meta property=\"og:title\" content=\"Mention L\u00e9gale\" \/>\n<meta property=\"og:url\" content=\"https:\/\/imefy.com\/fr\/mention-legale\/\" \/>\n<meta property=\"og:site_name\" content=\"IMEFY\" \/>\n<meta property=\"article:publisher\" content=\"https:\/\/www.facebook.com\/pages\/Imefy-Group\/852590684780185\" \/>\n<meta property=\"article:modified_time\" content=\"2021-05-14T12:19:01+00:00\" \/>\n<meta name=\"twitter:card\" content=\"summary_large_image\" \/>\n<meta name=\"twitter:site\" content=\"@imefygroup\" \/>\n<meta name=\"twitter:label1\" content=\"Dur\u00e9e de lecture estim\u00e9e\" \/>\n\t<meta name=\"twitter:data1\" content=\"7 minutes\" \/>\n<script type=\"application\/ld+json\" class=\"yoast-schema-graph\">{\"@context\":\"https:\\\/\\\/schema.org\",\"@graph\":[{\"@type\":\"WebPage\",\"@id\":\"https:\\\/\\\/imefy.com\\\/fr\\\/mention-legale\\\/\",\"url\":\"https:\\\/\\\/imefy.com\\\/fr\\\/mention-legale\\\/\",\"name\":\"Mention L\u00e9gale - IMEFY\",\"isPartOf\":{\"@id\":\"\\\/#website\"},\"datePublished\":\"2019-10-10T08:43:00+00:00\",\"dateModified\":\"2021-05-14T12:19:01+00:00\",\"breadcrumb\":{\"@id\":\"https:\\\/\\\/imefy.com\\\/fr\\\/mention-legale\\\/#breadcrumb\"},\"inLanguage\":\"fr-FR\",\"potentialAction\":[{\"@type\":\"ReadAction\",\"target\":[\"https:\\\/\\\/imefy.com\\\/fr\\\/mention-legale\\\/\"]}]},{\"@type\":\"BreadcrumbList\",\"@id\":\"https:\\\/\\\/imefy.com\\\/fr\\\/mention-legale\\\/#breadcrumb\",\"itemListElement\":[{\"@type\":\"ListItem\",\"position\":1,\"name\":\"Portada\",\"item\":\"https:\\\/\\\/imefy.com\\\/fr\\\/\"},{\"@type\":\"ListItem\",\"position\":2,\"name\":\"Mention L\u00e9gale\"}]},{\"@type\":\"WebSite\",\"@id\":\"\\\/#website\",\"url\":\"\\\/\",\"name\":\"IMEFY\",\"description\":\"Fabricaci\u00f3n de transformadores de distribuci\u00f3n y potencia\",\"potentialAction\":[{\"@type\":\"SearchAction\",\"target\":{\"@type\":\"EntryPoint\",\"urlTemplate\":\"\\\/?s={search_term_string}\"},\"query-input\":{\"@type\":\"PropertyValueSpecification\",\"valueRequired\":true,\"valueName\":\"search_term_string\"}}],\"inLanguage\":\"fr-FR\"}]}<\/script>\n<!-- \/ Yoast SEO Premium plugin. -->","yoast_head_json":{"title":"Mention L\u00e9gale - IMEFY","robots":{"index":"index","follow":"follow","max-snippet":"max-snippet:-1","max-image-preview":"max-image-preview:large","max-video-preview":"max-video-preview:-1"},"canonical":"https:\/\/imefy.com\/fr\/mention-legale\/","og_locale":"fr_FR","og_type":"article","og_title":"Mention L\u00e9gale","og_url":"https:\/\/imefy.com\/fr\/mention-legale\/","og_site_name":"IMEFY","article_publisher":"https:\/\/www.facebook.com\/pages\/Imefy-Group\/852590684780185","article_modified_time":"2021-05-14T12:19:01+00:00","twitter_card":"summary_large_image","twitter_site":"@imefygroup","twitter_misc":{"Dur\u00e9e de lecture estim\u00e9e":"7 minutes"},"schema":{"@context":"https:\/\/schema.org","@graph":[{"@type":"WebPage","@id":"https:\/\/imefy.com\/fr\/mention-legale\/","url":"https:\/\/imefy.com\/fr\/mention-legale\/","name":"Mention L\u00e9gale - IMEFY","isPartOf":{"@id":"\/#website"},"datePublished":"2019-10-10T08:43:00+00:00","dateModified":"2021-05-14T12:19:01+00:00","breadcrumb":{"@id":"https:\/\/imefy.com\/fr\/mention-legale\/#breadcrumb"},"inLanguage":"fr-FR","potentialAction":[{"@type":"ReadAction","target":["https:\/\/imefy.com\/fr\/mention-legale\/"]}]},{"@type":"BreadcrumbList","@id":"https:\/\/imefy.com\/fr\/mention-legale\/#breadcrumb","itemListElement":[{"@type":"ListItem","position":1,"name":"Portada","item":"https:\/\/imefy.com\/fr\/"},{"@type":"ListItem","position":2,"name":"Mention L\u00e9gale"}]},{"@type":"WebSite","@id":"\/#website","url":"\/","name":"IMEFY","description":"Fabricaci\u00f3n de transformadores de distribuci\u00f3n y potencia","potentialAction":[{"@type":"SearchAction","target":{"@type":"EntryPoint","urlTemplate":"\/?s={search_term_string}"},"query-input":{"@type":"PropertyValueSpecification","valueRequired":true,"valueName":"search_term_string"}}],"inLanguage":"fr-FR"}]}},"_links":{"self":[{"href":"https:\/\/imefy.com\/fr\/wp-json\/wp\/v2\/pages\/20706","targetHints":{"allow":["GET"]}}],"collection":[{"href":"https:\/\/imefy.com\/fr\/wp-json\/wp\/v2\/pages"}],"about":[{"href":"https:\/\/imefy.com\/fr\/wp-json\/wp\/v2\/types\/page"}],"author":[{"embeddable":true,"href":"https:\/\/imefy.com\/fr\/wp-json\/wp\/v2\/users\/10"}],"replies":[{"embeddable":true,"href":"https:\/\/imefy.com\/fr\/wp-json\/wp\/v2\/comments?post=20706"}],"version-history":[{"count":0,"href":"https:\/\/imefy.com\/fr\/wp-json\/wp\/v2\/pages\/20706\/revisions"}],"wp:attachment":[{"href":"https:\/\/imefy.com\/fr\/wp-json\/wp\/v2\/media?parent=20706"}],"curies":[{"name":"wp","href":"https:\/\/api.w.org\/{rel}","templated":true}]}}