{"id":24218,"date":"2023-01-17T08:54:12","date_gmt":"2023-01-17T07:54:12","guid":{"rendered":"https:\/\/imefy.com\/?page_id=24218"},"modified":"2026-01-27T11:07:13","modified_gmt":"2026-01-27T10:07:13","slug":"communication-sur-la-performance-environnementale","status":"publish","type":"page","link":"https:\/\/imefy.com\/fr\/communication-sur-la-performance-environnementale\/","title":{"rendered":"Communication sur la performance environnementale"},"content":{"rendered":"<div class=\"fusion-fullwidth fullwidth-box fusion-builder-row-1 fusion-flex-container nonhundred-percent-fullwidth non-hundred-percent-height-scrolling\" style=\"--awb-background-position:left top;--awb-border-sizes-top:0px;--awb-border-sizes-bottom:0px;--awb-border-sizes-left:0px;--awb-border-sizes-right:0px;--awb-border-radius-top-left:0px;--awb-border-radius-top-right:0px;--awb-border-radius-bottom-right:0px;--awb-border-radius-bottom-left:0px;--awb-padding-top:60px;--awb-padding-bottom:100px;--awb-flex-wrap:wrap;\" ><div class=\"fusion-builder-row fusion-row fusion-flex-align-items-stretch fusion-flex-content-wrap\" style=\"max-width:1216.8px;margin-left: calc(-4% \/ 2 );margin-right: calc(-4% \/ 2 );\"><div class=\"fusion-layout-column fusion_builder_column fusion-builder-column-0 fusion_builder_column_1_1 1_1 fusion-flex-column\" style=\"--awb-padding-top:40px;--awb-padding-right:40px;--awb-padding-bottom:40px;--awb-padding-left:40px;--awb-bg-color:#ffffff;--awb-bg-color-hover:#ffffff;--awb-bg-size:cover;--awb-border-color:#dddddd;--awb-border-top:1px;--awb-border-right:1px;--awb-border-bottom:1px;--awb-border-left:1px;--awb-border-style:solid;--awb-width-large:100%;--awb-margin-top-large:0px;--awb-spacing-right-large:1.92%;--awb-margin-bottom-large:30px;--awb-spacing-left-large:1.92%;--awb-width-medium:100%;--awb-spacing-right-medium:1.92%;--awb-spacing-left-medium:1.92%;--awb-width-small:100%;--awb-spacing-right-small:1.92%;--awb-spacing-left-small:1.92%;\"><div class=\"fusion-column-wrapper fusion-column-has-shadow fusion-flex-justify-content-flex-start fusion-content-layout-column\"><div class=\"fusion-text fusion-text-1\"><p style=\"text-align: right;\">Date: 27\/01\/2026<\/p>\n<\/div><div class=\"fusion-title title fusion-title-1 fusion-sep-none fusion-title-text fusion-title-size-two\" style=\"--awb-text-color:#1e3e92;--awb-margin-top-small:0px;--awb-margin-right-small:0px;--awb-margin-bottom-small:20px;--awb-margin-left-small:0px;\"><h2 class=\"fusion-title-heading title-heading-left fusion-responsive-typography-calculated\" style=\"margin:0;--fontSize:24;line-height:1.2;\">COMMUNICATION SUR LES PERFORMANCES ENVIRONNEMENTALES 2025<\/h2><\/div><div class=\"fusion-separator fusion-full-width-sep\" style=\"align-self: center;margin-left: auto;margin-right: auto;margin-top:30px;width:100%;\"><\/div><div class=\"fusion-text fusion-text-2\"><p>IMEFY \u00e9value la performance environnementale en tenant compte de :<\/p>\n<ul>\n<li>\u00c9valuation l\u00e9gale, au cours de laquelle est v\u00e9rifi\u00e9e la conformit\u00e9 \u00e0 l\u2019ensemble des exigences l\u00e9gales applicables \u00e0 notre Organisation.<\/li>\n<li>Analyse du contexte, examinant et \u00e9valuant la situation actuelle ainsi que les tendances futures, tant dans le d\u00e9veloppement interne de l\u2019Organisation que dans l\u2019analyse des tendances l\u00e9gislatives, en cherchant \u00e0 anticiper la conformit\u00e9 aux futures exigences l\u00e9gales.<\/li>\n<li>Plan Strat\u00e9gique \u00e9tabli par la Direction, dans lequel sont d\u00e9termin\u00e9s les Risques et Opportunit\u00e9s, en fixant des objectifs de d\u00e9veloppement afin de faire face et de minimiser les risques et de tirer parti des opportunit\u00e9s d\u2019am\u00e9lioration.<\/li>\n<li>Plan de Contr\u00f4le Op\u00e9rationnel des exigences l\u00e9gales, faisant l\u2019objet d\u2019un suivi p\u00e9riodique et de l\u2019\u00e9valuation des donn\u00e9es r\u00e9sultantes.<\/li>\n<li>\u00c9tude et traitement de l\u2019ensemble des indicateurs de caract\u00e8re environnemental obtenus au cours de l\u2019ann\u00e9e 2025.<\/li>\n<\/ul>\n<p>R\u00e9sultat de cette m\u00e9thodologie d\u2019action, IMEFY dispose de Syst\u00e8mes de Management Environnemental v\u00e9rifi\u00e9s et certifi\u00e9s conform\u00e9ment \u00e0 la norme UNE-EN-ISO 14001, ainsi que du Calcul de son Empreinte Carbone conform\u00e9ment \u00e0 la norme UNE-EN-ISO 14064-1.<br \/>\nCompte tenu de tout ce qui pr\u00e9c\u00e8de, IMEFY d\u00e9taille et \u00e9value sa performance environnementale au cours de l\u2019ann\u00e9e 2025 comme suit :<\/p>\n<ul>\n<li>CONFORMIT\u00c9 L\u00c9GALE :<br \/>\nAucune sanction ni aucun avertissement n\u2019ont \u00e9t\u00e9 re\u00e7us en mati\u00e8re environnementale.<\/li>\n<li>GESTION DES D\u00c9CHETS DANGEREUX ET NON DANGEREUX\n<ul>\n<li>Donn\u00e9es obtenues :<br \/>\nTotal des D\u00e9chets Dangereux g\u00e9n\u00e9r\u00e9s en 2025 : 87 tonnes.<br \/>\nLa g\u00e9n\u00e9ration de d\u00e9chets dangereux en 2025 a diminu\u00e9 de 5 % par rapport aux donn\u00e9es obtenues en 2024.<br \/>\nTotal des D\u00e9chets Non Dangereux g\u00e9n\u00e9r\u00e9s en 2025 : 683 tonnes.<br \/>\nLa g\u00e9n\u00e9ration de d\u00e9chets non dangereux en 2025 a diminu\u00e9 de 6 % par rapport aux donn\u00e9es obtenues en 2024.<\/li>\n<li>Actions environnementales r\u00e9alis\u00e9es :\n<ul>\n<li>Obtention en 2025 de la Certification \u00ab Z\u00c9RO D\u00c9CHET \u00bb, qui confirme la revalorisation de nos d\u00e9chets \u00e0 hauteur de 98 %.<\/li>\n<\/ul>\n<\/li>\n<\/ul>\n<\/li>\n<li>EMPREINTE CARBONE\n<ul>\n<li>Donn\u00e9es obtenues :<br \/>\nLes \u00e9missions v\u00e9rifi\u00e9es et certifi\u00e9es en 2025, correspondant \u00e0 l\u2019ann\u00e9e 2024, sont les suivantes :<\/p>\n<table style=\"height: 200px;\" width=\"500px\" align=\"center\">\n<tbody>\n<tr>\n<td>PORT\u00c9E 1 :<\/td>\n<td>1468.04 T CO<sub>2eq<\/sub><\/td>\n<\/tr>\n<tr>\n<td>PORT\u00c9E 2 :<\/td>\n<td>0 T CO<sub>2eq<\/sub><\/td>\n<\/tr>\n<tr>\n<td>PORT\u00c9E 3 :<\/td>\n<td>171.14 T CO<sub>2eq<\/sub><\/td>\n<\/tr>\n<tr>\n<td><strong>TOTAL EMPREINTE CARBONE :<\/strong><\/td>\n<td><strong>1639.19 T CO<sub>2eq<\/sub><\/strong><\/td>\n<\/tr>\n<\/tbody>\n<\/table>\n<p>Les donn\u00e9es obtenues montrent une diminution de nos \u00e9missions de 4,21 % par rapport \u00e0 l\u2019ann\u00e9e de r\u00e9f\u00e9rence.<\/li>\n<li>Actions environnementales r\u00e9alis\u00e9es :\n<ul>\n<li>Enregistrement de notre Empreinte Carbone aupr\u00e8s du MITECO, ce qui nous permettra, au regard des r\u00e9sultats obtenus, d\u2019obtenir une nouvelle fois le label REDUCTION.<\/li>\n<li>IMEFY, dans son engagement en faveur de l\u2019environnement, de la d\u00e9carbonation et des Objectifs de D\u00e9veloppement Durable (ODD), a \u00e9tabli un accord de collaboration avec la Fondation Repsol afin de soutenir le projet Motor Verde et de contribuer \u00e0 la reforestation de la for\u00eat de Maceira (Galice). Au cours de la premi\u00e8re ann\u00e9e de collaboration, la contribution d\u2019IMEFY permettra d\u2019att\u00e9nuer environ 200 tonnes de CO\u2082 \u00e9quivalent, avec pour objectif d\u2019augmenter cette contribution au cours des ann\u00e9es suivantes.<\/li>\n<\/ul>\n<\/li>\n<\/ul>\n<\/li>\n<li>CONTR\u00d4LE DES CONSOMMATIONS DE RESSOURCES NATURELLES ET DES CONSOMMATIONS \u00c9NERG\u00c9TIQUES :\n<ul>\n<li>Donn\u00e9es obtenues :<br \/>\nConsommation totale d\u2019eau : 2.397 m<span class=\"s1\">3<br \/>\n<\/span>Consommation totale d\u2019\u00e9lectricit\u00e9 : 2.929.996 kW\/h, impliquant une r\u00e9duction de la consommation de 1 %.<br \/>\nConsommation totale de gaz naturel : 340.659 m<span class=\"s1\">3<\/span>, avec une augmentation de la consommation d\u2019environ 27 % par rapport \u00e0 l\u2019ann\u00e9e pr\u00e9c\u00e9dente.<\/li>\n<li>Actions environnementales r\u00e9alis\u00e9es :\n<ul>\n<li>Achat d\u2019\u00e9lectricit\u00e9 100 % renouvelable avec origine garantie et certifi\u00e9e par la CNMC.<\/li>\n<li>D\u00e9but du d\u00e9veloppement d\u2019un syst\u00e8me d\u2019Efficacit\u00e9 \u00c9nerg\u00e9tique en vue de l\u2019obtention de la Certification ISO 50001.<\/li>\n<li>Remplacement du syst\u00e8me de chauffage par un syst\u00e8me plus efficace, avec la r\u00e9duction correspondante de la consommation et des \u00e9missions.<\/li>\n<\/ul>\n<\/li>\n<\/ul>\n<\/li>\n<li>AUTRES ACTIONS R\u00c9ALIS\u00c9ES :\n<ul>\n<li>Maintien de l\u2019adh\u00e9sion au SCRAP pour la gestion des EMBALLAGES.<\/li>\n<li>Maintien en vigueur de l\u2019Analyse du Cycle de Vie (ACV) et de la D\u00e9claration Environnementale de Produit (DEP).<\/li>\n<li>Adh\u00e9sion au Pacte Mondial des Nations Unies.<\/li>\n<li>Reporting en mati\u00e8re de Durabilit\u00e9 sur des plateformes telles que ECOVADIS, ACHILLES, BENCHMARK GENSUITE, etc.<\/li>\n<li>\u00c9laboration d\u2019un syst\u00e8me de Gestion des Risques dans la Cha\u00eene de Valeur (Achats Durables).<\/li>\n<li>Formations pour l\u2019\u00e9laboration du Rapport de Durabilit\u00e9 conform\u00e9ment \u00e0 la CSRD, en anticipant les futures exigences l\u00e9gales.<\/li>\n<\/ul>\n<p>Avec l\u2019ensemble de ces actions, IMEFY \u00e9tend ses responsabilit\u00e9s au-del\u00e0 des exigences r\u00e9glementaires, en alignant ses engagements sur les Objectifs de D\u00e9veloppement Durable (ODD). Plus pr\u00e9cis\u00e9ment, IMEFY contribue activement aux objectifs suivants :<\/p>\n<p><img loading=\"lazy\" decoding=\"async\" class=\"wp-image-33387 size-full aligncenter\" src=\"https:\/\/imefy.com\/wp-content\/uploads\/2026\/01\/Imefy-Objetivos-ambientales-2025.jpg\" alt=\"\" width=\"600\" height=\"403\" srcset=\"https:\/\/imefy.com\/wp-content\/uploads\/2026\/01\/Imefy-Objetivos-ambientales-2025-150x101.jpg 150w, https:\/\/imefy.com\/wp-content\/uploads\/2026\/01\/Imefy-Objetivos-ambientales-2025-300x202.jpg 300w, https:\/\/imefy.com\/wp-content\/uploads\/2026\/01\/Imefy-Objetivos-ambientales-2025-400x269.jpg 400w, https:\/\/imefy.com\/wp-content\/uploads\/2026\/01\/Imefy-Objetivos-ambientales-2025.jpg 600w\" sizes=\"auto, (max-width: 600px) 100vw, 600px\" \/><\/li>\n<\/ul>\n<p>Pour l\u2019ann\u00e9e 2026, et en \u00e9valuant la performance environnementale de 2025, IMEFY envisage de prendre les engagements suivants :<\/p>\n<ul>\n<li>R\u00e9duire de 5 % les \u00e9missions de CO2eq au cours de l\u2019ann\u00e9e 2025 par rapport \u00e0 l\u2019ann\u00e9e de r\u00e9f\u00e9rence (2022).<\/li>\n<li>Enregistrement de l\u2019Empreinte Carbone aupr\u00e8s du MITECO correspondant \u00e0 l\u2019ann\u00e9e 2025.<\/li>\n<li>R\u00e9duire de 2 % la g\u00e9n\u00e9ration globale de d\u00e9chets dangereux au cours de l\u2019ann\u00e9e 2026 par rapport \u00e0 l\u2019ann\u00e9e 2025.<\/li>\n<li>R\u00e9duire de 5 % la g\u00e9n\u00e9ration globale de d\u00e9chets non dangereux au cours de l\u2019ann\u00e9e 2026 par rapport \u00e0 l\u2019ann\u00e9e 2025.<\/li>\n<li>Maintenir la Certification Z\u00c9RO D\u00c9CHET.<\/li>\n<li>Poursuivre l\u2019acquisition d\u2019\u00e9lectricit\u00e9 100 % renouvelable avec garantie d\u2019origine et acqu\u00e9rir une nouvelle garantie d\u2019origine renouvelable pour le gaz naturel, permettant une r\u00e9duction des \u00e9missions d\u2019environ 35 %.<\/li>\n<li>Poursuivre la gestion des emballages au niveau national et se pr\u00e9parer \u00e0 se conformer aux nouvelles mesures impos\u00e9es par le R\u00e8glement Europ\u00e9en PPWR.<\/li>\n<li>Obtention de la Certification ISO 50001.<\/li>\n<li>R\u00e9alisation du Rapport de Durabilit\u00e9 conform\u00e9ment \u00e0 la CSRD.<\/li>\n<li>Formations en mati\u00e8re de Durabilit\u00e9, d\u2019\u00c9conomie Circulaire, etc&#8230;<\/li>\n<li>Campagnes de Sensibilisation et pr\u00e9sentation de Projets Durables \u00e0 l\u2019ensemble des Parties Prenantes de l\u2019Organisation.<\/li>\n<li>R\u00e9alisation d\u2019une nouvelle ACV pour les transformateurs encapsul\u00e9s en r\u00e9sine \u00e9poxy.<\/li>\n<li>Reporting sur les plateformes et am\u00e9lioration des scores obtenus.<\/li>\n<\/ul>\n<\/div><div class=\"fusion-separator fusion-full-width-sep\" style=\"align-self: center;margin-left: auto;margin-right: auto;margin-top:30px;width:100%;\"><\/div><div class=\"fusion-image-element \" style=\"text-align:left;--awb-max-width:500px;--awb-caption-title-font-family:var(--h2_typography-font-family);--awb-caption-title-font-weight:var(--h2_typography-font-weight);--awb-caption-title-font-style:var(--h2_typography-font-style);--awb-caption-title-size:var(--h2_typography-font-size);--awb-caption-title-transform:var(--h2_typography-text-transform);--awb-caption-title-line-height:var(--h2_typography-line-height);--awb-caption-title-letter-spacing:var(--h2_typography-letter-spacing);\"><span class=\" fusion-imageframe imageframe-none imageframe-1 hover-type-none\"><img loading=\"lazy\" decoding=\"async\" width=\"2000\" height=\"1194\" title=\"Firma-Eduardo\" src=\"https:\/\/imefy.com\/wp-content\/uploads\/2026\/01\/Firma-Eduardo.jpg\" alt class=\"img-responsive wp-image-33402\" srcset=\"https:\/\/imefy.com\/wp-content\/uploads\/2026\/01\/Firma-Eduardo-400x239.jpg 400w, https:\/\/imefy.com\/wp-content\/uploads\/2026\/01\/Firma-Eduardo-600x358.jpg 600w, https:\/\/imefy.com\/wp-content\/uploads\/2026\/01\/Firma-Eduardo-800x478.jpg 800w, https:\/\/imefy.com\/wp-content\/uploads\/2026\/01\/Firma-Eduardo-1200x716.jpg 1200w, https:\/\/imefy.com\/wp-content\/uploads\/2026\/01\/Firma-Eduardo.jpg 2000w\" sizes=\"auto, (max-width: 1024px) 100vw, (max-width: 640px) 100vw, 1200px\" \/><\/span><\/div><\/div><\/div><\/div><\/div>\n","protected":false},"excerpt":{"rendered":"","protected":false},"author":10,"featured_media":25622,"parent":0,"menu_order":11,"comment_status":"closed","ping_status":"closed","template":"100-width.php","meta":{"footnotes":""},"class_list":["post-24218","page","type-page","status-publish","has-post-thumbnail","hentry"],"yoast_head":"<!-- This site is optimized with the Yoast SEO Premium plugin v27.0 (Yoast SEO v27.3) - https:\/\/yoast.com\/product\/yoast-seo-premium-wordpress\/ -->\n<title>Communication sur la performance environnementale - IMEFY<\/title>\n<meta name=\"robots\" content=\"index, follow, max-snippet:-1, max-image-preview:large, max-video-preview:-1\" \/>\n<link rel=\"canonical\" href=\"https:\/\/imefy.com\/fr\/communication-sur-la-performance-environnementale\/\" \/>\n<meta property=\"og:locale\" content=\"fr_FR\" \/>\n<meta property=\"og:type\" content=\"article\" \/>\n<meta property=\"og:title\" content=\"Communication sur la performance environnementale\" \/>\n<meta property=\"og:url\" content=\"https:\/\/imefy.com\/fr\/communication-sur-la-performance-environnementale\/\" \/>\n<meta property=\"og:site_name\" content=\"IMEFY\" \/>\n<meta property=\"article:publisher\" content=\"https:\/\/www.facebook.com\/pages\/Imefy-Group\/852590684780185\" \/>\n<meta property=\"article:modified_time\" content=\"2026-01-27T10:07:13+00:00\" \/>\n<meta property=\"og:image\" content=\"https:\/\/imefy.com\/wp-content\/uploads\/2023\/01\/Imefy_com-desempeno-ambiental.jpg\" \/>\n\t<meta property=\"og:image:width\" content=\"2800\" \/>\n\t<meta property=\"og:image:height\" content=\"1122\" \/>\n\t<meta property=\"og:image:type\" content=\"image\/jpeg\" \/>\n<meta name=\"twitter:card\" content=\"summary_large_image\" \/>\n<meta name=\"twitter:site\" content=\"@imefygroup\" \/>\n<meta name=\"twitter:label1\" content=\"Dur\u00e9e de lecture estim\u00e9e\" \/>\n\t<meta name=\"twitter:data1\" content=\"5 minutes\" \/>\n<script type=\"application\/ld+json\" class=\"yoast-schema-graph\">{\"@context\":\"https:\\\/\\\/schema.org\",\"@graph\":[{\"@type\":\"WebPage\",\"@id\":\"https:\\\/\\\/imefy.com\\\/fr\\\/communication-sur-la-performance-environnementale\\\/\",\"url\":\"https:\\\/\\\/imefy.com\\\/fr\\\/communication-sur-la-performance-environnementale\\\/\",\"name\":\"Communication sur la performance environnementale - IMEFY\",\"isPartOf\":{\"@id\":\"\\\/#website\"},\"primaryImageOfPage\":{\"@id\":\"https:\\\/\\\/imefy.com\\\/fr\\\/communication-sur-la-performance-environnementale\\\/#primaryimage\"},\"image\":{\"@id\":\"https:\\\/\\\/imefy.com\\\/fr\\\/communication-sur-la-performance-environnementale\\\/#primaryimage\"},\"thumbnailUrl\":\"https:\\\/\\\/imefy.com\\\/wp-content\\\/uploads\\\/2023\\\/01\\\/Imefy_com-desempeno-ambiental.jpg\",\"datePublished\":\"2023-01-17T07:54:12+00:00\",\"dateModified\":\"2026-01-27T10:07:13+00:00\",\"breadcrumb\":{\"@id\":\"https:\\\/\\\/imefy.com\\\/fr\\\/communication-sur-la-performance-environnementale\\\/#breadcrumb\"},\"inLanguage\":\"fr-FR\",\"potentialAction\":[{\"@type\":\"ReadAction\",\"target\":[\"https:\\\/\\\/imefy.com\\\/fr\\\/communication-sur-la-performance-environnementale\\\/\"]}]},{\"@type\":\"ImageObject\",\"inLanguage\":\"fr-FR\",\"@id\":\"https:\\\/\\\/imefy.com\\\/fr\\\/communication-sur-la-performance-environnementale\\\/#primaryimage\",\"url\":\"https:\\\/\\\/imefy.com\\\/wp-content\\\/uploads\\\/2023\\\/01\\\/Imefy_com-desempeno-ambiental.jpg\",\"contentUrl\":\"https:\\\/\\\/imefy.com\\\/wp-content\\\/uploads\\\/2023\\\/01\\\/Imefy_com-desempeno-ambiental.jpg\",\"width\":2800,\"height\":1122},{\"@type\":\"BreadcrumbList\",\"@id\":\"https:\\\/\\\/imefy.com\\\/fr\\\/communication-sur-la-performance-environnementale\\\/#breadcrumb\",\"itemListElement\":[{\"@type\":\"ListItem\",\"position\":1,\"name\":\"Portada\",\"item\":\"https:\\\/\\\/imefy.com\\\/fr\\\/\"},{\"@type\":\"ListItem\",\"position\":2,\"name\":\"Communication sur la performance environnementale\"}]},{\"@type\":\"WebSite\",\"@id\":\"\\\/#website\",\"url\":\"\\\/\",\"name\":\"IMEFY\",\"description\":\"Fabricaci\u00f3n de transformadores de distribuci\u00f3n y potencia\",\"potentialAction\":[{\"@type\":\"SearchAction\",\"target\":{\"@type\":\"EntryPoint\",\"urlTemplate\":\"\\\/?s={search_term_string}\"},\"query-input\":{\"@type\":\"PropertyValueSpecification\",\"valueRequired\":true,\"valueName\":\"search_term_string\"}}],\"inLanguage\":\"fr-FR\"}]}<\/script>\n<!-- \/ Yoast SEO Premium plugin. -->","yoast_head_json":{"title":"Communication sur la performance environnementale - IMEFY","robots":{"index":"index","follow":"follow","max-snippet":"max-snippet:-1","max-image-preview":"max-image-preview:large","max-video-preview":"max-video-preview:-1"},"canonical":"https:\/\/imefy.com\/fr\/communication-sur-la-performance-environnementale\/","og_locale":"fr_FR","og_type":"article","og_title":"Communication sur la performance environnementale","og_url":"https:\/\/imefy.com\/fr\/communication-sur-la-performance-environnementale\/","og_site_name":"IMEFY","article_publisher":"https:\/\/www.facebook.com\/pages\/Imefy-Group\/852590684780185","article_modified_time":"2026-01-27T10:07:13+00:00","og_image":[{"width":2800,"height":1122,"url":"https:\/\/imefy.com\/wp-content\/uploads\/2023\/01\/Imefy_com-desempeno-ambiental.jpg","type":"image\/jpeg"}],"twitter_card":"summary_large_image","twitter_site":"@imefygroup","twitter_misc":{"Dur\u00e9e de lecture estim\u00e9e":"5 minutes"},"schema":{"@context":"https:\/\/schema.org","@graph":[{"@type":"WebPage","@id":"https:\/\/imefy.com\/fr\/communication-sur-la-performance-environnementale\/","url":"https:\/\/imefy.com\/fr\/communication-sur-la-performance-environnementale\/","name":"Communication sur la performance environnementale - IMEFY","isPartOf":{"@id":"\/#website"},"primaryImageOfPage":{"@id":"https:\/\/imefy.com\/fr\/communication-sur-la-performance-environnementale\/#primaryimage"},"image":{"@id":"https:\/\/imefy.com\/fr\/communication-sur-la-performance-environnementale\/#primaryimage"},"thumbnailUrl":"https:\/\/imefy.com\/wp-content\/uploads\/2023\/01\/Imefy_com-desempeno-ambiental.jpg","datePublished":"2023-01-17T07:54:12+00:00","dateModified":"2026-01-27T10:07:13+00:00","breadcrumb":{"@id":"https:\/\/imefy.com\/fr\/communication-sur-la-performance-environnementale\/#breadcrumb"},"inLanguage":"fr-FR","potentialAction":[{"@type":"ReadAction","target":["https:\/\/imefy.com\/fr\/communication-sur-la-performance-environnementale\/"]}]},{"@type":"ImageObject","inLanguage":"fr-FR","@id":"https:\/\/imefy.com\/fr\/communication-sur-la-performance-environnementale\/#primaryimage","url":"https:\/\/imefy.com\/wp-content\/uploads\/2023\/01\/Imefy_com-desempeno-ambiental.jpg","contentUrl":"https:\/\/imefy.com\/wp-content\/uploads\/2023\/01\/Imefy_com-desempeno-ambiental.jpg","width":2800,"height":1122},{"@type":"BreadcrumbList","@id":"https:\/\/imefy.com\/fr\/communication-sur-la-performance-environnementale\/#breadcrumb","itemListElement":[{"@type":"ListItem","position":1,"name":"Portada","item":"https:\/\/imefy.com\/fr\/"},{"@type":"ListItem","position":2,"name":"Communication sur la performance environnementale"}]},{"@type":"WebSite","@id":"\/#website","url":"\/","name":"IMEFY","description":"Fabricaci\u00f3n de transformadores de distribuci\u00f3n y potencia","potentialAction":[{"@type":"SearchAction","target":{"@type":"EntryPoint","urlTemplate":"\/?s={search_term_string}"},"query-input":{"@type":"PropertyValueSpecification","valueRequired":true,"valueName":"search_term_string"}}],"inLanguage":"fr-FR"}]}},"_links":{"self":[{"href":"https:\/\/imefy.com\/fr\/wp-json\/wp\/v2\/pages\/24218","targetHints":{"allow":["GET"]}}],"collection":[{"href":"https:\/\/imefy.com\/fr\/wp-json\/wp\/v2\/pages"}],"about":[{"href":"https:\/\/imefy.com\/fr\/wp-json\/wp\/v2\/types\/page"}],"author":[{"embeddable":true,"href":"https:\/\/imefy.com\/fr\/wp-json\/wp\/v2\/users\/10"}],"replies":[{"embeddable":true,"href":"https:\/\/imefy.com\/fr\/wp-json\/wp\/v2\/comments?post=24218"}],"version-history":[{"count":4,"href":"https:\/\/imefy.com\/fr\/wp-json\/wp\/v2\/pages\/24218\/revisions"}],"predecessor-version":[{"id":33406,"href":"https:\/\/imefy.com\/fr\/wp-json\/wp\/v2\/pages\/24218\/revisions\/33406"}],"wp:featuredmedia":[{"embeddable":true,"href":"https:\/\/imefy.com\/fr\/wp-json\/wp\/v2\/media\/25622"}],"wp:attachment":[{"href":"https:\/\/imefy.com\/fr\/wp-json\/wp\/v2\/media?parent=24218"}],"curies":[{"name":"wp","href":"https:\/\/api.w.org\/{rel}","templated":true}]}}