{"id":31591,"date":"2025-05-27T12:27:45","date_gmt":"2025-05-27T10:27:45","guid":{"rendered":"https:\/\/imefy.com\/sostenibilidad\/"},"modified":"2026-03-04T09:37:03","modified_gmt":"2026-03-04T08:37:03","slug":"durabilite","status":"publish","type":"page","link":"https:\/\/imefy.com\/fr\/durabilite\/","title":{"rendered":"Durabilit\u00e9"},"content":{"rendered":"<div class=\"fusion-fullwidth fullwidth-box fusion-builder-row-1 fusion-flex-container has-pattern-background has-mask-background nonhundred-percent-fullwidth non-hundred-percent-height-scrolling\" style=\"--awb-border-radius-top-left:0px;--awb-border-radius-top-right:0px;--awb-border-radius-bottom-right:0px;--awb-border-radius-bottom-left:0px;--awb-margin-top:50px;--awb-flex-wrap:wrap;\" ><div class=\"fusion-builder-row fusion-row fusion-flex-align-items-flex-start fusion-flex-content-wrap\" style=\"max-width:1216.8px;margin-left: calc(-4% \/ 2 );margin-right: calc(-4% \/ 2 );\"><div class=\"fusion-layout-column fusion_builder_column fusion-builder-column-0 fusion_builder_column_1_1 1_1 fusion-flex-column\" style=\"--awb-bg-size:cover;--awb-width-large:100%;--awb-margin-top-large:0px;--awb-spacing-right-large:1.92%;--awb-margin-bottom-large:30px;--awb-spacing-left-large:1.92%;--awb-width-medium:100%;--awb-order-medium:0;--awb-spacing-right-medium:1.92%;--awb-spacing-left-medium:1.92%;--awb-width-small:100%;--awb-order-small:0;--awb-spacing-right-small:1.92%;--awb-spacing-left-small:1.92%;\"><div class=\"fusion-column-wrapper fusion-column-has-shadow fusion-flex-justify-content-flex-start fusion-content-layout-column\"><div class=\"fusion-title title fusion-title-1 fusion-sep-none fusion-title-text fusion-title-size-two\" style=\"--awb-text-color:#024899;--awb-margin-top-small:0px;--awb-margin-right-small:0px;--awb-margin-bottom-small:20px;--awb-margin-left-small:0px;\"><h2 class=\"fusion-title-heading title-heading-left fusion-responsive-typography-calculated\" style=\"margin:0;--fontSize:24;line-height:1.2;\"><h1 class=\"entry-title fusion-post-title fusion-responsive-typography-calculated\" data-fontsize=\"26\" data-lineheight=\"28.6px\">IMEFY encourage le reboisement en Galice en collaboration avec la Fondation Repsol \u00e0 travers le projet Motor Verde<\/h1><\/h2><\/div><div class=\"fusion-separator fusion-full-width-sep\" style=\"align-self: center;margin-left: auto;margin-right: auto;margin-top:10px;margin-bottom:10px;width:100%;\"><\/div><div class=\"fusion-image-element \" style=\"--awb-caption-title-font-family:var(--h2_typography-font-family);--awb-caption-title-font-weight:var(--h2_typography-font-weight);--awb-caption-title-font-style:var(--h2_typography-font-style);--awb-caption-title-size:var(--h2_typography-font-size);--awb-caption-title-transform:var(--h2_typography-text-transform);--awb-caption-title-line-height:var(--h2_typography-line-height);--awb-caption-title-letter-spacing:var(--h2_typography-letter-spacing);\"><span class=\" fusion-imageframe imageframe-none imageframe-1 hover-type-none\"><img loading=\"lazy\" decoding=\"async\" width=\"1200\" height=\"197\" title=\"Imefy-Repsol1\" src=\"https:\/\/imefy.com\/wp-content\/uploads\/2026\/01\/Imefy-Repsol1.jpg\" alt class=\"img-responsive wp-image-33365\" srcset=\"https:\/\/imefy.com\/wp-content\/uploads\/2026\/01\/Imefy-Repsol1-400x66.jpg 400w, https:\/\/imefy.com\/wp-content\/uploads\/2026\/01\/Imefy-Repsol1-600x99.jpg 600w, https:\/\/imefy.com\/wp-content\/uploads\/2026\/01\/Imefy-Repsol1-800x131.jpg 800w, https:\/\/imefy.com\/wp-content\/uploads\/2026\/01\/Imefy-Repsol1.jpg 1200w\" sizes=\"auto, (max-width: 1024px) 100vw, (max-width: 640px) 100vw, 1200px\" \/><\/span><\/div><div class=\"fusion-separator fusion-full-width-sep\" style=\"align-self: center;margin-left: auto;margin-right: auto;margin-top:10px;margin-bottom:10px;width:100%;\"><\/div><div class=\"fusion-text fusion-text-1\"><p>IMEFY poursuit son engagement en faveur du d\u00e9veloppement durable, de la d\u00e9carbonisation et des objectifs de d\u00e9veloppement durable (ODD) en rejoignant Motor Verde, le projet de reboisement promu par la <strong>Fondation Repsol et le groupe Sylvestris<\/strong>, qui se concentre cette fois-ci sur la <strong>restauration de la for\u00eat de Maceira, en Galice<\/strong>.<\/p>\n<p>Ce projet, d\u00e9velopp\u00e9 en Galice, contribue non seulement \u00e0 la restauration d&#8217;un \u00e9cosyst\u00e8me de grande valeur environnementale, mais permet \u00e9galement \u00e0 IMEFY de <b>compenser son empreinte carbone<\/b> et d&#8217;avoir un impact positif r\u00e9el sur l&#8217;environnement, renfor\u00e7ant ainsi sa strat\u00e9gie de d\u00e9veloppement durable \u00e0 long terme.<\/p>\n<h4 style=\"text-align: center;\"><strong><a href=\"https:\/\/imefy.com\/fr\/imefy-fundacion-repsol-projet-motor-verde\/\">Plus d&#8217;informations<\/a><\/strong><\/h4>\n<\/div><\/div><\/div><div class=\"fusion-layout-column fusion_builder_column fusion-builder-column-1 fusion_builder_column_3_4 3_4 fusion-flex-column\" style=\"--awb-bg-size:cover;--awb-width-large:75%;--awb-margin-top-large:0px;--awb-spacing-right-large:2.56%;--awb-margin-bottom-large:30px;--awb-spacing-left-large:2.56%;--awb-width-medium:100%;--awb-order-medium:0;--awb-spacing-right-medium:1.92%;--awb-spacing-left-medium:1.92%;--awb-width-small:100%;--awb-order-small:0;--awb-spacing-right-small:1.92%;--awb-spacing-left-small:1.92%;\"><div class=\"fusion-column-wrapper fusion-column-has-shadow fusion-flex-justify-content-flex-start fusion-content-layout-column\"><div class=\"fusion-text fusion-text-2\"><p><strong>Vous pouvez contribuer au reboisement de la for\u00eat de Maceira en Galice depuis la page de la Fondation Repsol<\/strong><\/p>\n<\/div><\/div><\/div><div class=\"fusion-layout-column fusion_builder_column fusion-builder-column-2 fusion_builder_column_1_4 1_4 fusion-flex-column\" style=\"--awb-bg-size:cover;--awb-width-large:25%;--awb-margin-top-large:0px;--awb-spacing-right-large:7.68%;--awb-margin-bottom-large:30px;--awb-spacing-left-large:7.68%;--awb-width-medium:100%;--awb-order-medium:0;--awb-spacing-right-medium:1.92%;--awb-spacing-left-medium:1.92%;--awb-width-small:100%;--awb-order-small:0;--awb-spacing-right-small:1.92%;--awb-spacing-left-small:1.92%;\"><div class=\"fusion-column-wrapper fusion-column-has-shadow fusion-flex-justify-content-flex-start fusion-content-layout-column\"><div ><a class=\"fusion-button button-flat button-small button-default fusion-button-default button-1 fusion-button-default-span fusion-button-default-type\" style=\"width:calc(100%);\" target=\"_blank\" rel=\"noopener noreferrer\" href=\"https:\/\/motorverde.fundacionrepsol.com\/on\/demandware.store\/Sites-MotorverdeES-Site\/en_GB\/Campaign-Show?cid=IMEFY\"><span class=\"fusion-button-text awb-button__text awb-button__text--default\">Collaborez<\/span><\/a><\/div><\/div><\/div><\/div><\/div>\n","protected":false},"excerpt":{"rendered":"","protected":false},"author":10,"featured_media":31538,"parent":0,"menu_order":2,"comment_status":"closed","ping_status":"closed","template":"100-width.php","meta":{"footnotes":""},"class_list":["post-31591","page","type-page","status-publish","has-post-thumbnail","hentry"],"yoast_head":"<!-- This site is optimized with the Yoast SEO Premium plugin v27.0 (Yoast SEO v27.3) - https:\/\/yoast.com\/product\/yoast-seo-premium-wordpress\/ -->\n<title>Engagement en faveur du d\u00e9veloppement durable<\/title>\n<meta name=\"description\" content=\"Nous sommes responsables de la r\u00e9duction de l&#039;impact environnemental de nos activit\u00e9s, de la production au transport et \u00e0 la gestion des d\u00e9chets\" \/>\n<meta name=\"robots\" content=\"noindex, nofollow\" \/>\n<meta property=\"og:locale\" content=\"fr_FR\" \/>\n<meta property=\"og:type\" content=\"article\" \/>\n<meta property=\"og:title\" content=\"50 aniversario - Nacional\" \/>\n<meta property=\"og:description\" content=\"Nous sommes responsables de la r\u00e9duction de l&#039;impact environnemental de nos activit\u00e9s, de la production au transport et \u00e0 la gestion des d\u00e9chets\" \/>\n<meta property=\"og:url\" content=\"https:\/\/imefy.com\/fr\/durabilite\/\" \/>\n<meta property=\"og:site_name\" content=\"IMEFY\" \/>\n<meta property=\"article:publisher\" content=\"https:\/\/www.facebook.com\/pages\/Imefy-Group\/852590684780185\" \/>\n<meta property=\"article:modified_time\" content=\"2026-03-04T08:37:03+00:00\" \/>\n<meta property=\"og:image\" content=\"https:\/\/imefy.com\/wp-content\/uploads\/2025\/05\/Imefy-sostenibilidad.jpg\" \/>\n\t<meta property=\"og:image:width\" content=\"2400\" \/>\n\t<meta property=\"og:image:height\" content=\"700\" \/>\n\t<meta property=\"og:image:type\" content=\"image\/jpeg\" \/>\n<meta name=\"twitter:card\" content=\"summary_large_image\" \/>\n<meta name=\"twitter:title\" content=\"50 aniversario - Nacional\" \/>\n<meta name=\"twitter:site\" content=\"@imefygroup\" \/>\n<meta name=\"twitter:label1\" content=\"Dur\u00e9e de lecture estim\u00e9e\" \/>\n\t<meta name=\"twitter:data1\" content=\"2 minutes\" \/>\n<script type=\"application\/ld+json\" class=\"yoast-schema-graph\">{\"@context\":\"https:\\\/\\\/schema.org\",\"@graph\":[{\"@type\":\"WebPage\",\"@id\":\"https:\\\/\\\/imefy.com\\\/fr\\\/durabilite\\\/\",\"url\":\"https:\\\/\\\/imefy.com\\\/fr\\\/durabilite\\\/\",\"name\":\"Engagement en faveur du d\u00e9veloppement durable\",\"isPartOf\":{\"@id\":\"\\\/#website\"},\"primaryImageOfPage\":{\"@id\":\"https:\\\/\\\/imefy.com\\\/fr\\\/durabilite\\\/#primaryimage\"},\"image\":{\"@id\":\"https:\\\/\\\/imefy.com\\\/fr\\\/durabilite\\\/#primaryimage\"},\"thumbnailUrl\":\"https:\\\/\\\/imefy.com\\\/wp-content\\\/uploads\\\/2025\\\/05\\\/Imefy-sostenibilidad.jpg\",\"datePublished\":\"2025-05-27T10:27:45+00:00\",\"dateModified\":\"2026-03-04T08:37:03+00:00\",\"description\":\"Nous sommes responsables de la r\u00e9duction de l'impact environnemental de nos activit\u00e9s, de la production au transport et \u00e0 la gestion des d\u00e9chets\",\"breadcrumb\":{\"@id\":\"https:\\\/\\\/imefy.com\\\/fr\\\/durabilite\\\/#breadcrumb\"},\"inLanguage\":\"fr-FR\",\"potentialAction\":[{\"@type\":\"ReadAction\",\"target\":[\"https:\\\/\\\/imefy.com\\\/fr\\\/durabilite\\\/\"]}]},{\"@type\":\"ImageObject\",\"inLanguage\":\"fr-FR\",\"@id\":\"https:\\\/\\\/imefy.com\\\/fr\\\/durabilite\\\/#primaryimage\",\"url\":\"https:\\\/\\\/imefy.com\\\/wp-content\\\/uploads\\\/2025\\\/05\\\/Imefy-sostenibilidad.jpg\",\"contentUrl\":\"https:\\\/\\\/imefy.com\\\/wp-content\\\/uploads\\\/2025\\\/05\\\/Imefy-sostenibilidad.jpg\",\"width\":2400,\"height\":700},{\"@type\":\"BreadcrumbList\",\"@id\":\"https:\\\/\\\/imefy.com\\\/fr\\\/durabilite\\\/#breadcrumb\",\"itemListElement\":[{\"@type\":\"ListItem\",\"position\":1,\"name\":\"Portada\",\"item\":\"https:\\\/\\\/imefy.com\\\/fr\\\/\"},{\"@type\":\"ListItem\",\"position\":2,\"name\":\"Durabilit\u00e9\"}]},{\"@type\":\"WebSite\",\"@id\":\"\\\/#website\",\"url\":\"\\\/\",\"name\":\"IMEFY\",\"description\":\"Fabricaci\u00f3n de transformadores de distribuci\u00f3n y potencia\",\"potentialAction\":[{\"@type\":\"SearchAction\",\"target\":{\"@type\":\"EntryPoint\",\"urlTemplate\":\"\\\/?s={search_term_string}\"},\"query-input\":{\"@type\":\"PropertyValueSpecification\",\"valueRequired\":true,\"valueName\":\"search_term_string\"}}],\"inLanguage\":\"fr-FR\"}]}<\/script>\n<!-- \/ Yoast SEO Premium plugin. -->","yoast_head_json":{"title":"Engagement en faveur du d\u00e9veloppement durable","description":"Nous sommes responsables de la r\u00e9duction de l'impact environnemental de nos activit\u00e9s, de la production au transport et \u00e0 la gestion des d\u00e9chets","robots":{"index":"noindex","follow":"nofollow"},"og_locale":"fr_FR","og_type":"article","og_title":"50 aniversario - Nacional","og_description":"Nous sommes responsables de la r\u00e9duction de l'impact environnemental de nos activit\u00e9s, de la production au transport et \u00e0 la gestion des d\u00e9chets","og_url":"https:\/\/imefy.com\/fr\/durabilite\/","og_site_name":"IMEFY","article_publisher":"https:\/\/www.facebook.com\/pages\/Imefy-Group\/852590684780185","article_modified_time":"2026-03-04T08:37:03+00:00","og_image":[{"width":2400,"height":700,"url":"https:\/\/imefy.com\/wp-content\/uploads\/2025\/05\/Imefy-sostenibilidad.jpg","type":"image\/jpeg"}],"twitter_card":"summary_large_image","twitter_title":"50 aniversario - Nacional","twitter_site":"@imefygroup","twitter_misc":{"Dur\u00e9e de lecture estim\u00e9e":"2 minutes"},"schema":{"@context":"https:\/\/schema.org","@graph":[{"@type":"WebPage","@id":"https:\/\/imefy.com\/fr\/durabilite\/","url":"https:\/\/imefy.com\/fr\/durabilite\/","name":"Engagement en faveur du d\u00e9veloppement durable","isPartOf":{"@id":"\/#website"},"primaryImageOfPage":{"@id":"https:\/\/imefy.com\/fr\/durabilite\/#primaryimage"},"image":{"@id":"https:\/\/imefy.com\/fr\/durabilite\/#primaryimage"},"thumbnailUrl":"https:\/\/imefy.com\/wp-content\/uploads\/2025\/05\/Imefy-sostenibilidad.jpg","datePublished":"2025-05-27T10:27:45+00:00","dateModified":"2026-03-04T08:37:03+00:00","description":"Nous sommes responsables de la r\u00e9duction de l'impact environnemental de nos activit\u00e9s, de la production au transport et \u00e0 la gestion des d\u00e9chets","breadcrumb":{"@id":"https:\/\/imefy.com\/fr\/durabilite\/#breadcrumb"},"inLanguage":"fr-FR","potentialAction":[{"@type":"ReadAction","target":["https:\/\/imefy.com\/fr\/durabilite\/"]}]},{"@type":"ImageObject","inLanguage":"fr-FR","@id":"https:\/\/imefy.com\/fr\/durabilite\/#primaryimage","url":"https:\/\/imefy.com\/wp-content\/uploads\/2025\/05\/Imefy-sostenibilidad.jpg","contentUrl":"https:\/\/imefy.com\/wp-content\/uploads\/2025\/05\/Imefy-sostenibilidad.jpg","width":2400,"height":700},{"@type":"BreadcrumbList","@id":"https:\/\/imefy.com\/fr\/durabilite\/#breadcrumb","itemListElement":[{"@type":"ListItem","position":1,"name":"Portada","item":"https:\/\/imefy.com\/fr\/"},{"@type":"ListItem","position":2,"name":"Durabilit\u00e9"}]},{"@type":"WebSite","@id":"\/#website","url":"\/","name":"IMEFY","description":"Fabricaci\u00f3n de transformadores de distribuci\u00f3n y potencia","potentialAction":[{"@type":"SearchAction","target":{"@type":"EntryPoint","urlTemplate":"\/?s={search_term_string}"},"query-input":{"@type":"PropertyValueSpecification","valueRequired":true,"valueName":"search_term_string"}}],"inLanguage":"fr-FR"}]}},"_links":{"self":[{"href":"https:\/\/imefy.com\/fr\/wp-json\/wp\/v2\/pages\/31591","targetHints":{"allow":["GET"]}}],"collection":[{"href":"https:\/\/imefy.com\/fr\/wp-json\/wp\/v2\/pages"}],"about":[{"href":"https:\/\/imefy.com\/fr\/wp-json\/wp\/v2\/types\/page"}],"author":[{"embeddable":true,"href":"https:\/\/imefy.com\/fr\/wp-json\/wp\/v2\/users\/10"}],"replies":[{"embeddable":true,"href":"https:\/\/imefy.com\/fr\/wp-json\/wp\/v2\/comments?post=31591"}],"version-history":[{"count":10,"href":"https:\/\/imefy.com\/fr\/wp-json\/wp\/v2\/pages\/31591\/revisions"}],"predecessor-version":[{"id":34734,"href":"https:\/\/imefy.com\/fr\/wp-json\/wp\/v2\/pages\/31591\/revisions\/34734"}],"wp:featuredmedia":[{"embeddable":true,"href":"https:\/\/imefy.com\/fr\/wp-json\/wp\/v2\/media\/31538"}],"wp:attachment":[{"href":"https:\/\/imefy.com\/fr\/wp-json\/wp\/v2\/media?parent=31591"}],"curies":[{"name":"wp","href":"https:\/\/api.w.org\/{rel}","templated":true}]}}