{"id":16898,"date":"2018-03-13T15:09:10","date_gmt":"2018-03-13T14:09:10","guid":{"rendered":"http:\/\/yiyyqlf.cluster028.hosting.ovh.net\/catalogo-de-potencia\/"},"modified":"2024-05-22T13:04:10","modified_gmt":"2024-05-22T11:04:10","slug":"katalog-jednostek-wysokomocowych","status":"publish","type":"page","link":"https:\/\/imefy.com\/pl\/katalog-jednostek-wysokomocowych\/","title":{"rendered":"Katalog jednostek wysokomocowych"},"content":{"rendered":"<div class=\"fusion-fullwidth fullwidth-box fusion-builder-row-1 fusion-flex-container hundred-percent-fullwidth non-hundred-percent-height-scrolling\" style=\"--awb-background-position:left top;--awb-border-sizes-top:0px;--awb-border-sizes-bottom:0px;--awb-border-sizes-left:0px;--awb-border-sizes-right:0px;--awb-border-radius-top-left:0px;--awb-border-radius-top-right:0px;--awb-border-radius-bottom-right:0px;--awb-border-radius-bottom-left:0px;--awb-padding-top:50px;--awb-padding-bottom:60px;--awb-flex-wrap:wrap;\" ><div class=\"fusion-builder-row fusion-row fusion-flex-align-items-flex-start fusion-flex-content-wrap\" style=\"width:104% !important;max-width:104% !important;margin-left: calc(-4% \/ 2 );margin-right: calc(-4% \/ 2 );\"><div class=\"fusion-layout-column fusion_builder_column fusion-builder-column-0 fusion_builder_column_1_1 1_1 fusion-flex-column fusion-flex-align-self-flex-start fusion-column-no-min-height\" style=\"--awb-bg-size:cover;--awb-width-large:100%;--awb-margin-top-large:0px;--awb-spacing-right-large:1.92%;--awb-margin-bottom-large:0px;--awb-spacing-left-large:1.92%;--awb-width-medium:100%;--awb-spacing-right-medium:1.92%;--awb-spacing-left-medium:1.92%;--awb-width-small:100%;--awb-spacing-right-small:1.92%;--awb-spacing-left-small:1.92%;\"><div class=\"fusion-column-wrapper fusion-flex-justify-content-flex-start fusion-content-layout-column\"><div class=\"fusion-builder-row fusion-builder-row-inner fusion-row fusion-flex-align-items-flex-start fusion-flex-content-wrap\" style=\"--awb-flex-grow:0;--awb-flex-grow-medium:0;--awb-flex-grow-small:0;--awb-flex-shrink:0;--awb-flex-shrink-medium:0;--awb-flex-shrink-small:0;width:104% !important;max-width:104% !important;margin-left: calc(-4% \/ 2 );margin-right: calc(-4% \/ 2 );\"><div class=\"fusion-layout-column fusion_builder_column_inner fusion-builder-nested-column-0 fusion_builder_column_inner_1_2 1_2 fusion-flex-column fusion-animated\" style=\"--awb-bg-size:cover;--awb-width-large:50%;--awb-margin-top-large:15px;--awb-spacing-right-large:3.84%;--awb-margin-bottom-large:15px;--awb-spacing-left-large:3.84%;--awb-width-medium:100%;--awb-order-medium:0;--awb-spacing-right-medium:1.92%;--awb-spacing-left-medium:1.92%;--awb-width-small:100%;--awb-order-small:0;--awb-spacing-right-small:1.92%;--awb-spacing-left-small:1.92%;\" data-animationType=\"fadeInRight\" data-animationDuration=\"0.8\" data-animationOffset=\"top-into-view\"><div class=\"fusion-column-wrapper fusion-column-has-shadow fusion-flex-justify-content-flex-start fusion-content-layout-column\"><div class=\"fusion-image-element \" style=\"--awb-caption-title-font-family:var(--h2_typography-font-family);--awb-caption-title-font-weight:var(--h2_typography-font-weight);--awb-caption-title-font-style:var(--h2_typography-font-style);--awb-caption-title-size:var(--h2_typography-font-size);--awb-caption-title-transform:var(--h2_typography-text-transform);--awb-caption-title-line-height:var(--h2_typography-line-height);--awb-caption-title-letter-spacing:var(--h2_typography-letter-spacing);\"><span class=\" fusion-imageframe imageframe-none imageframe-1 hover-type-none\" style=\"border-radius:10px;\"><img loading=\"lazy\" decoding=\"async\" width=\"1800\" height=\"1365\" title=\"Portada-Catalogo-Potencia-POL\" src=\"https:\/\/imefy.com\/wp-content\/uploads\/2022\/03\/Portada-Catalogo-Potencia-POL.jpg\" alt class=\"img-responsive wp-image-24338\" srcset=\"https:\/\/imefy.com\/wp-content\/uploads\/2022\/03\/Portada-Catalogo-Potencia-POL-200x152.jpg 200w, https:\/\/imefy.com\/wp-content\/uploads\/2022\/03\/Portada-Catalogo-Potencia-POL-400x303.jpg 400w, https:\/\/imefy.com\/wp-content\/uploads\/2022\/03\/Portada-Catalogo-Potencia-POL-600x455.jpg 600w, https:\/\/imefy.com\/wp-content\/uploads\/2022\/03\/Portada-Catalogo-Potencia-POL-800x607.jpg 800w, https:\/\/imefy.com\/wp-content\/uploads\/2022\/03\/Portada-Catalogo-Potencia-POL-1200x910.jpg 1200w, https:\/\/imefy.com\/wp-content\/uploads\/2022\/03\/Portada-Catalogo-Potencia-POL.jpg 1800w\" sizes=\"auto, (max-width: 1024px) 100vw, (max-width: 640px) 100vw, 600px\" \/><\/span><\/div><\/div><\/div><div class=\"fusion-layout-column fusion_builder_column_inner fusion-builder-nested-column-1 fusion_builder_column_inner_1_2 1_2 fusion-flex-column fusion-animated\" style=\"--awb-bg-size:cover;--awb-width-large:50%;--awb-margin-top-large:15px;--awb-spacing-right-large:3.84%;--awb-margin-bottom-large:15px;--awb-spacing-left-large:3.84%;--awb-width-medium:100%;--awb-order-medium:0;--awb-spacing-right-medium:1.92%;--awb-spacing-left-medium:1.92%;--awb-width-small:100%;--awb-order-small:0;--awb-spacing-right-small:1.92%;--awb-spacing-left-small:1.92%;\" data-animationType=\"fadeInLeft\" data-animationDuration=\"0.8\" data-animationOffset=\"top-into-view\"><div class=\"fusion-column-wrapper fusion-column-has-shadow fusion-flex-justify-content-flex-start fusion-content-layout-column\"><div class=\"fusion-text fusion-text-1\"><h5>Je\u015bli chc\u0105 Pa\u0144stwo zobaczyc katalog w swojej przegl\u0105darce, prosz\u0119 nacisn\u0105\u0107 ten przycisk)<\/h5>\n<\/div><div><span class=\"fusion-popover popover-1\" data-animation=\"1\" data-class=\"popover-1\" data-container=\"popover-1\" data-html-content=\"&lt;center&gt;\n&lt;a href=&quot;https:\/\/imefy.com\/?r3d=catalogo-de-potencia-esp&quot; target=&quot;_blank&quot;&gt;hiszpa\u0144ski&lt;a&gt;&lt;br&gt;\n&lt;a href=&quot;https:\/\/imefy.com\/?r3d=catalogo-de-potencia-eng&quot; target=&quot;_blank&quot;&gt;angielski&lt;a&gt;&lt;br&gt;\n&lt;a href=&quot;https:\/\/imefy.com\/?r3d=catalogo-de-potencia-fra&quot; target=&quot;_blank&quot;&gt;francuski&lt;a&gt;&lt;br&gt;\n&lt;a href=&quot;https:\/\/imefy.com\/?r3d=catalogo-de-potencia-pol&quot; target=&quot;_blank&quot;&gt;polski&lt;a&gt;&lt;br&gt;\n&lt;a href=&quot;https:\/\/imefy.com\/?r3d=catalogo-de-potencia-ale&quot; target=&quot;_blank&quot;&gt;niemiecky&lt;a&gt;\n&lt;\/center&gt;\" data-delay=\"50\" data-placement=\"bottom\" data-title=\"WYB\u00d3R J\u0118ZYKA\" data-toggle=\"popover\" data-trigger=\"click\">\n<p>ZOBACZ ONLINE<\/p>\n<\/span><\/div><div class=\"fusion-separator fusion-full-width-sep\" style=\"align-self: center;margin-left: auto;margin-right: auto;margin-top:0%;margin-bottom:2%;width:100%;\"><div class=\"fusion-separator-border sep-shadow\" style=\"--awb-height:20px;--awb-amount:20px;--awb-sep-color:#004899;background:radial-gradient(ellipse at 50% -50% , #004899 0px, rgba(255, 255, 255, 0) 80%) repeat scroll 0 0 rgba(0, 0, 0, 0);background:-webkit-radial-gradient(ellipse at 50% -50% , #004899 0px, rgba(255, 255, 255, 0) 80%) repeat scroll 0 0 rgba(0, 0, 0, 0);background:-moz-radial-gradient(ellipse at 50% -50% , #004899 0px, rgba(255, 255, 255, 0) 80%) repeat scroll 0 0 rgba(0, 0, 0, 0);background:-o-radial-gradient(ellipse at 50% -50% , #004899 0px, rgba(255, 255, 255, 0) 80%) repeat scroll 0 0 rgba(0, 0, 0, 0);\"><\/div><\/div><div class=\"fusion-text fusion-text-2\"><h5>Je\u015bli chc\u0105 Pa\u0144stwo zachowa\u0107 swoj\u0105 kopi\u0119, prosz\u0119 rozwin\u0105\u0107 pasek danych<\/h5>\n<\/div>\n<div class=\"wpcf7 no-js\" id=\"wpcf7-f17195-o1\" lang=\"pl-PL\" dir=\"ltr\" data-wpcf7-id=\"17195\">\n<div class=\"screen-reader-response\"><p role=\"status\" aria-live=\"polite\" aria-atomic=\"true\"><\/p> <ul><\/ul><\/div>\n<form action=\"\/pl\/wp-json\/wp\/v2\/pages\/16898#wpcf7-f17195-o1\" method=\"post\" class=\"wpcf7-form init\" aria-label=\"Formularz kontaktowy\" novalidate=\"novalidate\" data-status=\"init\">\n<fieldset class=\"hidden-fields-container\"><input type=\"hidden\" name=\"_wpcf7\" value=\"17195\" \/><input type=\"hidden\" name=\"_wpcf7_version\" value=\"6.1.5\" \/><input type=\"hidden\" name=\"_wpcf7_locale\" value=\"pl_PL\" \/><input type=\"hidden\" name=\"_wpcf7_unit_tag\" value=\"wpcf7-f17195-o1\" \/><input type=\"hidden\" name=\"_wpcf7_container_post\" value=\"0\" \/><input type=\"hidden\" name=\"_wpcf7_posted_data_hash\" value=\"\" \/><input type=\"hidden\" name=\"_wpcf7cf_hidden_group_fields\" value=\"[]\" \/><input type=\"hidden\" name=\"_wpcf7cf_hidden_groups\" value=\"[]\" \/><input type=\"hidden\" name=\"_wpcf7cf_visible_groups\" value=\"[]\" \/><input type=\"hidden\" name=\"_wpcf7cf_repeaters\" value=\"[]\" \/><input type=\"hidden\" name=\"_wpcf7cf_steps\" value=\"{}\" \/><input type=\"hidden\" name=\"_wpcf7cf_options\" value=\"{&quot;form_id&quot;:17195,&quot;conditions&quot;:[{&quot;then_field&quot;:&quot;esp&quot;,&quot;and_rules&quot;:[{&quot;if_field&quot;:&quot;idioma&quot;,&quot;operator&quot;:&quot;equals&quot;,&quot;if_value&quot;:&quot;hiszpa\\u0144ski&quot;}]},{&quot;then_field&quot;:&quot;ing&quot;,&quot;and_rules&quot;:[{&quot;if_field&quot;:&quot;idioma&quot;,&quot;operator&quot;:&quot;equals&quot;,&quot;if_value&quot;:&quot;angielski&quot;}]},{&quot;then_field&quot;:&quot;fra&quot;,&quot;and_rules&quot;:[{&quot;if_field&quot;:&quot;idioma&quot;,&quot;operator&quot;:&quot;equals&quot;,&quot;if_value&quot;:&quot;francuski&quot;}]},{&quot;then_field&quot;:&quot;-1&quot;,&quot;and_rules&quot;:[{&quot;if_field&quot;:&quot;idioma&quot;,&quot;operator&quot;:&quot;equals&quot;,&quot;if_value&quot;:&quot;portugalski&quot;}]},{&quot;then_field&quot;:&quot;pol&quot;,&quot;and_rules&quot;:[{&quot;if_field&quot;:&quot;idioma&quot;,&quot;operator&quot;:&quot;equals&quot;,&quot;if_value&quot;:&quot;polski&quot;}]}],&quot;settings&quot;:{&quot;animation&quot;:&quot;yes&quot;,&quot;animation_intime&quot;:200,&quot;animation_outtime&quot;:200,&quot;conditions_ui&quot;:&quot;normal&quot;,&quot;notice_dismissed&quot;:false,&quot;notice_dismissed_rollback-cf7-6.1.2&quot;:true}}\" \/><input type=\"hidden\" name=\"_wpcf7_recaptcha_response\" value=\"\" \/>\n<\/fieldset>\n<p><span class=\"wpcf7-form-control-wrap\" data-name=\"your-name\"><input size=\"40\" maxlength=\"400\" class=\"wpcf7-form-control wpcf7-text wpcf7-validates-as-required\" aria-required=\"true\" aria-invalid=\"false\" placeholder=\"IMI\u0118 I NAZWISKO *\" value=\"\" type=\"text\" name=\"your-name\" \/><\/span>\n<\/p>\n<p><span class=\"wpcf7-form-control-wrap\" data-name=\"your-email\"><input size=\"40\" maxlength=\"400\" class=\"wpcf7-form-control wpcf7-email wpcf7-validates-as-required wpcf7-text wpcf7-validates-as-email\" aria-required=\"true\" aria-invalid=\"false\" placeholder=\"EMAIL *\" value=\"\" type=\"email\" name=\"your-email\" \/><\/span>\n<\/p>\n<p><span class=\"wpcf7-form-control-wrap\" data-name=\"Empresa\"><input size=\"40\" maxlength=\"400\" class=\"wpcf7-form-control wpcf7-text wpcf7-validates-as-required\" aria-required=\"true\" aria-invalid=\"false\" placeholder=\"FIRMA *\" value=\"\" type=\"text\" name=\"Empresa\" \/><\/span>\n<\/p>\n<p>Wybierz sw\u00f3j kraj<br \/>\n<span class=\"wpcf7-form-control-wrap\" data-name=\"pais\"><input size=\"40\" class=\"wpcf7-form-control wpcf7-countrytext wpcf7-validates-as-required wpcf7-text wpcf7-validates-as-countrytext\" aria-required=\"true\" aria-invalid=\"false\" value=\"\" type=\"text\" name=\"pais\" \/><\/span><br \/>\nWybierz j\u0119zyk katalogu<br \/>\n<span class=\"wpcf7-form-control-wrap\" data-name=\"idioma\"><select class=\"wpcf7-form-control wpcf7-select\" aria-invalid=\"false\" name=\"idioma\"><option value=\"hiszpa\u0144ski\">hiszpa\u0144ski<\/option><option value=\"angielski\">angielski<\/option><option value=\"francuski\">francuski<\/option><option value=\"polski\">polski<\/option><option value=\"niemiecki\">niemiecki<\/option><\/select><\/span>\n<\/p>\n<div data-id=\"esp\" data-orig_data_id=\"esp\"  class=\"\" data-class=\"wpcf7cf_group\">\n<\/div>\n<div data-id=\"ing\" data-orig_data_id=\"ing\"  class=\"\" data-class=\"wpcf7cf_group\">\n<\/div>\n<div data-id=\"fra\" data-orig_data_id=\"fra\"  class=\"\" data-class=\"wpcf7cf_group\">\n<\/div>\n<div data-id=\"pol\" data-orig_data_id=\"pol\"  class=\"\" data-class=\"wpcf7cf_group\">\n<\/div>\n<div data-id=\"ale\" data-orig_data_id=\"ale\"  class=\"\" data-class=\"wpcf7cf_group\">\n<\/div>\n<p><span class=\"wpcf7-form-control-wrap\" data-name=\"acceptance-380\"><span class=\"wpcf7-form-control wpcf7-acceptance\"><span class=\"wpcf7-list-item\"><label><input type=\"checkbox\" name=\"acceptance-380\" value=\"1\" aria-invalid=\"false\" \/><span class=\"wpcf7-list-item-label\">Akceptuj\u0119 <a href=\"https:\/\/imefy.com\/pl\/polityka-ochrony-danych\/\"> Polityk\u0119 Ochrony Danych<\/a><\/span><\/label><\/span><\/span><\/span>\n<\/p>\n<p><input class=\"wpcf7-form-control wpcf7-submit has-spinner\" type=\"submit\" value=\"WY\u015aLIJ POBIERANIE LINKU\" \/>\n<\/p><div class=\"fusion-alert alert custom alert-custom fusion-alert-center wpcf7-response-output fusion-alert-capitalize awb-alert-native-link-color alert-dismissable awb-alert-close-boxed\" style=\"--awb-border-top-left-radius:0px;--awb-border-top-right-radius:0px;--awb-border-bottom-left-radius:0px;--awb-border-bottom-right-radius:0px;\" role=\"alert\"><div class=\"fusion-alert-content-wrapper\"><span class=\"fusion-alert-content\"><\/span><\/div><button type=\"button\" class=\"close toggle-alert\" data-dismiss=\"alert\" aria-label=\"Close\">&times;<\/button><\/div>\n<\/form>\n<\/div>\n<div class=\"fusion-text fusion-text-3\"><p style=\"font-size: x-small;\">INFORMACJA PODSTAWOWA O OCHRONIE DANYCH<br \/>\n<b>Industrias Mecano El\u00e9ctricas Fontecha Y\u00e9benes S.L.<\/b>, jako odpowiedzialny za t\u0119 stron\u0119 internetow\u0105, informuje, \u017ce Pa\u0144stwa dane b\u0119d\u0105 przetwarzane w celu odpowiedzi na zapytanie kontaktowe lub w celu wysy\u0142ania newsletter\u00f3w. Mog\u0105 Pa\u0144\u015btwo skorzysta\u0107 ze swoich praw poprzez e-mail imefy@imefy.com. Aby uzyska\u0107 wi\u0119cej informacji na temat przetwarzania danych i przys\u0142uguj\u0105cych Ci praw, prosimy klin\u0105\u0107 \u201eZasady ochrony danych\u201d.<br \/>\nInformacje na temat przetwarzania danych osobowych zgodnie z przepisami rozporz\u0105dzenia Parlamentu Europejskiego i Rady (UE) 2016\/679 z dnia 27 kwietnia 2016 r.<br \/>\nOdpowiedzialny: Industrias Mecano El\u00e9ctricas Fontecha Y\u00e9benes, S.L. (IMEFY S.L.).<br \/>\nCel: Zarz\u0105dzania wysy\u0142aniem \u017c\u0105danych informacji.<br \/>\nZatwierdzenie: zgoda osoby zainteresowanej.<br \/>\nOdbiorcy: Twoje dane nie b\u0119d\u0105 przekazywane stronom trzecim, chyba \u017ce istnieje obowi\u0105zek prawny.<br \/>\nPrawa: Masz prawo dost\u0119pu do swoich danych, ich poprawiania i,a tak\u017ce innych praw, kt\u00f3re ci pomagaj\u0105 i kt\u00f3re zosta\u0142y wyja\u015bnione bardziej szczeg\u00f3\u0142owo w informacji prawnej.<br \/>\nInformacje dodatkowe: Mo\u017cesz zapozna\u0107 si\u0119 z bardziej szczeg\u00f3\u0142owymi informacjami na temat prywatno\u015bci i ochrony twoich danych osobowych.<\/p>\n<\/div><\/div><\/div><\/div><\/div><\/div><\/div><\/div>\n","protected":false},"excerpt":{"rendered":"","protected":false},"author":10,"featured_media":0,"parent":0,"menu_order":33,"comment_status":"closed","ping_status":"closed","template":"100-width.php","meta":{"footnotes":""},"class_list":["post-16898","page","type-page","status-publish","hentry"],"yoast_head":"<!-- This site is optimized with the Yoast SEO Premium plugin v27.0 (Yoast SEO v27.3) - https:\/\/yoast.com\/product\/yoast-seo-premium-wordpress\/ -->\n<title>Katalog jednostek wysokomocowych - IMEFY<\/title>\n<meta name=\"robots\" content=\"index, follow, max-snippet:-1, max-image-preview:large, max-video-preview:-1\" \/>\n<link rel=\"canonical\" href=\"https:\/\/imefy.com\/pl\/katalog-jednostek-wysokomocowych\/\" \/>\n<meta property=\"og:locale\" content=\"pl_PL\" \/>\n<meta property=\"og:type\" content=\"article\" \/>\n<meta property=\"og:title\" content=\"Katalog jednostek wysokomocowych\" \/>\n<meta property=\"og:url\" content=\"https:\/\/imefy.com\/pl\/katalog-jednostek-wysokomocowych\/\" \/>\n<meta property=\"og:site_name\" content=\"IMEFY\" \/>\n<meta property=\"article:publisher\" content=\"https:\/\/www.facebook.com\/pages\/Imefy-Group\/852590684780185\" \/>\n<meta property=\"article:modified_time\" content=\"2024-05-22T11:04:10+00:00\" \/>\n<meta name=\"twitter:card\" content=\"summary_large_image\" \/>\n<meta name=\"twitter:site\" content=\"@imefygroup\" \/>\n<meta name=\"twitter:label1\" content=\"Szacowany czas czytania\" \/>\n\t<meta name=\"twitter:data1\" content=\"2 minuty\" \/>\n<script type=\"application\/ld+json\" class=\"yoast-schema-graph\">{\"@context\":\"https:\\\/\\\/schema.org\",\"@graph\":[{\"@type\":\"WebPage\",\"@id\":\"https:\\\/\\\/imefy.com\\\/pl\\\/katalog-jednostek-wysokomocowych\\\/\",\"url\":\"https:\\\/\\\/imefy.com\\\/pl\\\/katalog-jednostek-wysokomocowych\\\/\",\"name\":\"Katalog jednostek wysokomocowych - IMEFY\",\"isPartOf\":{\"@id\":\"\\\/#website\"},\"datePublished\":\"2018-03-13T14:09:10+00:00\",\"dateModified\":\"2024-05-22T11:04:10+00:00\",\"breadcrumb\":{\"@id\":\"https:\\\/\\\/imefy.com\\\/pl\\\/katalog-jednostek-wysokomocowych\\\/#breadcrumb\"},\"inLanguage\":\"pl-PL\",\"potentialAction\":[{\"@type\":\"ReadAction\",\"target\":[\"https:\\\/\\\/imefy.com\\\/pl\\\/katalog-jednostek-wysokomocowych\\\/\"]}]},{\"@type\":\"BreadcrumbList\",\"@id\":\"https:\\\/\\\/imefy.com\\\/pl\\\/katalog-jednostek-wysokomocowych\\\/#breadcrumb\",\"itemListElement\":[{\"@type\":\"ListItem\",\"position\":1,\"name\":\"Portada\",\"item\":\"https:\\\/\\\/imefy.com\\\/pl\\\/\"},{\"@type\":\"ListItem\",\"position\":2,\"name\":\"Katalog jednostek wysokomocowych\"}]},{\"@type\":\"WebSite\",\"@id\":\"\\\/#website\",\"url\":\"\\\/\",\"name\":\"IMEFY\",\"description\":\"Fabricaci\u00f3n de transformadores de distribuci\u00f3n y potencia\",\"potentialAction\":[{\"@type\":\"SearchAction\",\"target\":{\"@type\":\"EntryPoint\",\"urlTemplate\":\"\\\/?s={search_term_string}\"},\"query-input\":{\"@type\":\"PropertyValueSpecification\",\"valueRequired\":true,\"valueName\":\"search_term_string\"}}],\"inLanguage\":\"pl-PL\"}]}<\/script>\n<!-- \/ Yoast SEO Premium plugin. -->","yoast_head_json":{"title":"Katalog jednostek wysokomocowych - IMEFY","robots":{"index":"index","follow":"follow","max-snippet":"max-snippet:-1","max-image-preview":"max-image-preview:large","max-video-preview":"max-video-preview:-1"},"canonical":"https:\/\/imefy.com\/pl\/katalog-jednostek-wysokomocowych\/","og_locale":"pl_PL","og_type":"article","og_title":"Katalog jednostek wysokomocowych","og_url":"https:\/\/imefy.com\/pl\/katalog-jednostek-wysokomocowych\/","og_site_name":"IMEFY","article_publisher":"https:\/\/www.facebook.com\/pages\/Imefy-Group\/852590684780185","article_modified_time":"2024-05-22T11:04:10+00:00","twitter_card":"summary_large_image","twitter_site":"@imefygroup","twitter_misc":{"Szacowany czas czytania":"2 minuty"},"schema":{"@context":"https:\/\/schema.org","@graph":[{"@type":"WebPage","@id":"https:\/\/imefy.com\/pl\/katalog-jednostek-wysokomocowych\/","url":"https:\/\/imefy.com\/pl\/katalog-jednostek-wysokomocowych\/","name":"Katalog jednostek wysokomocowych - IMEFY","isPartOf":{"@id":"\/#website"},"datePublished":"2018-03-13T14:09:10+00:00","dateModified":"2024-05-22T11:04:10+00:00","breadcrumb":{"@id":"https:\/\/imefy.com\/pl\/katalog-jednostek-wysokomocowych\/#breadcrumb"},"inLanguage":"pl-PL","potentialAction":[{"@type":"ReadAction","target":["https:\/\/imefy.com\/pl\/katalog-jednostek-wysokomocowych\/"]}]},{"@type":"BreadcrumbList","@id":"https:\/\/imefy.com\/pl\/katalog-jednostek-wysokomocowych\/#breadcrumb","itemListElement":[{"@type":"ListItem","position":1,"name":"Portada","item":"https:\/\/imefy.com\/pl\/"},{"@type":"ListItem","position":2,"name":"Katalog jednostek wysokomocowych"}]},{"@type":"WebSite","@id":"\/#website","url":"\/","name":"IMEFY","description":"Fabricaci\u00f3n de transformadores de distribuci\u00f3n y potencia","potentialAction":[{"@type":"SearchAction","target":{"@type":"EntryPoint","urlTemplate":"\/?s={search_term_string}"},"query-input":{"@type":"PropertyValueSpecification","valueRequired":true,"valueName":"search_term_string"}}],"inLanguage":"pl-PL"}]}},"_links":{"self":[{"href":"https:\/\/imefy.com\/pl\/wp-json\/wp\/v2\/pages\/16898","targetHints":{"allow":["GET"]}}],"collection":[{"href":"https:\/\/imefy.com\/pl\/wp-json\/wp\/v2\/pages"}],"about":[{"href":"https:\/\/imefy.com\/pl\/wp-json\/wp\/v2\/types\/page"}],"author":[{"embeddable":true,"href":"https:\/\/imefy.com\/pl\/wp-json\/wp\/v2\/users\/10"}],"replies":[{"embeddable":true,"href":"https:\/\/imefy.com\/pl\/wp-json\/wp\/v2\/comments?post=16898"}],"version-history":[{"count":0,"href":"https:\/\/imefy.com\/pl\/wp-json\/wp\/v2\/pages\/16898\/revisions"}],"wp:attachment":[{"href":"https:\/\/imefy.com\/pl\/wp-json\/wp\/v2\/media?parent=16898"}],"curies":[{"name":"wp","href":"https:\/\/api.w.org\/{rel}","templated":true}]}}