{"id":16971,"date":"2018-03-13T09:39:01","date_gmt":"2018-03-13T08:39:01","guid":{"rendered":"http:\/\/yiyyqlf.cluster028.hosting.ovh.net\/noticias\/"},"modified":"2022-12-05T08:56:19","modified_gmt":"2022-12-05T07:56:19","slug":"aktualnosci","status":"publish","type":"page","link":"https:\/\/imefy.com\/pl\/aktualnosci\/","title":{"rendered":"AKTUALNO\u015aCI"},"content":{"rendered":"<div class=\"fusion-fullwidth fullwidth-box fusion-builder-row-1 fusion-flex-container hundred-percent-fullwidth non-hundred-percent-height-scrolling\" style=\"--awb-border-radius-top-left:0px;--awb-border-radius-top-right:0px;--awb-border-radius-bottom-right:0px;--awb-border-radius-bottom-left:0px;--awb-overflow:visible;--awb-margin-top:6%;--awb-margin-bottom:4%;--awb-flex-wrap:wrap;\" ><div class=\"fusion-builder-row fusion-row fusion-flex-align-items-flex-start fusion-flex-content-wrap\" style=\"width:104% !important;max-width:104% !important;margin-left: calc(-4% \/ 2 );margin-right: calc(-4% \/ 2 );\"><div class=\"fusion-layout-column fusion_builder_column fusion-builder-column-0 fusion_builder_column_1_1 1_1 fusion-flex-column fusion-flex-align-self-flex-start fusion-column-no-min-height\" style=\"--awb-bg-size:cover;--awb-width-large:100%;--awb-margin-top-large:0px;--awb-spacing-right-large:1.92%;--awb-margin-bottom-large:0px;--awb-spacing-left-large:1.92%;--awb-width-medium:100%;--awb-spacing-right-medium:1.92%;--awb-spacing-left-medium:1.92%;--awb-width-small:100%;--awb-spacing-right-small:1.92%;--awb-spacing-left-small:1.92%;\"><div class=\"fusion-column-wrapper fusion-flex-justify-content-center fusion-content-layout-column\"><div class=\"fusion-blog-shortcode fusion-blog-shortcode-1 fusion-blog-archive fusion-blog-layout-medium-alternate fusion-blog-infinite imagenblog\"><div class=\"fusion-posts-container fusion-posts-container-infinite fusion-blog-rollover\" data-pages=\"46\"><article id=\"blog-1-post-34984\" class=\"fusion-post-medium-alternate post-34984 post type-post status-publish format-standard has-post-thumbnail hentry category-2026-pl\">\n<div class=\"fusion-date-and-formats\"><div class=\"fusion-date-box updated\"><span class=\"fusion-date\">21<\/span><span class=\"fusion-month-year\">kwi, 2026<\/span><\/div><div class=\"fusion-format-box\"><i class=\"awb-icon-pen\" aria-hidden=\"true\"><\/i><\/div><\/div>\t<style type=\"text\/css\">\n\t\t\n\t\t\n\t\t\n\t\t\n\t\t\t<\/style>\n\n\n\t\t\t<div class=\"fusion-flexslider flexslider fusion-flexslider-loading fusion-post-slideshow\" style=\"\">\n\t\t<ul class=\"slides\">\n\t\t\t\n\t\t\t\t\t\t\t\t\t\t\t\t\t\t<li><div  class=\"fusion-image-wrapper fusion-image-size-fixed\" aria-haspopup=\"true\">\n\t\t\t\t<img loading=\"lazy\" decoding=\"async\" width=\"320\" height=\"168\" src=\"https:\/\/imefy.com\/wp-content\/uploads\/2016\/04\/aprobacion-taqa-abu-dhabi-320x168.jpg\" class=\"attachment-blog-medium size-blog-medium wp-post-image\" alt=\"\" srcset=\"https:\/\/imefy.com\/wp-content\/uploads\/2016\/04\/aprobacion-taqa-abu-dhabi-150x79.jpg 150w, https:\/\/imefy.com\/wp-content\/uploads\/2016\/04\/aprobacion-taqa-abu-dhabi-300x158.jpg 300w, https:\/\/imefy.com\/wp-content\/uploads\/2016\/04\/aprobacion-taqa-abu-dhabi-320x168.jpg 320w, https:\/\/imefy.com\/wp-content\/uploads\/2016\/04\/aprobacion-taqa-abu-dhabi-400x210.jpg 400w, https:\/\/imefy.com\/wp-content\/uploads\/2016\/04\/aprobacion-taqa-abu-dhabi-600x315.jpg 600w, https:\/\/imefy.com\/wp-content\/uploads\/2016\/04\/aprobacion-taqa-abu-dhabi-669x351.jpg 669w, https:\/\/imefy.com\/wp-content\/uploads\/2016\/04\/aprobacion-taqa-abu-dhabi-700x368.jpg 700w, https:\/\/imefy.com\/wp-content\/uploads\/2016\/04\/aprobacion-taqa-abu-dhabi-768x403.jpg 768w, https:\/\/imefy.com\/wp-content\/uploads\/2016\/04\/aprobacion-taqa-abu-dhabi-800x420.jpg 800w, https:\/\/imefy.com\/wp-content\/uploads\/2016\/04\/aprobacion-taqa-abu-dhabi-1024x538.jpg 1024w, https:\/\/imefy.com\/wp-content\/uploads\/2016\/04\/aprobacion-taqa-abu-dhabi.jpg 1200w\" sizes=\"auto, (max-width: 320px) 100vw, 320px\" \/><div class=\"fusion-rollover\">\n\t<div class=\"fusion-rollover-content\">\n\n\t\t\t\t\t\t\t\t\t\t\t\t\t\t<a class=\"fusion-rollover-link\" href=\"https:\/\/imefy.com\/pl\/imefy-uzyskuje-zatwierdzenie-od-taqa-w-abu-zabi-dla-transformatorow-suchych-w-izolacji-z-zywicy-epoksydowej\/\">Imefy uzyskuje zatwierdzenie od TAQA w Abu Zabi dla transformator\u00f3w suchych w izolacji z \u017cywicy epoksydowej<\/a>\n\t\t\t\n\t\t\t\t\t\t\t\t\t\t\t\t\t\t\n\t\t\t\t\t\t\t\t\n\t\t\t\t\t\t\t\t\t\t\t\t\t<div class=\"fusion-rollover-sep\"><\/div>\n\t\t\t\t\n\t\t\t\t\t\t\t\t\t\t\t\t\t\t\t\t\t\t<a class=\"fusion-rollover-gallery\" href=\"https:\/\/imefy.com\/wp-content\/uploads\/2016\/04\/aprobacion-taqa-abu-dhabi.jpg\" data-options=\"\" data-id=\"34984\" data-rel=\"iLightbox[gallery]\" data-title=\"aprobacion-taqa-abu-dhabi\" data-caption=\"\">\n\t\t\t\t\t\tGallery\t\t\t\t\t<\/a>\n\t\t\t\t\t\t\t\t\t\t\t\t\t\t\n\t\t\n\t\t\t\t\t\t\t\t\n\t\t\t\t\t\t\t\t\n\t\t\n\t\t\t\t\t\t<a class=\"fusion-link-wrapper\" href=\"https:\/\/imefy.com\/pl\/imefy-uzyskuje-zatwierdzenie-od-taqa-w-abu-zabi-dla-transformatorow-suchych-w-izolacji-z-zywicy-epoksydowej\/\" aria-label=\"Imefy uzyskuje zatwierdzenie od TAQA w Abu Zabi dla transformator\u00f3w suchych w izolacji z \u017cywicy epoksydowej\"><\/a>\n\t<\/div>\n<\/div>\n<\/div>\n<\/li>\n\t\t\t\n\t\t\t\n\t\t\t\t\t\t\t\t<\/ul>\n\t<\/div>\n\t<div class=\"fusion-post-content post-content\"><h2 class=\"blog-shortcode-post-title entry-title\"><a href=\"https:\/\/imefy.com\/pl\/imefy-uzyskuje-zatwierdzenie-od-taqa-w-abu-zabi-dla-transformatorow-suchych-w-izolacji-z-zywicy-epoksydowej\/\">Imefy uzyskuje zatwierdzenie od TAQA w Abu Zabi dla transformator\u00f3w suchych w izolacji z \u017cywicy epoksydowej<\/a><\/h2><p class=\"fusion-single-line-meta\"><span class=\"vcard\" style=\"display: none;\"><span class=\"fn\"><a href=\"https:\/\/imefy.com\/pl\/author\/mlopez\/\" title=\"Wpisy od mlopez\" rel=\"author\">mlopez<\/a><\/span><\/span><span class=\"updated\" style=\"display:none;\">2026-04-21T14:54:06+02:00<\/span><span>wtorek, 21 kwietnia, 2026<\/span><span class=\"fusion-inline-sep\">|<\/span><\/p><div class=\"fusion-post-content-container\"><p>Imefy kontynuuje rozw\u00f3j swojej obecno\u015bci mi\u0119dzynarodowej po uzyskaniu oficjalnego zatwierdzenia od TAQA w Abu Zabi \u2013 jednym z najbardziej wymagaj\u0105cych i konkurencyjnych rynk\u00f3w [...]<\/p><\/div><\/div><div class=\"fusion-clearfix\"><\/div><\/article>\n<article id=\"blog-1-post-34962\" class=\"fusion-post-medium-alternate post-34962 post type-post status-publish format-standard has-post-thumbnail hentry category-2026-pl category-rsc-pl\">\n<div class=\"fusion-date-and-formats\"><div class=\"fusion-date-box updated\"><span class=\"fusion-date\">08<\/span><span class=\"fusion-month-year\">kwi, 2026<\/span><\/div><div class=\"fusion-format-box\"><i class=\"awb-icon-pen\" aria-hidden=\"true\"><\/i><\/div><\/div>\t<style type=\"text\/css\">\n\t\t\n\t\t\n\t\t\n\t\t\n\t\t\t<\/style>\n\n\n\t\t\t<div class=\"fusion-flexslider flexslider fusion-flexslider-loading fusion-post-slideshow\" style=\"\">\n\t\t<ul class=\"slides\">\n\t\t\t\n\t\t\t\t\t\t\t\t\t\t\t\t\t\t<li><div  class=\"fusion-image-wrapper fusion-image-size-fixed\" aria-haspopup=\"true\">\n\t\t\t\t<img loading=\"lazy\" decoding=\"async\" width=\"320\" height=\"168\" src=\"https:\/\/imefy.com\/wp-content\/uploads\/2026\/04\/acuerdo-imefy-apat-320x168.png\" class=\"attachment-blog-medium size-blog-medium wp-post-image\" alt=\"Imefy refuerza su compromiso social firmando un acuerdo de colaboraci\u00f3n con APAT Toledo\" srcset=\"https:\/\/imefy.com\/wp-content\/uploads\/2026\/04\/acuerdo-imefy-apat-320x168.png 320w, https:\/\/imefy.com\/wp-content\/uploads\/2026\/04\/acuerdo-imefy-apat-669x351.png 669w, https:\/\/imefy.com\/wp-content\/uploads\/2026\/04\/acuerdo-imefy-apat-700x368.png 700w\" sizes=\"auto, (max-width: 320px) 100vw, 320px\" \/><div class=\"fusion-rollover\">\n\t<div class=\"fusion-rollover-content\">\n\n\t\t\t\t\t\t\t\t\t\t\t\t\t\t<a class=\"fusion-rollover-link\" href=\"https:\/\/imefy.com\/pl\/porozumienie-imefy-apat-toledo-autyzm\/\">IMEFY umacnia swoje zaanga\u017cowanie spo\u0142eczne poprzez zawarcie umowy o wsp\u00f3\u0142pracy z APAT Toledo<\/a>\n\t\t\t\n\t\t\t\t\t\t\t\t\t\t\t\t\t\t\n\t\t\t\t\t\t\t\t\n\t\t\t\t\t\t\t\t\t\t\t\t\t<div class=\"fusion-rollover-sep\"><\/div>\n\t\t\t\t\n\t\t\t\t\t\t\t\t\t\t\t\t\t\t\t\t\t\t<a class=\"fusion-rollover-gallery\" href=\"https:\/\/imefy.com\/wp-content\/uploads\/2026\/04\/acuerdo-imefy-apat.png\" data-options=\"\" data-id=\"34962\" data-rel=\"iLightbox[gallery]\" data-title=\"acuerdo-imefy-apat\" data-caption=\"\">\n\t\t\t\t\t\tGallery\t\t\t\t\t<\/a>\n\t\t\t\t\t\t\t\t\t\t\t\t\t\t\n\t\t\n\t\t\t\t\t\t\t\t\n\t\t\t\t\t\t\t\t\n\t\t\n\t\t\t\t\t\t<a class=\"fusion-link-wrapper\" href=\"https:\/\/imefy.com\/pl\/porozumienie-imefy-apat-toledo-autyzm\/\" aria-label=\"IMEFY umacnia swoje zaanga\u017cowanie spo\u0142eczne poprzez zawarcie umowy o wsp\u00f3\u0142pracy z APAT Toledo\"><\/a>\n\t<\/div>\n<\/div>\n<\/div>\n<\/li>\n\t\t\t\n\t\t\t\n\t\t\t\t\t\t\t\t<\/ul>\n\t<\/div>\n\t<div class=\"fusion-post-content post-content\"><h2 class=\"blog-shortcode-post-title entry-title\"><a href=\"https:\/\/imefy.com\/pl\/porozumienie-imefy-apat-toledo-autyzm\/\">IMEFY umacnia swoje zaanga\u017cowanie spo\u0142eczne poprzez zawarcie umowy o wsp\u00f3\u0142pracy z APAT Toledo<\/a><\/h2><p class=\"fusion-single-line-meta\"><span class=\"vcard\" style=\"display: none;\"><span class=\"fn\"><a href=\"https:\/\/imefy.com\/pl\/author\/mlopez\/\" title=\"Wpisy od mlopez\" rel=\"author\">mlopez<\/a><\/span><\/span><span class=\"updated\" style=\"display:none;\">2026-04-08T11:23:41+02:00<\/span><span>\u015broda, 8 kwietnia, 2026<\/span><span class=\"fusion-inline-sep\">|<\/span><\/p><div class=\"fusion-post-content-container\"><p>IMEFY podpisa\u0142o umow\u0119 o wsp\u00f3\u0142pracy ze Stowarzyszeniem Os\u00f3b z Autyzmem w Toledo (APAT) w celu promowania dzia\u0142a\u0144 maj\u0105cych na celu podnoszenie \u015bwiadomo\u015bci spo\u0142ecznej [...]<\/p><\/div><\/div><div class=\"fusion-clearfix\"><\/div><\/article>\n<article id=\"blog-1-post-34939\" class=\"fusion-post-medium-alternate post-34939 post type-post status-publish format-standard has-post-thumbnail hentry category-2026-pl category-rsc-pl\">\n<div class=\"fusion-date-and-formats\"><div class=\"fusion-date-box updated\"><span class=\"fusion-date\">31<\/span><span class=\"fusion-month-year\">mar, 2026<\/span><\/div><div class=\"fusion-format-box\"><i class=\"awb-icon-pen\" aria-hidden=\"true\"><\/i><\/div><\/div>\t<style type=\"text\/css\">\n\t\t\n\t\t\n\t\t\n\t\t\n\t\t\t<\/style>\n\n\n\t\t\t<div class=\"fusion-flexslider flexslider fusion-flexslider-loading fusion-post-slideshow\" style=\"\">\n\t\t<ul class=\"slides\">\n\t\t\t\n\t\t\t\t\t\t\t\t\t\t\t\t\t\t<li><div  class=\"fusion-image-wrapper fusion-image-size-fixed\" aria-haspopup=\"true\">\n\t\t\t\t<img loading=\"lazy\" decoding=\"async\" width=\"320\" height=\"168\" src=\"https:\/\/imefy.com\/wp-content\/uploads\/2026\/03\/imefy-zona-5-liga-regular-playoffs-320x168.jpg\" class=\"attachment-blog-medium size-blog-medium wp-post-image\" alt=\"El IMEFY ZONA 5 TOLEDO concluye la Liga Regular consolid\u00e1ndose en Primera Nacional\" srcset=\"https:\/\/imefy.com\/wp-content\/uploads\/2026\/03\/imefy-zona-5-liga-regular-playoffs-150x79.jpg 150w, https:\/\/imefy.com\/wp-content\/uploads\/2026\/03\/imefy-zona-5-liga-regular-playoffs-300x158.jpg 300w, https:\/\/imefy.com\/wp-content\/uploads\/2026\/03\/imefy-zona-5-liga-regular-playoffs-320x168.jpg 320w, https:\/\/imefy.com\/wp-content\/uploads\/2026\/03\/imefy-zona-5-liga-regular-playoffs-400x210.jpg 400w, https:\/\/imefy.com\/wp-content\/uploads\/2026\/03\/imefy-zona-5-liga-regular-playoffs-600x315.jpg 600w, https:\/\/imefy.com\/wp-content\/uploads\/2026\/03\/imefy-zona-5-liga-regular-playoffs-669x351.jpg 669w, https:\/\/imefy.com\/wp-content\/uploads\/2026\/03\/imefy-zona-5-liga-regular-playoffs-700x368.jpg 700w, https:\/\/imefy.com\/wp-content\/uploads\/2026\/03\/imefy-zona-5-liga-regular-playoffs-768x403.jpg 768w, https:\/\/imefy.com\/wp-content\/uploads\/2026\/03\/imefy-zona-5-liga-regular-playoffs-800x420.jpg 800w, https:\/\/imefy.com\/wp-content\/uploads\/2026\/03\/imefy-zona-5-liga-regular-playoffs-1024x538.jpg 1024w, https:\/\/imefy.com\/wp-content\/uploads\/2026\/03\/imefy-zona-5-liga-regular-playoffs.jpg 1200w\" sizes=\"auto, (max-width: 320px) 100vw, 320px\" \/><div class=\"fusion-rollover\">\n\t<div class=\"fusion-rollover-content\">\n\n\t\t\t\t\t\t\t\t\t\t\t\t\t\t<a class=\"fusion-rollover-link\" href=\"https:\/\/imefy.com\/pl\/imefy-strefa-5-toledo-pierwsza-liga-krajowa-play-off\/\">IMEFY ZONA 5 TOLEDO ko\u0144czy sezon zasadniczy, umacniaj\u0105c swoj\u0105 pozycj\u0119 w Primera Nacional<\/a>\n\t\t\t\n\t\t\t\t\t\t\t\t\t\t\t\t\t\t\n\t\t\t\t\t\t\t\t\n\t\t\t\t\t\t\t\t\t\t\t\t\t<div class=\"fusion-rollover-sep\"><\/div>\n\t\t\t\t\n\t\t\t\t\t\t\t\t\t\t\t\t\t\t\t\t\t\t<a class=\"fusion-rollover-gallery\" href=\"https:\/\/imefy.com\/wp-content\/uploads\/2026\/03\/imefy-zona-5-liga-regular-playoffs.jpg\" data-options=\"\" data-id=\"34939\" data-rel=\"iLightbox[gallery]\" data-title=\"imefy-zona-5-liga-regular-playoffs\" data-caption=\"\">\n\t\t\t\t\t\tGallery\t\t\t\t\t<\/a>\n\t\t\t\t\t\t\t\t\t\t\t\t\t\t\n\t\t\n\t\t\t\t\t\t\t\t\n\t\t\t\t\t\t\t\t\n\t\t\n\t\t\t\t\t\t<a class=\"fusion-link-wrapper\" href=\"https:\/\/imefy.com\/pl\/imefy-strefa-5-toledo-pierwsza-liga-krajowa-play-off\/\" aria-label=\"IMEFY ZONA 5 TOLEDO ko\u0144czy sezon zasadniczy, umacniaj\u0105c swoj\u0105 pozycj\u0119 w Primera Nacional\"><\/a>\n\t<\/div>\n<\/div>\n<\/div>\n<\/li>\n\t\t\t\n\t\t\t\n\t\t\t\t\t\t\t\t<\/ul>\n\t<\/div>\n\t<div class=\"fusion-post-content post-content\"><h2 class=\"blog-shortcode-post-title entry-title\"><a href=\"https:\/\/imefy.com\/pl\/imefy-strefa-5-toledo-pierwsza-liga-krajowa-play-off\/\">IMEFY ZONA 5 TOLEDO ko\u0144czy sezon zasadniczy, umacniaj\u0105c swoj\u0105 pozycj\u0119 w Primera Nacional<\/a><\/h2><p class=\"fusion-single-line-meta\"><span class=\"vcard\" style=\"display: none;\"><span class=\"fn\"><a href=\"https:\/\/imefy.com\/pl\/author\/mlopez\/\" title=\"Wpisy od mlopez\" rel=\"author\">mlopez<\/a><\/span><\/span><span class=\"updated\" style=\"display:none;\">2026-03-31T10:21:18+02:00<\/span><span>wtorek, 31 marca, 2026<\/span><span class=\"fusion-inline-sep\">|<\/span><\/p><div class=\"fusion-post-content-container\"><p>Chocia\u017c pocz\u0105tek sezonu budzi\u0142 wiele w\u0105tpliwo\u015bci \u2013 w pierwszej rundzie odnotowano tylko jedno zwyci\u0119stwo \u2013 dru\u017cyna znacznie poprawi\u0142a swoj\u0105 form\u0119 w drugiej rundzie. [...]<\/p><\/div><\/div><div class=\"fusion-clearfix\"><\/div><\/article>\n<article id=\"blog-1-post-34848\" class=\"fusion-post-medium-alternate post-34848 post type-post status-publish format-standard has-post-thumbnail hentry category-2026-pl\">\n<div class=\"fusion-date-and-formats\"><div class=\"fusion-date-box updated\"><span class=\"fusion-date\">16<\/span><span class=\"fusion-month-year\">mar, 2026<\/span><\/div><div class=\"fusion-format-box\"><i class=\"awb-icon-pen\" aria-hidden=\"true\"><\/i><\/div><\/div>\t<style type=\"text\/css\">\n\t\t\n\t\t\n\t\t\n\t\t\n\t\t\t<\/style>\n\n\n\t\t\t<div class=\"fusion-flexslider flexslider fusion-flexslider-loading fusion-post-slideshow\" style=\"\">\n\t\t<ul class=\"slides\">\n\t\t\t\n\t\t\t\t\t\t\t\t\t\t\t\t\t\t<li><div  class=\"fusion-image-wrapper fusion-image-size-fixed\" aria-haspopup=\"true\">\n\t\t\t\t<img loading=\"lazy\" decoding=\"async\" width=\"320\" height=\"168\" src=\"https:\/\/imefy.com\/wp-content\/uploads\/2026\/02\/calidad-ambiental-iso-14001-320x168.jpg\" class=\"attachment-blog-medium size-blog-medium wp-post-image\" alt=\"IMEFY China obtiene la certificaci\u00f3n ISO 14001:2015 en su sistema de gesti\u00f3n ambiental\" srcset=\"https:\/\/imefy.com\/wp-content\/uploads\/2026\/02\/calidad-ambiental-iso-14001-150x79.jpg 150w, https:\/\/imefy.com\/wp-content\/uploads\/2026\/02\/calidad-ambiental-iso-14001-300x158.jpg 300w, https:\/\/imefy.com\/wp-content\/uploads\/2026\/02\/calidad-ambiental-iso-14001-320x168.jpg 320w, https:\/\/imefy.com\/wp-content\/uploads\/2026\/02\/calidad-ambiental-iso-14001-400x210.jpg 400w, https:\/\/imefy.com\/wp-content\/uploads\/2026\/02\/calidad-ambiental-iso-14001-600x315.jpg 600w, https:\/\/imefy.com\/wp-content\/uploads\/2026\/02\/calidad-ambiental-iso-14001-669x351.jpg 669w, https:\/\/imefy.com\/wp-content\/uploads\/2026\/02\/calidad-ambiental-iso-14001-700x368.jpg 700w, https:\/\/imefy.com\/wp-content\/uploads\/2026\/02\/calidad-ambiental-iso-14001-768x403.jpg 768w, https:\/\/imefy.com\/wp-content\/uploads\/2026\/02\/calidad-ambiental-iso-14001-800x420.jpg 800w, https:\/\/imefy.com\/wp-content\/uploads\/2026\/02\/calidad-ambiental-iso-14001-1024x538.jpg 1024w, https:\/\/imefy.com\/wp-content\/uploads\/2026\/02\/calidad-ambiental-iso-14001.jpg 1200w\" sizes=\"auto, (max-width: 320px) 100vw, 320px\" \/><div class=\"fusion-rollover\">\n\t<div class=\"fusion-rollover-content\">\n\n\t\t\t\t\t\t\t\t\t\t\t\t\t\t<a class=\"fusion-rollover-link\" href=\"https:\/\/imefy.com\/pl\/imefy-transformers-jiangsu-certyfikat-iso-140012015\/\">IMEFY Transformers Jiangsu uzyska\u0142o certyfikat ISO 14001:2015 w zakresie systemu zarz\u0105dzania \u015brodowiskowego<\/a>\n\t\t\t\n\t\t\t\t\t\t\t\t\t\t\t\t\t\t\n\t\t\t\t\t\t\t\t\n\t\t\t\t\t\t\t\t\t\t\t\t\t<div class=\"fusion-rollover-sep\"><\/div>\n\t\t\t\t\n\t\t\t\t\t\t\t\t\t\t\t\t\t\t\t\t\t\t<a class=\"fusion-rollover-gallery\" href=\"https:\/\/imefy.com\/wp-content\/uploads\/2026\/02\/calidad-ambiental-iso-14001.jpg\" data-options=\"\" data-id=\"34848\" data-rel=\"iLightbox[gallery]\" data-title=\"calidad-ambiental-iso-14001\" data-caption=\"\">\n\t\t\t\t\t\tGallery\t\t\t\t\t<\/a>\n\t\t\t\t\t\t\t\t\t\t\t\t\t\t\n\t\t\n\t\t\t\t\t\t\t\t\n\t\t\t\t\t\t\t\t\n\t\t\n\t\t\t\t\t\t<a class=\"fusion-link-wrapper\" href=\"https:\/\/imefy.com\/pl\/imefy-transformers-jiangsu-certyfikat-iso-140012015\/\" aria-label=\"IMEFY Transformers Jiangsu uzyska\u0142o certyfikat ISO 14001:2015 w zakresie systemu zarz\u0105dzania \u015brodowiskowego\"><\/a>\n\t<\/div>\n<\/div>\n<\/div>\n<\/li>\n\t\t\t\n\t\t\t\n\t\t\t\t\t\t\t\t<\/ul>\n\t<\/div>\n\t<div class=\"fusion-post-content post-content\"><h2 class=\"blog-shortcode-post-title entry-title\"><a href=\"https:\/\/imefy.com\/pl\/imefy-transformers-jiangsu-certyfikat-iso-140012015\/\">IMEFY Transformers Jiangsu uzyska\u0142o certyfikat ISO 14001:2015 w zakresie systemu zarz\u0105dzania \u015brodowiskowego<\/a><\/h2><p class=\"fusion-single-line-meta\"><span class=\"vcard\" style=\"display: none;\"><span class=\"fn\"><a href=\"https:\/\/imefy.com\/pl\/author\/mlopez\/\" title=\"Wpisy od mlopez\" rel=\"author\">mlopez<\/a><\/span><\/span><span class=\"updated\" style=\"display:none;\">2026-03-09T13:47:25+01:00<\/span><span>poniedzia\u0142ek, 16 marca, 2026<\/span><span class=\"fusion-inline-sep\">|<\/span><\/p><div class=\"fusion-post-content-container\"><p>Firma IMEFY Transformers (Jiangsu) Co., Ltd. uzyska\u0142a certyfikat ISO 14001:2015, kt\u00f3ry potwierdza prawid\u0142owe wdro\u017cenie systemu zarz\u0105dzania \u015brodowiskowego zgodnego z mi\u0119dzynarodowymi normami w zakresie [...]<\/p><\/div><\/div><div class=\"fusion-clearfix\"><\/div><\/article>\n<\/div><div class=\"fusion-infinite-scroll-trigger\"><\/div><div class=\"pagination infinite-scroll clearfix\" style=\"display:none;\"><span class=\"current\">1<\/span><a href=\"https:\/\/imefy.com\/pl\/wp-json\/wp\/v2\/pages\/16971\/page\/2\/\" class=\"inactive\">2<\/a><a class=\"pagination-next\" rel=\"next\" href=\"https:\/\/imefy.com\/pl\/wp-json\/wp\/v2\/pages\/16971\/page\/2\/\"><span class=\"page-text\">Nast\u0119pny<\/span><span class=\"page-next\"><\/span><\/a><\/div><div class=\"fusion-clearfix\"><\/div><\/div><\/div><\/div><\/div><\/div>\n","protected":false},"excerpt":{"rendered":"","protected":false},"author":10,"featured_media":0,"parent":0,"menu_order":60,"comment_status":"closed","ping_status":"closed","template":"","meta":{"footnotes":""},"class_list":["post-16971","page","type-page","status-publish","hentry"],"yoast_head":"<!-- This site is optimized with the Yoast SEO Premium plugin v27.4 (Yoast SEO v27.4) - https:\/\/yoast.com\/product\/yoast-seo-premium-wordpress\/ -->\n<title>AKTUALNO\u015aCI - IMEFY<\/title>\n<meta name=\"robots\" content=\"index, follow, max-snippet:-1, max-image-preview:large, max-video-preview:-1\" \/>\n<link rel=\"canonical\" href=\"https:\/\/imefy.com\/pl\/aktualnosci\/\" \/>\n<meta property=\"og:locale\" content=\"pl_PL\" \/>\n<meta property=\"og:type\" content=\"article\" \/>\n<meta property=\"og:title\" content=\"AKTUALNO\u015aCI\" \/>\n<meta property=\"og:url\" content=\"https:\/\/imefy.com\/pl\/aktualnosci\/\" \/>\n<meta property=\"og:site_name\" content=\"IMEFY\" \/>\n<meta property=\"article:publisher\" content=\"https:\/\/www.facebook.com\/pages\/Imefy-Group\/852590684780185\" \/>\n<meta property=\"article:modified_time\" content=\"2022-12-05T07:56:19+00:00\" \/>\n<meta name=\"twitter:card\" content=\"summary_large_image\" \/>\n<meta name=\"twitter:site\" content=\"@imefygroup\" \/>\n<meta name=\"twitter:label1\" content=\"Szacowany czas czytania\" \/>\n\t<meta name=\"twitter:data1\" content=\"1 minuta\" \/>\n<script type=\"application\/ld+json\" class=\"yoast-schema-graph\">{\"@context\":\"https:\\\/\\\/schema.org\",\"@graph\":[{\"@type\":\"WebPage\",\"@id\":\"https:\\\/\\\/imefy.com\\\/pl\\\/aktualnosci\\\/\",\"url\":\"https:\\\/\\\/imefy.com\\\/pl\\\/aktualnosci\\\/\",\"name\":\"AKTUALNO\u015aCI - IMEFY\",\"isPartOf\":{\"@id\":\"\\\/#website\"},\"datePublished\":\"2018-03-13T08:39:01+00:00\",\"dateModified\":\"2022-12-05T07:56:19+00:00\",\"breadcrumb\":{\"@id\":\"https:\\\/\\\/imefy.com\\\/pl\\\/aktualnosci\\\/#breadcrumb\"},\"inLanguage\":\"pl-PL\",\"potentialAction\":[{\"@type\":\"ReadAction\",\"target\":[\"https:\\\/\\\/imefy.com\\\/pl\\\/aktualnosci\\\/\"]}]},{\"@type\":\"BreadcrumbList\",\"@id\":\"https:\\\/\\\/imefy.com\\\/pl\\\/aktualnosci\\\/#breadcrumb\",\"itemListElement\":[{\"@type\":\"ListItem\",\"position\":1,\"name\":\"Portada\",\"item\":\"https:\\\/\\\/imefy.com\\\/pl\\\/\"},{\"@type\":\"ListItem\",\"position\":2,\"name\":\"AKTUALNO\u015aCI\"}]},{\"@type\":\"WebSite\",\"@id\":\"\\\/#website\",\"url\":\"\\\/\",\"name\":\"IMEFY\",\"description\":\"Fabricaci\u00f3n de transformadores de distribuci\u00f3n y potencia\",\"potentialAction\":[{\"@type\":\"SearchAction\",\"target\":{\"@type\":\"EntryPoint\",\"urlTemplate\":\"\\\/?s={search_term_string}\"},\"query-input\":{\"@type\":\"PropertyValueSpecification\",\"valueRequired\":true,\"valueName\":\"search_term_string\"}}],\"inLanguage\":\"pl-PL\"}]}<\/script>\n<!-- \/ Yoast SEO Premium plugin. -->","yoast_head_json":{"title":"AKTUALNO\u015aCI - IMEFY","robots":{"index":"index","follow":"follow","max-snippet":"max-snippet:-1","max-image-preview":"max-image-preview:large","max-video-preview":"max-video-preview:-1"},"canonical":"https:\/\/imefy.com\/pl\/aktualnosci\/","og_locale":"pl_PL","og_type":"article","og_title":"AKTUALNO\u015aCI","og_url":"https:\/\/imefy.com\/pl\/aktualnosci\/","og_site_name":"IMEFY","article_publisher":"https:\/\/www.facebook.com\/pages\/Imefy-Group\/852590684780185","article_modified_time":"2022-12-05T07:56:19+00:00","twitter_card":"summary_large_image","twitter_site":"@imefygroup","twitter_misc":{"Szacowany czas czytania":"1 minuta"},"schema":{"@context":"https:\/\/schema.org","@graph":[{"@type":"WebPage","@id":"https:\/\/imefy.com\/pl\/aktualnosci\/","url":"https:\/\/imefy.com\/pl\/aktualnosci\/","name":"AKTUALNO\u015aCI - IMEFY","isPartOf":{"@id":"\/#website"},"datePublished":"2018-03-13T08:39:01+00:00","dateModified":"2022-12-05T07:56:19+00:00","breadcrumb":{"@id":"https:\/\/imefy.com\/pl\/aktualnosci\/#breadcrumb"},"inLanguage":"pl-PL","potentialAction":[{"@type":"ReadAction","target":["https:\/\/imefy.com\/pl\/aktualnosci\/"]}]},{"@type":"BreadcrumbList","@id":"https:\/\/imefy.com\/pl\/aktualnosci\/#breadcrumb","itemListElement":[{"@type":"ListItem","position":1,"name":"Portada","item":"https:\/\/imefy.com\/pl\/"},{"@type":"ListItem","position":2,"name":"AKTUALNO\u015aCI"}]},{"@type":"WebSite","@id":"\/#website","url":"\/","name":"IMEFY","description":"Fabricaci\u00f3n de transformadores de distribuci\u00f3n y potencia","potentialAction":[{"@type":"SearchAction","target":{"@type":"EntryPoint","urlTemplate":"\/?s={search_term_string}"},"query-input":{"@type":"PropertyValueSpecification","valueRequired":true,"valueName":"search_term_string"}}],"inLanguage":"pl-PL"}]}},"_links":{"self":[{"href":"https:\/\/imefy.com\/pl\/wp-json\/wp\/v2\/pages\/16971","targetHints":{"allow":["GET"]}}],"collection":[{"href":"https:\/\/imefy.com\/pl\/wp-json\/wp\/v2\/pages"}],"about":[{"href":"https:\/\/imefy.com\/pl\/wp-json\/wp\/v2\/types\/page"}],"author":[{"embeddable":true,"href":"https:\/\/imefy.com\/pl\/wp-json\/wp\/v2\/users\/10"}],"replies":[{"embeddable":true,"href":"https:\/\/imefy.com\/pl\/wp-json\/wp\/v2\/comments?post=16971"}],"version-history":[{"count":0,"href":"https:\/\/imefy.com\/pl\/wp-json\/wp\/v2\/pages\/16971\/revisions"}],"wp:attachment":[{"href":"https:\/\/imefy.com\/pl\/wp-json\/wp\/v2\/media?parent=16971"}],"curies":[{"name":"wp","href":"https:\/\/api.w.org\/{rel}","templated":true}]}}