{"id":18506,"date":"2020-04-30T11:23:22","date_gmt":"2020-04-30T09:23:22","guid":{"rendered":"https:\/\/imefy.com\/?page_id=18506"},"modified":"2021-05-14T15:04:40","modified_gmt":"2021-05-14T13:04:40","slug":"zasady-plikow-cookie","status":"publish","type":"page","link":"https:\/\/imefy.com\/pl\/zasady-plikow-cookie\/","title":{"rendered":"ZASADY PLIK\u00d3W COOKIE"},"content":{"rendered":"<div class=\"fusion-fullwidth fullwidth-box fusion-builder-row-1 fusion-flex-container nonhundred-percent-fullwidth non-hundred-percent-height-scrolling\" style=\"--awb-background-position:left top;--awb-border-sizes-top:0px;--awb-border-sizes-bottom:0px;--awb-border-sizes-left:0px;--awb-border-sizes-right:0px;--awb-border-radius-top-left:0px;--awb-border-radius-top-right:0px;--awb-border-radius-bottom-right:0px;--awb-border-radius-bottom-left:0px;--awb-padding-top:60px;--awb-padding-bottom:100px;--awb-flex-wrap:wrap;\" ><div class=\"fusion-builder-row fusion-row fusion-flex-align-items-stretch fusion-flex-content-wrap\" style=\"max-width:calc( 1170px + 0px );margin-left: calc(-0px \/ 2 );margin-right: calc(-0px \/ 2 );\"><div class=\"fusion-layout-column fusion_builder_column fusion-builder-column-0 fusion_builder_column_1_1 1_1 fusion-flex-column\" style=\"--awb-padding-top:40px;--awb-padding-right:40px;--awb-padding-bottom:40px;--awb-padding-left:40px;--awb-bg-color:#ffffff;--awb-bg-color-hover:#ffffff;--awb-bg-size:cover;--awb-border-color:#dddddd;--awb-border-top:1px;--awb-border-right:1px;--awb-border-bottom:1px;--awb-border-left:1px;--awb-border-style:solid;--awb-width-large:100%;--awb-margin-top-large:0px;--awb-spacing-right-large:0px;--awb-margin-bottom-large:30px;--awb-spacing-left-large:0px;--awb-width-medium:100%;--awb-spacing-right-medium:0px;--awb-spacing-left-medium:0px;--awb-width-small:100%;--awb-spacing-right-small:0px;--awb-spacing-left-small:0px;\"><div class=\"fusion-column-wrapper fusion-flex-justify-content-flex-start fusion-content-layout-column\"><div class=\"fusion-text fusion-text-1\"><p><strong>Co to jest plik cookie?<\/strong><\/p>\n<p>Plik cookie to plik, kt\u00f3ry jest pobierany na komputer u\u017cytkownika podczas uzyskiwania dost\u0119pu do niekt\u00f3rych stron internetowych. Pliki cookie umo\u017cliwiaj\u0105 mi\u0119dzy innymi przechowywanie i pobieranie przez witryn\u0119 internetow\u0105 informacji o zwyczajach przegl\u0105dania u\u017cytkownika lub o jego sprz\u0119cie oraz, w zale\u017cno\u015bci od tego, jakie informacje zawieraj\u0105 i w jaki spos\u00f3b u\u017cytkownik korzysta ze swojego sprz\u0119tu, mog\u0105 by\u0107 wykorzystane do rozpoznawania tego ostatniego.<\/p>\n<p>Jednak \u015brodki te uzyskuj\u0105 jedynie informacje zwi\u0105zane z liczb\u0105 odwiedzonych stron, miastem, do kt\u00f3rego przypisany jest adres IP, z kt\u00f3rego nast\u0119puje dost\u0119p, liczb\u0105 nowych u\u017cytkownik\u00f3w, cz\u0119stotliwo\u015bci\u0105 i powtarzalno\u015bci\u0105 odwiedzin, czasem odwiedzin, przegl\u0105dark\u0105 lub operatorem lub typem terminala, z kt\u00f3rego odwiedzana jest witryna. W \u017cadnym przypadku nie s\u0105 pozyskiwane dane dotycz\u0105ce imienia, nazwiska, adresu pocztowego ani innych podobnych danych u\u017cytkownika, kt\u00f3ry si\u0119 po\u0142\u0105czy\u0142.<\/p>\n<p><strong>Jakie rodzaje plik\u00f3w cookie istniej\u0105?<\/strong><\/p>\n<p>Pliki cookie mog\u0105 by\u0107 w\u0142asne lub pochodz\u0105ce od stron trzecich. W\u0142asne to te, kt\u00f3re s\u0105 wysy\u0142ane na urz\u0105dzenie ko\u0144cowe u\u017cytkownika z komputera lub domeny zarz\u0105dzanej przez samego edytora witryny internetowej, z kt\u00f3rej \u015bwiadczona jest \u017c\u0105dana przez u\u017cytkownika us\u0142uga. Pliki cookie zewn\u0119trzne to takie, kt\u00f3re s\u0105 wysy\u0142ane do urz\u0105dzenia ko\u0144cowego u\u017cytkownika z komputera lub domeny, kt\u00f3ra nie jest zarz\u0105dzana przez edytora, ale przez inny podmiot przetwarzaj\u0105cy dane pozyskane za pomoc\u0105 plik\u00f3w cookie.<\/p>\n<p>Ponadto pliki cookie mog\u0105 by\u0107 sesyjne lub trwa\u0142e. Pierwsze z nich to rodzaj plik\u00f3w cookie przeznaczonych do gromadzenia i przechowywania danych, gdy u\u017cytkownik uzyskuje dost\u0119p do strony internetowej. Trwa\u0142e pliki cookie to rodzaj plik\u00f3w cookie, kt\u00f3re przechowuj\u0105 dane w urz\u0105dzeniu ko\u0144cowym, aby by\u0142y dost\u0119pne, i mog\u0105 by\u0107 przetwarzane przez czas okre\u015blony przez osob\u0119 odpowiedzialn\u0105 za plik cookie, kt\u00f3ry mo\u017ce wynosi\u0107 od kilku minut do kilku lat.<\/p>\n<p><strong>Kto jest odpowiedzialny za przetwarzanie plik\u00f3w cookie na tej witrynie? <\/strong><\/p>\n<p>Informacje na temat w\u0142a\u015bciciela witryny internetowej i osoby odpowiedzialnej za przetwarzanie u\u017cywanych tutaj plik\u00f3w cookie, a tak\u017ce ich dane kontaktowe, s\u0105 dost\u0119pne w <strong><u>Komunikacie prawnym<\/u><\/strong> na tej stronie. Podobnie, mog\u0105 istnie\u0107 pliki cookie stron trzecich innych ni\u017c w\u0142a\u015bciciel tej witryny, jak wyja\u015bniono poni\u017cej.<\/p>\n<p><strong>Jakie pliki cookie wykorzystuje ta witryna i do czego s\u0142u\u017c\u0105?<\/strong><\/p>\n<p>Ta Witryna korzysta z w\u0142asnych plik\u00f3w cookie, kt\u00f3re maj\u0105 na celu zapami\u0119tywanie preferencji u\u017cytkownika, takich jak j\u0119zyk, w jakim ma by\u0107 wy\u015bwietlana witryna, czy akceptacj\u0119 plik\u00f3w cookie itp.<\/p>\n<p>Ta Witryna korzysta z nast\u0119puj\u0105cych plik\u00f3w cookie stron trzecich:<\/p>\n<ul>\n<li>Analityczne pliki cookie: S\u0105 to pliki cookie przetwarzane przez nas lub przez osoby trzecie, kt\u00f3re pozwalaj\u0105 nam oszacowa\u0107 liczb\u0119 u\u017cytkownik\u00f3w i analizowa\u0107 ich nawyki przegl\u0105dania, a tym samym przeprowadzi\u0107 pomiary statystyczne i analiz\u0119 korzystania z witryny przez u\u017cytkownik\u00f3w. W tym celu analizowane jest przegl\u0105danie naszej strony internetowej, aby ulepsza\u0107 jej zawarto\u015b\u0107 i zapewni\u0107 lepsz\u0105 obs\u0142ug\u0119 za jej po\u015brednictwem.<\/li>\n<li>Personalizacyjne pliki cookie &#8211; Pozwalaj\u0105 nam oferowa\u0107 bardziej spersonalizowany odbi\u00f3r zawarto\u015bci tej strony internetowej (np. j\u0119zyk), wy\u015bwietla\u0107 odpowiednie tre\u015bci dla u\u017cytkownika i wysy\u0142a\u0107 mu wiadomo\u015bci lub alerty, o kt\u00f3re prosi.<\/li>\n<\/ul>\n<table width=\"100%\" border=\"1\">\n<thead>\n<tr>\n<td width=\"50%\">PLIK COOKIE<\/td>\n<td width=\"50%\">OPIS<\/td>\n<\/tr>\n<\/thead>\n<tbody>\n<tr>\n<td width=\"217\">__cfduid<\/td>\n<td width=\"444\">Plik cookie u\u017cywany przez us\u0142ugi CDN, takie jak CloudFare, do identyfikowania poszczeg\u00f3lnych klient\u00f3w korzystaj\u0105cych ze wsp\u00f3lnego adresu IP i stosowania ustawie\u0144 zabezpiecze\u0144 dostosowanych do klienta. Nie odpowiada on \u017cadnej identyfikacji u\u017cytkownika w aplikacji internetowej i nie przechowuje \u017cadnych danych osobowych.<\/td>\n<\/tr>\n<tr>\n<td width=\"217\">_ga<\/td>\n<td width=\"444\">Ten plik cookie jest instalowany przez Google Analytics. Plik cookie s\u0142u\u017c\u0105cy do obliczania danych dotycz\u0105cych odwiedzaj\u0105cych, sesji i kampanii oraz do \u015bledzenia wykorzystania witryny w celu uzyskania raportu analitycznego witryny. Te pliki cookie przechowuj\u0105 informacje anonimowo i przypisuj\u0105 losowo wygenerowany numer w celu identyfikacji unikalnych odwiedzaj\u0105cych.<\/td>\n<\/tr>\n<tr>\n<td width=\"217\">_gat_gtag_UA_134389627_1<\/td>\n<td width=\"444\">Brak opisu<\/td>\n<\/tr>\n<tr>\n<td width=\"217\">_gid<\/td>\n<td width=\"444\">Ten plik cookie jest instalowany przez Google Analytics. Plik cookie s\u0142u\u017c\u0105cy do przechowywania informacji o korzystaniu przez odwiedzaj\u0105cych z witryny internetowej i pomagaj\u0105cy w tworzeniu analitycznego raportu z dzia\u0142ania strony internetowej. Gromadzone dane obejmuj\u0105 liczb\u0119 odwiedzaj\u0105cych, \u017ar\u00f3d\u0142o, z kt\u00f3rego pochodz\u0105, oraz strony odwiedzane anonimowo.<\/td>\n<\/tr>\n<tr>\n<td width=\"217\">_GRECAPTCHA<\/td>\n<td width=\"444\">Ten plik cookie jest instalowany przez Google. Opr\u00f3cz niekt\u00f3rych standardowych plik\u00f3w cookie Google reCAPTCHA ustawia wymagany plik cookie (_GRECAPTCHA) podczas jego uruchamiania w celu zapewnienia analizy ryzyka.<\/td>\n<\/tr>\n<tr>\n<td width=\"217\">_icl_visitor_lang_js<\/td>\n<td width=\"444\">Ten plik cookie jest przechowywany przez wtyczk\u0119 WordPress WPML. Celem pliku cookie jest przechowywanie przekierowanego j\u0119zyka.<\/td>\n<\/tr>\n<tr>\n<td width=\"217\">cookielawinfo-checkbox-analisis<\/td>\n<td width=\"444\">Brak opisu<\/td>\n<\/tr>\n<tr>\n<td width=\"217\">cookielawinfo-checkbox-funcionales<\/td>\n<td width=\"444\">Brak opisu<\/td>\n<\/tr>\n<tr>\n<td width=\"217\">cookielawinfo-checkbox-necesarias<\/td>\n<td width=\"444\">Brak opisu<\/td>\n<\/tr>\n<tr>\n<td width=\"217\">cookielawinfo-checkbox-otras<\/td>\n<td width=\"444\">Brak opisu<\/td>\n<\/tr>\n<tr>\n<td width=\"217\">cookielawinfo-checkbox-publicidad<\/td>\n<td width=\"444\">Brak opisu<\/td>\n<\/tr>\n<tr>\n<td width=\"217\">cookielawinfo-checkbox-rendimiento<\/td>\n<td width=\"444\">Brak opisu<\/td>\n<\/tr>\n<tr>\n<td width=\"217\">IDE<\/td>\n<td width=\"444\">U\u017cywany przez Google DoubleClick, przechowuje informacje o korzystaniu przez u\u017cytkownika ze strony internetowej i wszelkich innych reklamach przed jej odwiedzeniem. S\u0142u\u017cy do prezentowania u\u017cytkownikom reklam, kt\u00f3re s\u0105 dla nich wskazane, na podstawie profilu u\u017cytkownika.<\/td>\n<\/tr>\n<tr>\n<td width=\"217\">JSESSIONID<\/td>\n<td width=\"444\">U\u017cywany przez serwisy napisane w JSP. Sesyjne pliki cookie platformy og\u00f3lnego przeznaczenia, kt\u00f3re s\u0142u\u017c\u0105 do utrzymywania statusu u\u017cytkownika poprzez \u017c\u0105dania stron.<\/td>\n<\/tr>\n<tr>\n<td width=\"217\">PHPSESSID<\/td>\n<td width=\"444\">Plik cookie natywny dla aplikacji PHP. Plik cookie s\u0142u\u017cy do przechowywania i identyfikacji unikalnego identyfikatora sesji u\u017cytkownika w celu zarz\u0105dzania sesj\u0105 u\u017cytkownika w serwisie. Ten plik cookie jest plikiem sesyjnym i jest usuwany po zamkni\u0119ciu wszystkich okien przegl\u0105darki.<\/td>\n<\/tr>\n<tr>\n<td width=\"217\">test_cookie<\/td>\n<td width=\"444\">Ten plik cookie jest instalowany przez doubleclick.net. Celem tego pliku cookie jest sprawdzenie, czy przegl\u0105darka u\u017cytkownika obs\u0142uguje pliki cookie.<\/td>\n<\/tr>\n<tr>\n<td width=\"217\">VISITOR_INFO1_LIVE<\/td>\n<td width=\"444\">Ten plik cookie jest instalowany przez YouTube. S\u0142u\u017cy do \u015bledzenia informacji o filmach YouTube osadzonych na stronie internetowej.<\/td>\n<\/tr>\n<tr>\n<td width=\"217\">wp_woocommerce_session_d1eaf3db156390bcfdeeedacdd68922b<\/td>\n<td width=\"444\">Brak opisu<\/td>\n<\/tr>\n<tr>\n<td width=\"217\">wpml_browser_redirect_test<\/td>\n<td width=\"444\">Ten plik cookie jest ustawiany przez wtyczk\u0119 WordPress WPML i s\u0142u\u017cy do sprawdzania, czy pliki cookie s\u0105 w\u0142\u0105czone w przegl\u0105darce.<\/td>\n<\/tr>\n<tr>\n<td width=\"217\">yith_ywraq_session_d1eaf3db156390bcfdeeedacdd68922b<\/td>\n<td width=\"444\">Brak opisu<\/td>\n<\/tr>\n<tr>\n<td width=\"217\">YSC<\/td>\n<td width=\"444\">Ten plik cookie jest instalowany przez YouTube i s\u0142u\u017cy do \u015bledzenia wy\u015bwietle\u0144 osadzonych film\u00f3w.<\/td>\n<\/tr>\n<\/tbody>\n<\/table>\n<p>&nbsp;<\/p>\n<p><strong>Jak d\u0142ugo przechowywane s\u0105 pliki cookie? <\/strong><\/p>\n<p>Analityczne pliki cookie b\u0119d\u0105 przechowywane przez maksymalny okres 2 lat.<\/p>\n<p><strong>Jakie jest uzasadnienie korzystania z plik\u00f3w cookie? <\/strong><\/p>\n<p>W przypadku technicznych plik\u00f3w cookie, czyli takich, kt\u00f3re s\u0105 niezb\u0119dne do poruszania si\u0119 po tej witrynie i otrzymywania oferowanych za jej po\u015brednictwem us\u0142ug, podstaw\u0105 prawn\u0105 ich stosowania jest umowa, na podstawie kt\u00f3rej u\u017cytkownik decyduje si\u0119 na korzystanie z tej witryny i z jej us\u0142ug.<\/p>\n<p>Podstaw\u0105 prawn\u0105 wykorzystania pozosta\u0142ych plik\u00f3w cookie jest zgoda u\u017cytkownika, kt\u00f3ra jest wymagana w momencie wej\u015bcia na t\u0119 stron\u0119 internetow\u0105 i kt\u00f3ra mo\u017ce zosta\u0107 w dowolnym momencie odwo\u0142ana. Cofni\u0119cie powy\u017cszej zgody nie wp\u0142ynie na mo\u017cliwo\u015b\u0107 przegl\u0105dania serwisu i korzystania z jego us\u0142ug, a przetwarzanie danych dokonane wcze\u015bniej nie utraci legalno\u015bci z uwagi na cofni\u0119cie zgody.<\/p>\n<p><strong>Do jakich odbiorc\u00f3w zostan\u0105 przekazane pliki cookie lub czy osoby trzecie mog\u0105 uzyska\u0107 do nich dost\u0119p? <\/strong><\/p>\n<p>Je\u015bli istniej\u0105 pliki cookie stron trzecich, jak wskazano powy\u017cej, wspomniane osoby trzecie mog\u0105 uzyska\u0107 dost\u0119p do plik\u00f3w cookie i u\u017cywa\u0107 ich w spos\u00f3b opisany powy\u017cej.<\/p>\n<p><strong>Jakie prawa ma u\u017cytkownik w zwi\u0105zku z wykorzystywaniem plik\u00f3w cookie przez t\u0119 witryn\u0119? <\/strong><\/p>\n<p>Zgodnie z obowi\u0105zuj\u0105cymi przepisami ka\u017cdy ma prawo do uzyskania potwierdzenia, czy dotycz\u0105ce go dane osobowe s\u0105 przetwarzane. Podobnie, zgodnie z prawnie ustanowionymi warunkami, zainteresowane osoby maj\u0105 prawo dost\u0119pu do swoich danych, a tak\u017ce do \u017c\u0105dania sprostowania niedok\u0142adnych danych lub, w stosownych przypadkach, \u017c\u0105dania ich usuni\u0119cia, gdy, mi\u0119dzy innymi, dane nie s\u0105 ju\u017c potrzebne do cel\u00f3w, do kt\u00f3rych zosta\u0142y zebrane. W przypadku plik\u00f3w cookie uprawnienia te mog\u0105 by\u0107 realizowane z zastrze\u017ceniem ogranicze\u0144 wynikaj\u0105cych z charakteru tych plik\u00f3w.<\/p>\n<p>Zgodnie z warunkami przewidzianymi w og\u00f3lnym rozporz\u0105dzeniu o ochronie danych zainteresowane strony mog\u0105 za\u017c\u0105da\u0107 ograniczenia przetwarzania swoich danych lub ich przeniesienia, w takim przypadku zachowamy je wy\u0142\u0105cznie w celu wykonania lub obrony roszcze\u0144.<\/p>\n<p>W okre\u015blonych okoliczno\u015bciach oraz z przyczyn zwi\u0105zanych z ich szczeg\u00f3ln\u0105 sytuacj\u0105, zainteresowane strony mog\u0105 wnie\u015b\u0107 sprzeciw wobec przetwarzania ich danych. Je\u017celi u\u017cytkownik wyrazi\u0142 zgod\u0119 w jakim\u015b konkretnym celu, ma prawo do jej cofni\u0119cia w dowolnym momencie, bez wp\u0142ywu na zgodno\u015b\u0107 z prawem przetwarzania, kt\u00f3rego dokonano na podstawie zgody przed jej cofni\u0119ciem. W takich przypadkach zaprzestaniemy przetwarzania danych lub, w stosownych przypadkach, zaprzestaniemy ich przetwarzania w tym konkretnym celu, z wyj\u0105tkiem wa\u017cnych i uzasadnionych powod\u00f3w lub w celu wykonania lub obrony ewentualnych roszcze\u0144.<\/p>\n<p>W przypadku jakiegokolwiek naruszenia praw u\u017cytkownika, zw\u0142aszcza w przypadku zastrze\u017ce\u0144 co do korzystania z nich, mo\u017ce on z\u0142o\u017cy\u0107 skarg\u0119 do Hiszpa\u0144skiej Agencji Ochrony Danych (dane kontaktowe dost\u0119pne na www.aepd.es) lub innego w\u0142a\u015bciwego organu kontrolnego. U\u017cytkownik mo\u017ce r\u00f3wnie\u017c uzyska\u0107 wi\u0119cej informacji na temat swoich praw, kontaktuj\u0105c si\u0119 z tymi organizacjami.<\/p>\n<p><strong>Jak u\u017cytkownik mo\u017ce zarz\u0105dza\u0107 plikami cookie?<\/strong><\/p>\n<p>U\u017cytkownik mo\u017ce zezwoli\u0107, zablokowa\u0107 lub usun\u0105\u0107 pliki cookie zainstalowane na jego komputerze za pomoc\u0105 przycisku \u201eOPCJE PLIK\u00d3W COOKIE\u201d, kt\u00f3ry pojawia si\u0119 po wej\u015bciu na t\u0119 stron\u0119 internetow\u0105, a tak\u017ce poprzez konfiguracj\u0119 opcji przegl\u0105darki. Informacje o tym, jak to zrobi\u0107 w najpopularniejszych przegl\u0105darkach, dost\u0119pne s\u0105 pod poni\u017cszymi linkami:<\/p>\n<ul>\n<li><u>Explorer<\/u>:https:\/\/support.microsoft.com\/pl-pl\/topic\/usuwanie-plik%C3%B3w-cookie-i-zarz%C4%85dzanie-nimi-168dab11-0753-043d-7c16-ede5947fc64d<\/li>\n<li><u>Firefox<\/u>:https:\/\/support.mozilla.org\/pl\/kb\/wylaczanie-ciasteczek-pochodzacych-z-innych-witryn<\/li>\n<li><u>Chrome<\/u>:https:\/\/support.google.com\/accounts\/answer\/61416?co=GENIE.Platform%3DDesktop&amp;hl=pl<\/li>\n<li><u>Safari<\/u>:\u00a0https:\/\/support.apple.com\/pl-pl\/guide\/safari\/sfri11471\/mac<\/li>\n<\/ul>\n<h2><\/h2>\n<\/div><\/div><\/div><\/div><\/div>\n","protected":false},"excerpt":{"rendered":"","protected":false},"author":10,"featured_media":0,"parent":0,"menu_order":0,"comment_status":"closed","ping_status":"closed","template":"","meta":{"footnotes":""},"class_list":["post-18506","page","type-page","status-publish","hentry"],"yoast_head":"<!-- This site is optimized with the Yoast SEO Premium plugin v27.4 (Yoast SEO v27.5) - https:\/\/yoast.com\/product\/yoast-seo-premium-wordpress\/ -->\n<title>ZASADY PLIK\u00d3W COOKIE - IMEFY<\/title>\n<meta name=\"robots\" content=\"index, follow, max-snippet:-1, max-image-preview:large, max-video-preview:-1\" \/>\n<link rel=\"canonical\" href=\"https:\/\/imefy.com\/pl\/zasady-plikow-cookie\/\" \/>\n<meta property=\"og:locale\" content=\"pl_PL\" \/>\n<meta property=\"og:type\" content=\"article\" \/>\n<meta property=\"og:title\" content=\"ZASADY PLIK\u00d3W COOKIE\" \/>\n<meta property=\"og:url\" content=\"https:\/\/imefy.com\/pl\/zasady-plikow-cookie\/\" \/>\n<meta property=\"og:site_name\" content=\"IMEFY\" \/>\n<meta property=\"article:publisher\" content=\"https:\/\/www.facebook.com\/pages\/Imefy-Group\/852590684780185\" \/>\n<meta property=\"article:modified_time\" content=\"2021-05-14T13:04:40+00:00\" \/>\n<meta name=\"twitter:card\" content=\"summary_large_image\" \/>\n<meta name=\"twitter:site\" content=\"@imefygroup\" \/>\n<meta name=\"twitter:label1\" content=\"Szacowany czas czytania\" \/>\n\t<meta name=\"twitter:data1\" content=\"10 minut\" \/>\n<script type=\"application\/ld+json\" class=\"yoast-schema-graph\">{\"@context\":\"https:\\\/\\\/schema.org\",\"@graph\":[{\"@type\":\"WebPage\",\"@id\":\"https:\\\/\\\/imefy.com\\\/pl\\\/zasady-plikow-cookie\\\/\",\"url\":\"https:\\\/\\\/imefy.com\\\/pl\\\/zasady-plikow-cookie\\\/\",\"name\":\"ZASADY PLIK\u00d3W COOKIE - IMEFY\",\"isPartOf\":{\"@id\":\"\\\/#website\"},\"datePublished\":\"2020-04-30T09:23:22+00:00\",\"dateModified\":\"2021-05-14T13:04:40+00:00\",\"breadcrumb\":{\"@id\":\"https:\\\/\\\/imefy.com\\\/pl\\\/zasady-plikow-cookie\\\/#breadcrumb\"},\"inLanguage\":\"pl-PL\",\"potentialAction\":[{\"@type\":\"ReadAction\",\"target\":[\"https:\\\/\\\/imefy.com\\\/pl\\\/zasady-plikow-cookie\\\/\"]}]},{\"@type\":\"BreadcrumbList\",\"@id\":\"https:\\\/\\\/imefy.com\\\/pl\\\/zasady-plikow-cookie\\\/#breadcrumb\",\"itemListElement\":[{\"@type\":\"ListItem\",\"position\":1,\"name\":\"Portada\",\"item\":\"https:\\\/\\\/imefy.com\\\/pl\\\/\"},{\"@type\":\"ListItem\",\"position\":2,\"name\":\"ZASADY PLIK\u00d3W COOKIE\"}]},{\"@type\":\"WebSite\",\"@id\":\"\\\/#website\",\"url\":\"\\\/\",\"name\":\"IMEFY\",\"description\":\"Fabricaci\u00f3n de transformadores de distribuci\u00f3n y potencia\",\"potentialAction\":[{\"@type\":\"SearchAction\",\"target\":{\"@type\":\"EntryPoint\",\"urlTemplate\":\"\\\/?s={search_term_string}\"},\"query-input\":{\"@type\":\"PropertyValueSpecification\",\"valueRequired\":true,\"valueName\":\"search_term_string\"}}],\"inLanguage\":\"pl-PL\"}]}<\/script>\n<!-- \/ Yoast SEO Premium plugin. -->","yoast_head_json":{"title":"ZASADY PLIK\u00d3W COOKIE - IMEFY","robots":{"index":"index","follow":"follow","max-snippet":"max-snippet:-1","max-image-preview":"max-image-preview:large","max-video-preview":"max-video-preview:-1"},"canonical":"https:\/\/imefy.com\/pl\/zasady-plikow-cookie\/","og_locale":"pl_PL","og_type":"article","og_title":"ZASADY PLIK\u00d3W COOKIE","og_url":"https:\/\/imefy.com\/pl\/zasady-plikow-cookie\/","og_site_name":"IMEFY","article_publisher":"https:\/\/www.facebook.com\/pages\/Imefy-Group\/852590684780185","article_modified_time":"2021-05-14T13:04:40+00:00","twitter_card":"summary_large_image","twitter_site":"@imefygroup","twitter_misc":{"Szacowany czas czytania":"10 minut"},"schema":{"@context":"https:\/\/schema.org","@graph":[{"@type":"WebPage","@id":"https:\/\/imefy.com\/pl\/zasady-plikow-cookie\/","url":"https:\/\/imefy.com\/pl\/zasady-plikow-cookie\/","name":"ZASADY PLIK\u00d3W COOKIE - IMEFY","isPartOf":{"@id":"\/#website"},"datePublished":"2020-04-30T09:23:22+00:00","dateModified":"2021-05-14T13:04:40+00:00","breadcrumb":{"@id":"https:\/\/imefy.com\/pl\/zasady-plikow-cookie\/#breadcrumb"},"inLanguage":"pl-PL","potentialAction":[{"@type":"ReadAction","target":["https:\/\/imefy.com\/pl\/zasady-plikow-cookie\/"]}]},{"@type":"BreadcrumbList","@id":"https:\/\/imefy.com\/pl\/zasady-plikow-cookie\/#breadcrumb","itemListElement":[{"@type":"ListItem","position":1,"name":"Portada","item":"https:\/\/imefy.com\/pl\/"},{"@type":"ListItem","position":2,"name":"ZASADY PLIK\u00d3W COOKIE"}]},{"@type":"WebSite","@id":"\/#website","url":"\/","name":"IMEFY","description":"Fabricaci\u00f3n de transformadores de distribuci\u00f3n y potencia","potentialAction":[{"@type":"SearchAction","target":{"@type":"EntryPoint","urlTemplate":"\/?s={search_term_string}"},"query-input":{"@type":"PropertyValueSpecification","valueRequired":true,"valueName":"search_term_string"}}],"inLanguage":"pl-PL"}]}},"_links":{"self":[{"href":"https:\/\/imefy.com\/pl\/wp-json\/wp\/v2\/pages\/18506","targetHints":{"allow":["GET"]}}],"collection":[{"href":"https:\/\/imefy.com\/pl\/wp-json\/wp\/v2\/pages"}],"about":[{"href":"https:\/\/imefy.com\/pl\/wp-json\/wp\/v2\/types\/page"}],"author":[{"embeddable":true,"href":"https:\/\/imefy.com\/pl\/wp-json\/wp\/v2\/users\/10"}],"replies":[{"embeddable":true,"href":"https:\/\/imefy.com\/pl\/wp-json\/wp\/v2\/comments?post=18506"}],"version-history":[{"count":0,"href":"https:\/\/imefy.com\/pl\/wp-json\/wp\/v2\/pages\/18506\/revisions"}],"wp:attachment":[{"href":"https:\/\/imefy.com\/pl\/wp-json\/wp\/v2\/media?parent=18506"}],"curies":[{"name":"wp","href":"https:\/\/api.w.org\/{rel}","templated":true}]}}