{"id":19000,"date":"2020-05-27T14:40:33","date_gmt":"2020-05-27T12:40:33","guid":{"rendered":"https:\/\/imefy.com\/?page_id=19000"},"modified":"2020-07-03T10:50:08","modified_gmt":"2020-07-03T08:50:08","slug":"biznesowa-odpowiedzialnosc-spoleczna","status":"publish","type":"page","link":"https:\/\/imefy.com\/pl\/biznesowa-odpowiedzialnosc-spoleczna\/","title":{"rendered":"Biznesowa odpowiedzialno\u015b\u0107 spo\u0142eczna"},"content":{"rendered":"<div class=\"fusion-fullwidth fullwidth-box fusion-builder-row-1 fusion-flex-container hundred-percent-fullwidth non-hundred-percent-height-scrolling\" style=\"--awb-border-radius-top-left:0px;--awb-border-radius-top-right:0px;--awb-border-radius-bottom-right:0px;--awb-border-radius-bottom-left:0px;--awb-overflow:visible;--awb-flex-wrap:wrap;\" ><div class=\"fusion-builder-row fusion-row fusion-flex-align-items-flex-start fusion-flex-content-wrap\" style=\"width:104% !important;max-width:104% !important;margin-left: calc(-4% \/ 2 );margin-right: calc(-4% \/ 2 );\"><div class=\"fusion-layout-column fusion_builder_column fusion-builder-column-0 fusion_builder_column_1_1 1_1 fusion-flex-column fusion-flex-align-self-flex-start fusion-column-no-min-height\" style=\"--awb-bg-size:cover;--awb-width-large:100%;--awb-margin-top-large:0px;--awb-spacing-right-large:1.92%;--awb-margin-bottom-large:0px;--awb-spacing-left-large:1.92%;--awb-width-medium:100%;--awb-spacing-right-medium:1.92%;--awb-spacing-left-medium:1.92%;--awb-width-small:100%;--awb-spacing-right-small:1.92%;--awb-spacing-left-small:1.92%;\"><div class=\"fusion-column-wrapper fusion-flex-justify-content-center fusion-content-layout-column\"><div class=\"fusion-builder-row fusion-builder-row-inner fusion-row fusion-flex-align-items-flex-start fusion-flex-content-wrap\" style=\"--awb-flex-grow:0;--awb-flex-grow-medium:0;--awb-flex-grow-small:0;--awb-flex-shrink:0;--awb-flex-shrink-medium:0;--awb-flex-shrink-small:0;width:104% !important;max-width:104% !important;margin-left: calc(-4% \/ 2 );margin-right: calc(-4% \/ 2 );\"><div class=\"fusion-layout-column fusion_builder_column_inner fusion-builder-nested-column-0 fusion_builder_column_inner_1_4 1_4 fusion-flex-column\" style=\"--awb-bg-size:cover;--awb-width-large:25%;--awb-margin-top-large:0px;--awb-spacing-right-large:3.84%;--awb-margin-bottom-large:30px;--awb-spacing-left-large:7.68%;--awb-width-medium:100%;--awb-spacing-right-medium:1.92%;--awb-spacing-left-medium:1.92%;--awb-width-small:100%;--awb-spacing-right-small:1.92%;--awb-spacing-left-small:1.92%;\"><div class=\"fusion-column-wrapper fusion-column-has-shadow fusion-flex-justify-content-flex-start fusion-content-layout-column\"><div class=\"fusion-image-element \" style=\"--awb-max-width:250px;--awb-caption-title-font-family:var(--h2_typography-font-family);--awb-caption-title-font-weight:var(--h2_typography-font-weight);--awb-caption-title-font-style:var(--h2_typography-font-style);--awb-caption-title-size:var(--h2_typography-font-size);--awb-caption-title-transform:var(--h2_typography-text-transform);--awb-caption-title-line-height:var(--h2_typography-line-height);--awb-caption-title-letter-spacing:var(--h2_typography-letter-spacing);\"><span class=\" fusion-imageframe imageframe-none imageframe-1 hover-type-none\"><img loading=\"lazy\" decoding=\"async\" width=\"401\" height=\"447\" alt=\"IMEFY Group - RSC\" title=\"rsc\" src=\"https:\/\/imefy.com\/wp-content\/uploads\/2020\/05\/rsc.jpg\" class=\"img-responsive wp-image-19025\" srcset=\"https:\/\/imefy.com\/wp-content\/uploads\/2020\/05\/rsc-200x223.jpg 200w, https:\/\/imefy.com\/wp-content\/uploads\/2020\/05\/rsc.jpg 401w\" sizes=\"auto, (max-width: 1024px) 100vw, (max-width: 640px) 100vw, 401px\" \/><\/span><\/div><\/div><\/div><div class=\"fusion-layout-column fusion_builder_column_inner fusion-builder-nested-column-1 fusion_builder_column_inner_3_4 3_4 fusion-flex-column\" style=\"--awb-bg-size:cover;--awb-width-large:75%;--awb-margin-top-large:0px;--awb-spacing-right-large:2.56%;--awb-margin-bottom-large:30px;--awb-spacing-left-large:3.84%;--awb-width-medium:100%;--awb-spacing-right-medium:1.92%;--awb-spacing-left-medium:1.92%;--awb-width-small:100%;--awb-spacing-right-small:1.92%;--awb-spacing-left-small:1.92%;\"><div class=\"fusion-column-wrapper fusion-column-has-shadow fusion-flex-justify-content-flex-start fusion-content-layout-column\"><div class=\"fusion-text fusion-text-1\"><p>W <strong>grupie IMEFY<\/strong> cenimy inicjatyw\u0119 spo\u0142ecznej odpowiedzialno\u015bci, \u0142\u0105czymy dzia\u0142alno\u015b\u0107 firmy i jej konkurencyjno\u015b\u0107 ze sprawami zwi\u0105zanymi z naszym otoczeniem, co pozwala nam osi\u0105gn\u0105\u0107 r\u00f3wnowag\u0119 i satysfakcj\u0119.<\/p>\n<p>Celem tej dzia\u0142alno\u015bci jest przyczynienie si\u0119 do osi\u0105gni\u0119cia r\u00f3\u017cnych cel\u00f3w zr\u00f3wnowa\u017conego rozwoju, poprzez zaanga\u017cowanie oparte na do\u015bwiadczeniu i profesjonalizmie os\u00f3b tworz\u0105cych grup\u0119, wspierane najnowszymi osi\u0105gni\u0119ciami technologicznymi w dziedzinie przemys\u0142owej energii elektrycznej.<\/p>\n<p><strong>Grupa IMEFY<\/strong> aktywnie przyczynia si\u0119 do realizacji idei odpowiedzialno\u015bci spo\u0142ecznej, wsp\u00f3\u0142pracuj\u0105c z r\u00f3\u017cnymi organizacjami pozarz\u0105dowymi i fundacjami, a tak\u017ce wspiera sport poprzez popularne maratony.<\/p>\n<\/div><\/div><\/div><\/div><div class=\"fusion-title title fusion-title-1 fusion-sep-none fusion-title-center fusion-title-text fusion-title-size-three\" style=\"--awb-margin-top-small:0px;--awb-margin-right-small:0px;--awb-margin-bottom-small:20px;--awb-margin-left-small:0px;\"><h3 class=\"fusion-title-heading title-heading-center fusion-responsive-typography-calculated\" style=\"margin:0;--fontSize:22;line-height:1.2;\"><h3 style=\"text-align: center;\">AKTUALNO\u015aCI<\/h3><\/h3><\/div><div class=\"fusion-blog-shortcode fusion-blog-shortcode-1 fusion-blog-archive fusion-blog-layout-grid-wrapper fusion-blog-infinite\"><style type=\"text\/css\">.fusion-blog-shortcode-1 .fusion-blog-layout-grid .fusion-post-grid{padding:20px;}.fusion-blog-shortcode-1 .fusion-posts-container{margin-left: -20px !important; margin-right:-20px !important;}<\/style><div class=\"fusion-posts-container fusion-posts-container-infinite fusion-blog-rollover fusion-blog-layout-grid fusion-blog-layout-grid-3 isotope fusion-blog-equal-heights\" data-pages=\"7\" data-grid-col-space=\"40\" style=\"margin: -20px -20px 0;min-height:500px;\"><article id=\"blog-1-post-34962\" class=\"fusion-post-grid post-34962 post type-post status-publish format-standard has-post-thumbnail hentry category-2026-pl category-rsc-pl\">\n<div class=\"fusion-post-wrapper\" style=\"background-color:rgba(255,255,255,1);border:1px solid #ebeaea;border-bottom-width:3px;\">\n\n\t\t\t<div class=\"fusion-flexslider flexslider fusion-flexslider-loading fusion-post-slideshow\" style=\"border-color:#ebeaea;\">\n\t\t<ul class=\"slides\">\n\t\t\t\n\t\t\t\t\t\t\t\t\t\t\t\t\t\t<li><div  class=\"fusion-image-wrapper\" aria-haspopup=\"true\">\n\t\t\t\t<img loading=\"lazy\" decoding=\"async\" width=\"1671\" height=\"940\" src=\"https:\/\/imefy.com\/wp-content\/uploads\/2026\/04\/acuerdo-imefy-apat.png\" class=\"attachment-full size-full wp-post-image\" alt=\"Imefy refuerza su compromiso social firmando un acuerdo de colaboraci\u00f3n con APAT Toledo\" srcset=\"https:\/\/imefy.com\/wp-content\/uploads\/2026\/04\/acuerdo-imefy-apat-400x225.png 400w, https:\/\/imefy.com\/wp-content\/uploads\/2026\/04\/acuerdo-imefy-apat-600x338.png 600w, https:\/\/imefy.com\/wp-content\/uploads\/2026\/04\/acuerdo-imefy-apat-800x450.png 800w, https:\/\/imefy.com\/wp-content\/uploads\/2026\/04\/acuerdo-imefy-apat-1200x675.png 1200w, https:\/\/imefy.com\/wp-content\/uploads\/2026\/04\/acuerdo-imefy-apat.png 1671w\" sizes=\"auto, (min-width: 2200px) 100vw, (min-width: 824px) 363px, (min-width: 732px) 545px, (min-width: 640px) 732px, \" \/><div class=\"fusion-rollover\">\n\t<div class=\"fusion-rollover-content\">\n\n\t\t\t\t\t\t\t\t\t\t\t\t\t\t<a class=\"fusion-rollover-link\" href=\"https:\/\/imefy.com\/pl\/porozumienie-imefy-apat-toledo-autyzm\/\">IMEFY umacnia swoje zaanga\u017cowanie spo\u0142eczne poprzez zawarcie umowy o wsp\u00f3\u0142pracy z APAT Toledo<\/a>\n\t\t\t\n\t\t\t\t\t\t\t\t\t\t\t\t\t\t\n\t\t\t\t\t\t\t\t\n\t\t\t\t\t\t\t\t\t\t\t\t\t<div class=\"fusion-rollover-sep\"><\/div>\n\t\t\t\t\n\t\t\t\t\t\t\t\t\t\t\t\t\t\t\t\t\t\t<a class=\"fusion-rollover-gallery\" href=\"https:\/\/imefy.com\/wp-content\/uploads\/2026\/04\/acuerdo-imefy-apat.png\" data-options=\"\" data-id=\"34962\" data-rel=\"iLightbox[gallery]\" data-title=\"acuerdo-imefy-apat\" data-caption=\"\">\n\t\t\t\t\t\tGallery\t\t\t\t\t<\/a>\n\t\t\t\t\t\t\t\t\t\t\t\t\t\t\n\t\t\n\t\t\t\t\t\t\t\t\n\t\t\t\t\t\t\t\t\n\t\t\n\t\t\t\t\t\t<a class=\"fusion-link-wrapper\" href=\"https:\/\/imefy.com\/pl\/porozumienie-imefy-apat-toledo-autyzm\/\" aria-label=\"IMEFY umacnia swoje zaanga\u017cowanie spo\u0142eczne poprzez zawarcie umowy o wsp\u00f3\u0142pracy z APAT Toledo\"><\/a>\n\t<\/div>\n<\/div>\n<\/div>\n<\/li>\n\t\t\t\n\t\t\t\n\t\t\t\t\t\t\t\t<\/ul>\n\t<\/div>\n\t<div class=\"fusion-post-content-wrapper\" style=\"padding:10px 15px 0px 15px;\"><div class=\"fusion-post-content post-content\"><h2 class=\"blog-shortcode-post-title entry-title\"><a href=\"https:\/\/imefy.com\/pl\/porozumienie-imefy-apat-toledo-autyzm\/\">IMEFY umacnia swoje zaanga\u017cowanie spo\u0142eczne poprzez zawarcie umowy o wsp\u00f3\u0142pracy z APAT Toledo<\/a><\/h2><p class=\"fusion-single-line-meta\"><span class=\"vcard\" style=\"display: none;\"><span class=\"fn\"><a href=\"https:\/\/imefy.com\/pl\/author\/mlopez\/\" title=\"Wpisy od mlopez\" rel=\"author\">mlopez<\/a><\/span><\/span><span class=\"updated\" style=\"display:none;\">2026-04-08T11:23:41+02:00<\/span><span>\u015broda, 8 kwietnia, 2026<\/span><span class=\"fusion-inline-sep\">|<\/span><\/p><\/div><\/div><div class=\"fusion-clearfix\"><\/div><\/div>\n<\/article>\n<article id=\"blog-1-post-34939\" class=\"fusion-post-grid post-34939 post type-post status-publish format-standard has-post-thumbnail hentry category-2026-pl category-rsc-pl\">\n<div class=\"fusion-post-wrapper\" style=\"background-color:rgba(255,255,255,1);border:1px solid #ebeaea;border-bottom-width:3px;\">\n\n\t\t\t<div class=\"fusion-flexslider flexslider fusion-flexslider-loading fusion-post-slideshow\" style=\"border-color:#ebeaea;\">\n\t\t<ul class=\"slides\">\n\t\t\t\n\t\t\t\t\t\t\t\t\t\t\t\t\t\t<li><div  class=\"fusion-image-wrapper\" aria-haspopup=\"true\">\n\t\t\t\t<img loading=\"lazy\" decoding=\"async\" width=\"1200\" height=\"630\" src=\"https:\/\/imefy.com\/wp-content\/uploads\/2026\/03\/imefy-zona-5-liga-regular-playoffs.jpg\" class=\"attachment-full size-full wp-post-image\" alt=\"El IMEFY ZONA 5 TOLEDO concluye la Liga Regular consolid\u00e1ndose en Primera Nacional\" srcset=\"https:\/\/imefy.com\/wp-content\/uploads\/2026\/03\/imefy-zona-5-liga-regular-playoffs-400x210.jpg 400w, https:\/\/imefy.com\/wp-content\/uploads\/2026\/03\/imefy-zona-5-liga-regular-playoffs-600x315.jpg 600w, https:\/\/imefy.com\/wp-content\/uploads\/2026\/03\/imefy-zona-5-liga-regular-playoffs-800x420.jpg 800w, https:\/\/imefy.com\/wp-content\/uploads\/2026\/03\/imefy-zona-5-liga-regular-playoffs.jpg 1200w\" sizes=\"auto, (min-width: 2200px) 100vw, (min-width: 824px) 363px, (min-width: 732px) 545px, (min-width: 640px) 732px, \" \/><div class=\"fusion-rollover\">\n\t<div class=\"fusion-rollover-content\">\n\n\t\t\t\t\t\t\t\t\t\t\t\t\t\t<a class=\"fusion-rollover-link\" href=\"https:\/\/imefy.com\/pl\/imefy-strefa-5-toledo-pierwsza-liga-krajowa-play-off\/\">IMEFY ZONA 5 TOLEDO ko\u0144czy sezon zasadniczy, umacniaj\u0105c swoj\u0105 pozycj\u0119 w Primera Nacional<\/a>\n\t\t\t\n\t\t\t\t\t\t\t\t\t\t\t\t\t\t\n\t\t\t\t\t\t\t\t\n\t\t\t\t\t\t\t\t\t\t\t\t\t<div class=\"fusion-rollover-sep\"><\/div>\n\t\t\t\t\n\t\t\t\t\t\t\t\t\t\t\t\t\t\t\t\t\t\t<a class=\"fusion-rollover-gallery\" href=\"https:\/\/imefy.com\/wp-content\/uploads\/2026\/03\/imefy-zona-5-liga-regular-playoffs.jpg\" data-options=\"\" data-id=\"34939\" data-rel=\"iLightbox[gallery]\" data-title=\"imefy-zona-5-liga-regular-playoffs\" data-caption=\"\">\n\t\t\t\t\t\tGallery\t\t\t\t\t<\/a>\n\t\t\t\t\t\t\t\t\t\t\t\t\t\t\n\t\t\n\t\t\t\t\t\t\t\t\n\t\t\t\t\t\t\t\t\n\t\t\n\t\t\t\t\t\t<a class=\"fusion-link-wrapper\" href=\"https:\/\/imefy.com\/pl\/imefy-strefa-5-toledo-pierwsza-liga-krajowa-play-off\/\" aria-label=\"IMEFY ZONA 5 TOLEDO ko\u0144czy sezon zasadniczy, umacniaj\u0105c swoj\u0105 pozycj\u0119 w Primera Nacional\"><\/a>\n\t<\/div>\n<\/div>\n<\/div>\n<\/li>\n\t\t\t\n\t\t\t\n\t\t\t\t\t\t\t\t<\/ul>\n\t<\/div>\n\t<div class=\"fusion-post-content-wrapper\" style=\"padding:10px 15px 0px 15px;\"><div class=\"fusion-post-content post-content\"><h2 class=\"blog-shortcode-post-title entry-title\"><a href=\"https:\/\/imefy.com\/pl\/imefy-strefa-5-toledo-pierwsza-liga-krajowa-play-off\/\">IMEFY ZONA 5 TOLEDO ko\u0144czy sezon zasadniczy, umacniaj\u0105c swoj\u0105 pozycj\u0119 w Primera Nacional<\/a><\/h2><p class=\"fusion-single-line-meta\"><span class=\"vcard\" style=\"display: none;\"><span class=\"fn\"><a href=\"https:\/\/imefy.com\/pl\/author\/mlopez\/\" title=\"Wpisy od mlopez\" rel=\"author\">mlopez<\/a><\/span><\/span><span class=\"updated\" style=\"display:none;\">2026-03-31T10:21:18+02:00<\/span><span>wtorek, 31 marca, 2026<\/span><span class=\"fusion-inline-sep\">|<\/span><\/p><\/div><\/div><div class=\"fusion-clearfix\"><\/div><\/div>\n<\/article>\n<article id=\"blog-1-post-34712\" class=\"fusion-post-grid post-34712 post type-post status-publish format-standard has-post-thumbnail hentry category-rsc-pl\">\n<div class=\"fusion-post-wrapper\" style=\"background-color:rgba(255,255,255,1);border:1px solid #ebeaea;border-bottom-width:3px;\">\n\n\t\t\t<div class=\"fusion-flexslider flexslider fusion-flexslider-loading fusion-post-slideshow\" style=\"border-color:#ebeaea;\">\n\t\t<ul class=\"slides\">\n\t\t\t\n\t\t\t\t\t\t\t\t\t\t\t\t\t\t<li><div  class=\"fusion-image-wrapper\" aria-haspopup=\"true\">\n\t\t\t\t<img loading=\"lazy\" decoding=\"async\" width=\"1200\" height=\"630\" src=\"https:\/\/imefy.com\/wp-content\/uploads\/2025\/03\/becas-colegio-imefy.png\" class=\"attachment-full size-full wp-post-image\" alt=\"imefy-becas-alumnos\" srcset=\"https:\/\/imefy.com\/wp-content\/uploads\/2025\/03\/becas-colegio-imefy-400x210.png 400w, https:\/\/imefy.com\/wp-content\/uploads\/2025\/03\/becas-colegio-imefy-600x315.png 600w, https:\/\/imefy.com\/wp-content\/uploads\/2025\/03\/becas-colegio-imefy-800x420.png 800w, https:\/\/imefy.com\/wp-content\/uploads\/2025\/03\/becas-colegio-imefy.png 1200w\" sizes=\"auto, (min-width: 2200px) 100vw, (min-width: 824px) 363px, (min-width: 732px) 545px, (min-width: 640px) 732px, \" \/><div class=\"fusion-rollover\">\n\t<div class=\"fusion-rollover-content\">\n\n\t\t\t\t\t\t\t\t\t\t\t\t\t\t<a class=\"fusion-rollover-link\" href=\"https:\/\/imefy.com\/pl\/stypendia-gianluigi-sigaudi-imefy-wspiera-talenty-akademickie\/\">IMEFY odnawia swoje zaanga\u017cowanie w edukacj\u0119 uniwersyteck\u0105, przyznaj\u0105c nowe stypendia Gianluigi Sigaudi<\/a>\n\t\t\t\n\t\t\t\t\t\t\t\t\t\t\t\t\t\t\n\t\t\t\t\t\t\t\t\n\t\t\t\t\t\t\t\t\t\t\t\t\t<div class=\"fusion-rollover-sep\"><\/div>\n\t\t\t\t\n\t\t\t\t\t\t\t\t\t\t\t\t\t\t\t\t\t\t<a class=\"fusion-rollover-gallery\" href=\"https:\/\/imefy.com\/wp-content\/uploads\/2025\/03\/becas-colegio-imefy.png\" data-options=\"\" data-id=\"34712\" data-rel=\"iLightbox[gallery]\" data-title=\"becas-colegio-imefy\" data-caption=\"\">\n\t\t\t\t\t\tGallery\t\t\t\t\t<\/a>\n\t\t\t\t\t\t\t\t\t\t\t\t\t\t\n\t\t\n\t\t\t\t\t\t\t\t\n\t\t\t\t\t\t\t\t\n\t\t\n\t\t\t\t\t\t<a class=\"fusion-link-wrapper\" href=\"https:\/\/imefy.com\/pl\/stypendia-gianluigi-sigaudi-imefy-wspiera-talenty-akademickie\/\" aria-label=\"IMEFY odnawia swoje zaanga\u017cowanie w edukacj\u0119 uniwersyteck\u0105, przyznaj\u0105c nowe stypendia Gianluigi Sigaudi\"><\/a>\n\t<\/div>\n<\/div>\n<\/div>\n<\/li>\n\t\t\t\n\t\t\t\n\t\t\t\t\t\t\t\t<\/ul>\n\t<\/div>\n\t<div class=\"fusion-post-content-wrapper\" style=\"padding:10px 15px 0px 15px;\"><div class=\"fusion-post-content post-content\"><h2 class=\"blog-shortcode-post-title entry-title\"><a href=\"https:\/\/imefy.com\/pl\/stypendia-gianluigi-sigaudi-imefy-wspiera-talenty-akademickie\/\">IMEFY odnawia swoje zaanga\u017cowanie w edukacj\u0119 uniwersyteck\u0105, przyznaj\u0105c nowe stypendia Gianluigi Sigaudi<\/a><\/h2><p class=\"fusion-single-line-meta\"><span class=\"vcard\" style=\"display: none;\"><span class=\"fn\"><a href=\"https:\/\/imefy.com\/pl\/author\/nsanchez\/\" title=\"Wpisy od Noelia S\u00e1nchez\" rel=\"author\">Noelia S\u00e1nchez<\/a><\/span><\/span><span class=\"updated\" style=\"display:none;\">2026-02-24T12:48:19+01:00<\/span><span>pi\u0105tek, 20 lutego, 2026<\/span><span class=\"fusion-inline-sep\">|<\/span><\/p><\/div><\/div><div class=\"fusion-clearfix\"><\/div><\/div>\n<\/article>\n<div class=\"fusion-clearfix\"><\/div><\/div><div class=\"fusion-infinite-scroll-trigger\"><\/div><div class=\"pagination infinite-scroll clearfix\" style=\"display:none;\"><span class=\"current\">1<\/span><a href=\"https:\/\/imefy.com\/pl\/wp-json\/wp\/v2\/pages\/19000\/page\/2\/\" class=\"inactive\">2<\/a><a class=\"pagination-next\" rel=\"next\" href=\"https:\/\/imefy.com\/pl\/wp-json\/wp\/v2\/pages\/19000\/page\/2\/\"><span class=\"page-text\">Nast\u0119pny<\/span><span class=\"page-next\"><\/span><\/a><\/div><div class=\"fusion-clearfix\"><\/div><\/div><\/div><\/div><\/div><\/div>\n","protected":false},"excerpt":{"rendered":"","protected":false},"author":10,"featured_media":0,"parent":0,"menu_order":12,"comment_status":"closed","ping_status":"closed","template":"","meta":{"footnotes":""},"class_list":["post-19000","page","type-page","status-publish","hentry"],"yoast_head":"<!-- This site is optimized with the Yoast SEO Premium plugin v27.0 (Yoast SEO v27.3) - https:\/\/yoast.com\/product\/yoast-seo-premium-wordpress\/ -->\n<title>Biznesowa odpowiedzialno\u015b\u0107 spo\u0142eczna - IMEFY<\/title>\n<meta name=\"description\" content=\"IMEFY contribuye activamente en su responsabilidad social corporativa, colaborando con distintas ONG\u00b4s y fundaciones, adem\u00e1s de apoyar el deporte mediante carreras populares.\" \/>\n<meta name=\"robots\" content=\"index, follow, max-snippet:-1, max-image-preview:large, max-video-preview:-1\" \/>\n<link rel=\"canonical\" href=\"https:\/\/imefy.com\/pl\/biznesowa-odpowiedzialnosc-spoleczna\/\" \/>\n<meta property=\"og:locale\" content=\"pl_PL\" \/>\n<meta property=\"og:type\" content=\"article\" \/>\n<meta property=\"og:title\" content=\"Biznesowa odpowiedzialno\u015b\u0107 spo\u0142eczna\" \/>\n<meta property=\"og:description\" content=\"IMEFY contribuye activamente en su responsabilidad social corporativa, colaborando con distintas ONG\u00b4s y fundaciones, adem\u00e1s de apoyar el deporte mediante carreras populares.\" \/>\n<meta property=\"og:url\" content=\"https:\/\/imefy.com\/pl\/biznesowa-odpowiedzialnosc-spoleczna\/\" \/>\n<meta property=\"og:site_name\" content=\"IMEFY\" \/>\n<meta property=\"article:publisher\" content=\"https:\/\/www.facebook.com\/pages\/Imefy-Group\/852590684780185\" \/>\n<meta property=\"article:modified_time\" content=\"2020-07-03T08:50:08+00:00\" \/>\n<meta name=\"twitter:card\" content=\"summary_large_image\" \/>\n<meta name=\"twitter:site\" content=\"@imefygroup\" \/>\n<meta name=\"twitter:label1\" content=\"Szacowany czas czytania\" \/>\n\t<meta name=\"twitter:data1\" content=\"4 minuty\" \/>\n<script type=\"application\/ld+json\" class=\"yoast-schema-graph\">{\"@context\":\"https:\\\/\\\/schema.org\",\"@graph\":[{\"@type\":\"WebPage\",\"@id\":\"https:\\\/\\\/imefy.com\\\/pl\\\/biznesowa-odpowiedzialnosc-spoleczna\\\/\",\"url\":\"https:\\\/\\\/imefy.com\\\/pl\\\/biznesowa-odpowiedzialnosc-spoleczna\\\/\",\"name\":\"Biznesowa odpowiedzialno\u015b\u0107 spo\u0142eczna - IMEFY\",\"isPartOf\":{\"@id\":\"\\\/#website\"},\"datePublished\":\"2020-05-27T12:40:33+00:00\",\"dateModified\":\"2020-07-03T08:50:08+00:00\",\"description\":\"IMEFY contribuye activamente en su responsabilidad social corporativa, colaborando con distintas ONG\u00b4s y fundaciones, adem\u00e1s de apoyar el deporte mediante carreras populares.\",\"breadcrumb\":{\"@id\":\"https:\\\/\\\/imefy.com\\\/pl\\\/biznesowa-odpowiedzialnosc-spoleczna\\\/#breadcrumb\"},\"inLanguage\":\"pl-PL\",\"potentialAction\":[{\"@type\":\"ReadAction\",\"target\":[\"https:\\\/\\\/imefy.com\\\/pl\\\/biznesowa-odpowiedzialnosc-spoleczna\\\/\"]}]},{\"@type\":\"BreadcrumbList\",\"@id\":\"https:\\\/\\\/imefy.com\\\/pl\\\/biznesowa-odpowiedzialnosc-spoleczna\\\/#breadcrumb\",\"itemListElement\":[{\"@type\":\"ListItem\",\"position\":1,\"name\":\"Portada\",\"item\":\"https:\\\/\\\/imefy.com\\\/pl\\\/\"},{\"@type\":\"ListItem\",\"position\":2,\"name\":\"Biznesowa odpowiedzialno\u015b\u0107 spo\u0142eczna\"}]},{\"@type\":\"WebSite\",\"@id\":\"\\\/#website\",\"url\":\"\\\/\",\"name\":\"IMEFY\",\"description\":\"Fabricaci\u00f3n de transformadores de distribuci\u00f3n y potencia\",\"potentialAction\":[{\"@type\":\"SearchAction\",\"target\":{\"@type\":\"EntryPoint\",\"urlTemplate\":\"\\\/?s={search_term_string}\"},\"query-input\":{\"@type\":\"PropertyValueSpecification\",\"valueRequired\":true,\"valueName\":\"search_term_string\"}}],\"inLanguage\":\"pl-PL\"}]}<\/script>\n<!-- \/ Yoast SEO Premium plugin. -->","yoast_head_json":{"title":"Biznesowa odpowiedzialno\u015b\u0107 spo\u0142eczna - IMEFY","description":"IMEFY contribuye activamente en su responsabilidad social corporativa, colaborando con distintas ONG\u00b4s y fundaciones, adem\u00e1s de apoyar el deporte mediante carreras populares.","robots":{"index":"index","follow":"follow","max-snippet":"max-snippet:-1","max-image-preview":"max-image-preview:large","max-video-preview":"max-video-preview:-1"},"canonical":"https:\/\/imefy.com\/pl\/biznesowa-odpowiedzialnosc-spoleczna\/","og_locale":"pl_PL","og_type":"article","og_title":"Biznesowa odpowiedzialno\u015b\u0107 spo\u0142eczna","og_description":"IMEFY contribuye activamente en su responsabilidad social corporativa, colaborando con distintas ONG\u00b4s y fundaciones, adem\u00e1s de apoyar el deporte mediante carreras populares.","og_url":"https:\/\/imefy.com\/pl\/biznesowa-odpowiedzialnosc-spoleczna\/","og_site_name":"IMEFY","article_publisher":"https:\/\/www.facebook.com\/pages\/Imefy-Group\/852590684780185","article_modified_time":"2020-07-03T08:50:08+00:00","twitter_card":"summary_large_image","twitter_site":"@imefygroup","twitter_misc":{"Szacowany czas czytania":"4 minuty"},"schema":{"@context":"https:\/\/schema.org","@graph":[{"@type":"WebPage","@id":"https:\/\/imefy.com\/pl\/biznesowa-odpowiedzialnosc-spoleczna\/","url":"https:\/\/imefy.com\/pl\/biznesowa-odpowiedzialnosc-spoleczna\/","name":"Biznesowa odpowiedzialno\u015b\u0107 spo\u0142eczna - IMEFY","isPartOf":{"@id":"\/#website"},"datePublished":"2020-05-27T12:40:33+00:00","dateModified":"2020-07-03T08:50:08+00:00","description":"IMEFY contribuye activamente en su responsabilidad social corporativa, colaborando con distintas ONG\u00b4s y fundaciones, adem\u00e1s de apoyar el deporte mediante carreras populares.","breadcrumb":{"@id":"https:\/\/imefy.com\/pl\/biznesowa-odpowiedzialnosc-spoleczna\/#breadcrumb"},"inLanguage":"pl-PL","potentialAction":[{"@type":"ReadAction","target":["https:\/\/imefy.com\/pl\/biznesowa-odpowiedzialnosc-spoleczna\/"]}]},{"@type":"BreadcrumbList","@id":"https:\/\/imefy.com\/pl\/biznesowa-odpowiedzialnosc-spoleczna\/#breadcrumb","itemListElement":[{"@type":"ListItem","position":1,"name":"Portada","item":"https:\/\/imefy.com\/pl\/"},{"@type":"ListItem","position":2,"name":"Biznesowa odpowiedzialno\u015b\u0107 spo\u0142eczna"}]},{"@type":"WebSite","@id":"\/#website","url":"\/","name":"IMEFY","description":"Fabricaci\u00f3n de transformadores de distribuci\u00f3n y potencia","potentialAction":[{"@type":"SearchAction","target":{"@type":"EntryPoint","urlTemplate":"\/?s={search_term_string}"},"query-input":{"@type":"PropertyValueSpecification","valueRequired":true,"valueName":"search_term_string"}}],"inLanguage":"pl-PL"}]}},"_links":{"self":[{"href":"https:\/\/imefy.com\/pl\/wp-json\/wp\/v2\/pages\/19000","targetHints":{"allow":["GET"]}}],"collection":[{"href":"https:\/\/imefy.com\/pl\/wp-json\/wp\/v2\/pages"}],"about":[{"href":"https:\/\/imefy.com\/pl\/wp-json\/wp\/v2\/types\/page"}],"author":[{"embeddable":true,"href":"https:\/\/imefy.com\/pl\/wp-json\/wp\/v2\/users\/10"}],"replies":[{"embeddable":true,"href":"https:\/\/imefy.com\/pl\/wp-json\/wp\/v2\/comments?post=19000"}],"version-history":[{"count":0,"href":"https:\/\/imefy.com\/pl\/wp-json\/wp\/v2\/pages\/19000\/revisions"}],"wp:attachment":[{"href":"https:\/\/imefy.com\/pl\/wp-json\/wp\/v2\/media?parent=19000"}],"curies":[{"name":"wp","href":"https:\/\/api.w.org\/{rel}","templated":true}]}}