{"id":24219,"date":"2023-01-17T08:54:12","date_gmt":"2023-01-17T07:54:12","guid":{"rendered":"https:\/\/imefy.com\/?page_id=24219"},"modified":"2026-01-27T11:19:09","modified_gmt":"2026-01-27T10:19:09","slug":"komunikacja-dotyczaca-wydajnosci-srodowiskowej","status":"publish","type":"page","link":"https:\/\/imefy.com\/pl\/komunikacja-dotyczaca-wydajnosci-srodowiskowej\/","title":{"rendered":"KOMUNIKACJA DOTYCZ\u0104CA WYDAJNO\u015aCI \u015aRODOWISKOWEJ"},"content":{"rendered":"<div class=\"fusion-fullwidth fullwidth-box fusion-builder-row-1 fusion-flex-container nonhundred-percent-fullwidth non-hundred-percent-height-scrolling\" style=\"--awb-background-position:left top;--awb-border-sizes-top:0px;--awb-border-sizes-bottom:0px;--awb-border-sizes-left:0px;--awb-border-sizes-right:0px;--awb-border-radius-top-left:0px;--awb-border-radius-top-right:0px;--awb-border-radius-bottom-right:0px;--awb-border-radius-bottom-left:0px;--awb-padding-top:60px;--awb-padding-bottom:100px;--awb-flex-wrap:wrap;\" ><div class=\"fusion-builder-row fusion-row fusion-flex-align-items-stretch fusion-flex-content-wrap\" style=\"max-width:1216.8px;margin-left: calc(-4% \/ 2 );margin-right: calc(-4% \/ 2 );\"><div class=\"fusion-layout-column fusion_builder_column fusion-builder-column-0 fusion_builder_column_1_1 1_1 fusion-flex-column\" style=\"--awb-padding-top:40px;--awb-padding-right:40px;--awb-padding-bottom:40px;--awb-padding-left:40px;--awb-bg-color:#ffffff;--awb-bg-color-hover:#ffffff;--awb-bg-size:cover;--awb-border-color:#dddddd;--awb-border-top:1px;--awb-border-right:1px;--awb-border-bottom:1px;--awb-border-left:1px;--awb-border-style:solid;--awb-width-large:100%;--awb-margin-top-large:0px;--awb-spacing-right-large:1.92%;--awb-margin-bottom-large:30px;--awb-spacing-left-large:1.92%;--awb-width-medium:100%;--awb-spacing-right-medium:1.92%;--awb-spacing-left-medium:1.92%;--awb-width-small:100%;--awb-spacing-right-small:1.92%;--awb-spacing-left-small:1.92%;\"><div class=\"fusion-column-wrapper fusion-column-has-shadow fusion-flex-justify-content-flex-start fusion-content-layout-column\"><div class=\"fusion-text fusion-text-1\"><p style=\"text-align: right;\">Data: 27\/01\/2026<\/p>\n<\/div><div class=\"fusion-title title fusion-title-1 fusion-sep-none fusion-title-text fusion-title-size-two\" style=\"--awb-text-color:#1e3e92;--awb-margin-top-small:0px;--awb-margin-right-small:0px;--awb-margin-bottom-small:20px;--awb-margin-left-small:0px;\"><h2 class=\"fusion-title-heading title-heading-left fusion-responsive-typography-calculated\" style=\"margin:0;--fontSize:24;line-height:1.2;\">KOMUNIKACJA DOTYCZ\u0104CA EFEKTYWNO\u015aCI \u015aRODOWISKOWEJ 2025<\/h2><\/div><div class=\"fusion-separator fusion-full-width-sep\" style=\"align-self: center;margin-left: auto;margin-right: auto;margin-top:30px;width:100%;\"><\/div><div class=\"fusion-text fusion-text-2\"><p>IMEFY ocenia swoje wyniki \u015brodowiskowe w oparciu o:<\/p>\n<ul>\n<li>\nOcena prawna, w ramach kt\u00f3rej sprawdzane jest spe\u0142nienie wszystkich obowi\u0105zuj\u0105cych wymog\u00f3w prawnych maj\u0105cych zastosowanie do naszej Organizacji.\n<\/li>\n<li>\nAnaliza kontekstu, polegaj\u0105ca na badaniu i ocenie obecnej sytuacji oraz przysz\u0142ych trend\u00f3w, zar\u00f3wno w rozwoju wewn\u0119trznym Organizacji, jak i w analizie trend\u00f3w legislacyjnych, staraj\u0105c si\u0119 wyprzedza\u0107 spe\u0142nienie przysz\u0142ych wymog\u00f3w prawnych.\n<\/li>\n<li>\nPlan Strategiczny ustanowiony przez Kierownictwo, w kt\u00f3rym okre\u015blane s\u0105 Ryzyka i Szanse, a tak\u017ce cele rozwojowe maj\u0105ce na celu stawienie czo\u0142a i minimalizacj\u0119 ryzyk oraz wykorzystanie mo\u017cliwo\u015bci doskonalenia.\n<\/li>\n<li>\nPlan Kontroli Operacyjnej wymog\u00f3w prawnych, kt\u00f3ry podlega okresowemu monitorowaniu poprzez ocen\u0119 uzyskanych danych.\n<\/li>\n<li>\nBadanie i przetwarzanie wszystkich wska\u017anik\u00f3w \u015brodowiskowych uzyskanych w roku 2025.\n<\/li>\n<\/ul>\n<p>W wyniku zastosowania tej metodologii dzia\u0142ania IMEFY posiada zweryfikowane i certyfikowane Systemy Zarz\u0105dzania \u015arodowiskowego zgodnie z norm\u0105 UNE-EN-ISO 14001 oraz obliczenie \u015aladu W\u0119glowego zgodnie z norm\u0105 UNE-EN-ISO 14064-1.<br \/>\nBior\u0105c pod uwag\u0119 powy\u017csze, IMEFY przedstawia i ocenia swoje wyniki \u015brodowiskowe w roku 2025 w nast\u0119puj\u0105cy spos\u00f3b:<\/p>\n<ul>\n<li>\nZGODNO\u015a\u0106 PRAWNA:<br \/>\nNie otrzymano \u017cadnych sankcji ani wezwa\u0144 w zakresie ochrony \u015brodowiska.\n<\/li>\n<li>\nZARZ\u0104DZANIE ODPADAMI NIEBEZPIECZNYMI I INNYMI NI\u017b NIEBEZPIECZNE<\/p>\n<ul>\n<li>\nUzyskane dane:<br \/>\n\u0141\u0105czna ilo\u015b\u0107 odpad\u00f3w niebezpiecznych wytworzonych w 2025 r.: 87 ton.<br \/>\nW 2025 r. zmniejszono ilo\u015b\u0107 wytwarzanych odpad\u00f3w niebezpiecznych w por\u00f3wnaniu z rokiem 2024 o 5%.<br \/>\n\u0141\u0105czna ilo\u015b\u0107 odpad\u00f3w innych ni\u017c niebezpieczne wytworzonych w 2025 r.: 683 tony.<br \/>\nW 2025 r. zmniejszono ilo\u015b\u0107 wytwarzanych odpad\u00f3w innych ni\u017c niebezpieczne w por\u00f3wnaniu z rokiem 2024 o 6%.\n<\/li>\n<li>\nZrealizowane dzia\u0142ania \u015brodowiskowe:<\/p>\n<ul>\n<li>\nW roku 2025 uzyskano certyfikat \u201eRESIDUO 0\u201d, kt\u00f3ry potwierdza ponowne wykorzystanie i waloryzacj\u0119 naszych odpad\u00f3w na poziomie 98%.\n<\/li>\n<\/ul>\n<\/li>\n<\/ul>\n<\/li>\n<li>\n\u015aLAD W\u0118GLOWY<\/p>\n<ul>\n<li>\nUzyskane dane:<br \/>\nEmisje zweryfikowane i certyfikowane w 2025 r., odpowiadaj\u0105ce rokowi 2024, przedstawiaj\u0105 si\u0119 nast\u0119puj\u0105co:<\/p>\n<table style=\"height: 200px;\" width=\"500px\" align=\"center\">\n<tbody>\n<tr>\n<td>ZAKRES 1:<\/td>\n<td>1468,04 T CO<sub>2eq<\/sub><\/td>\n<\/tr>\n<tr>\n<td>ZAKRES 2:<\/td>\n<td>0 T CO<sub>2eq<\/sub><\/td>\n<\/tr>\n<tr>\n<td>ZAKRES 3:<\/td>\n<td>171,14 T CO<sub>2eq<\/sub><\/td>\n<\/tr>\n<tr>\n<td><strong>CA\u0141KOWITY \u015aLAD W\u0118GLOWY:<\/strong><\/td>\n<td><strong>1639,19 T CO<sub>2eq<\/sub><\/strong><\/td>\n<\/tr>\n<\/tbody>\n<\/table>\n<p>Uzyskane dane wskazuj\u0105 na zmniejszenie naszych emisji w stosunku do roku bazowego o 4,21%.\n<\/li>\n<li>\nZrealizowane dzia\u0142ania \u015brodowiskowe:<\/p>\n<ul>\n<li>\nDokonano rejestracji naszego \u015aladu W\u0119glowego w MITECO, co pozwoli nam, zgodnie z uzyskanymi wynikami, po raz kolejny uzyska\u0107 znak REDUZCO.\n<\/li>\n<li>\nIMEFY, w ramach swojego zaanga\u017cowania na rzecz \u015brodowiska, dekarbonizacji oraz Cel\u00f3w Zr\u00f3wnowa\u017conego Rozwoju (SDGs), nawi\u0105za\u0142o wsp\u00f3\u0142prac\u0119 z Fundacj\u0105 Repsol w celu wsparcia projektu Motor Verde i przyczynienia si\u0119 do ponownego zalesienia lasu Maceira (Galicja). W pierwszym roku wsp\u00f3\u0142pracy wk\u0142ad IMEFY umo\u017cliwi ograniczenie emisji o oko\u0142o 200 ton ekwiwalentu CO\u2082, z celem stopniowego zwi\u0119kszania tego wk\u0142adu w kolejnych latach.\n<\/li>\n<\/ul>\n<\/li>\n<\/ul>\n<\/li>\n<li>\nKONTROLA ZU\u017bYCIA ZASOB\u00d3W NATURALNYCH I ENERGII:<\/p>\n<ul>\n<li>\nUzyskane dane:<br \/>\nCa\u0142kowite zu\u017cycie wody: 2.397 m<span class=\"s1\">3<br \/>\n<\/span>Ca\u0142kowite zu\u017cycie energii elektrycznej: 2.929.996 kW\/h, co oznacza redukcj\u0119 zu\u017cycia o 1%.<br \/>\nCa\u0142kowite zu\u017cycie gazu ziemnego: 340.659 m<span class=\"s1\">3<\/span>, przy wzro\u015bcie zu\u017cycia w por\u00f3wnaniu z rokiem poprzednim o oko\u0142o 27%.\n<\/li>\n<li>\nZrealizowane dzia\u0142ania \u015brodowiskowe:<\/p>\n<ul>\n<li>\nZakup energii elektrycznej w 100% ze \u017ar\u00f3de\u0142 odnawialnych, z gwarancj\u0105 pochodzenia potwierdzon\u0105 przez CNMC.\n<\/li>\n<li>\nRozpocz\u0119cie prac nad systemem Efektywno\u015bci Energetycznej w celu uzyskania certyfikacji ISO 50001.\n<\/li>\n<li>\nZmiana systemu ogrzewania na bardziej efektywny, skutkuj\u0105ca redukcj\u0105 zu\u017cycia i emisji.\n<\/li>\n<\/ul>\n<\/li>\n<\/ul>\n<\/li>\n<li>\nINNE ZREALIZOWANE DZIA\u0141ANIA:<\/p>\n<ul>\n<li>\nUtrzymanie przynale\u017cno\u015bci do SCRAP w zakresie zarz\u0105dzania OPAKOWANIAMI.\n<\/li>\n<li>\nNadal obowi\u0105zuje analiza cyklu \u017cycia (LCA) oraz Deklaracja \u015arodowiskowa Produktu (DAP).\n<\/li>\n<li>\nPrzyst\u0105pienie do Global Compact Organizacji Narod\u00f3w Zjednoczonych.\n<\/li>\n<li>\nRaportowanie w zakresie Zr\u00f3wnowa\u017conego Rozwoju na platformach takich jak ECOVADIS, ACHILLES, BENCHMARK GENSUITE itp.\n<\/li>\n<li>\nOpracowanie systemu Zarz\u0105dzania Ryzykiem w \u0141a\u0144cuchu Warto\u015bci (Zr\u00f3wnowa\u017cone Zakupy).\n<\/li>\n<li>\nSzkolenia dotycz\u0105ce opracowania Raportu Zr\u00f3wnowa\u017conego Rozwoju zgodnie z CSRD, z wyprzedzeniem przysz\u0142ych wymog\u00f3w prawnych.\n<\/li>\n<\/ul>\n<p>Dzi\u0119ki wszystkim tym dzia\u0142aniom IMEFY rozszerza swoje odpowiedzialno\u015bci poza wymagania regulacyjne, dostosowuj\u0105c swoje zobowi\u0105zania do Cel\u00f3w Zr\u00f3wnowa\u017conego Rozwoju (SDGs). W szczeg\u00f3lno\u015bci IMEFY aktywnie przyczynia si\u0119 do realizacji nast\u0119puj\u0105cych cel\u00f3w:<\/p>\n<p><img loading=\"lazy\" decoding=\"async\" class=\"wp-image-33387 size-full aligncenter\" src=\"https:\/\/imefy.com\/wp-content\/uploads\/2026\/01\/Imefy-Objetivos-ambientales-2025.jpg\" alt=\"\" width=\"600\" height=\"403\" srcset=\"https:\/\/imefy.com\/wp-content\/uploads\/2026\/01\/Imefy-Objetivos-ambientales-2025-150x101.jpg 150w, https:\/\/imefy.com\/wp-content\/uploads\/2026\/01\/Imefy-Objetivos-ambientales-2025-300x202.jpg 300w, https:\/\/imefy.com\/wp-content\/uploads\/2026\/01\/Imefy-Objetivos-ambientales-2025-400x269.jpg 400w, https:\/\/imefy.com\/wp-content\/uploads\/2026\/01\/Imefy-Objetivos-ambientales-2025.jpg 600w\" sizes=\"auto, (max-width: 600px) 100vw, 600px\" \/><\/li>\n<\/ul>\n<p>Na rok 2026, uwzgl\u0119dniaj\u0105c wyniki \u015brodowiskowe z 2025 r., IMEFY rozwa\u017ca podj\u0119cie nast\u0119puj\u0105cych zobowi\u0105za\u0144:<\/p>\n<ul>\n<li>\nZmniejszenie emisji CO2eq o 5% w roku 2025 w por\u00f3wnaniu z rokiem bazowym (2022).\n<\/li>\n<li>\nRejestracja \u015aladu W\u0119glowego w MITECO za rok 2025.\n<\/li>\n<li>\nZmniejszenie ca\u0142kowitej ilo\u015bci wytwarzanych odpad\u00f3w niebezpiecznych o 2% w roku 2026 w por\u00f3wnaniu z rokiem 2025.\n<\/li>\n<li>\nZmniejszenie ca\u0142kowitej ilo\u015bci wytwarzanych odpad\u00f3w innych ni\u017c niebezpieczne o 5% w roku 2026 w por\u00f3wnaniu z rokiem 2025.\n<\/li>\n<li>\nUtrzymanie certyfikatu RESIDUO 0.\n<\/li>\n<li>Kontynuowanie zapewnienia zakupu energii elektrycznej w 100% ze \u017ar\u00f3de\u0142 odnawialnych z gwarancj\u0105 pochodzenia oraz nowy zakup gwarancji pochodzenia odnawialnego gazu ziemnego, co pozwoli na redukcj\u0119 emisji o oko\u0142o 35%.<\/li>\n<li>Kontynuowanie zarz\u0105dzania opakowaniami na poziomie krajowym oraz przygotowanie si\u0119 do spe\u0142nienia nowych \u015brodk\u00f3w na\u0142o\u017conych przez europejskie rozporz\u0105dzenie PPWR.<\/li>\n<li>Uzyskanie certyfikacji ISO 50001.<\/li>\n<li>Sporz\u0105dzenie Raportu Zr\u00f3wnowa\u017conego Rozwoju zgodnie z CSRD.<\/li>\n<li>Szkolenia w zakresie Zr\u00f3wnowa\u017conego Rozwoju, Gospodarki Obiegu Zamkni\u0119tego itp.<\/li>\n<li>Kampanie podnosz\u0105ce \u015bwiadomo\u015b\u0107 oraz prezentacja Projekt\u00f3w Zr\u00f3wnowa\u017conych wszystkim Zainteresowanym Stronom Organizacji.<\/li>\n<li>Przeprowadzenie nowej analizy LCA dla transformator\u00f3w zalewanych \u017cywic\u0105 epoksydow\u0105.<\/li>\n<li>Raportowanie na platformach oraz poprawa uzyskanych ocen.<\/li>\n<\/ul>\n<\/div><div class=\"fusion-separator fusion-full-width-sep\" style=\"align-self: center;margin-left: auto;margin-right: auto;margin-top:30px;width:100%;\"><\/div><div class=\"fusion-image-element \" style=\"text-align:left;--awb-max-width:500px;--awb-caption-title-font-family:var(--h2_typography-font-family);--awb-caption-title-font-weight:var(--h2_typography-font-weight);--awb-caption-title-font-style:var(--h2_typography-font-style);--awb-caption-title-size:var(--h2_typography-font-size);--awb-caption-title-transform:var(--h2_typography-text-transform);--awb-caption-title-line-height:var(--h2_typography-line-height);--awb-caption-title-letter-spacing:var(--h2_typography-letter-spacing);\"><span class=\" fusion-imageframe imageframe-none imageframe-1 hover-type-none\"><img loading=\"lazy\" decoding=\"async\" width=\"2000\" height=\"1194\" title=\"Firma-Eduardo\" src=\"https:\/\/imefy.com\/wp-content\/uploads\/2026\/01\/Firma-Eduardo.jpg\" alt class=\"img-responsive wp-image-33412\" srcset=\"https:\/\/imefy.com\/wp-content\/uploads\/2026\/01\/Firma-Eduardo-400x239.jpg 400w, https:\/\/imefy.com\/wp-content\/uploads\/2026\/01\/Firma-Eduardo-600x358.jpg 600w, https:\/\/imefy.com\/wp-content\/uploads\/2026\/01\/Firma-Eduardo-800x478.jpg 800w, https:\/\/imefy.com\/wp-content\/uploads\/2026\/01\/Firma-Eduardo-1200x716.jpg 1200w, https:\/\/imefy.com\/wp-content\/uploads\/2026\/01\/Firma-Eduardo.jpg 2000w\" sizes=\"auto, (max-width: 1024px) 100vw, (max-width: 640px) 100vw, 1200px\" \/><\/span><\/div><\/div><\/div><\/div><\/div>\n","protected":false},"excerpt":{"rendered":"","protected":false},"author":10,"featured_media":25624,"parent":0,"menu_order":11,"comment_status":"closed","ping_status":"closed","template":"100-width.php","meta":{"footnotes":""},"class_list":["post-24219","page","type-page","status-publish","has-post-thumbnail","hentry"],"yoast_head":"<!-- This site is optimized with the Yoast SEO Premium plugin v27.4 (Yoast SEO v27.4) - https:\/\/yoast.com\/product\/yoast-seo-premium-wordpress\/ -->\n<title>KOMUNIKACJA DOTYCZ\u0104CA WYDAJNO\u015aCI \u015aRODOWISKOWEJ - IMEFY<\/title>\n<meta name=\"robots\" content=\"index, follow, max-snippet:-1, max-image-preview:large, max-video-preview:-1\" \/>\n<link rel=\"canonical\" href=\"https:\/\/imefy.com\/pl\/komunikacja-dotyczaca-wydajnosci-srodowiskowej\/\" \/>\n<meta property=\"og:locale\" content=\"pl_PL\" \/>\n<meta property=\"og:type\" content=\"article\" \/>\n<meta property=\"og:title\" content=\"KOMUNIKACJA DOTYCZ\u0104CA WYDAJNO\u015aCI \u015aRODOWISKOWEJ\" \/>\n<meta property=\"og:url\" content=\"https:\/\/imefy.com\/pl\/komunikacja-dotyczaca-wydajnosci-srodowiskowej\/\" \/>\n<meta property=\"og:site_name\" content=\"IMEFY\" \/>\n<meta property=\"article:publisher\" content=\"https:\/\/www.facebook.com\/pages\/Imefy-Group\/852590684780185\" \/>\n<meta property=\"article:modified_time\" content=\"2026-01-27T10:19:09+00:00\" \/>\n<meta property=\"og:image\" content=\"https:\/\/imefy.com\/wp-content\/uploads\/2023\/01\/Imefy_com-desempeno-ambiental.jpg\" \/>\n\t<meta property=\"og:image:width\" content=\"2800\" \/>\n\t<meta property=\"og:image:height\" content=\"1122\" \/>\n\t<meta property=\"og:image:type\" content=\"image\/jpeg\" \/>\n<meta name=\"twitter:card\" content=\"summary_large_image\" \/>\n<meta name=\"twitter:site\" content=\"@imefygroup\" \/>\n<meta name=\"twitter:label1\" content=\"Szacowany czas czytania\" \/>\n\t<meta name=\"twitter:data1\" content=\"4 minuty\" \/>\n<script type=\"application\/ld+json\" class=\"yoast-schema-graph\">{\"@context\":\"https:\\\/\\\/schema.org\",\"@graph\":[{\"@type\":\"WebPage\",\"@id\":\"https:\\\/\\\/imefy.com\\\/pl\\\/komunikacja-dotyczaca-wydajnosci-srodowiskowej\\\/\",\"url\":\"https:\\\/\\\/imefy.com\\\/pl\\\/komunikacja-dotyczaca-wydajnosci-srodowiskowej\\\/\",\"name\":\"KOMUNIKACJA DOTYCZ\u0104CA WYDAJNO\u015aCI \u015aRODOWISKOWEJ - IMEFY\",\"isPartOf\":{\"@id\":\"\\\/#website\"},\"primaryImageOfPage\":{\"@id\":\"https:\\\/\\\/imefy.com\\\/pl\\\/komunikacja-dotyczaca-wydajnosci-srodowiskowej\\\/#primaryimage\"},\"image\":{\"@id\":\"https:\\\/\\\/imefy.com\\\/pl\\\/komunikacja-dotyczaca-wydajnosci-srodowiskowej\\\/#primaryimage\"},\"thumbnailUrl\":\"https:\\\/\\\/imefy.com\\\/wp-content\\\/uploads\\\/2023\\\/01\\\/Imefy_com-desempeno-ambiental.jpg\",\"datePublished\":\"2023-01-17T07:54:12+00:00\",\"dateModified\":\"2026-01-27T10:19:09+00:00\",\"breadcrumb\":{\"@id\":\"https:\\\/\\\/imefy.com\\\/pl\\\/komunikacja-dotyczaca-wydajnosci-srodowiskowej\\\/#breadcrumb\"},\"inLanguage\":\"pl-PL\",\"potentialAction\":[{\"@type\":\"ReadAction\",\"target\":[\"https:\\\/\\\/imefy.com\\\/pl\\\/komunikacja-dotyczaca-wydajnosci-srodowiskowej\\\/\"]}]},{\"@type\":\"ImageObject\",\"inLanguage\":\"pl-PL\",\"@id\":\"https:\\\/\\\/imefy.com\\\/pl\\\/komunikacja-dotyczaca-wydajnosci-srodowiskowej\\\/#primaryimage\",\"url\":\"https:\\\/\\\/imefy.com\\\/wp-content\\\/uploads\\\/2023\\\/01\\\/Imefy_com-desempeno-ambiental.jpg\",\"contentUrl\":\"https:\\\/\\\/imefy.com\\\/wp-content\\\/uploads\\\/2023\\\/01\\\/Imefy_com-desempeno-ambiental.jpg\",\"width\":2800,\"height\":1122},{\"@type\":\"BreadcrumbList\",\"@id\":\"https:\\\/\\\/imefy.com\\\/pl\\\/komunikacja-dotyczaca-wydajnosci-srodowiskowej\\\/#breadcrumb\",\"itemListElement\":[{\"@type\":\"ListItem\",\"position\":1,\"name\":\"Portada\",\"item\":\"https:\\\/\\\/imefy.com\\\/pl\\\/\"},{\"@type\":\"ListItem\",\"position\":2,\"name\":\"KOMUNIKACJA DOTYCZ\u0104CA WYDAJNO\u015aCI \u015aRODOWISKOWEJ\"}]},{\"@type\":\"WebSite\",\"@id\":\"\\\/#website\",\"url\":\"\\\/\",\"name\":\"IMEFY\",\"description\":\"Fabricaci\u00f3n de transformadores de distribuci\u00f3n y potencia\",\"potentialAction\":[{\"@type\":\"SearchAction\",\"target\":{\"@type\":\"EntryPoint\",\"urlTemplate\":\"\\\/?s={search_term_string}\"},\"query-input\":{\"@type\":\"PropertyValueSpecification\",\"valueRequired\":true,\"valueName\":\"search_term_string\"}}],\"inLanguage\":\"pl-PL\"}]}<\/script>\n<!-- \/ Yoast SEO Premium plugin. -->","yoast_head_json":{"title":"KOMUNIKACJA DOTYCZ\u0104CA WYDAJNO\u015aCI \u015aRODOWISKOWEJ - IMEFY","robots":{"index":"index","follow":"follow","max-snippet":"max-snippet:-1","max-image-preview":"max-image-preview:large","max-video-preview":"max-video-preview:-1"},"canonical":"https:\/\/imefy.com\/pl\/komunikacja-dotyczaca-wydajnosci-srodowiskowej\/","og_locale":"pl_PL","og_type":"article","og_title":"KOMUNIKACJA DOTYCZ\u0104CA WYDAJNO\u015aCI \u015aRODOWISKOWEJ","og_url":"https:\/\/imefy.com\/pl\/komunikacja-dotyczaca-wydajnosci-srodowiskowej\/","og_site_name":"IMEFY","article_publisher":"https:\/\/www.facebook.com\/pages\/Imefy-Group\/852590684780185","article_modified_time":"2026-01-27T10:19:09+00:00","og_image":[{"width":2800,"height":1122,"url":"https:\/\/imefy.com\/wp-content\/uploads\/2023\/01\/Imefy_com-desempeno-ambiental.jpg","type":"image\/jpeg"}],"twitter_card":"summary_large_image","twitter_site":"@imefygroup","twitter_misc":{"Szacowany czas czytania":"4 minuty"},"schema":{"@context":"https:\/\/schema.org","@graph":[{"@type":"WebPage","@id":"https:\/\/imefy.com\/pl\/komunikacja-dotyczaca-wydajnosci-srodowiskowej\/","url":"https:\/\/imefy.com\/pl\/komunikacja-dotyczaca-wydajnosci-srodowiskowej\/","name":"KOMUNIKACJA DOTYCZ\u0104CA WYDAJNO\u015aCI \u015aRODOWISKOWEJ - IMEFY","isPartOf":{"@id":"\/#website"},"primaryImageOfPage":{"@id":"https:\/\/imefy.com\/pl\/komunikacja-dotyczaca-wydajnosci-srodowiskowej\/#primaryimage"},"image":{"@id":"https:\/\/imefy.com\/pl\/komunikacja-dotyczaca-wydajnosci-srodowiskowej\/#primaryimage"},"thumbnailUrl":"https:\/\/imefy.com\/wp-content\/uploads\/2023\/01\/Imefy_com-desempeno-ambiental.jpg","datePublished":"2023-01-17T07:54:12+00:00","dateModified":"2026-01-27T10:19:09+00:00","breadcrumb":{"@id":"https:\/\/imefy.com\/pl\/komunikacja-dotyczaca-wydajnosci-srodowiskowej\/#breadcrumb"},"inLanguage":"pl-PL","potentialAction":[{"@type":"ReadAction","target":["https:\/\/imefy.com\/pl\/komunikacja-dotyczaca-wydajnosci-srodowiskowej\/"]}]},{"@type":"ImageObject","inLanguage":"pl-PL","@id":"https:\/\/imefy.com\/pl\/komunikacja-dotyczaca-wydajnosci-srodowiskowej\/#primaryimage","url":"https:\/\/imefy.com\/wp-content\/uploads\/2023\/01\/Imefy_com-desempeno-ambiental.jpg","contentUrl":"https:\/\/imefy.com\/wp-content\/uploads\/2023\/01\/Imefy_com-desempeno-ambiental.jpg","width":2800,"height":1122},{"@type":"BreadcrumbList","@id":"https:\/\/imefy.com\/pl\/komunikacja-dotyczaca-wydajnosci-srodowiskowej\/#breadcrumb","itemListElement":[{"@type":"ListItem","position":1,"name":"Portada","item":"https:\/\/imefy.com\/pl\/"},{"@type":"ListItem","position":2,"name":"KOMUNIKACJA DOTYCZ\u0104CA WYDAJNO\u015aCI \u015aRODOWISKOWEJ"}]},{"@type":"WebSite","@id":"\/#website","url":"\/","name":"IMEFY","description":"Fabricaci\u00f3n de transformadores de distribuci\u00f3n y potencia","potentialAction":[{"@type":"SearchAction","target":{"@type":"EntryPoint","urlTemplate":"\/?s={search_term_string}"},"query-input":{"@type":"PropertyValueSpecification","valueRequired":true,"valueName":"search_term_string"}}],"inLanguage":"pl-PL"}]}},"_links":{"self":[{"href":"https:\/\/imefy.com\/pl\/wp-json\/wp\/v2\/pages\/24219","targetHints":{"allow":["GET"]}}],"collection":[{"href":"https:\/\/imefy.com\/pl\/wp-json\/wp\/v2\/pages"}],"about":[{"href":"https:\/\/imefy.com\/pl\/wp-json\/wp\/v2\/types\/page"}],"author":[{"embeddable":true,"href":"https:\/\/imefy.com\/pl\/wp-json\/wp\/v2\/users\/10"}],"replies":[{"embeddable":true,"href":"https:\/\/imefy.com\/pl\/wp-json\/wp\/v2\/comments?post=24219"}],"version-history":[{"count":3,"href":"https:\/\/imefy.com\/pl\/wp-json\/wp\/v2\/pages\/24219\/revisions"}],"predecessor-version":[{"id":33415,"href":"https:\/\/imefy.com\/pl\/wp-json\/wp\/v2\/pages\/24219\/revisions\/33415"}],"wp:featuredmedia":[{"embeddable":true,"href":"https:\/\/imefy.com\/pl\/wp-json\/wp\/v2\/media\/25624"}],"wp:attachment":[{"href":"https:\/\/imefy.com\/pl\/wp-json\/wp\/v2\/media?parent=24219"}],"curies":[{"name":"wp","href":"https:\/\/api.w.org\/{rel}","templated":true}]}}