{"id":29339,"date":"2024-03-18T10:13:32","date_gmt":"2024-03-18T09:13:32","guid":{"rendered":"https:\/\/imefy.com\/?page_id=29339"},"modified":"2024-03-18T10:51:44","modified_gmt":"2024-03-18T09:51:44","slug":"instrukcja-do-jednostek-olejowych","status":"publish","type":"page","link":"https:\/\/imefy.com\/pl\/instrukcja-do-jednostek-olejowych\/","title":{"rendered":"Instrukcja do jednostek olejowych"},"content":{"rendered":"<div id=\"instrukcja1\" class=\"fusion-container-anchor\"><div class=\"fusion-fullwidth fullwidth-box fusion-builder-row-1 fusion-flex-container hundred-percent-fullwidth non-hundred-percent-height-scrolling\" style=\"--awb-background-position:left top;--awb-border-sizes-top:0px;--awb-border-sizes-bottom:0px;--awb-border-sizes-left:0px;--awb-border-sizes-right:0px;--awb-border-radius-top-left:0px;--awb-border-radius-top-right:0px;--awb-border-radius-bottom-right:0px;--awb-border-radius-bottom-left:0px;--awb-padding-top:0px;--awb-padding-right:0px;--awb-padding-bottom:0px;--awb-padding-left:0px;--awb-flex-wrap:wrap;\" ><div class=\"fusion-builder-row fusion-row fusion-flex-align-items-stretch fusion-flex-content-wrap\" style=\"width:calc( 100% + 0px ) !important;max-width:calc( 100% + 0px ) !important;margin-left: calc(-0px \/ 2 );margin-right: calc(-0px \/ 2 );\"><div class=\"fusion-layout-column fusion_builder_column fusion-builder-column-0 fusion_builder_column_1_2 1_2 fusion-flex-column\" style=\"--awb-padding-top:13%;--awb-padding-right:13%;--awb-padding-bottom:13%;--awb-padding-left:13%;--awb-bg-size:cover;--awb-width-large:50%;--awb-margin-top-large:0px;--awb-spacing-right-large:0px;--awb-margin-bottom-large:0px;--awb-spacing-left-large:0px;--awb-width-medium:100%;--awb-spacing-right-medium:0px;--awb-spacing-left-medium:0px;--awb-width-small:100%;--awb-spacing-right-small:0px;--awb-spacing-left-small:0px;\"><div class=\"fusion-column-wrapper fusion-flex-justify-content-flex-start fusion-content-layout-column\"><div class=\"fusion-text fusion-text-1\"><h2>INSTRUKCJA DO JEDNOSTEK OLEJOWYCH<\/h2>\n<\/div><div class=\"fusion-separator fusion-full-width-sep\" style=\"align-self: center;margin-left: auto;margin-right: auto;margin-top:10px;width:100%;\"><\/div><div ><a class=\"fusion-button button-flat fusion-button-default-size button-default fusion-button-default button-1 fusion-button-default-span fusion-button-default-type\" style=\"width:calc(100%);\" target=\"_blank\" rel=\"noopener noreferrer\" href=\"https:\/\/imefy.com\/?r3d=manual-de-instrucciones-aceite\"><span class=\"fusion-button-text awb-button__text awb-button__text--default\">ZOBACZ ONLINE<\/span><\/a><\/div><div class=\"fusion-separator fusion-full-width-sep\" style=\"align-self: center;margin-left: auto;margin-right: auto;margin-top:5%;margin-bottom:5%;width:100%;\"><div class=\"fusion-separator-border sep-shadow\" style=\"--awb-height:20px;--awb-amount:20px;--awb-sep-color:#004899;background:radial-gradient(ellipse at 50% -50% , #004899 0px, rgba(255, 255, 255, 0) 80%) repeat scroll 0 0 rgba(0, 0, 0, 0);background:-webkit-radial-gradient(ellipse at 50% -50% , #004899 0px, rgba(255, 255, 255, 0) 80%) repeat scroll 0 0 rgba(0, 0, 0, 0);background:-moz-radial-gradient(ellipse at 50% -50% , #004899 0px, rgba(255, 255, 255, 0) 80%) repeat scroll 0 0 rgba(0, 0, 0, 0);background:-o-radial-gradient(ellipse at 50% -50% , #004899 0px, rgba(255, 255, 255, 0) 80%) repeat scroll 0 0 rgba(0, 0, 0, 0);\"><\/div><\/div><div class=\"fusion-title title fusion-title-1 fusion-sep-none fusion-title-text fusion-title-size-paragraph\" style=\"--awb-margin-top-small:0px;--awb-margin-right-small:0px;--awb-margin-bottom-small:20px;--awb-margin-left-small:0px;\"><p class=\"fusion-title-heading title-heading-left title-heading-tag fusion-responsive-typography-calculated\" style=\"margin:0;--fontSize:18;line-height:1.5;\"><h5>Je\u015bli chc\u0105 Pa\u0144stwo zachowa\u0107 swoj\u0105 kopi\u0119, prosz\u0119 rozwin\u0105\u0107 pasek danych<\/h5><\/p><\/div>\n<div class=\"wpcf7 no-js\" id=\"wpcf7-f19491-o1\" lang=\"pl-PL\" dir=\"ltr\" data-wpcf7-id=\"19491\">\n<div class=\"screen-reader-response\"><p role=\"status\" aria-live=\"polite\" aria-atomic=\"true\"><\/p> <ul><\/ul><\/div>\n<form action=\"\/pl\/wp-json\/wp\/v2\/pages\/29339#wpcf7-f19491-o1\" method=\"post\" class=\"wpcf7-form init\" aria-label=\"Formularz kontaktowy\" novalidate=\"novalidate\" data-status=\"init\">\n<fieldset class=\"hidden-fields-container\"><input type=\"hidden\" name=\"_wpcf7\" value=\"19491\" \/><input type=\"hidden\" name=\"_wpcf7_version\" value=\"6.1.5\" \/><input type=\"hidden\" name=\"_wpcf7_locale\" value=\"pl_PL\" \/><input type=\"hidden\" name=\"_wpcf7_unit_tag\" value=\"wpcf7-f19491-o1\" \/><input type=\"hidden\" name=\"_wpcf7_container_post\" value=\"0\" \/><input type=\"hidden\" name=\"_wpcf7_posted_data_hash\" value=\"\" \/><input type=\"hidden\" name=\"_wpcf7cf_hidden_group_fields\" value=\"[]\" \/><input type=\"hidden\" name=\"_wpcf7cf_hidden_groups\" value=\"[]\" \/><input type=\"hidden\" name=\"_wpcf7cf_visible_groups\" value=\"[]\" \/><input type=\"hidden\" name=\"_wpcf7cf_repeaters\" value=\"[]\" \/><input type=\"hidden\" name=\"_wpcf7cf_steps\" value=\"{}\" \/><input type=\"hidden\" name=\"_wpcf7cf_options\" value=\"{&quot;form_id&quot;:19491,&quot;conditions&quot;:[],&quot;settings&quot;:{&quot;animation&quot;:&quot;yes&quot;,&quot;animation_intime&quot;:200,&quot;animation_outtime&quot;:200,&quot;conditions_ui&quot;:&quot;normal&quot;,&quot;notice_dismissed&quot;:false,&quot;notice_dismissed_rollback-cf7-6.1.2&quot;:true}}\" \/><input type=\"hidden\" name=\"_wpcf7_recaptcha_response\" value=\"\" \/>\n<\/fieldset>\n<p><span class=\"wpcf7-form-control-wrap\" data-name=\"your-name\"><input size=\"40\" maxlength=\"400\" class=\"wpcf7-form-control wpcf7-text wpcf7-validates-as-required\" aria-required=\"true\" aria-invalid=\"false\" placeholder=\"IMI\u0118 I NAZWISKO *\" value=\"\" type=\"text\" name=\"your-name\" \/><\/span>\n<\/p>\n<p><span class=\"wpcf7-form-control-wrap\" data-name=\"your-email\"><input size=\"40\" maxlength=\"400\" class=\"wpcf7-form-control wpcf7-email wpcf7-validates-as-required wpcf7-text wpcf7-validates-as-email\" aria-required=\"true\" aria-invalid=\"false\" placeholder=\"EMAIL *\" value=\"\" type=\"email\" name=\"your-email\" \/><\/span>\n<\/p>\n<p><span class=\"wpcf7-form-control-wrap\" data-name=\"Empresa\"><input size=\"40\" maxlength=\"400\" class=\"wpcf7-form-control wpcf7-text wpcf7-validates-as-required\" aria-required=\"true\" aria-invalid=\"false\" placeholder=\"FIRMA *\" value=\"\" type=\"text\" name=\"Empresa\" \/><\/span>\n<\/p>\n<p>Wybierz sw\u00f3j kraj<br \/>\n<span class=\"wpcf7-form-control-wrap\" data-name=\"pais\"><input size=\"40\" class=\"wpcf7-form-control wpcf7-countrytext wpcf7-validates-as-required wpcf7-text wpcf7-validates-as-countrytext\" aria-required=\"true\" aria-invalid=\"false\" value=\"\" type=\"text\" name=\"pais\" \/><\/span><br \/>\n<span class=\"wpcf7-form-control-wrap\" data-name=\"acceptance-380\"><span class=\"wpcf7-form-control wpcf7-acceptance\"><span class=\"wpcf7-list-item\"><label><input type=\"checkbox\" name=\"acceptance-380\" value=\"1\" aria-invalid=\"false\" \/><span class=\"wpcf7-list-item-label\">Akceptuj\u0119 <a href=\"https:\/\/imefy.com\/pl\/polityka-ochrony-danych\/\"> Polityk\u0119 Ochrony Danych<\/a><\/span><\/label><\/span><\/span><\/span>\n<\/p>\n<p><input class=\"wpcf7-form-control wpcf7-submit has-spinner\" type=\"submit\" value=\"WY\u015aLIJ POBIERANIE LINKU\" \/>\n<\/p><div class=\"fusion-alert alert custom alert-custom fusion-alert-center wpcf7-response-output fusion-alert-capitalize awb-alert-native-link-color alert-dismissable awb-alert-close-boxed\" style=\"--awb-border-top-left-radius:0px;--awb-border-top-right-radius:0px;--awb-border-bottom-left-radius:0px;--awb-border-bottom-right-radius:0px;\" role=\"alert\"><div class=\"fusion-alert-content-wrapper\"><span class=\"fusion-alert-content\"><\/span><\/div><button type=\"button\" class=\"close toggle-alert\" data-dismiss=\"alert\" aria-label=\"Close\">&times;<\/button><\/div>\n<\/form>\n<\/div>\n<div class=\"fusion-text fusion-text-2\"><p style=\"font-size: x-small;\">INFORMACJA PODSTAWOWA O OCHRONIE DANYCH<br \/>\n<b>Industrias Mecano El\u00e9ctricas Fontecha Y\u00e9benes S.L.<\/b>, jako odpowiedzialny za t\u0119 stron\u0119 internetow\u0105, informuje, \u017ce Pa\u0144stwa dane b\u0119d\u0105 przetwarzane w celu odpowiedzi na zapytanie kontaktowe lub w celu wysy\u0142ania newsletter\u00f3w. Mog\u0105 Pa\u0144\u015btwo skorzysta\u0107 ze swoich praw poprzez e-mail imefy@imefy.com. Aby uzyska\u0107 wi\u0119cej informacji na temat przetwarzania danych i przys\u0142uguj\u0105cych Ci praw, prosimy klin\u0105\u0107 \u201eZasady ochrony danych\u201d.<br \/>\nInformacje na temat przetwarzania danych osobowych zgodnie z przepisami rozporz\u0105dzenia Parlamentu Europejskiego i Rady (UE) 2016\/679 z dnia 27 kwietnia 2016 r.<br \/>\nOdpowiedzialny: Industrias Mecano El\u00e9ctricas Fontecha Y\u00e9benes, S.L. (IMEFY S.L.).<br \/>\nCel: Zarz\u0105dzania wysy\u0142aniem \u017c\u0105danych informacji.<br \/>\nZatwierdzenie: zgoda osoby zainteresowanej.<br \/>\nOdbiorcy: Twoje dane nie b\u0119d\u0105 przekazywane stronom trzecim, chyba \u017ce istnieje obowi\u0105zek prawny.<br \/>\nPrawa: Masz prawo dost\u0119pu do swoich danych, ich poprawiania i,a tak\u017ce innych praw, kt\u00f3re ci pomagaj\u0105 i kt\u00f3re zosta\u0142y wyja\u015bnione bardziej szczeg\u00f3\u0142owo w informacji prawnej.<br \/>\nInformacje dodatkowe: Mo\u017cesz zapozna\u0107 si\u0119 z bardziej szczeg\u00f3\u0142owymi informacjami na temat prywatno\u015bci i ochrony twoich danych osobowych.<\/p>\n<\/div><\/div><\/div><div class=\"fusion-layout-column fusion_builder_column fusion-builder-column-1 fusion_builder_column_1_2 1_2 fusion-flex-column fusion-column-inner-bg-wrapper\" style=\"--awb-inner-bg-image:url(&#039;https:\/\/imefy.com\/wp-content\/uploads\/2020\/05\/Portada-Manual-OIT.jpg&#039;);--awb-inner-bg-position:center center;--awb-inner-bg-size:cover;--awb-width-large:50%;--awb-margin-top-large:0px;--awb-spacing-right-large:0px;--awb-margin-bottom-large:0px;--awb-spacing-left-large:0px;--awb-width-medium:100%;--awb-order-medium:0;--awb-spacing-right-medium:0px;--awb-spacing-left-medium:0px;--awb-width-small:100%;--awb-order-small:0;--awb-spacing-right-small:0px;--awb-spacing-left-small:0px;\"><span class=\"fusion-column-inner-bg hover-type-none\"><a class=\"fusion-column-anchor\" href=\"https:\/\/indd.adobe.com\/view\/3c431156-4242-44ed-ab86-72567e9040ee\" rel=\"noopener noreferrer\" target=\"_blank\"><span class=\"fusion-column-inner-bg-image\"><\/span><\/a><\/span><div class=\"fusion-column-wrapper fusion-column-has-shadow fusion-flex-justify-content-flex-start fusion-content-layout-column fusion-empty-column-bg-image fusion-column-has-bg-image\" data-bg-url=\"https:\/\/imefy.com\/wp-content\/uploads\/2020\/05\/Portada-Manual-OIT.jpg\"><img decoding=\"async\" class=\"fusion-empty-dims-img-placeholder fusion-no-large-visibility\" aria-label=\"Portada-Manual-OIT\" src=\"data:image\/svg+xml,%3Csvg%20xmlns%3D%27http%3A%2F%2Fwww.w3.org%2F2000%2Fsvg%27%20width%3D%271500%27%20height%3D%271125%27%20viewBox%3D%270%200%201500%201125%27%3E%3Crect%20width%3D%271500%27%20height%3D%271125%27%20fill-opacity%3D%220%22%2F%3E%3C%2Fsvg%3E\"><\/div><\/div><\/div><\/div><\/div>\n","protected":false},"excerpt":{"rendered":"","protected":false},"author":10,"featured_media":0,"parent":0,"menu_order":34,"comment_status":"closed","ping_status":"closed","template":"100-width.php","meta":{"footnotes":""},"class_list":["post-29339","page","type-page","status-publish","hentry"],"yoast_head":"<!-- This site is optimized with the Yoast SEO Premium plugin v27.0 (Yoast SEO v27.3) - https:\/\/yoast.com\/product\/yoast-seo-premium-wordpress\/ -->\n<title>Instrukcja do jednostek olejowych - IMEFY<\/title>\n<meta name=\"robots\" content=\"index, follow, max-snippet:-1, max-image-preview:large, max-video-preview:-1\" \/>\n<link rel=\"canonical\" href=\"https:\/\/imefy.com\/pl\/instrukcja-do-jednostek-olejowych\/\" \/>\n<meta property=\"og:locale\" content=\"pl_PL\" \/>\n<meta property=\"og:type\" content=\"article\" \/>\n<meta property=\"og:title\" content=\"Instrukcja do jednostek olejowych\" \/>\n<meta property=\"og:url\" content=\"https:\/\/imefy.com\/pl\/instrukcja-do-jednostek-olejowych\/\" \/>\n<meta property=\"og:site_name\" content=\"IMEFY\" \/>\n<meta property=\"article:publisher\" content=\"https:\/\/www.facebook.com\/pages\/Imefy-Group\/852590684780185\" \/>\n<meta property=\"article:modified_time\" content=\"2024-03-18T09:51:44+00:00\" \/>\n<meta name=\"twitter:card\" content=\"summary_large_image\" \/>\n<meta name=\"twitter:site\" content=\"@imefygroup\" \/>\n<meta name=\"twitter:label1\" content=\"Szacowany czas czytania\" \/>\n\t<meta name=\"twitter:data1\" content=\"4 minuty\" \/>\n<script type=\"application\/ld+json\" class=\"yoast-schema-graph\">{\"@context\":\"https:\\\/\\\/schema.org\",\"@graph\":[{\"@type\":\"WebPage\",\"@id\":\"https:\\\/\\\/imefy.com\\\/pl\\\/instrukcja-do-jednostek-olejowych\\\/\",\"url\":\"https:\\\/\\\/imefy.com\\\/pl\\\/instrukcja-do-jednostek-olejowych\\\/\",\"name\":\"Instrukcja do jednostek olejowych - IMEFY\",\"isPartOf\":{\"@id\":\"\\\/#website\"},\"datePublished\":\"2024-03-18T09:13:32+00:00\",\"dateModified\":\"2024-03-18T09:51:44+00:00\",\"breadcrumb\":{\"@id\":\"https:\\\/\\\/imefy.com\\\/pl\\\/instrukcja-do-jednostek-olejowych\\\/#breadcrumb\"},\"inLanguage\":\"pl-PL\",\"potentialAction\":[{\"@type\":\"ReadAction\",\"target\":[\"https:\\\/\\\/imefy.com\\\/pl\\\/instrukcja-do-jednostek-olejowych\\\/\"]}]},{\"@type\":\"BreadcrumbList\",\"@id\":\"https:\\\/\\\/imefy.com\\\/pl\\\/instrukcja-do-jednostek-olejowych\\\/#breadcrumb\",\"itemListElement\":[{\"@type\":\"ListItem\",\"position\":1,\"name\":\"Portada\",\"item\":\"https:\\\/\\\/imefy.com\\\/pl\\\/\"},{\"@type\":\"ListItem\",\"position\":2,\"name\":\"Instrukcja do jednostek olejowych\"}]},{\"@type\":\"WebSite\",\"@id\":\"\\\/#website\",\"url\":\"\\\/\",\"name\":\"IMEFY\",\"description\":\"Fabricaci\u00f3n de transformadores de distribuci\u00f3n y potencia\",\"potentialAction\":[{\"@type\":\"SearchAction\",\"target\":{\"@type\":\"EntryPoint\",\"urlTemplate\":\"\\\/?s={search_term_string}\"},\"query-input\":{\"@type\":\"PropertyValueSpecification\",\"valueRequired\":true,\"valueName\":\"search_term_string\"}}],\"inLanguage\":\"pl-PL\"}]}<\/script>\n<!-- \/ Yoast SEO Premium plugin. -->","yoast_head_json":{"title":"Instrukcja do jednostek olejowych - IMEFY","robots":{"index":"index","follow":"follow","max-snippet":"max-snippet:-1","max-image-preview":"max-image-preview:large","max-video-preview":"max-video-preview:-1"},"canonical":"https:\/\/imefy.com\/pl\/instrukcja-do-jednostek-olejowych\/","og_locale":"pl_PL","og_type":"article","og_title":"Instrukcja do jednostek olejowych","og_url":"https:\/\/imefy.com\/pl\/instrukcja-do-jednostek-olejowych\/","og_site_name":"IMEFY","article_publisher":"https:\/\/www.facebook.com\/pages\/Imefy-Group\/852590684780185","article_modified_time":"2024-03-18T09:51:44+00:00","twitter_card":"summary_large_image","twitter_site":"@imefygroup","twitter_misc":{"Szacowany czas czytania":"4 minuty"},"schema":{"@context":"https:\/\/schema.org","@graph":[{"@type":"WebPage","@id":"https:\/\/imefy.com\/pl\/instrukcja-do-jednostek-olejowych\/","url":"https:\/\/imefy.com\/pl\/instrukcja-do-jednostek-olejowych\/","name":"Instrukcja do jednostek olejowych - IMEFY","isPartOf":{"@id":"\/#website"},"datePublished":"2024-03-18T09:13:32+00:00","dateModified":"2024-03-18T09:51:44+00:00","breadcrumb":{"@id":"https:\/\/imefy.com\/pl\/instrukcja-do-jednostek-olejowych\/#breadcrumb"},"inLanguage":"pl-PL","potentialAction":[{"@type":"ReadAction","target":["https:\/\/imefy.com\/pl\/instrukcja-do-jednostek-olejowych\/"]}]},{"@type":"BreadcrumbList","@id":"https:\/\/imefy.com\/pl\/instrukcja-do-jednostek-olejowych\/#breadcrumb","itemListElement":[{"@type":"ListItem","position":1,"name":"Portada","item":"https:\/\/imefy.com\/pl\/"},{"@type":"ListItem","position":2,"name":"Instrukcja do jednostek olejowych"}]},{"@type":"WebSite","@id":"\/#website","url":"\/","name":"IMEFY","description":"Fabricaci\u00f3n de transformadores de distribuci\u00f3n y potencia","potentialAction":[{"@type":"SearchAction","target":{"@type":"EntryPoint","urlTemplate":"\/?s={search_term_string}"},"query-input":{"@type":"PropertyValueSpecification","valueRequired":true,"valueName":"search_term_string"}}],"inLanguage":"pl-PL"}]}},"_links":{"self":[{"href":"https:\/\/imefy.com\/pl\/wp-json\/wp\/v2\/pages\/29339","targetHints":{"allow":["GET"]}}],"collection":[{"href":"https:\/\/imefy.com\/pl\/wp-json\/wp\/v2\/pages"}],"about":[{"href":"https:\/\/imefy.com\/pl\/wp-json\/wp\/v2\/types\/page"}],"author":[{"embeddable":true,"href":"https:\/\/imefy.com\/pl\/wp-json\/wp\/v2\/users\/10"}],"replies":[{"embeddable":true,"href":"https:\/\/imefy.com\/pl\/wp-json\/wp\/v2\/comments?post=29339"}],"version-history":[{"count":0,"href":"https:\/\/imefy.com\/pl\/wp-json\/wp\/v2\/pages\/29339\/revisions"}],"wp:attachment":[{"href":"https:\/\/imefy.com\/pl\/wp-json\/wp\/v2\/media?parent=29339"}],"curies":[{"name":"wp","href":"https:\/\/api.w.org\/{rel}","templated":true}]}}